{"id":15648,"date":"2024-02-15T14:11:30","date_gmt":"2024-02-15T13:11:30","guid":{"rendered":"https:\/\/webstore4.com\/?post_type=product&#038;p=15648"},"modified":"2024-04-19T15:21:57","modified_gmt":"2024-04-19T14:21:57","slug":"hikvision-ds-pdpg12p-eg2-we","status":"publish","type":"product","link":"https:\/\/webstore4.com\/de\/product\/hikvision-ds-pdpg12p-eg2-we\/","title":{"rendered":"Hikvision DS-PDPG12P-EG2-WE AX PRO draadloze PIR detector tot 12m, glasbreukdetector tot 8m voor binnen"},"content":{"rendered":"<div class=\"video-frame-box\" style=\"width: 100%; max-width: 480px; max-height: 270px; float: right; padding: 0px 10px 10px 10px;\">\n<div class=\"video-frame\"><iframe src=\"\/\/www.youtube.com\/embed\/AEH_-ssPE90?rel=0&amp;modestbranding=1&amp;showinfo=0&amp;autohide=1\" width=\"480\" height=\"270\" frameborder=\"0\"><\/iframe><\/div>\n<\/div>\n<p>Der Hikvision DS-PK1-LT-WE ist Teil des Hikvision AX PRO-Sicherheitssystems. Hikvision AX PRO ist ein drahtloses Einbruch-, Smart-Home- und Videoverifizierungssystem von Hikvision, das sowohl f\u00fcr Privath\u00e4user als auch f\u00fcr Gewerbegeb\u00e4ude geeignet ist. Das AX PRO-Alarmsystem besteht aus einem zentralen Alarm-Hub mit einer gro\u00dfen Auswahl an Detektoren und anderem Zubeh\u00f6r wie Smart Plugs, Repeatern, Bedienfeldern, Kartenlesern, Sirene und einem Strommodul.<\/p>\n<p>Das AX PRO-System funktioniert sehr einfach mit der Hik-Connect-App f\u00fcr Endbenutzer, die auch f\u00fcr andere Hikvision-Produkte wie IP-Kameras verwendet wird. Auf diese Weise k\u00f6nnen Sie als Kunde alle Hikvision-Produkte in einer Anwendung verwalten.<\/p>\n<p><strong>M\u00f6glichkeiten<\/strong><\/p>\n<p>De Hikvision DS-PDPG12P-EG2-WE is een passieve draadloze PIR detector voor binnen met een maximaal bereik van twaalf meter en een horizontale detectiehoek van 85,9 graden. Daarnaast heeft deze geavanceerde bewegingsdetector ook een glasbreukdetector tot acht meter. In een horizontale beeldhoek van 120 graden wordt glasbreuk gedetecteerd.<\/p>\n<p>De bewegingsdetector bewaakt een complete ruimte en geeft bij beweging van mensen direct een signaal af naar de centrale van het Hikvision\u00a0 AX PRO alarmsysteem. Daaruit volgt direct de melding in de applicatie en eventueel activeren van verbonden sirenes of andere apparatuur.<br \/>\nDer Bewegungsmelder muss in einem Abstand von 1600 Metern vom Bedienfeld des Hikvision AX PRO-Alarmsystems montiert werden.<\/p>\n<p>Um Fehlalarme so weit wie m\u00f6glich zu reduzieren, verf\u00fcgt der Hikvision DS-PDPC12PF-EG2-WE-B \u00fcber eine einstellbare Empfindlichkeit und Erfassungsbereich des PIR-Detektors. Dar\u00fcber hinaus erkennt der Bewegungsmelder Haustiere bis zu 30 Kilogramm. Der Bewegungsmelder wird h\u00e4ufig in Gesch\u00e4ftsr\u00e4umen, Gesch\u00e4ften, Museen oder Privath\u00e4usern eingesetzt und an der Wand oder Decke angebracht. Dies kann mit einer m\u00f6glichen Halterung erfolgen. Die entsprechende Halterung kann unter \u201eOptionen\u201c bestellt werden.<\/p>\n<p>Het apparaat functioneert op twee meegeleverde CR123A batterijen. De batterijen hebben een geschatte levensduur van vier jaar en zijn eenvoudig te vervangen. Onder het tabblad &#8216;Documentatie&#8217; is een link opgenomen de datasheet en de product pagina van de fabrikant met informatie over het product waaronder de uitgebreide handleiding.<\/p>\n<p>WebStore4 ist offizieller H\u00e4ndler von Hikvision AX PRO. Wir liefern Hikvision AX PRO auf Selbstkonfigurationsbasis. F\u00fcr gr\u00f6\u00dfere Mengen k\u00f6nnen wir auf Anfrage einen wettbewerbsf\u00e4higeren Preis anbieten und auf Anfrage auch die Installation anbieten.<\/p>\n<p><strong>Wichtigste Funktionen<\/strong><\/p>\n<ul>\n<li>Verwaltung mit der Hik-Connect-Anwendung<\/li>\n<li>Kann in einem Freiraum von 1600 Metern an die AX PRO-Zentraleinheit angeschlossen werden<\/li>\n<li>Maximaal 12 meter detectie, 8 meter glasdetectie<\/li>\n<li>Einstellbarer Erfassungsbereich<\/li>\n<li>Einstellbare Empfindlichkeit<\/li>\n<li>Immunit\u00e4t gegen Haustiere bis 30 Kilogramm<\/li>\n<li>Batterien im Lieferumfang enthalten, Batterien sind von der Garantie ausgeschlossen<\/li>\n<li>Leicht austauschbarer Akku mit PCB-Schutz<\/li>\n<li>Empfohlene Montageh\u00f6he zwischen 1,8 und 2,4 Metern<\/li>\n<li>Wei\u00df<\/li>\n<\/ul>\n<p><a href=\"https:\/\/webstore4.com\/Copyright\/\" target=\"_blank\" rel=\"noopener\"><span style=\"color: #ff6e03; font-size: 11px;\">\u00a9 Der Text ist urheberrechtlich gesch\u00fctzt<\/span><\/a><\/p>","protected":false},"excerpt":{"rendered":"<p>De Hikvision DS-PDPG12P-EG2-WE is onderdeel van het Hikvision AX PRO beveiligingssysteem. Hikvision AX PRO is een draadloos inbraak-, smart home en video verificatiesysteem van Hikvision geschikt voor zowel woningen als bedrijfsgebouwen. Het AX PRO alarmsysteem bestaat uit een centrale alarm hub met en een brede keuze aan detectoren en andere accessoires, zoals slimme stekkers, repeaters,<\/p>\n<div class=\"klb-readmore button\"><a class=\"btn link\" href=\"https:\/\/webstore4.com\/de\/product\/hikvision-ds-pdpg12p-eg2-we\/\">Mehr lesen <i class=\"klbth-icon-right-arrow\"><\/i><\/a><\/div>","protected":false},"featured_media":15650,"comment_status":"open","ping_status":"closed","template":"","meta":[],"pwb-brand":[3367],"product_cat":[3466,4224,3483],"product_tag":[],"class_list":{"0":"post-15648","1":"product","2":"type-product","3":"status-publish","4":"has-post-thumbnail","6":"pwb-brand-hikvision","7":"product_cat-alarm","8":"product_cat-alarmsystemen","9":"product_cat-hikvision-ax-pro","10":"product_shipping_class-pakket","11":"pa_kleur-wit","12":"pa_merk-hikvision","13":"pa_product-bewegingsdetectie","14":"pa_product-glasdetectie","16":"first","17":"onbackorder","18":"taxable","19":"shipping-taxable","20":"purchasable","21":"product-type-simple"},"brands":[{"id":3367,"name":"Hikvision","slug":"hikvision"}],"_links":{"self":[{"href":"https:\/\/webstore4.com\/de\/wp-json\/wp\/v2\/product\/15648","targetHints":{"allow":["GET"]}}],"collection":[{"href":"https:\/\/webstore4.com\/de\/wp-json\/wp\/v2\/product"}],"about":[{"href":"https:\/\/webstore4.com\/de\/wp-json\/wp\/v2\/types\/product"}],"replies":[{"embeddable":true,"href":"https:\/\/webstore4.com\/de\/wp-json\/wp\/v2\/comments?post=15648"}],"wp:featuredmedia":[{"embeddable":true,"href":"https:\/\/webstore4.com\/de\/wp-json\/wp\/v2\/media\/15650"}],"wp:attachment":[{"href":"https:\/\/webstore4.com\/de\/wp-json\/wp\/v2\/media?parent=15648"}],"wp:term":[{"taxonomy":"pwb-brand","embeddable":true,"href":"https:\/\/webstore4.com\/de\/wp-json\/wp\/v2\/pwb-brand?post=15648"},{"taxonomy":"product_cat","embeddable":true,"href":"https:\/\/webstore4.com\/de\/wp-json\/wp\/v2\/product_cat?post=15648"},{"taxonomy":"product_tag","embeddable":true,"href":"https:\/\/webstore4.com\/de\/wp-json\/wp\/v2\/product_tag?post=15648"}],"curies":[{"name":"wp","href":"https:\/\/api.w.org\/{rel}","templated":true}]}}