{"id":15632,"date":"2024-02-15T11:55:28","date_gmt":"2024-02-15T10:55:28","guid":{"rendered":"https:\/\/webstore4.com\/?post_type=product&#038;p=15632"},"modified":"2024-04-19T15:21:55","modified_gmt":"2024-04-19T14:21:55","slug":"hikvision-ds-pk1-lt-we-ax-pro-draadloos-led-keypad","status":"publish","type":"product","link":"https:\/\/webstore4.com\/de\/product\/hikvision-ds-pk1-lt-we-ax-pro-draadloos-led-keypad\/","title":{"rendered":"Hikvision DS-PK1-LT-WE AX PRO kabellose LED-Tastatur mit Mifare-Kartenleser"},"content":{"rendered":"<div class=\"video-frame-box\" style=\"width: 100%; max-width: 480px; max-height: 270px; float: right; padding: 0px 10px 10px 10px;\">\n<div class=\"video-frame\"><iframe src=\"\/\/www.youtube.com\/embed\/AEH_-ssPE90?rel=0&amp;modestbranding=1&amp;showinfo=0&amp;autohide=1\" width=\"480\" height=\"270\" frameborder=\"0\"><\/iframe><\/div>\n<\/div>\n<p>Der Hikvision DS-PK1-LT-WE ist Teil des Hikvision AX PRO-Sicherheitssystems. Hikvision AX PRO ist ein drahtloses Einbruch-, Smart-Home- und Videoverifizierungssystem von Hikvision, das sowohl f\u00fcr Privath\u00e4user als auch f\u00fcr Gewerbegeb\u00e4ude geeignet ist. Das AX PRO-Alarmsystem besteht aus einem zentralen Alarm-Hub mit einer gro\u00dfen Auswahl an Detektoren und anderem Zubeh\u00f6r wie Smart Plugs, Repeatern, Bedienfeldern, Kartenlesern, Sirene und einem Strommodul.<\/p>\n<p>Das AX PRO-System funktioniert sehr einfach mit der Hik-Connect-App f\u00fcr Endbenutzer, die auch f\u00fcr andere Hikvision-Produkte wie IP-Kameras verwendet wird. Auf diese Weise k\u00f6nnen Sie als Kunde alle Hikvision-Produkte in einer Anwendung verwalten.<\/p>\n<p><strong>M\u00f6glichkeiten<\/strong><\/p>\n<p>Das Hikvision DS-PK1-LT-WE ist eine kabellose Touch-LED-Tastatur mit Mifare-Kartenleser. Mit dem Touchpanel kann die Tastatur zum Scharf- und Unscharfschalten der Alarmanlage mit Code, Karte oder Tag verwendet werden. Passende Karten und Anh\u00e4nger finden Sie unter \u201eOptionen\u201c. Der Hikvision DS-PK1-LT-WE wird h\u00e4ufig an einem Zugangspunkt montiert, da er zum Ein- und Ausschalten des Alarms verwendet werden kann.<\/p>\n<p>Die Tastatur funktioniert innerhalb einer Entfernung von 1200 Metern von der AX PRO-Zentrale. Die AX PRO-Zentraleinheit fungiert als zentraler Punkt zwischen den verschiedenen Elementen des AX PRO-Alarmsystems.<\/p>\n<p>Der Hikvision DS-PT1-WE l\u00e4sst sich vollst\u00e4ndig mit der Hik-Connect-Anwendung verwalten. Dies bedeutet, dass Benutzer vom Administrator berechtigt oder verboten werden k\u00f6nnen.<br \/>\nDar\u00fcber hinaus kann \u00fcber das Tastaturcodefeld die Alarmanlage aktiviert bzw. deaktiviert werden. Es ist auch m\u00f6glich, den Alarm in bestimmten Zonen einzustellen. Die LED zeigt den programmierten Bereich an. Die Tastatur verf\u00fcgt \u00fcber die Funktion f\u00fcr einen Panikknopf, einen Feueralarm und einen medizinischen Alarm, sodass alle Benutzer in alarmierenden Situationen schnell informiert werden k\u00f6nnen.<\/p>\n<p>Der Hikvision DS-PK1-LT-WE wird mit vier mitgelieferten AA-Batterien betrieben. Die Batterien haben eine gesch\u00e4tzte Lebensdauer von zwei Jahren und sind leicht auszutauschen. Dieses Produkt ist durch Schraubmontage sehr einfach zu installieren.<\/p>\n<p>Unter dem Reiter \u201eDokumentation\u201c gibt es einen Link zum Datenblatt, zur Schnellstartanleitung und zur Produktseite des Herstellers mit Informationen zum Produkt, inklusive der ausf\u00fchrlichen Anleitung.<\/p>\n<p>WebStore4 ist offizieller H\u00e4ndler von Hikvision AX PRO. Wir liefern Hikvision AX PRO auf Selbstkonfigurationsbasis. F\u00fcr gr\u00f6\u00dfere Mengen k\u00f6nnen wir auf Anfrage einen wettbewerbsf\u00e4higeren Preis anbieten und auf Anfrage auch die Installation anbieten.<\/p>\n<p><strong>Wichtigste Funktionen<\/strong><\/p>\n<ul>\n<li>Verwaltung mit der Hik-Connect-Anwendung<\/li>\n<li>Kann in einem Freiraum von 1200 Metern an die AX PRO-Zentraleinheit angeschlossen werden<\/li>\n<li>Batterien im Lieferumfang enthalten, Batterien sind von der Garantie ausgeschlossen<\/li>\n<li>Mifare-Tag-Leseger\u00e4t<\/li>\n<li>Wei\u00df<\/li>\n<\/ul>\n<p><a href=\"https:\/\/webstore4.com\/Copyright\/\" target=\"_blank\" rel=\"noopener\"><span style=\"color: #ff6e03; font-size: 11px;\">\u00a9 Der Text ist urheberrechtlich gesch\u00fctzt<\/span><\/a><\/p>\n<p><iframe title=\"So verwenden Sie die drahtlose LCD-Tastatur von Hikvision\" width=\"960\" height=\"540\" src=\"https:\/\/www.youtube.com\/embed\/Zz78oooHltI?feature=oembed&#038;enablejsapi=1&#038;origin=https:\/\/webstore4.com\" frameborder=\"0\" allow=\"accelerometer; autoplay; clipboard-write; encrypted-media; gyroscope; picture-in-picture; web-share\" allowfullscreen><\/iframe><\/p>","protected":false},"excerpt":{"rendered":"<p>De Hikvision DS-PK1-LT-WE is onderdeel van het Hikvision AX PRO beveiligingssysteem. Hikvision AX PRO is een draadloos inbraak-, smart home en video verificatiesysteem van Hikvision geschikt voor zowel woningen als bedrijfsgebouwen. Het AX PRO alarmsysteem bestaat uit een centrale alarm hub met en een brede keuze aan detectoren en andere accessoires, zoals slimme stekkers, repeaters,<\/p>\n<div class=\"klb-readmore button\"><a class=\"btn link\" href=\"https:\/\/webstore4.com\/de\/product\/hikvision-ds-pk1-lt-we-ax-pro-draadloos-led-keypad\/\">Mehr lesen <i class=\"klbth-icon-right-arrow\"><\/i><\/a><\/div>","protected":false},"featured_media":15633,"comment_status":"open","ping_status":"closed","template":"","meta":[],"pwb-brand":[3367],"product_cat":[3466,4224,3483],"product_tag":[],"class_list":{"0":"post-15632","1":"product","2":"type-product","3":"status-publish","4":"has-post-thumbnail","6":"pwb-brand-hikvision","7":"product_cat-alarm","8":"product_cat-alarmsystemen","9":"product_cat-hikvision-ax-pro","10":"product_shipping_class-pakket","11":"pa_kleur-wit","12":"pa_merk-hikvision","13":"pa_product-bediening","15":"first","16":"onbackorder","17":"taxable","18":"shipping-taxable","19":"purchasable","20":"product-type-simple"},"brands":[{"id":3367,"name":"Hikvision","slug":"hikvision"}],"_links":{"self":[{"href":"https:\/\/webstore4.com\/de\/wp-json\/wp\/v2\/product\/15632","targetHints":{"allow":["GET"]}}],"collection":[{"href":"https:\/\/webstore4.com\/de\/wp-json\/wp\/v2\/product"}],"about":[{"href":"https:\/\/webstore4.com\/de\/wp-json\/wp\/v2\/types\/product"}],"replies":[{"embeddable":true,"href":"https:\/\/webstore4.com\/de\/wp-json\/wp\/v2\/comments?post=15632"}],"wp:featuredmedia":[{"embeddable":true,"href":"https:\/\/webstore4.com\/de\/wp-json\/wp\/v2\/media\/15633"}],"wp:attachment":[{"href":"https:\/\/webstore4.com\/de\/wp-json\/wp\/v2\/media?parent=15632"}],"wp:term":[{"taxonomy":"pwb-brand","embeddable":true,"href":"https:\/\/webstore4.com\/de\/wp-json\/wp\/v2\/pwb-brand?post=15632"},{"taxonomy":"product_cat","embeddable":true,"href":"https:\/\/webstore4.com\/de\/wp-json\/wp\/v2\/product_cat?post=15632"},{"taxonomy":"product_tag","embeddable":true,"href":"https:\/\/webstore4.com\/de\/wp-json\/wp\/v2\/product_tag?post=15632"}],"curies":[{"name":"wp","href":"https:\/\/api.w.org\/{rel}","templated":true}]}}