{"id":15611,"date":"2024-02-15T07:26:16","date_gmt":"2024-02-15T06:26:16","guid":{"rendered":"https:\/\/webstore4.com\/?post_type=product&#038;p=15611"},"modified":"2024-04-19T15:21:53","modified_gmt":"2024-04-19T14:21:53","slug":"vicohome-cb160-3mp-wi-fi-pt-mini-babyfoon-camera","status":"publish","type":"product","link":"https:\/\/webstore4.com\/de\/product\/vicohome-cb160-3mp-wi-fi-pt-mini-babyfoon-camera\/","title":{"rendered":"VicoHome CB160 Full HD 3MP Wi-Fi PT Mini-Babyphone-Kamera mit 4-mm-Objektiv, 7 m Smart IR, MicroSD-Steckplatz, kostenloser Anwendung und integriertem Mikrofon und Lautsprecher"},"content":{"rendered":"<p>De VicoHome CB160 is een Full HD 3MP Mini Wi-Fi camera met 7 meter infrarood nachtzicht, bewegingsdetectie en ingebouwde microfoon en speaker. De beveiligingscamera kan van stroom worden voorzien via de meegeleverde USB-kabel. De camera is geschikt voor binnen. Door de Pan Tilt (PT) functie is het mogelijk om de camera gemotoriseerd te draaien en te kantelen.<\/p>\n<p>VicoHome ist ein Smart-Home-Unternehmen, das sich auf die Entwicklung und Herstellung fortschrittlicher intelligenter Ger\u00e4te und Systeme f\u00fcr den Heimgebrauch konzentriert. Sie bieten eine breite Produktpalette von \u00dcberwachungskameras bis hin zu intelligenter Beleuchtung. VicoHome konzentriert sich auf die Entwicklung benutzerfreundlicher und innovativer L\u00f6sungen, um das t\u00e4gliche Leben zu Hause mithilfe von Technologie zu verbessern. WebStore4 ist offizieller H\u00e4ndler von VicoHome und empfiehlt dieses Produkt gerne weiter, da es sehr einfach zu installieren und zu verwenden ist.<\/p>\n<p><strong>M\u00f6glichkeiten<\/strong><\/p>\n<p>Das VicoHome CK1 zeigt Bilder in einer Full HD-Aufl\u00f6sung von 2304 x 1296 an. Die Kamera verf\u00fcgt \u00fcber ein festes 4-mm-Objektiv. Die Kamera kann bei Dunkelheit die integrierte IR-Beleuchtung einschalten und liefert so auch bei v\u00f6lliger Dunkelheit (0 Lux) ein gestochen scharfes Bild. Die IR-Beleuchtung hat eine maximale Reichweite von 7 Metern. Die Kamera verf\u00fcgt \u00fcber Bewegungserkennung und automatische Verfolgung.<\/p>\n<p>Die CK1 wird h\u00e4ufig als Minikamera zur Platzierung im Haus oder als Babyphone verwendet, um das Baby im Auge zu behalten. Die Kamera verf\u00fcgt \u00fcber die M\u00f6glichkeit, in der Kamera auf eine microSD-Speicherkarte bis maximal 128 GB aufzuzeichnen. Die SD-Karte ist nicht im Lieferumfang enthalten, kann aber unter \u201eOptionen\u201c bestellt werden. Die Kamera arbeitet in einem drahtlosen 2,4-GHz-Netzwerk mit Wi-Fi und verf\u00fcgt \u00fcber ein integriertes Mikrofon und einen Lautsprecher f\u00fcr Zwei-Wege-Audio.<\/p>\n<p>Die Kamera funktioniert mit der englischsprachigen VicoHome-App f\u00fcr iOS und Android. Die Kamera wird mit kostenlosem Cloud-Speicher geliefert, um die Ereignisse abzurufen. Die Aufnahme wird nach 3 Tagen oder 1 GB Aufnahme \u00fcberschrieben. Die Anwendung erm\u00f6glicht die Kommunikation mit der erkannten Person und die Betrachtung von Bildern. Im kostenlosen Abonnement ist auch eine App-Benachrichtigung bei Bewegung enthalten.<\/p>\n<p>\u00dcber ein kostenpflichtiges Abonnement ist auch eine cloudbasierte KI-Analyse von Bildern und gr\u00f6\u00dferer Speicher verf\u00fcgbar. Hochgeladene Ereignisaufzeichnungen werden dann in Echtzeit analysiert, um Haustiere, Fahrzeuge oder Pakete zu erkennen, und der Kamerabenutzer wird nur \u00fcber die Ereignisse benachrichtigt, f\u00fcr die eine Benachrichtigung erforderlich ist. F\u00fcr die aktuellen Konditionen und Kosten eines Abonnements empfehlen wir die Konsultation der VicoHome-App im iOS- oder Google-App-Store.<\/p>\n<p>De VicoHome CB160 camera moet worden gevoed met de meegeleverde 5VDC voeding kabel en moet draadloos (Wi-Fi) worden verbonden met het netwerk. De benodigde adapter voor de kabel wordt bij deze camera meegeleverd.<\/p>\n<p><strong>Wichtigste Funktionen<\/strong><\/p>\n<ul>\n<li>3-Megapixel-Full-HD-Minikamera<\/li>\n<li>Einfache Installation<\/li>\n<li>Zwei-Wege-Audio \u00fcber integriertes Mikrofon und Lautsprecher<\/li>\n<li>Kostenlose App und Software<\/li>\n<li>MicroSD-Steckplatz bis zu 128 GB<\/li>\n<li>Bewegungserkennung, automatische Verfolgung<\/li>\n<li>Tag-\/Nachtkamera mit k\u00fcnstlicher Intelligenz<\/li>\n<li>IR-Nachtsichtbeleuchtung bis zu 7 Meter<\/li>\n<li>Pan functie van 0 tot 355 graden<\/li>\n<li>Tilt functie van 0 tot 90 graden<\/li>\n<li>2,4-GHz-WLAN (IEEE802.11b\/g\/n)<\/li>\n<li>Voeding door DC 5 V \/ 1.5 A kabel met adapter (inclusief)<\/li>\n<\/ul>\n<p><a href=\"https:\/\/webstore4.com\/Copyright\/\" target=\"_blank\" rel=\"noopener\"><span style=\"color: #ff6e03; font-size: 11px;\">\u00a9 Der Text ist urheberrechtlich gesch\u00fctzt<\/span><\/a><\/p>","protected":false},"excerpt":{"rendered":"<p>De VicoHome CB160 is een Full HD 3MP Mini Wi-Fi camera met 7 meter infrarood nachtzicht, bewegingsdetectie en ingebouwde microfoon en speaker. De beveiligingscamera kan van stroom worden voorzien via de meegeleverde USB-kabel. De camera is geschikt voor binnen. Door de Pan Tilt (PT) functie is het mogelijk om de camera gemotoriseerd te draaien en<\/p>\n<div class=\"klb-readmore button\"><a class=\"btn link\" href=\"https:\/\/webstore4.com\/de\/product\/vicohome-cb160-3mp-wi-fi-pt-mini-babyfoon-camera\/\">Mehr lesen <i class=\"klbth-icon-right-arrow\"><\/i><\/a><\/div>","protected":false},"featured_media":15614,"comment_status":"open","ping_status":"closed","template":"","meta":[],"pwb-brand":[3431],"product_cat":[3435,4184,4242],"product_tag":[],"class_list":{"0":"post-15611","1":"product","2":"type-product","3":"status-publish","4":"has-post-thumbnail","6":"pwb-brand-vicohome","7":"product_cat-ip-cameras","8":"product_cat-cameras","9":"product_cat-cube-cameras-cameras","10":"product_shipping_class-pakket","11":"pa_beeldhoek-graden-horizontaal-3746","12":"pa_beeldsensor-1-3-cmos","13":"pa_dag-nacht-ir-cut-filter-ja","14":"pa_draadloos-ja-wi-fi-802-11","15":"pa_draadloos-protocol-wi-fi-802-11bgn","16":"pa_ingebouwd-type-nachtzicht-infrared-ir-led","17":"pa_lens-mm-4-0","18":"pa_megapixel-3mp","19":"pa_merk-vicohome","20":"pa_minimale-verlichting-0-01-lux-0-lux-met-ir","21":"pa_mobiele-app-fabrikant-ja","22":"pa_nachtzicht-ja","23":"pa_omgeving-binnen","24":"pa_opnemen-op-sd-kaart-ja","25":"pa_poe-nee","26":"pa_resolutie-max-pixels-full-hd-2304x1296","27":"pa_vandaalbestendig-nee","28":"pa_voeding-5v-usb","30":"first","31":"onbackorder","32":"taxable","33":"shipping-taxable","34":"purchasable","35":"product-type-simple"},"brands":[{"id":3431,"name":"VicoHome","slug":"vicohome"}],"_links":{"self":[{"href":"https:\/\/webstore4.com\/de\/wp-json\/wp\/v2\/product\/15611","targetHints":{"allow":["GET"]}}],"collection":[{"href":"https:\/\/webstore4.com\/de\/wp-json\/wp\/v2\/product"}],"about":[{"href":"https:\/\/webstore4.com\/de\/wp-json\/wp\/v2\/types\/product"}],"replies":[{"embeddable":true,"href":"https:\/\/webstore4.com\/de\/wp-json\/wp\/v2\/comments?post=15611"}],"wp:featuredmedia":[{"embeddable":true,"href":"https:\/\/webstore4.com\/de\/wp-json\/wp\/v2\/media\/15614"}],"wp:attachment":[{"href":"https:\/\/webstore4.com\/de\/wp-json\/wp\/v2\/media?parent=15611"}],"wp:term":[{"taxonomy":"pwb-brand","embeddable":true,"href":"https:\/\/webstore4.com\/de\/wp-json\/wp\/v2\/pwb-brand?post=15611"},{"taxonomy":"product_cat","embeddable":true,"href":"https:\/\/webstore4.com\/de\/wp-json\/wp\/v2\/product_cat?post=15611"},{"taxonomy":"product_tag","embeddable":true,"href":"https:\/\/webstore4.com\/de\/wp-json\/wp\/v2\/product_tag?post=15611"}],"curies":[{"name":"wp","href":"https:\/\/api.w.org\/{rel}","templated":true}]}}