{"id":15593,"date":"2024-02-13T16:34:23","date_gmt":"2024-02-13T15:34:23","guid":{"rendered":"https:\/\/webstore4.com\/?post_type=product&#038;p=15593"},"modified":"2024-04-19T15:21:52","modified_gmt":"2024-04-19T14:21:52","slug":"hikvision-hwn-4216mh-16pc","status":"publish","type":"product","link":"https:\/\/webstore4.com\/de\/product\/hikvision-hwn-4216mh-16pc\/","title":{"rendered":"Hikvision HWN-4216MH-16P(C) HiWatch 16-Kanal PoE UltraHD 4K Netzwerk-Videorecorder"},"content":{"rendered":"<p>De Hikvision HWN-4216MH-16P(C) HiWatch is een 16 kanaals PoE UltraHD 4K Netwerk Video Recorder waar 16 IP camera&#8217;s mee kunnen worden verbonden voor het opnemen en beheren van Ultra 4K HD camerabeelden. De Hikvision HWN-4216MH-16P beschikt over 16 PoE poorten.<\/p>\n<p><strong>M\u00f6glichkeiten<\/strong><\/p>\n<p>Bis zu 8 Full-HD-IP-Kameras k\u00f6nnen verkabelt oder \u00fcber das Netzwerk mit dem NVR verbunden werden. Der Hikvision HWN-4216MH-16P verf\u00fcgt \u00fcber 16 PoE-Ports, sodass die angeschlossenen Kameras auch \u00fcber 1 Netzwerkkabel mit Strom versorgt werden. Dies macht die Installation sehr einfach. Der NVR kann eigenst\u00e4ndig arbeiten, kann aber auch mit dem Netzwerk verbunden werden. Der Zugriff auf den NVR erfolgt dann \u00fcber einen Webbrowser, eine Videoverwaltungssoftware und mit der kostenlosen App f\u00fcr Smartphone und Tablet.<\/p>\n<p>Der NVR unterst\u00fctzt Kameras mit bis zu 8 Megapixeln und H.265-Kodierung f\u00fcr eine effiziente Nutzung von Bandbreite und Speicher.<\/p>\n<p>Der NVR verf\u00fcgt \u00fcber einen HDMI- und VGA-Ultra-4K-Ausgang zum Anschluss an einen normalen Fernseher, unter anderem zur Bildanzeige. Au\u00dferdem gibt es einen USB-Anschluss zum Anschluss der mitgelieferten Maus.<\/p>\n<p><strong>Festplatten<\/strong><\/p>\n<p>Der Hikvision HWN-4216MH-16P unterst\u00fctzt maximal 2 x 3,5-Zoll-Festplatten mit bis zu 6 Terabyte. Der Hikvision HWN-4216MH-16P wird ohne Festplatte geliefert. Wir liefern Western Digital Purple-Festplatten, die speziell f\u00fcr \u00dcberwachungszwecke rund um die Uhr entwickelt wurden.<\/p>\n<p><strong>Wichtigste Funktionen<\/strong><\/p>\n<ul>\n<li>Geschikt voor 16 IP camera&#8217;s en 16 PoE poorten<\/li>\n<li>Funktioniert mit IP-Kameras anderer Marken<\/li>\n<li>Audioeingang\/-ausgang<\/li>\n<li>HDMI\/VGA 4K UltraHD-Ausgang<\/li>\n<li>Plug<\/li>\n<li>16 PoE 802.3af\/at RJ45-Ports (max. 150 Watt)<\/li>\n<li>H.265<\/li>\n<li>Maximaal 2x 8TB harde schijf<\/li>\n<\/ul>\n<p><a href=\"https:\/\/webstore4.com\/Copyright\/\" target=\"_blank\" rel=\"noopener\"><span style=\"color: #ff6e03; font-size: 11px;\">\u00a9 Der Text ist urheberrechtlich gesch\u00fctzt<\/span><\/a><\/p>","protected":false},"excerpt":{"rendered":"<p>De Hikvision HWN-4216MH-16P(C) HiWatch is een 16 kanaals PoE UltraHD 4K Netwerk Video Recorder waar 16 IP camera&#8217;s mee kunnen worden verbonden voor het opnemen en beheren van Ultra 4K HD camerabeelden. De Hikvision HWN-4216MH-16P beschikt over 16 PoE poorten. Mogelijkheden Op de NVR kunnen maximaal 16 Full HD IP camera&#8217;s bedraad worden aangesloten of<\/p>\n<div class=\"klb-readmore button\"><a class=\"btn link\" href=\"https:\/\/webstore4.com\/de\/product\/hikvision-hwn-4216mh-16pc\/\">Mehr lesen <i class=\"klbth-icon-right-arrow\"><\/i><\/a><\/div>","protected":false},"featured_media":15726,"comment_status":"open","ping_status":"closed","template":"","meta":[],"pwb-brand":[3367],"product_cat":[3441,4210,4198,4221],"product_tag":[],"class_list":{"0":"post-15593","1":"product","2":"type-product","3":"status-publish","4":"has-post-thumbnail","6":"pwb-brand-hikvision","7":"product_cat-benodigdheden","8":"product_cat-recorders-opslagmedia-benodigdheden","9":"product_cat-series","10":"product_cat-hikvision-hiwatch-series","11":"product_shipping_class-pakket","12":"pa_aantal-poe-poorten-4013","13":"pa_harddisk-type-2-x-3-5-inch-max-8tb","14":"pa_maximaal-ip-camera-kanalen-3652","15":"pa_maximum-aantal-harddisks-3647","16":"pa_merk-hikvision","17":"pa_omgeving-binnen","18":"pa_poe-802-3af-at","19":"pa_product-nvr","20":"pa_rj45-lan-aansluiting-1x-101001000","21":"pa_voeding-inclusief-adapter","23":"first","24":"onbackorder","25":"taxable","26":"shipping-taxable","27":"purchasable","28":"product-type-simple"},"brands":[{"id":3367,"name":"Hikvision","slug":"hikvision"}],"_links":{"self":[{"href":"https:\/\/webstore4.com\/de\/wp-json\/wp\/v2\/product\/15593","targetHints":{"allow":["GET"]}}],"collection":[{"href":"https:\/\/webstore4.com\/de\/wp-json\/wp\/v2\/product"}],"about":[{"href":"https:\/\/webstore4.com\/de\/wp-json\/wp\/v2\/types\/product"}],"replies":[{"embeddable":true,"href":"https:\/\/webstore4.com\/de\/wp-json\/wp\/v2\/comments?post=15593"}],"wp:featuredmedia":[{"embeddable":true,"href":"https:\/\/webstore4.com\/de\/wp-json\/wp\/v2\/media\/15726"}],"wp:attachment":[{"href":"https:\/\/webstore4.com\/de\/wp-json\/wp\/v2\/media?parent=15593"}],"wp:term":[{"taxonomy":"pwb-brand","embeddable":true,"href":"https:\/\/webstore4.com\/de\/wp-json\/wp\/v2\/pwb-brand?post=15593"},{"taxonomy":"product_cat","embeddable":true,"href":"https:\/\/webstore4.com\/de\/wp-json\/wp\/v2\/product_cat?post=15593"},{"taxonomy":"product_tag","embeddable":true,"href":"https:\/\/webstore4.com\/de\/wp-json\/wp\/v2\/product_tag?post=15593"}],"curies":[{"name":"wp","href":"https:\/\/api.w.org\/{rel}","templated":true}]}}