{"id":15590,"date":"2024-02-13T16:22:22","date_gmt":"2024-02-13T15:22:22","guid":{"rendered":"https:\/\/webstore4.com\/?post_type=product&#038;p=15590"},"modified":"2024-04-19T15:21:52","modified_gmt":"2024-04-19T14:21:52","slug":"hikvision-hwn-4208mh-8p-netwerk-video-recorder","status":"publish","type":"product","link":"https:\/\/webstore4.com\/de\/product\/hikvision-hwn-4208mh-8p-netwerk-video-recorder\/","title":{"rendered":"Hikvision HWN-4208MH-8P HiWatch 8-Kanal-PoE-UltraHD-4K-Netzwerk-Videorekorder mit bis zu 8 Megapixeln"},"content":{"rendered":"<p>De Hikvision HWN-4208MH-8P HiWatch is een 8 kanaals UltraHD 4K PoE Netwerk Video Recorder waar 8 IP camera&#8217;s bedraad mee kunnen worden verbonden voor het opnemen en beheren van Ultra 4K HD camerabeelden. De Hikvision HWN-4208MH-8P beschikt over acht PoE of RJ45 poorten voor IP camera&#8217;s.<\/p>\n<p><strong>M\u00f6glichkeiten<\/strong><\/p>\n<p>Op de NVR kunnen maximaal 8 Full HD IP camera&#8217;s via PoE input worden aangesloten. De NVR wordt met een netwerkkabel aangesloten op het netwerk. De NVR kan dan worden benaderd via een webbrowser, video management software en met de gratis app voor een smartphone en tablet.<\/p>\n<p>Der NVR unterst\u00fctzt Kameras mit bis zu 8 Megapixeln und H.265-Kodierung f\u00fcr eine effiziente Nutzung von Bandbreite und Speicher.<\/p>\n<p>Der NVR verf\u00fcgt \u00fcber einen HDMI- und VGA-Ultra-4K-Ausgang zum Anschluss an einen normalen Fernseher, unter anderem zur Bildanzeige. Au\u00dferdem gibt es einen USB-Anschluss zum Anschluss der mitgelieferten Maus.<\/p>\n<p><strong>Festplatten<\/strong><\/p>\n<p>De Hikvision HWN-4208MH-8P ondersteunt twee 3,5 inch harde schijven van maximaal 6 terrabyte. De NVR wordt geleverd zonder harde schijf. Wij leveren Western Digital Purple hard disks die specifiek zijn ontworpen voor 24\/7 bewakingsdoeleinden. De geschikte harde schijven zijn mee te bestellen onder &#8216;Opties&#8217;.<\/p>\n<p><strong>Wichtigste Funktionen<\/strong><\/p>\n<ul>\n<li>Geschikt voor het bedraad verbinden van 8 IP camera&#8217;s<\/li>\n<li>Funktioniert mit IP-Kameras anderer Marken<\/li>\n<li>Audioeingang\/-ausgang<\/li>\n<li>HDMI\/VGA 4K UltraHD-Ausgang<\/li>\n<li>Plug<\/li>\n<li>8x PoE ingang<\/li>\n<li>1x RJ45 LAN poort<\/li>\n<li>H.265<\/li>\n<li>Maximaal 2x6TB harde schijf<\/li>\n<\/ul>\n<p><a href=\"https:\/\/webstore4.com\/Copyright\/\" target=\"_blank\" rel=\"noopener\"><span style=\"color: #ff6e03; font-size: 11px;\">\u00a9 Der Text ist urheberrechtlich gesch\u00fctzt<\/span><\/a><\/p>","protected":false},"excerpt":{"rendered":"<p>De Hikvision HWN-4208MH-8P HiWatch is een 8 kanaals UltraHD 4K PoE Netwerk Video Recorder waar 8 IP camera&#8217;s bedraad mee kunnen worden verbonden voor het opnemen en beheren van Ultra 4K HD camerabeelden. De Hikvision HWN-4208MH-8P beschikt over acht PoE of RJ45 poorten voor IP camera&#8217;s. Mogelijkheden Op de NVR kunnen maximaal 8 Full HD<\/p>\n<div class=\"klb-readmore button\"><a class=\"btn link\" href=\"https:\/\/webstore4.com\/de\/product\/hikvision-hwn-4208mh-8p-netwerk-video-recorder\/\">Mehr lesen <i class=\"klbth-icon-right-arrow\"><\/i><\/a><\/div>","protected":false},"featured_media":15591,"comment_status":"open","ping_status":"closed","template":"","meta":[],"pwb-brand":[3367],"product_cat":[3441,4210,4198,4221],"product_tag":[],"class_list":{"0":"post-15590","1":"product","2":"type-product","3":"status-publish","4":"has-post-thumbnail","6":"pwb-brand-hikvision","7":"product_cat-benodigdheden","8":"product_cat-recorders-opslagmedia-benodigdheden","9":"product_cat-series","10":"product_cat-hikvision-hiwatch-series","11":"product_shipping_class-pakket","12":"pa_aantal-poe-poorten-3936","13":"pa_harddisk-type-2-x-3-5-inch-max-6tb","14":"pa_maximaal-ip-camera-kanalen-3646","15":"pa_maximum-aantal-harddisks-3722","16":"pa_merk-hikvision","17":"pa_omgeving-binnen","18":"pa_poe-802-3af-at","19":"pa_product-nvr","20":"pa_rj45-lan-aansluiting-1x-101001000","21":"pa_voeding-inclusief-adapter","23":"first","24":"onbackorder","25":"taxable","26":"shipping-taxable","27":"purchasable","28":"product-type-simple"},"brands":[{"id":3367,"name":"Hikvision","slug":"hikvision"}],"_links":{"self":[{"href":"https:\/\/webstore4.com\/de\/wp-json\/wp\/v2\/product\/15590","targetHints":{"allow":["GET"]}}],"collection":[{"href":"https:\/\/webstore4.com\/de\/wp-json\/wp\/v2\/product"}],"about":[{"href":"https:\/\/webstore4.com\/de\/wp-json\/wp\/v2\/types\/product"}],"replies":[{"embeddable":true,"href":"https:\/\/webstore4.com\/de\/wp-json\/wp\/v2\/comments?post=15590"}],"wp:featuredmedia":[{"embeddable":true,"href":"https:\/\/webstore4.com\/de\/wp-json\/wp\/v2\/media\/15591"}],"wp:attachment":[{"href":"https:\/\/webstore4.com\/de\/wp-json\/wp\/v2\/media?parent=15590"}],"wp:term":[{"taxonomy":"pwb-brand","embeddable":true,"href":"https:\/\/webstore4.com\/de\/wp-json\/wp\/v2\/pwb-brand?post=15590"},{"taxonomy":"product_cat","embeddable":true,"href":"https:\/\/webstore4.com\/de\/wp-json\/wp\/v2\/product_cat?post=15590"},{"taxonomy":"product_tag","embeddable":true,"href":"https:\/\/webstore4.com\/de\/wp-json\/wp\/v2\/product_tag?post=15590"}],"curies":[{"name":"wp","href":"https:\/\/api.w.org\/{rel}","templated":true}]}}