{"id":15413,"date":"2024-02-08T15:52:42","date_gmt":"2024-02-08T14:52:42","guid":{"rendered":"https:\/\/webstore4.com\/?post_type=product&#038;p=15413"},"modified":"2024-04-19T15:21:45","modified_gmt":"2024-04-19T14:21:45","slug":"hikvision-hwp-n4215h-de3-hiwatch-2mp-ptz-camera","status":"publish","type":"product","link":"https:\/\/webstore4.com\/de\/product\/hikvision-hwp-n4215h-de3-hiwatch-2mp-ptz-camera\/","title":{"rendered":"Hikvision HWP-N4215H-DE3 HiWatch Full HD 2MP PTZ-Innenkamera mit 15-fachem Zoom, IR-Nachtsicht, PoE, 120 dB WDR und SD-Steckplatz"},"content":{"rendered":"<p>De Hikvision HWP-N4215H-DE3 HiWatch is een Full HD 2MP binnen speed PTZ camera met 15x zoom, 16x digitale zoom, IR nachtzicht, PoE, 120dB WDR en microSD kaart opname. De camera kan kantelen, draaien en zoomen (Pan\/Tilt\/Zoom) en heeft ingebouwd infrarood nachtzicht.<\/p>\n<p><strong>M\u00f6glichkeiten<\/strong><\/p>\n<p>De Hikvision HWP-N4215H-DE3 geeft beelden weer in een Full HD 1920&#215;1080 resolutie. De camera heeft een gemotoriseerde 5 &#8211; 75 mm lens met een horizontale beeldhoek van 57,6 tot 4 graden. De camera heeft een uitgebreide zoomfunctie met 15x zoom en 16x digitale zoom.<\/p>\n<p>Door de lichtgevoelige beeldchip levert de camera met een minimum aan omgevingslicht nog bruikbaar kleurenbeeld. In zeer donkere omstandigheden kan de camera ook de ingebouwde IR verlichting inschakelen waardoor zelfs beelden in volledige duisternis (0 Lux) kunnen worden bekeken. De IR verlichting wordt ondersteund door de Powered by DarkFighter technologie. De camera heeft een ingebouwd automatisch IR-cut filter en is daarmee een echte dag\/nacht camera. De camera beschikt ook over 120dB Wide Dynamic Range (WDR) waardoor de camera zeer goed kan omgaan met complexe lichtomstandigheden als gevolg van bijvoorbeeld tegenlicht van de zon of auto koplampen.<\/p>\n<p>Bilder k\u00f6nnen unter anderem auf einem Netzwerk-Videorecorder (NVR) gespeichert werden. Die Kamera verf\u00fcgt au\u00dferdem \u00fcber die M\u00f6glichkeit, in der Kamera auf einer microSD-Speicherkarte mit bis zu maximal 256 GB aufzuzeichnen.<\/p>\n<p>Hikvision bietet eine kostenlose App f\u00fcr Apple iOS und Android an. Die Kamera verf\u00fcgt \u00fcber einen internen Webserver, der \u00fcber einen Webbrowser angezeigt und verwaltet werden kann. Video Management Software (VMS) f\u00fcr einen Computer kann kostenlos von der Hikvision-Website heruntergeladen werden. Die Registerkarte \u201eDokumentation\u201c enth\u00e4lt einen Link zur Produktseite des Herstellers.<\/p>\n<p>Voor installatiegemak kan de camera via de netwerkkabel worden gevoed met Power over Ethernet (standaard 802.3af POE). PoE kan worden verkregen door een PoE NVR, een PoE switch of met een PoE injector. De camera kan ook worden gevoed met de niet meegeleverde 12VDC voeding adapter. Geschikte adapters en MicroSD kaarten kunnen mee besteld worden onder &#8216;Opties&#8217;.<\/p>\n<p><strong>Wichtigste Funktionen<\/strong><\/p>\n<ul>\n<li>2 megapixel Full HD Speed Pan Tilt Zoom camera<\/li>\n<li>Max. Schwenkgeschwindigkeit 100\u00b0\/s<\/li>\n<li>Bis zu 300 Voreinstellungen<\/li>\n<li>Tag-\/Nachtkamera mit automatischem mechanischem IR-Sperrfilter<\/li>\n<li>Aufnahme in der Kamera auf SD-Karte<\/li>\n<li>120 dB breiter Dynamikbereich (WDR)<\/li>\n<li>3D-Digital-Rauschunterdr\u00fcckung (3D-DNR)<\/li>\n<li>Motion detection, Video Tampering Detection, Privacy mask, Smart events<\/li>\n<li>H.265+ \/ H.265 \/ H.264+ \/ H.264-Komprimierung<\/li>\n<li>Stromversorgung \u00fcber 12VDC-Adapter oder PoE<\/li>\n<\/ul>\n<p><a href=\"https:\/\/webstore4.com\/Copyright\/\" target=\"_blank\" rel=\"noopener\"><span style=\"color: #ff6e03; font-size: 11px;\">\u00a9 Der Text ist urheberrechtlich gesch\u00fctzt<\/span><\/a><\/p>","protected":false},"excerpt":{"rendered":"<p>De Hikvision HWP-N4215H-DE3 HiWatch is een Full HD 2MP binnen speed PTZ camera met 15x zoom, 16x digitale zoom, IR nachtzicht, PoE, 120dB WDR en microSD kaart opname. De camera kan kantelen, draaien en zoomen (Pan\/Tilt\/Zoom) en heeft ingebouwd infrarood nachtzicht. Mogelijkheden De Hikvision HWP-N4215H-DE3 geeft beelden weer in een Full HD 1920&#215;1080 resolutie. De<\/p>\n<div class=\"klb-readmore button\"><a class=\"btn link\" href=\"https:\/\/webstore4.com\/de\/product\/hikvision-hwp-n4215h-de3-hiwatch-2mp-ptz-camera\/\">Mehr lesen <i class=\"klbth-icon-right-arrow\"><\/i><\/a><\/div>","protected":false},"featured_media":15414,"comment_status":"open","ping_status":"closed","template":"","meta":[],"pwb-brand":[3367],"product_cat":[3435,4184,4185,4200],"product_tag":[],"class_list":{"0":"post-15413","1":"product","2":"type-product","3":"status-publish","4":"has-post-thumbnail","6":"pwb-brand-hikvision","7":"product_cat-ip-cameras","8":"product_cat-cameras","9":"product_cat-180-360-ptz-cameras","10":"product_cat-dome-eyeball-cameras-cameras","11":"product_shipping_class-pakket","12":"pa_beeldhoek-graden-horizontaal-57-6-4","13":"pa_beeldsensor-12-8-cmos","14":"pa_dag-nacht-ir-cut-filter-ja","15":"pa_draadloos-nee","16":"pa_geheugenkaart-type-micro-sdsdhcsdxc-256gb","17":"pa_lens-mm-5-75","18":"pa_megapixel-2mp","19":"pa_merk-hikvision","20":"pa_minimale-verlichting-0-005-lux","21":"pa_mobiele-app-fabrikant-ja","22":"pa_nachtzicht-nee","23":"pa_omgeving-binnen","24":"pa_opnemen-op-sd-kaart-ja","25":"pa_poe-802-3af","26":"pa_resolutie-max-pixels-full-hd-1920x1080","27":"pa_vandaalbestendig-nee","28":"pa_voeding-12vdc","29":"pa_voeding-poe","30":"pa_wdr-ja","32":"first","33":"onbackorder","34":"taxable","35":"shipping-taxable","36":"purchasable","37":"product-type-simple"},"brands":[{"id":3367,"name":"Hikvision","slug":"hikvision"}],"_links":{"self":[{"href":"https:\/\/webstore4.com\/de\/wp-json\/wp\/v2\/product\/15413","targetHints":{"allow":["GET"]}}],"collection":[{"href":"https:\/\/webstore4.com\/de\/wp-json\/wp\/v2\/product"}],"about":[{"href":"https:\/\/webstore4.com\/de\/wp-json\/wp\/v2\/types\/product"}],"replies":[{"embeddable":true,"href":"https:\/\/webstore4.com\/de\/wp-json\/wp\/v2\/comments?post=15413"}],"wp:featuredmedia":[{"embeddable":true,"href":"https:\/\/webstore4.com\/de\/wp-json\/wp\/v2\/media\/15414"}],"wp:attachment":[{"href":"https:\/\/webstore4.com\/de\/wp-json\/wp\/v2\/media?parent=15413"}],"wp:term":[{"taxonomy":"pwb-brand","embeddable":true,"href":"https:\/\/webstore4.com\/de\/wp-json\/wp\/v2\/pwb-brand?post=15413"},{"taxonomy":"product_cat","embeddable":true,"href":"https:\/\/webstore4.com\/de\/wp-json\/wp\/v2\/product_cat?post=15413"},{"taxonomy":"product_tag","embeddable":true,"href":"https:\/\/webstore4.com\/de\/wp-json\/wp\/v2\/product_tag?post=15413"}],"curies":[{"name":"wp","href":"https:\/\/api.w.org\/{rel}","templated":true}]}}