{"id":15302,"date":"2024-02-06T17:39:35","date_gmt":"2024-02-06T16:39:35","guid":{"rendered":"https:\/\/webstore4.com\/?post_type=product&#038;p=15302"},"modified":"2024-04-19T15:21:39","modified_gmt":"2024-04-19T14:21:39","slug":"ajax-outletcore-type-f","status":"publish","type":"product","link":"https:\/\/webstore4.com\/de\/product\/ajax-outletcore-type-f\/","title":{"rendered":"Ajax OutletCore Type F Jeweler intelligente kabellose Steckdose"},"content":{"rendered":"<p>Der Ajax OutletCore Typ F ist Teil des Schaltmaterials innerhalb des Ajax-Systems. Ajax ist ein f\u00fchrendes Unternehmen im Bereich Sicherheitsl\u00f6sungen. Mit fortschrittlichen Technologien und innovativen Produkten bieten sie zuverl\u00e4ssige und effektive Sicherheitsl\u00f6sungen f\u00fcr Privat- und Gesch\u00e4ftskunden.<br \/>\nAjax-Systeme sind einfach zu installieren und zu bedienen und geben den Benutzern ein Gef\u00fchl der Sicherheit. Ajax Security Systems ist bekannt f\u00fcr seine hochwertigen Sicherheitsprodukte, die die strengsten Standards und Anforderungen erf\u00fcllen.<\/p>\n<p>Die App erm\u00f6glicht es, Benachrichtigungen \u00fcber Alarme und Ereignisse zu erhalten, Live-Videostreams anzusehen (sofern Kameras integriert sind) und den Status aller Sicherheitsger\u00e4te zu \u00fcberpr\u00fcfen. Die App bietet detaillierte Veranstaltungsinformationen und l\u00e4sst sich einfach \u00fcber mehrere Ger\u00e4te und Benutzer hinweg verwalten.<\/p>\n<p><strong>M\u00f6glichkeiten<\/strong><\/p>\n<p>Der Ajax OutletCore Typ F ist eine kabellose Smart-Steckdose f\u00fcr den Innenbereich. Es handelt sich um ein vergleichbares Produkt zum schon l\u00e4nger existierenden \u201eAjax Socket\u201c. Der einzige Vorteil dieser Steckdose ist, dass man sie einbauen kann. Durch Anschlie\u00dfen des Steckers an die Ajax-Anwendung k\u00f6nnen Sie sofort den Stromverbrauch des an dieser Steckdose angeschlossenen Ger\u00e4ts sehen. Dar\u00fcber hinaus kann das Ger\u00e4t aus der Ferne ein- und ausgeschaltet werden und bietet Einblick, ob ein Ger\u00e4t ein- oder ausgeschaltet ist. Der OutletCore Typ F muss in einem Abstand von 1100 Metern (Freifl\u00e4che) vom zentralen Hub montiert werden.<\/p>\n<p>Der OutletCore muss mit einem SoloCover, CenterCover oder SideCover abgedeckt werden. Die passenden Abdeckplatten k\u00f6nnen unter \u201eOptionen\u201c bestellt werden. Der Smart Plug wird in einem Ajax Frame platziert, der ebenfalls unter \u201eOptionen\u201c enthalten ist. Der smarte Stecker gibt nicht nur Auskunft \u00fcber den Energieverbrauch, sondern macht ihn durch die LED-Beleuchtung in der Steckdose auch sofort sichtbar. Beispielsweise \u00e4ndern sich die Farben der LED, wenn viel Energie verbraucht wird. Im Standby-Modus verbraucht der Ajax Socket White weniger als 1,5 W. Die Helligkeit der LED-Beleuchtung kann h\u00f6her oder niedriger eingestellt werden.<\/p>\n<p>Die Ajax-Steckdose Wei\u00df wird direkt \u00fcber 230 VAC mit Strom versorgt. Weitere Spezifikationen finden Sie auf der Produktseite im Reiter \u201eDokumentation\u201c.<\/p>\n<p><strong>Wichtigste Funktionen<\/strong><\/p>\n<ul>\n<li>Funktioniert mit den Signalverst\u00e4rkern Hub PLUS, Hub 2, Hub Hybrid und ReX und ReX 2<\/li>\n<li>Erm\u00f6glicht den Anschluss externer Ger\u00e4te an die Ajax-Anwendung<\/li>\n<li>Steuerung \u00fcber Ajax-Anwendung<\/li>\n<li>Stromversorgung 230 V<\/li>\n<li>Kann in einem Umkreis von bis zu 1100 Metern (Freifl\u00e4che) mit dem Ajax Hub verbunden werden.<\/li>\n<li>Schutzart IP20<\/li>\n<\/ul>\n<p><a href=\"https:\/\/webstore4.com\/Copyright\/\" target=\"_blank\" rel=\"noopener\"><span style=\"color: #ff6e03; font-size: 11px;\">\u00a9 Der Text ist urheberrechtlich gesch\u00fctzt<\/span><\/a><\/p>\n<p><iframe title=\"Ajax LightSwitch: ein Touch-Schalter f\u00fcr Ihren Komfort\" width=\"960\" height=\"540\" src=\"https:\/\/www.youtube.com\/embed\/hdz927FypAE?feature=oembed&#038;enablejsapi=1&#038;origin=https:\/\/webstore4.com\" frameborder=\"0\" allow=\"accelerometer; autoplay; clipboard-write; encrypted-media; gyroscope; picture-in-picture; web-share\" allowfullscreen><\/iframe><\/p>","protected":false},"excerpt":{"rendered":"<p>De Ajax OutletCore Type F is een onderdeel van het schakelmateriaal binnen het Ajax systeem. Ajax is een toonaangevend bedrijf op het gebied van beveiligingsoplossingen. Met geavanceerde technologie\u00ebn en innovatieve producten bieden ze betrouwbare en effectieve beveiligingsoplossingen voor zowel particuliere als zakelijke klanten. Ajax systemen zijn eenvoudig te installeren en te bedienen, waardoor gebruikers een<\/p>\n<div class=\"klb-readmore button\"><a class=\"btn link\" href=\"https:\/\/webstore4.com\/de\/product\/ajax-outletcore-type-f\/\">Mehr lesen <i class=\"klbth-icon-right-arrow\"><\/i><\/a><\/div>","protected":false},"featured_media":15305,"comment_status":"open","ping_status":"closed","template":"","meta":[],"pwb-brand":[3408],"product_cat":[3466,4224,4263],"product_tag":[],"class_list":{"0":"post-15302","1":"product","2":"type-product","3":"status-publish","4":"has-post-thumbnail","6":"pwb-brand-ajax-systems","7":"product_cat-alarm","8":"product_cat-alarmsystemen","9":"product_cat-ajax-baseline","10":"product_shipping_class-pakket","11":"pa_merk-ajax-systems","12":"pa_product-schakelmateriaal","14":"first","15":"onbackorder","16":"taxable","17":"shipping-taxable","18":"purchasable","19":"product-type-simple"},"brands":[{"id":3408,"name":"Ajax Systems","slug":"ajax-systems"}],"_links":{"self":[{"href":"https:\/\/webstore4.com\/de\/wp-json\/wp\/v2\/product\/15302","targetHints":{"allow":["GET"]}}],"collection":[{"href":"https:\/\/webstore4.com\/de\/wp-json\/wp\/v2\/product"}],"about":[{"href":"https:\/\/webstore4.com\/de\/wp-json\/wp\/v2\/types\/product"}],"replies":[{"embeddable":true,"href":"https:\/\/webstore4.com\/de\/wp-json\/wp\/v2\/comments?post=15302"}],"wp:featuredmedia":[{"embeddable":true,"href":"https:\/\/webstore4.com\/de\/wp-json\/wp\/v2\/media\/15305"}],"wp:attachment":[{"href":"https:\/\/webstore4.com\/de\/wp-json\/wp\/v2\/media?parent=15302"}],"wp:term":[{"taxonomy":"pwb-brand","embeddable":true,"href":"https:\/\/webstore4.com\/de\/wp-json\/wp\/v2\/pwb-brand?post=15302"},{"taxonomy":"product_cat","embeddable":true,"href":"https:\/\/webstore4.com\/de\/wp-json\/wp\/v2\/product_cat?post=15302"},{"taxonomy":"product_tag","embeddable":true,"href":"https:\/\/webstore4.com\/de\/wp-json\/wp\/v2\/product_tag?post=15302"}],"curies":[{"name":"wp","href":"https:\/\/api.w.org\/{rel}","templated":true}]}}