{"id":15281,"date":"2024-02-06T15:57:35","date_gmt":"2024-02-06T14:57:35","guid":{"rendered":"https:\/\/webstore4.com\/?post_type=product&#038;p=15281"},"modified":"2024-04-19T15:21:32","modified_gmt":"2024-04-19T14:21:32","slug":"ajax-lightcore-2g","status":"publish","type":"product","link":"https:\/\/webstore4.com\/de\/product\/ajax-lightcore-2g\/","title":{"rendered":"Ajax LightCore 2G Jeweler intelligenter Funkschalter zweipolig"},"content":{"rendered":"<p>De Ajax LightCore 2G is een onderdeel van het schakelmateriaal binnen het Ajax systeem. Ajax is een toonaangevend bedrijf op het gebied van beveiligingsoplossingen. Met geavanceerde technologie\u00ebn en innovatieve producten bieden ze betrouwbare en effectieve beveiligingsoplossingen voor zowel particuliere als zakelijke klanten.<br \/>\nAjax-Systeme sind einfach zu installieren und zu bedienen und geben den Benutzern ein Gef\u00fchl der Sicherheit. Ajax Security Systems ist bekannt f\u00fcr seine hochwertigen Sicherheitsprodukte, die die strengsten Standards und Anforderungen erf\u00fcllen.<\/p>\n<p>Die App erm\u00f6glicht es, Benachrichtigungen \u00fcber Alarme und Ereignisse zu erhalten, Live-Videostreams anzusehen (sofern Kameras integriert sind) und den Status aller Sicherheitsger\u00e4te zu \u00fcberpr\u00fcfen. Die App bietet detaillierte Veranstaltungsinformationen und l\u00e4sst sich einfach \u00fcber mehrere Ger\u00e4te und Benutzer hinweg verwalten.<\/p>\n<p><strong>M\u00f6glichkeiten<\/strong><\/p>\n<p>Der Ajax LightCore 1G ist der einpolige Funkschalter f\u00fcr den Innenbereich. Der intelligente Lichtschalter bietet das ultimative Benutzererlebnis beim Schalten der Beleuchtung. Der LightCore kann in einer einzelnen Wandsteckdose oder in einem Panel platziert werden. Der Button kann auch unter \u201eOptionen\u201c bestellt werden. Durch die Kombination mit Taster und Panel entsteht eine komplette Lichtinstallation.<br \/>\nAuf der Registerkarte \u201eDokumentation\u201c ist ein Konfigurationstool f\u00fcr Ajax-Switching-Materialien enthalten. Der Ajax LightCore 1G muss in einer Entfernung von 1100 Metern (Freifl\u00e4che) vom zentralen Hub montiert werden. Bei Bedarf kann die Distanz durch den Einsatz eines ReX-Repeaters oder ReX-2-Repeaters vergr\u00f6\u00dfert werden.<\/p>\n<p>De Ajax LightCore is in combinatie met een paneel gevoelig voor aanraking en kan zelfs op een afstand van 15mm contactloos bediend worden. Ook kunnen er naast verlichting andere apparaten mee worden geschakeld en is ook dit apparaat op afstand te bedienen met de Ajax applicatie. Zo wordt het Ajax schakelmateriaal bijvoorbeeld ook gebruikt voor het bedienen van elektrische gordijnen of jaloezie\u00ebn.<br \/>\nIn de applicatie zijn er ook scenario&#8217;s in te stellen. Zo kan je bijvoorbeeld het licht op een bepaald moment van de dag aan laten gaan. De LightCore 2G wordt direct gevoed door 230VAC.<\/p>\n<p>Weitere Spezifikationen finden Sie auf der Produktseite im Reiter \u201eDokumentation\u201c.<\/p>\n<p><strong>Wichtigste Funktionen<\/strong><\/p>\n<ul>\n<li>Funktioniert mit den Signalverst\u00e4rkern Hub PLUS, Hub 2, Hub Hybrid und ReX und ReX 2<\/li>\n<li>Erm\u00f6glicht den Anschluss externer Ger\u00e4te an die Ajax-Anwendung<\/li>\n<li>Steuerung \u00fcber Ajax-Anwendung, kontaktlos oder per Touch<\/li>\n<li>Stromversorgung 230 V<\/li>\n<li>5-600 Watt<\/li>\n<li>Europ\u00e4ischer Typ (55)<\/li>\n<li>Kann in einem Umkreis von bis zu 1100 Metern (Freifl\u00e4che) mit dem Ajax Hub verbunden werden.<\/li>\n<li>Schutzart IP20<\/li>\n<\/ul>\n<p><a href=\"https:\/\/webstore4.com\/Copyright\/\" target=\"_blank\" rel=\"noopener\"><span style=\"color: #ff6e03; font-size: 11px;\">\u00a9 Der Text ist urheberrechtlich gesch\u00fctzt<\/span><\/a><\/p>\n<p><iframe title=\"Ajax LightSwitch: ein Touch-Schalter f\u00fcr Ihren Komfort\" width=\"960\" height=\"540\" src=\"https:\/\/www.youtube.com\/embed\/hdz927FypAE?feature=oembed&#038;enablejsapi=1&#038;origin=https:\/\/webstore4.com\" frameborder=\"0\" allow=\"accelerometer; autoplay; clipboard-write; encrypted-media; gyroscope; picture-in-picture; web-share\" allowfullscreen><\/iframe><\/p>","protected":false},"excerpt":{"rendered":"<p>De Ajax LightCore 2G is een onderdeel van het schakelmateriaal binnen het Ajax systeem. Ajax is een toonaangevend bedrijf op het gebied van beveiligingsoplossingen. Met geavanceerde technologie\u00ebn en innovatieve producten bieden ze betrouwbare en effectieve beveiligingsoplossingen voor zowel particuliere als zakelijke klanten. Ajax systemen zijn eenvoudig te installeren en te bedienen, waardoor gebruikers een veilig<\/p>\n<div class=\"klb-readmore button\"><a class=\"btn link\" href=\"https:\/\/webstore4.com\/de\/product\/ajax-lightcore-2g\/\">Mehr lesen <i class=\"klbth-icon-right-arrow\"><\/i><\/a><\/div>","protected":false},"featured_media":15285,"comment_status":"open","ping_status":"closed","template":"","meta":[],"pwb-brand":[3408],"product_cat":[3466,4224,4263],"product_tag":[],"class_list":{"0":"post-15281","1":"product","2":"type-product","3":"status-publish","4":"has-post-thumbnail","6":"pwb-brand-ajax-systems","7":"product_cat-alarm","8":"product_cat-alarmsystemen","9":"product_cat-ajax-baseline","10":"product_shipping_class-pakket","11":"pa_merk-ajax-systems","12":"pa_product-schakelmateriaal","14":"first","15":"onbackorder","16":"taxable","17":"shipping-taxable","18":"purchasable","19":"product-type-simple"},"brands":[{"id":3408,"name":"Ajax Systems","slug":"ajax-systems"}],"_links":{"self":[{"href":"https:\/\/webstore4.com\/de\/wp-json\/wp\/v2\/product\/15281","targetHints":{"allow":["GET"]}}],"collection":[{"href":"https:\/\/webstore4.com\/de\/wp-json\/wp\/v2\/product"}],"about":[{"href":"https:\/\/webstore4.com\/de\/wp-json\/wp\/v2\/types\/product"}],"replies":[{"embeddable":true,"href":"https:\/\/webstore4.com\/de\/wp-json\/wp\/v2\/comments?post=15281"}],"wp:featuredmedia":[{"embeddable":true,"href":"https:\/\/webstore4.com\/de\/wp-json\/wp\/v2\/media\/15285"}],"wp:attachment":[{"href":"https:\/\/webstore4.com\/de\/wp-json\/wp\/v2\/media?parent=15281"}],"wp:term":[{"taxonomy":"pwb-brand","embeddable":true,"href":"https:\/\/webstore4.com\/de\/wp-json\/wp\/v2\/pwb-brand?post=15281"},{"taxonomy":"product_cat","embeddable":true,"href":"https:\/\/webstore4.com\/de\/wp-json\/wp\/v2\/product_cat?post=15281"},{"taxonomy":"product_tag","embeddable":true,"href":"https:\/\/webstore4.com\/de\/wp-json\/wp\/v2\/product_tag?post=15281"}],"curies":[{"name":"wp","href":"https:\/\/api.w.org\/{rel}","templated":true}]}}