{"id":15107,"date":"2024-01-31T19:10:49","date_gmt":"2024-01-31T18:10:49","guid":{"rendered":"https:\/\/webstore4.com\/?post_type=product&#038;p=15107"},"modified":"2024-04-19T15:21:28","modified_gmt":"2024-04-19T14:21:28","slug":"dahua-ipc-hdw2449tm-s-il-4mp-eyeball-camera","status":"publish","type":"product","link":"https:\/\/webstore4.com\/de\/product\/dahua-ipc-hdw2449tm-s-il-4mp-eyeball-camera\/","title":{"rendered":"Dahua IPC-HDW2549TM-S-IL Vollfarbige 5MP WizSense Dual Light Outdoor-Augapfelkamera mit 30 Metern wei\u00dfer LED, integriertem Mikrofon, 30 Meter IR-Nachtsicht, SMD Plus, 120 dB WDR und MicroSD"},"content":{"rendered":"<p>De Dahua IPC-HDW2449TM-S-IL is een Full HD WizSense 4MP Dual Light buiten turret met een ingebouwde microfoon, Wit Led, infrarood nachtzicht en een vaste 2.8mm lens voor binnen of buiten. De camera is door Dahua uitgevoerd met een witte behuizing gemaakt van kunststof en metaal. Er is een bijpassende muurbeugel of montagebox is bij te bestellen onder het tabblad &#8216;Opties&#8217;. De camera is zeer geschikt voor gebruik bij woningen, kantoren, restaurants, hotels en bedrijfsruimten.<\/p>\n<p><strong>M\u00f6glichkeiten<\/strong><\/p>\n<p>De Dahua IPC-HDW2449TM-S-IL geeft full-color beelden weer in een Full HD 2688&#215;1520 resolutie. De camera beschikt over 120 dB Wide Dynamic Range (WDR) waardoor de camera zeer goed kan omgaan met complexe lichtomstandigheden als gevolg van bijvoorbeeld tegenlicht van de zon of auto koplampen. Door de zeer lichtgevoelige beeldsensor levert de camera met een minimum aan omgevingslicht nog bruikbaar kleurenbeeld, zelfs bij bijna volledige duisternis (0.006 lux). De camera heeft een ingebouwd automatisch IR-cut filter en is daarmee een echte dag\/nacht camera.<\/p>\n<p>In donkere omstandigheden kan de camera de ingebouwde IR verlichting of Wit Led verlichting inschakelen waardoor er zelfs in volledige duisternis (0 Lux) een haarscherp beeld is. De IR verlichting en Wit LED heeft een bereik van maar liefst 30 meter. De camera beschikt over een vaste 2.8mm lens met een horizontale beeldhoek van 95 graden.<\/p>\n<p>Die SMD Plus-Technologie dieser Kamera sorgt daf\u00fcr, dass die intelligenten Algorithmen zwischen verschiedenen Objekten und Bewegungen unterscheiden. Dadurch k\u00f6nnen Systeme genauer auf bestimmte Ereignisse reagieren und unerw\u00fcnschte Benachrichtigungen reduzieren. Mit Perimeter Protection kann au\u00dferdem eine Sicherheitszone eingerichtet werden, um unbefugten Zugriff zu verhindern und unerw\u00fcnschte Eindringlinge zu erkennen.<br \/>\nDe beelden kunnen onder meer worden opgeslagen op een Netwerk Video Recorder (NVR). Ook heeft de camera de mogelijkheid om in de camera op te nemen op een microSD geheugenkaart tot maximaal 256Gb. Geschikte microSD geheugenkaarten zijn mee te bestellen onder &#8216;Opties&#8217;.<\/p>\n<p>Dahua bietet eine kostenlose niederl\u00e4ndische App f\u00fcr Apple iOS und Android an. Die Kamera verf\u00fcgt \u00fcber einen internen Webserver, der \u00fcber einen Webbrowser angezeigt und verwaltet werden kann. Video Management Software (VMS) f\u00fcr einen Computer kann kostenlos von der Dahua-Website heruntergeladen werden. Die Registerkarte \u201eDokumentation\u201c enth\u00e4lt einen Link zur Produktseite des Herstellers.<\/p>\n<p>De Dahua IPC-HDW2449TM-S-IL heeft een IP67 rating waardoor de camera uitermate geschikt is voor gebruik buiten. Voor installatiegemak kan de camera via de netwerkkabel worden gevoed met Power over Ethernet (standaard 802.3af POE). PoE kan worden verkregen door een PoE NVR, een PoE switch of met een PoE injector. De camera kan ook worden gevoed met een optionele 12VDC voeding adapter. De camera is verstelbaar over 3 assen en daardoor ook zeer geschikt om verticaal tegen een wand te plaatsen.<\/p>\n<p><strong>Wichtigste Funktionen<\/strong><\/p>\n<ul>\n<li>4 megapixel Full HD WizSense Dual Light camera<\/li>\n<li>Tag-\/Nachtkamera mit automatischem mechanischem IR-Sperrfilter<\/li>\n<li>IR-Nachtsicht und wei\u00dfe LED-Beleuchtung bis zu 30 Meter<\/li>\n<li>Aufnahme in der Kamera auf SD-Karte (nicht im Lieferumfang enthalten)<\/li>\n<li>Auf 3 Achsen verstellbar<\/li>\n<li>SMD Plus, Perimeterschutz<\/li>\n<li>120 dB breiter Dynamikbereich (WDR)<\/li>\n<li>Zonen-optionale Hintergrundbeleuchtungskompensation (BLC)<\/li>\n<li>3D-Digital-Rauschunterdr\u00fcckung (3D-DNR)<\/li>\n<li>Bewegungserkennung, Manipulationsalarm, Privatzonenmaske<\/li>\n<li>ONVIF-Protokoll<\/li>\n<li>Stromversorgung \u00fcber 12VDC-Adapter oder \u00fcber PoE (802.3af)<\/li>\n<li>Wei\u00df<\/li>\n<\/ul>\n<p><a href=\"https:\/\/webstore4.com\/Copyright\/\" target=\"_blank\" rel=\"noopener\"><span style=\"color: #ff6e03; font-size: 11px;\">\u00a9 Der Text ist urheberrechtlich gesch\u00fctzt<\/span><\/a><\/p>","protected":false},"excerpt":{"rendered":"<p>De Dahua IPC-HDW2449TM-S-IL is een Full HD WizSense 4MP Dual Light buiten turret met een ingebouwde microfoon, Wit Led, infrarood nachtzicht en een vaste 2.8mm lens voor binnen of buiten. De camera is door Dahua uitgevoerd met een witte behuizing gemaakt van kunststof en metaal. Er is een bijpassende muurbeugel of montagebox is bij te<\/p>\n<div class=\"klb-readmore button\"><a class=\"btn link\" href=\"https:\/\/webstore4.com\/de\/product\/dahua-ipc-hdw2449tm-s-il-4mp-eyeball-camera\/\">Mehr lesen <i class=\"klbth-icon-right-arrow\"><\/i><\/a><\/div>","protected":false},"featured_media":15108,"comment_status":"open","ping_status":"closed","template":"","meta":[],"pwb-brand":[3376],"product_cat":[3435,4184,4200],"product_tag":[],"class_list":{"0":"post-15107","1":"product","2":"type-product","3":"status-publish","4":"has-post-thumbnail","6":"pwb-brand-dahua","7":"product_cat-ip-cameras","8":"product_cat-cameras","9":"product_cat-dome-eyeball-cameras-cameras","10":"product_shipping_class-pakket","11":"pa_audio-microfoon","12":"pa_beeldhoek-graden-horizontaal-3941","13":"pa_beeldsensor-12-9-cmos","14":"pa_dag-nacht-ir-cut-filter-ja","15":"pa_geheugenkaart-type-micro-sdsdhcsdxc-256gb","16":"pa_ingebouwd-type-nachtzicht-infrared-ir-led","17":"pa_ingebouwd-type-nachtzicht-wit-led","18":"pa_lens-mm-2-8","19":"pa_megapixel-4mp","20":"pa_merk-dahua","21":"pa_minimale-verlichting-0-006-lux-0-lux-met-ir","22":"pa_mobiele-app-fabrikant-ja","23":"pa_nachtzicht-ja","24":"pa_omgeving-binnen-en-buiten","25":"pa_opnemen-op-sd-kaart-ja","26":"pa_poe-802-3af","27":"pa_product-status-a","28":"pa_resolutie-max-pixels-full-hd-2688x1520","29":"pa_vandaalbestendig-nee","30":"pa_verstelbare-assen-3631","31":"pa_voeding-12vdc","32":"pa_voeding-poe","33":"pa_wdr-ja","35":"first","36":"onbackorder","37":"taxable","38":"shipping-taxable","39":"purchasable","40":"product-type-simple"},"brands":[{"id":3376,"name":"Dahua","slug":"dahua"}],"_links":{"self":[{"href":"https:\/\/webstore4.com\/de\/wp-json\/wp\/v2\/product\/15107","targetHints":{"allow":["GET"]}}],"collection":[{"href":"https:\/\/webstore4.com\/de\/wp-json\/wp\/v2\/product"}],"about":[{"href":"https:\/\/webstore4.com\/de\/wp-json\/wp\/v2\/types\/product"}],"replies":[{"embeddable":true,"href":"https:\/\/webstore4.com\/de\/wp-json\/wp\/v2\/comments?post=15107"}],"wp:featuredmedia":[{"embeddable":true,"href":"https:\/\/webstore4.com\/de\/wp-json\/wp\/v2\/media\/15108"}],"wp:attachment":[{"href":"https:\/\/webstore4.com\/de\/wp-json\/wp\/v2\/media?parent=15107"}],"wp:term":[{"taxonomy":"pwb-brand","embeddable":true,"href":"https:\/\/webstore4.com\/de\/wp-json\/wp\/v2\/pwb-brand?post=15107"},{"taxonomy":"product_cat","embeddable":true,"href":"https:\/\/webstore4.com\/de\/wp-json\/wp\/v2\/product_cat?post=15107"},{"taxonomy":"product_tag","embeddable":true,"href":"https:\/\/webstore4.com\/de\/wp-json\/wp\/v2\/product_tag?post=15107"}],"curies":[{"name":"wp","href":"https:\/\/api.w.org\/{rel}","templated":true}]}}