{"id":15017,"date":"2024-01-29T09:34:30","date_gmt":"2024-01-29T08:34:30","guid":{"rendered":"https:\/\/webstore4.com\/?post_type=product&#038;p=15017"},"modified":"2024-04-19T15:21:20","modified_gmt":"2024-04-19T14:21:20","slug":"uniview-tr-jb05-b-in-b-zwarte-montagebox","status":"publish","type":"product","link":"https:\/\/webstore4.com\/de\/product\/uniview-tr-jb05-b-in-b-zwarte-montagebox\/","title":{"rendered":"Uniview TR-JB05-B-IN-B schwarze Montagebox aus Aluminium"},"content":{"rendered":"<p>Der Uniview TR-JB05-B-IN-B ist die schwarze Version des Uniview TR-JB05-B-IN und eine Montagebox aus Aluminium. Die schwarze Uniview-Montagebox ist f\u00fcr verschiedene Kameras der Marke Uniview geeignet. Die Montagebox kann sowohl im Innen- als auch im Au\u00dfenbereich montiert werden. Ob die Montagebox an der jeweiligen Kamera verwendet werden kann, l\u00e4sst sich h\u00e4ufig dem Datenblatt entnehmen, das der \u00dcberwachungskamera beiliegt.<\/p>\n<p>Das Datenblatt und der Link zur Produktseite des Herstellers sind im Reiter \u201eDokumentation\u201c enthalten.<\/p>\n<p><strong>Wichtigste Funktionen<\/strong><\/p>\n<ul>\n<li>Gilt f\u00fcr einige Uniview-Kameras<\/li>\n<li>Aluminium<\/li>\n<li>Schwarz<\/li>\n<\/ul>\n<p><a href=\"https:\/\/www.webstore4ipcameras.nl\/Copyright\" target=\"_blank\" rel=\"noopener\"><span style=\"color: #ff6e03; font-size: 11px;\">\u00a9 Der Text ist urheberrechtlich gesch\u00fctzt<\/span><\/a><\/p>","protected":false},"excerpt":{"rendered":"<p>De Uniview TR-JB05-B-IN-B is de zwarte versie van de Uniview TR-JB05-B-IN en is een montagebox van aluminium. De zwarte uniview montagebox is geschikt voor verschillende camera&#8217;s van het merk Uniview. De montagebox kan zowel binnen als buiten gemonteerd worden. Of de montagebox toegepast kan worden op de betreffende camera is veelal terug te vinden in<\/p>\n<div class=\"klb-readmore button\"><a class=\"btn link\" href=\"https:\/\/webstore4.com\/de\/product\/uniview-tr-jb05-b-in-b-zwarte-montagebox\/\">Mehr lesen <i class=\"klbth-icon-right-arrow\"><\/i><\/a><\/div>","protected":false},"featured_media":15018,"comment_status":"open","ping_status":"closed","template":"","meta":[],"pwb-brand":[3419],"product_cat":[4620],"product_tag":[],"class_list":{"0":"post-15017","1":"product","2":"type-product","3":"status-publish","4":"has-post-thumbnail","6":"pwb-brand-uniview","7":"product_cat-camera-toebehoren","8":"product_shipping_class-pakket","9":"pa_kleur-zwart","10":"pa_materiaal-aluminium","11":"pa_merk-uniview","12":"pa_omgeving-binnen-en-buiten","13":"pa_product-montagebox","15":"first","16":"onbackorder","17":"taxable","18":"shipping-taxable","19":"purchasable","20":"product-type-simple"},"brands":[{"id":3419,"name":"Uniview","slug":"uniview"}],"_links":{"self":[{"href":"https:\/\/webstore4.com\/de\/wp-json\/wp\/v2\/product\/15017","targetHints":{"allow":["GET"]}}],"collection":[{"href":"https:\/\/webstore4.com\/de\/wp-json\/wp\/v2\/product"}],"about":[{"href":"https:\/\/webstore4.com\/de\/wp-json\/wp\/v2\/types\/product"}],"replies":[{"embeddable":true,"href":"https:\/\/webstore4.com\/de\/wp-json\/wp\/v2\/comments?post=15017"}],"wp:featuredmedia":[{"embeddable":true,"href":"https:\/\/webstore4.com\/de\/wp-json\/wp\/v2\/media\/15018"}],"wp:attachment":[{"href":"https:\/\/webstore4.com\/de\/wp-json\/wp\/v2\/media?parent=15017"}],"wp:term":[{"taxonomy":"pwb-brand","embeddable":true,"href":"https:\/\/webstore4.com\/de\/wp-json\/wp\/v2\/pwb-brand?post=15017"},{"taxonomy":"product_cat","embeddable":true,"href":"https:\/\/webstore4.com\/de\/wp-json\/wp\/v2\/product_cat?post=15017"},{"taxonomy":"product_tag","embeddable":true,"href":"https:\/\/webstore4.com\/de\/wp-json\/wp\/v2\/product_tag?post=15017"}],"curies":[{"name":"wp","href":"https:\/\/api.w.org\/{rel}","templated":true}]}}