{"id":14967,"date":"2024-01-26T09:03:01","date_gmt":"2024-01-26T08:03:01","guid":{"rendered":"https:\/\/webstore4.com\/?post_type=product&#038;p=14967"},"modified":"2024-04-19T15:21:18","modified_gmt":"2024-04-19T14:21:18","slug":"uniview-ipc3615le-adf28k-g-b-5mp-turret-camera","status":"publish","type":"product","link":"https:\/\/webstore4.com\/de\/product\/uniview-ipc3615le-adf28k-g-b-5mp-turret-camera\/","title":{"rendered":"Uniview IPC3615LE-ADF28K-GB Full HD 5 MP Turmkamera f\u00fcr den Au\u00dfenbereich mit festem 2,8-mm-Objektiv, 30 m IR, 120 dB WDR, PoE, microSD und integriertem Mikrofon"},"content":{"rendered":"<p>De Uniview IPC3615LE-ADF28K-G-B is de zwarte variant van de Uniview IPC3615LE-ADF28K-G. De beveiligingscamera is een zeer compacte Full HD 5 megapixel turret camera met 30 meter IR nachtzicht en wit LED, ingebouwde microfoon, 120dB WDR, PoE en een vaste lens van 2.8 mm. De camera is geschikt voor binnen of buiten. Er kan in de camera een microSD kaart worden geplaatst voor opname tot 256Gb (microSD niet meegeleverd).<\/p>\n<p><strong>M\u00f6glichkeiten<\/strong><\/p>\n<p>Der Uniview IPC3618SB-ADF28KM-I0 zeigt Bilder in einer Full-HD-Aufl\u00f6sung von 3840 x 2160 an. Die Augapfelkamera verf\u00fcgt \u00fcber ein festes Objektiv von 2,8 mm. Durch die feste Linse ist ein horizontaler Betrachtungswinkel von 112,4 Grad m\u00f6glich. Die Kamera kann bei Dunkelheit die integrierte IR-Beleuchtung einschalten und liefert so auch bei v\u00f6lliger Dunkelheit (0 Lux) ein gestochen scharfes Bild.<br \/>\nDie Kamera verf\u00fcgt \u00fcber IR-Beleuchtung mit einer maximalen Reichweite von 30 Metern. Die Kamera verf\u00fcgt au\u00dferdem \u00fcber einen 120 dB Wide Dynamic Range (WDR), wodurch die Kamera auch komplexe Lichtverh\u00e4ltnisse gut bew\u00e4ltigen kann.<\/p>\n<p>Beelden kunnen worden opgeslagen op een Netwerk Video Recorder (NVR). De camera kan ook opnemen op een microSD geheugenkaart tot 256Gb. Enkele geschikte recorders en microSD kaarten zijn opgenomen onder &#8216;Opties&#8217;.<\/p>\n<p>Eine kostenlose mobile App ist f\u00fcr Apple iOS und Android verf\u00fcgbar. Es kann die niederl\u00e4ndischsprachige Uniview-App verwendet werden. Die Kamera verf\u00fcgt \u00fcber einen internen Webserver, der \u00fcber einen Webbrowser angezeigt und verwaltet werden kann. Auch die Verwaltung der Kameras und Bilder ist mit einem NVR m\u00f6glich. Video Management Software (VMS) f\u00fcr einen Computer kann kostenlos von der Uniview-Website heruntergeladen werden. Unter der Registerkarte \u201eDokumentation\u201c ist ein Link zur Produktseite und zum Datenblatt des Herstellers enthalten.<\/p>\n<p>Der Uniview IPC2125SR3-ADUPF40 ist f\u00fcr den Au\u00dfenbereich geeignet und verf\u00fcgt \u00fcber die Schutzart IP67. Zur einfacheren Installation kann die Kamera \u00fcber das Netzwerkkabel mit Power over Ethernet (Standard 802.3af P0E) mit Strom versorgt werden. PoE kann \u00fcber einen PoE-NVR, einen PoE-Switch oder mit einem PoE-Injektor bezogen werden. Die Kamera kann auch mit einem optionalen 12-V-Netzteil mit Strom versorgt werden. Die Kamera ist \u00fcber 3 Achsen verstellbar und verf\u00fcgt \u00fcber einen Alarmein- und -ausgang. Einige der Montagehalterungen sind unter der Registerkarte \u201eVerwandt\u201c enthalten.<\/p>\n<p><strong>Wichtigste Funktionen<\/strong><\/p>\n<ul>\n<li>5 megapixel Full HD zwarte buiten turret camera met Wit LED<\/li>\n<li>2,8-mm-Festobjektiv mit 112,9 Grad horizontalem Blickwinkel<\/li>\n<li>Integriertes Mikrofon<\/li>\n<li>Kostenlose App und Software<\/li>\n<li>Einbrucherkennung, Erkennung von Linien\u00fcberschreitungen<\/li>\n<li>Bewegungserkennung, Privatzonenmaske, Region of Interest (ROI),<\/li>\n<li>Aufnahme auf einer microSD-Speicherkarte mit bis zu 256 GB (nicht im Lieferumfang enthalten)<\/li>\n<li>Tag-\/Nachtkamera mit automatischem mechanischem IR-Sperrfilter<\/li>\n<li>IR-Nachtsicht und wei\u00dfe LED-Beleuchtung bis zu 30 Meter<\/li>\n<li>Auf 3 Achsen verstellbar<\/li>\n<li>120 dB breiter Dynamikbereich (WDR)<\/li>\n<li>Ultra H.265-Komprimierung f\u00fcr effiziente Netzwerk- und Speichernutzung<\/li>\n<li>ONVIF-kompatibel<\/li>\n<li>Geeignet f\u00fcr den Au\u00dfenbereich, IP67<\/li>\n<li>Stromversorgung \u00fcber 12VDC-Adapter oder \u00fcber PoE (802.3af)<\/li>\n<\/ul>\n<p><a href=\"https:\/\/www.webstore4ipcameras.nl\/Copyright\" target=\"_blank\" rel=\"noopener\"><span style=\"color: #ff6e03; font-size: 11px;\">\u00a9 Der Text ist urheberrechtlich gesch\u00fctzt<\/span><\/a><\/p>","protected":false},"excerpt":{"rendered":"<p>De Uniview IPC3615LE-ADF28K-G-B is de zwarte variant van de Uniview IPC3615LE-ADF28K-G. De beveiligingscamera is een zeer compacte Full HD 5 megapixel turret camera met 30 meter IR nachtzicht en wit LED, ingebouwde microfoon, 120dB WDR, PoE en een vaste lens van 2.8 mm. De camera is geschikt voor binnen of buiten. Er kan in de<\/p>\n<div class=\"klb-readmore button\"><a class=\"btn link\" href=\"https:\/\/webstore4.com\/de\/product\/uniview-ipc3615le-adf28k-g-b-5mp-turret-camera\/\">Mehr lesen <i class=\"klbth-icon-right-arrow\"><\/i><\/a><\/div>","protected":false},"featured_media":14969,"comment_status":"open","ping_status":"closed","template":"","meta":[],"pwb-brand":[3419],"product_cat":[3435,4184,4200],"product_tag":[],"class_list":{"0":"post-14967","1":"product","2":"type-product","3":"status-publish","4":"has-post-thumbnail","6":"pwb-brand-uniview","7":"product_cat-ip-cameras","8":"product_cat-cameras","9":"product_cat-dome-eyeball-cameras-cameras","10":"product_shipping_class-pakket","11":"pa_audio-microfoon","12":"pa_beeldhoek-graden-horizontaal-112-9","13":"pa_beeldsensor-12-7-cmos","14":"pa_dag-nacht-ir-cut-filter-ja","15":"pa_geheugenkaart-type-micro-sdsdhcsdxc-256gb","16":"pa_ingebouwd-type-nachtzicht-infrared-ir-led","17":"pa_lens-mm-2-8","18":"pa_megapixel-5mp","19":"pa_merk-uniview","20":"pa_minimale-verlichting-0-003-lux-0-lux-met-ir","21":"pa_mobiele-app-fabrikant-ja","22":"pa_nachtzicht-ja","23":"pa_omgeving-binnen-en-buiten","24":"pa_opnemen-op-sd-kaart-ja","25":"pa_poe-802-3af","26":"pa_resolutie-max-pixels-full-hd-2880x1620","27":"pa_verstelbare-assen-3631","28":"pa_voeding-12vdc","29":"pa_voeding-poe","30":"pa_wdr-ja","32":"first","33":"onbackorder","34":"taxable","35":"shipping-taxable","36":"purchasable","37":"product-type-simple"},"brands":[{"id":3419,"name":"Uniview","slug":"uniview"}],"_links":{"self":[{"href":"https:\/\/webstore4.com\/de\/wp-json\/wp\/v2\/product\/14967","targetHints":{"allow":["GET"]}}],"collection":[{"href":"https:\/\/webstore4.com\/de\/wp-json\/wp\/v2\/product"}],"about":[{"href":"https:\/\/webstore4.com\/de\/wp-json\/wp\/v2\/types\/product"}],"replies":[{"embeddable":true,"href":"https:\/\/webstore4.com\/de\/wp-json\/wp\/v2\/comments?post=14967"}],"wp:featuredmedia":[{"embeddable":true,"href":"https:\/\/webstore4.com\/de\/wp-json\/wp\/v2\/media\/14969"}],"wp:attachment":[{"href":"https:\/\/webstore4.com\/de\/wp-json\/wp\/v2\/media?parent=14967"}],"wp:term":[{"taxonomy":"pwb-brand","embeddable":true,"href":"https:\/\/webstore4.com\/de\/wp-json\/wp\/v2\/pwb-brand?post=14967"},{"taxonomy":"product_cat","embeddable":true,"href":"https:\/\/webstore4.com\/de\/wp-json\/wp\/v2\/product_cat?post=14967"},{"taxonomy":"product_tag","embeddable":true,"href":"https:\/\/webstore4.com\/de\/wp-json\/wp\/v2\/product_tag?post=14967"}],"curies":[{"name":"wp","href":"https:\/\/api.w.org\/{rel}","templated":true}]}}