{"id":14965,"date":"2024-01-26T08:49:55","date_gmt":"2024-01-26T07:49:55","guid":{"rendered":"https:\/\/webstore4.com\/?post_type=product&#038;p=14965"},"modified":"2024-04-19T15:21:17","modified_gmt":"2024-04-19T14:21:17","slug":"uniview-ipc3614le-adf28kc-wl-4mp-turret-camera","status":"publish","type":"product","link":"https:\/\/webstore4.com\/de\/product\/uniview-ipc3614le-adf28kc-wl-4mp-turret-camera\/","title":{"rendered":"Uniview IPC3614LE-ADF28KC-WL Full HD 4 MP Turmkamera f\u00fcr den Au\u00dfenbereich mit festem 2,8-mm-Objektiv, wei\u00dfer LED, 30 m IR, 120 dB WDR, PoE, microSD und integriertem Mikrofon und Lautsprecher"},"content":{"rendered":"<p>Die Uniview IPC3614LE-ADF28KC-WL ist eine sehr kompakte, vandalensichere Full-HD-4-Megapixel-Revolverkamera mit 30-Meter-IR-Nachtsicht und wei\u00dfer LED, integriertem Mikrofon und Lautsprecher, 120 dB WDR, PoE und einem festen 2,8-mm-Objektiv. Die Kamera ist f\u00fcr den Innen- und Au\u00dfenbereich geeignet. In die Kamera kann eine microSD-Karte eingesetzt werden, um bis zu 128 GB aufzuzeichnen (microSD nicht im Lieferumfang enthalten).<\/p>\n<p><strong>M\u00f6glichkeiten<\/strong><\/p>\n<p>Der Uniview IPC3614LE-ADF28KC-WL-B zeigt Bilder in einer Full-HD-Aufl\u00f6sung von 2688 x 1520 an. Die Augapfelkamera verf\u00fcgt \u00fcber ein festes Objektiv von 2,8 mm. Durch die feste Linse ist ein horizontaler Betrachtungswinkel von 112,9 Grad m\u00f6glich. Die Kamera kann bei Dunkelheit die integrierte IR-Beleuchtung einschalten und liefert so auch bei v\u00f6lliger Dunkelheit (0 Lux) ein gestochen scharfes Bild.<br \/>\nDie Kamera verf\u00fcgt \u00fcber wei\u00dfe LED- und IR-Beleuchtung, die beide eine maximale Reichweite von 30 Metern haben. Durch Einschalten der wei\u00dfen LED kann die Kamera auch nachts ein Farbbild erzeugen. Die Kamera verf\u00fcgt au\u00dferdem \u00fcber einen 120 dB Wide Dynamic Range (WDR), wodurch die Kamera auch komplexe Lichtverh\u00e4ltnisse gut bew\u00e4ltigen kann.<\/p>\n<p>Bilder k\u00f6nnen auf einem Netzwerk-Videorecorder (NVR) gespeichert werden. Die Kamera kann auch auf einer microSD-Speicherkarte mit bis zu 128 GB aufzeichnen. Unter \u201eOptionen\u201c finden Sie einige passende Rekorder und microSD-Karten.<\/p>\n<p>Eine kostenlose mobile App ist f\u00fcr Apple iOS und Android verf\u00fcgbar. Es kann die niederl\u00e4ndischsprachige Uniview-App verwendet werden. Die Kamera verf\u00fcgt \u00fcber einen internen Webserver, der \u00fcber einen Webbrowser angezeigt und verwaltet werden kann. Auch die Verwaltung der Kameras und Bilder ist mit einem NVR m\u00f6glich. Video Management Software (VMS) f\u00fcr einen Computer kann kostenlos von der Uniview-Website heruntergeladen werden. Unter der Registerkarte \u201eDokumentation\u201c ist ein Link zur Produktseite und zum Datenblatt des Herstellers enthalten.<\/p>\n<p>Die Uniview IPC3614LE-ADF28KC-WL-B ist f\u00fcr den Au\u00dfenbereich geeignet und verf\u00fcgt \u00fcber die Klasse IP67. Mit der Klasse IK10 ist die Kamera zudem vandalismussicher. Zur einfacheren Installation kann die Kamera \u00fcber das Netzwerkkabel mit Power over Ethernet (Standard 802.3af P0E) mit Strom versorgt werden. PoE kann \u00fcber einen PoE-NVR, einen PoE-Switch oder mit einem PoE-Injektor bezogen werden. Die Kamera kann auch mit einem optionalen 12-V-Netzteil mit Strom versorgt werden. Die Kamera ist \u00fcber 3 Achsen verstellbar und verf\u00fcgt \u00fcber einen Alarmein- und -ausgang. Einige der Montagehalterungen sind unter der Registerkarte \u201eVerwandt\u201c enthalten.<\/p>\n<p><strong>Wichtigste Funktionen<\/strong><\/p>\n<ul>\n<li>Wei\u00dfe 4-Megapixel-Full-HD-Turmkamera f\u00fcr den Au\u00dfenbereich mit wei\u00dfer LED<\/li>\n<li>2,8-mm-Festobjektiv mit 112,9 Grad horizontalem Blickwinkel<\/li>\n<li>Integriertes Mikrofon und Lautsprecher<\/li>\n<li>Kostenlose App und Software<\/li>\n<li>Bewegungserkennung, Privatzonenmaske, Region of Interest (ROI),<\/li>\n<li>Aufnahme auf einer microSD-Speicherkarte mit bis zu 128 GB (nicht im Lieferumfang enthalten)<\/li>\n<li>Tag-\/Nachtkamera mit automatischem mechanischem IR-Sperrfilter<\/li>\n<li>IR-Nachtsicht und wei\u00dfe LED-Beleuchtung bis zu 30 Meter<\/li>\n<li>Auf 3 Achsen verstellbar<\/li>\n<li>120 dB breiter Dynamikbereich (WDR)<\/li>\n<li>Ultra H.265-Komprimierung f\u00fcr effiziente Netzwerk- und Speichernutzung<\/li>\n<li>ONVIF-kompatibel<\/li>\n<li>Geeignet f\u00fcr den Au\u00dfenbereich, IP67<\/li>\n<li>Vandalismusgesch\u00fctzt IK10<\/li>\n<li>Stromversorgung \u00fcber 12VDC-Adapter oder \u00fcber PoE (802.3af)<\/li>\n<\/ul>\n<p><a href=\"https:\/\/www.webstore4ipcameras.nl\/Copyright\" target=\"_blank\" rel=\"noopener\"><span style=\"color: #ff6e03; font-size: 11px;\">\u00a9 Der Text ist urheberrechtlich gesch\u00fctzt<\/span><\/a><\/p>","protected":false},"excerpt":{"rendered":"<p>De Uniview IPC3614LE-ADF28KC-WL is een zeer compacte Full HD 4 megapixel vandaalbestendige turret camera met 30 meter IR nachtzicht en wit LED, ingebouwde microfoon en speaker, 120dB WDR, PoE en een vaste lens van 2.8 mm. De camera is geschikt voor binnen of buiten. Er kan in de camera een microSD kaart worden geplaatst voor<\/p>\n<div class=\"klb-readmore button\"><a class=\"btn link\" href=\"https:\/\/webstore4.com\/de\/product\/uniview-ipc3614le-adf28kc-wl-4mp-turret-camera\/\">Mehr lesen <i class=\"klbth-icon-right-arrow\"><\/i><\/a><\/div>","protected":false},"featured_media":14966,"comment_status":"open","ping_status":"closed","template":"","meta":[],"pwb-brand":[3419],"product_cat":[3435,4184,4200],"product_tag":[],"class_list":{"0":"post-14965","1":"product","2":"type-product","3":"status-publish","4":"has-post-thumbnail","6":"pwb-brand-uniview","7":"product_cat-ip-cameras","8":"product_cat-cameras","9":"product_cat-dome-eyeball-cameras-cameras","10":"product_shipping_class-pakket","11":"pa_audio-microfoon-speaker","12":"pa_beeldhoek-graden-horizontaal-112-9","13":"pa_beeldsensor-1-3-cmos","14":"pa_dag-nacht-ir-cut-filter-ja","15":"pa_geheugenkaart-type-micro-sdsdhcsdxc-128gb","16":"pa_ingebouwd-type-nachtzicht-infrared-ir-led","17":"pa_ingebouwd-type-nachtzicht-wit-led","18":"pa_lens-mm-2-8","19":"pa_megapixel-4mp","20":"pa_merk-uniview","21":"pa_minimale-verlichting-0-003-lux-0-lux-met-ir","22":"pa_mobiele-app-fabrikant-ja","23":"pa_nachtzicht-ja","24":"pa_omgeving-binnen-en-buiten","25":"pa_opnemen-op-sd-kaart-ja","26":"pa_poe-802-3af","27":"pa_resolutie-max-pixels-full-hd-2560x1440","28":"pa_vandaalbestendig-ik10","29":"pa_verstelbare-assen-3631","30":"pa_voeding-12vdc","31":"pa_voeding-poe","32":"pa_wdr-ja","34":"first","35":"onbackorder","36":"taxable","37":"shipping-taxable","38":"purchasable","39":"product-type-simple"},"brands":[{"id":3419,"name":"Uniview","slug":"uniview"}],"_links":{"self":[{"href":"https:\/\/webstore4.com\/de\/wp-json\/wp\/v2\/product\/14965","targetHints":{"allow":["GET"]}}],"collection":[{"href":"https:\/\/webstore4.com\/de\/wp-json\/wp\/v2\/product"}],"about":[{"href":"https:\/\/webstore4.com\/de\/wp-json\/wp\/v2\/types\/product"}],"replies":[{"embeddable":true,"href":"https:\/\/webstore4.com\/de\/wp-json\/wp\/v2\/comments?post=14965"}],"wp:featuredmedia":[{"embeddable":true,"href":"https:\/\/webstore4.com\/de\/wp-json\/wp\/v2\/media\/14966"}],"wp:attachment":[{"href":"https:\/\/webstore4.com\/de\/wp-json\/wp\/v2\/media?parent=14965"}],"wp:term":[{"taxonomy":"pwb-brand","embeddable":true,"href":"https:\/\/webstore4.com\/de\/wp-json\/wp\/v2\/pwb-brand?post=14965"},{"taxonomy":"product_cat","embeddable":true,"href":"https:\/\/webstore4.com\/de\/wp-json\/wp\/v2\/product_cat?post=14965"},{"taxonomy":"product_tag","embeddable":true,"href":"https:\/\/webstore4.com\/de\/wp-json\/wp\/v2\/product_tag?post=14965"}],"curies":[{"name":"wp","href":"https:\/\/api.w.org\/{rel}","templated":true}]}}