{"id":14934,"date":"2024-01-25T08:45:50","date_gmt":"2024-01-25T07:45:50","guid":{"rendered":"https:\/\/webstore4.com\/?post_type=product&#038;p=14934"},"modified":"2025-09-18T18:58:58","modified_gmt":"2025-09-18T17:58:58","slug":"uniview-nvr301-04ls3-p4-4-kanaals-netwerk-video-recorder","status":"publish","type":"product","link":"https:\/\/webstore4.com\/de\/product\/uniview-nvr301-04ls3-p4-4-kanaals-netwerk-video-recorder\/","title":{"rendered":"Uniview NVR301-04LS3-P4 4-Kanal-Netzwerk-Videorecorder bis zu 5 Megapixel mit PoE, 1x Festplatte, Full HD HDMI und VGA-Ausgang"},"content":{"rendered":"<p>Der Uniarch NVR301-04S3-P4 ist ein Netzwerk-Videorekorder mit einer Aufnahmeaufl\u00f6sung von bis zu 5 Megapixeln und unterst\u00fctzt bis zu 4 IP-Kameras. Der Rekorder verf\u00fcgt \u00fcber 4 PoE-Ausg\u00e4nge, sodass die IP-Kameras auch \u00fcber das Netzwerkkabel mit Strom versorgt werden. Uniview ist ein f\u00fchrendes Unternehmen im Bereich Video\u00fcberwachung und Sicherheitsl\u00f6sungen. Uniview-Kamerasicherheit wird in verschiedenen Branchen eingesetzt, darunter im Einzelhandel, in Krankenh\u00e4usern, im Transportwesen, in Banken, auf Flugh\u00e4fen und im Bildungswesen.<\/p>\n<p><strong>M\u00f6glichkeiten<\/strong><\/p>\n<p>Der Uniarch NVR301-04LS3-P4 verf\u00fcgt \u00fcber einen Full-HD-HDMI-Ausgang zum Anschluss an einen HDMI-Fernseher oder \u00dcberwachungsmonitor. Der NVR verf\u00fcgt au\u00dferdem \u00fcber einen VGA-Ausgang zur gleichzeitigen Wiedergabe. Der NVR bietet Platz f\u00fcr 1 3,5-Zoll-Festplatte mit einer maximalen Gr\u00f6\u00dfe von 6 TB. Die Festplatte ist nicht im Lieferumfang enthalten und kann einfach selbst montiert werden. Passende Festplatten speziell f\u00fcr die 24\/7-Aufzeichnung von \u00dcberwachungsbildern finden Sie unter dem Reiter \u201eOptionen\u201c.<\/p>\n<p>Eine kostenlose mobile App ist f\u00fcr Apple iOS und Android verf\u00fcgbar. Es kann die niederl\u00e4ndischsprachige Uniview-App verwendet werden. Der NVR verf\u00fcgt \u00fcber einen internen Webserver, der \u00fcber einen Webbrowser angezeigt und verwaltet werden kann. Video Management Software (VMS) f\u00fcr einen Computer kann kostenlos von der Uniview-Website heruntergeladen werden.<br \/>\nUnter dem Reiter \u201eDokumentation\u201c gibt es einen Link zum Datenblatt und zur Produktseite des Herstellers mit allen Produktinformationen und einer Bedienungsanleitung. Dar\u00fcber hinaus gibt es unter \u201eDokumentation\u201c auch einen Link zur Website des Herstellers, wo die Handb\u00fccher und die Software heruntergeladen werden k\u00f6nnen.<\/p>\n<p>Der NVR verf\u00fcgt \u00fcber 4 Ausg\u00e4nge mit PoE-Unterst\u00fctzung. Eine PoE-IP-Kamera kann mit einem Netzwerkkabel angeschlossen und mit Strom versorgt werden. Der NVR wird \u00fcber ein Netzwerkkabel mit dem Netzwerk verbunden.<\/p>\n<p><strong>Wichtigste Funktionen<\/strong><\/p>\n<ul>\n<li>4 Kan\u00e4le mit 5 Megapixel Aufnahmeaufl\u00f6sung<\/li>\n<li>Bis zu 6 Terabyte Festplatte<\/li>\n<li>Einfache Installation<\/li>\n<li>Kostenlose App und Software<\/li>\n<li>Bewegungserkennung<\/li>\n<li>HDMI- und VGA-Ausgang<\/li>\n<li>2xUSB2.0<\/li>\n<li>Ultra H.265\/H.265\/H.264-Komprimierung f\u00fcr effiziente Netzwerk- und Speichernutzung<\/li>\n<li>ONVIF-kompatibel<\/li>\n<li>4 x PoE 802.3af\/at<\/li>\n<\/ul>\n<p><a href=\"https:\/\/webstore4.com\/Copyright\/\" target=\"_blank\" rel=\"noopener\"><span style=\"color: #ff6e03; font-size: 11px;\">\u00a9 Der Text ist urheberrechtlich gesch\u00fctzt<\/span><\/a><\/p>","protected":false},"excerpt":{"rendered":"<p>De Uniarch NVR301-04LS3-P4 is een Netwerk Video Recorder met een opname resolutie tot maximaal 5 megapixel en ondersteunt tot 4 IP camera&#8217;s. De recorder heeft 4 PoE uitgangen zodat de IP camera&#8217;s via de netwerkkabel ook van stroom worden voorzien. Uniview is een toonaangevend bedrijf op het gebied van videobewaking en beveiligingsoplossingen. De camerabeveiliging van<\/p>\n<div class=\"klb-readmore button\"><a class=\"btn link\" href=\"https:\/\/webstore4.com\/de\/product\/uniview-nvr301-04ls3-p4-4-kanaals-netwerk-video-recorder\/\">Mehr lesen <i class=\"klbth-icon-right-arrow\"><\/i><\/a><\/div>","protected":false},"featured_media":14942,"comment_status":"open","ping_status":"closed","template":"","meta":[],"pwb-brand":[3419],"product_cat":[3441,4210],"product_tag":[],"class_list":{"0":"post-14934","1":"product","2":"type-product","3":"status-publish","4":"has-post-thumbnail","6":"pwb-brand-uniview","7":"product_cat-benodigdheden","8":"product_cat-recorders-opslagmedia-benodigdheden","9":"product_shipping_class-pakket","10":"pa_aantal-poe-poorten-3882","11":"pa_bandbreedte-mbps-4680","12":"pa_maximaal-ip-camera-kanalen-3721","13":"pa_maximum-aantal-harddisks-3722","14":"pa_merk-uniview","15":"pa_mobiele-app-fabrikant-ja","16":"pa_poe-802-3af-at","17":"pa_product-nvr","18":"pa_voeding-inclusief-adapter","20":"first","21":"onbackorder","22":"taxable","23":"shipping-taxable","24":"purchasable","25":"product-type-simple"},"brands":[{"id":3419,"name":"Uniview","slug":"uniview"}],"_links":{"self":[{"href":"https:\/\/webstore4.com\/de\/wp-json\/wp\/v2\/product\/14934","targetHints":{"allow":["GET"]}}],"collection":[{"href":"https:\/\/webstore4.com\/de\/wp-json\/wp\/v2\/product"}],"about":[{"href":"https:\/\/webstore4.com\/de\/wp-json\/wp\/v2\/types\/product"}],"replies":[{"embeddable":true,"href":"https:\/\/webstore4.com\/de\/wp-json\/wp\/v2\/comments?post=14934"}],"wp:featuredmedia":[{"embeddable":true,"href":"https:\/\/webstore4.com\/de\/wp-json\/wp\/v2\/media\/14942"}],"wp:attachment":[{"href":"https:\/\/webstore4.com\/de\/wp-json\/wp\/v2\/media?parent=14934"}],"wp:term":[{"taxonomy":"pwb-brand","embeddable":true,"href":"https:\/\/webstore4.com\/de\/wp-json\/wp\/v2\/pwb-brand?post=14934"},{"taxonomy":"product_cat","embeddable":true,"href":"https:\/\/webstore4.com\/de\/wp-json\/wp\/v2\/product_cat?post=14934"},{"taxonomy":"product_tag","embeddable":true,"href":"https:\/\/webstore4.com\/de\/wp-json\/wp\/v2\/product_tag?post=14934"}],"curies":[{"name":"wp","href":"https:\/\/api.w.org\/{rel}","templated":true}]}}