{"id":14794,"date":"2024-01-23T09:35:33","date_gmt":"2024-01-23T08:35:33","guid":{"rendered":"https:\/\/webstore4.com\/?post_type=product&#038;p=14794"},"modified":"2024-04-19T15:21:06","modified_gmt":"2024-04-19T14:21:06","slug":"uniarch-ipc-p213-af40kc-3mp-ptz-camera","status":"publish","type":"product","link":"https:\/\/webstore4.com\/de\/product\/uniarch-ipc-p213-af40kc-3mp-ptz-camera\/","title":{"rendered":"Uniarch IPC-P213-AF40KC Full HD 3MP PTZ-Kamera mit Dual-Licht, 4-mm-Objektiv, 30 m Smart IR, WDR, PoE, SD-Kartensteckplatz, kostenlose Anwendung, integriertes Mikrofon und Lautsprecher"},"content":{"rendered":"<div class=\"video-frame-box\" style=\"width: 100%; max-width: 480px; max-height: 270px; float: right; padding: 0px 10px 10px 10px;\">\n<div class=\"video-frame\"><iframe src=\"\/\/www.youtube.com\/embed\/oR_O0mi4pC4?rel=0&amp;modestbranding=1&amp;showinfo=0&amp;autohide=1\" width=\"480\" height=\"270\" frameborder=\"0\"><\/iframe><\/div>\n<\/div>\n<p>Die Uniarch IPC-P213-AF40KC ist eine Full HD 3 Megapixel Pan Tilt Zoom (PTZ)-Kamera mit einem festen 4-mm-Objektiv. Bei Dunkelheit kann die Kamera die wei\u00dfe LED einschalten und bis zu einer Entfernung von 30 Metern ein Farbbild erzeugen. Die integrierte Smart-Infrarot-Nachtsicht verf\u00fcgt zudem \u00fcber eine Reichweite von bis zu 30 Metern. Dar\u00fcber hinaus ist die \u00dcberwachungskamera mit einer Bewegungserkennung ausgestattet und kann \u00fcber das Netzwerkkabel (PoE) mit Strom versorgt werden. Die Kamera ist f\u00fcr den Innen- und Au\u00dfenbereich geeignet.<br \/>\nUniarch ist eine Uniview-Produktlinie mit erschwinglicher Video\u00fcberwachung und einem Fokus auf zuverl\u00e4ssige Qualit\u00e4t, einfache Installation und Benutzerfreundlichkeit.<\/p>\n<p><strong>M\u00f6glichkeiten<\/strong><\/p>\n<p>Der Uniarch IPC-P213-AF40KC zeigt Bilder in einer Full-HD-Aufl\u00f6sung von 2304 x 1296 an. Die Kamera verf\u00fcgt \u00fcber ein festes 4-mm-Objektiv mit einem horizontalen Sichtfeld von 90,5 Grad. Die Kamera kann bei Dunkelheit die integrierte IR-Beleuchtung einschalten und liefert so auch bei v\u00f6lliger Dunkelheit (0 Lux) ein gestochen scharfes Bild. Die wei\u00dfe LED-Beleuchtung hat eine maximale Reichweite von 30 Metern. Die Kamera verf\u00fcgt au\u00dferdem \u00fcber eine Smart IR-Sichtweite von bis zu 30 Metern. Die Kamera verf\u00fcgt \u00fcber Digital Wide Dynamic Range (WDR), wodurch die Kamera auch komplexe Lichtverh\u00e4ltnisse gut bew\u00e4ltigen kann. Die Verf\u00fcgbarkeit eines IR-Sperrfilters macht diese Kamera zu einer echten Tag- und Nachtkamera.<\/p>\n<p>Die Kamera ist mit einer Bewegungserkennung ausgestattet. Da eine PTZ-Kamera (Pan Tilt Zoom) geneigt, gedreht und gezoomt werden kann, ist es m\u00f6glich, der Person w\u00e4hrend der Bewegungserkennung zu folgen. Bilder k\u00f6nnen auf einem Netzwerk-Videorecorder (NVR) gespeichert werden. Die Uniarch-Rekorder sind auf der Registerkarte \u201eOptionen\u201c enthalten. Die Kamera kann auf einer microSD-Speicherkarte in der Kamera bis zu 256 GB aufzeichnen. Eine SD-Karte ist nicht im Lieferumfang enthalten, kann aber unter \u201eOptionen\u201c bestellt werden.<\/p>\n<p>Eine kostenlose mobile App ist f\u00fcr Apple iOS und Android verf\u00fcgbar. Es kann die niederl\u00e4ndische Uniview-App oder die spezifische Uniarch-App (Englisch) verwendet werden. Die Kamera verf\u00fcgt \u00fcber einen internen Webserver, der \u00fcber einen Webbrowser angezeigt und verwaltet werden kann. Auch die Verwaltung der Kameras und Bilder ist mit einem NVR m\u00f6glich. Video Management Software (VMS) f\u00fcr einen Computer kann kostenlos von der Uniview-Website heruntergeladen werden. Unter dem Reiter \u201eDokumentation\u201c gibt es einen Link zur Produktseite des Herstellers mit allen Produktinformationen und Handb\u00fcchern. Die Software kann von der Website heruntergeladen werden.<\/p>\n<p>Die Uniarch IPC-P213-AF40KC verf\u00fcgt \u00fcber die Schutzart IP66, wodurch sich die Kamera ideal f\u00fcr den Au\u00dfenbereich eignet. Zur einfacheren Installation kann die Kamera \u00fcber das Netzwerkkabel mit Power over Ethernet (Standard 802.3af P0E) mit Strom versorgt werden. PoE kann \u00fcber einen PoE-NVR beispielsweise von Uniarch, einen PoE-Switch oder mit einem PoE-Injektor bezogen werden. Die Kamera kann auch mit einem optionalen 12-V-Netzteil mit Strom versorgt werden. Unter dem Reiter \u201eOptionen\u201c kann ein Adapter bestellt werden. Die Kamera ist \u00fcber 3 Achsen verstellbar.<\/p>\n<p><strong>Wichtigste Funktionen<\/strong><\/p>\n<ul>\n<li>3-Megapixel-Full-HD-PTZ-Au\u00dfenkamera mit Varioobjektiv<\/li>\n<li>Eingebautes Mikrofon und Lautsprecher<\/li>\n<li>Einfache Installation dank des mitgelieferten Halterungsadapters<\/li>\n<li>Kostenlose App und Software<\/li>\n<li>Bewegungserkennung, Privatzonenmaske, 2D\/3D-Rauschunterdr\u00fcckung<\/li>\n<li>Tag-\/Nachtkamera mit automatischem mechanischem IR-Sperrfilter<\/li>\n<li>IR-Nachtsichtbeleuchtung bis zu 100 Meter<\/li>\n<li>Auf 3 Achsen verstellbar<\/li>\n<li>Digital Wide Dynamic Range (DWDR)<\/li>\n<li>Ultra H.265-Komprimierung f\u00fcr effiziente Netzwerk- und Speichernutzung<\/li>\n<li>ONVIF-kompatibel<\/li>\n<li>Stromversorgung \u00fcber 12VDC-Adapter oder \u00fcber PoE (802.3af)<\/li>\n<li>IP66 wetterfest<\/li>\n<\/ul>\n<p><a href=\"https:\/\/webstore4.com\/Copyright\/\" target=\"_blank\" rel=\"noopener\"><span style=\"color: #ff6e03; font-size: 11px;\">\u00a9 Der Text ist urheberrechtlich gesch\u00fctzt<\/span><\/a><\/p>","protected":false},"excerpt":{"rendered":"<p>De Uniarch IPC-P213-AF40KC is een Full HD 3 megapixel Pan Tilt Zoom (PTZ) camera met vaste 4 mm lens. Bij donkere omstandigheden kan de camera het witte LED inschakelen en kleurenbeeld cre\u00ebren tot op een afstand van 30 meter. De ingebouwde Smart infrarood nachtzicht heeft ook een bereik van maar liefst 30 meter. Daarnaast is<\/p>\n<div class=\"klb-readmore button\"><a class=\"btn link\" href=\"https:\/\/webstore4.com\/de\/product\/uniarch-ipc-p213-af40kc-3mp-ptz-camera\/\">Mehr lesen <i class=\"klbth-icon-right-arrow\"><\/i><\/a><\/div>","protected":false},"featured_media":14797,"comment_status":"open","ping_status":"closed","template":"","meta":[],"pwb-brand":[3415],"product_cat":[3435,4184,4200,4198,4238],"product_tag":[],"class_list":{"0":"post-14794","1":"product","2":"type-product","3":"status-publish","4":"has-post-thumbnail","6":"pwb-brand-uniview-uniarch","7":"product_cat-ip-cameras","8":"product_cat-cameras","9":"product_cat-dome-eyeball-cameras-cameras","10":"product_cat-series","11":"product_cat-uniarch-by-uniview-series","12":"product_shipping_class-pakket","13":"pa_beeldhoek-graden-horizontaal-90-5","14":"pa_beeldsensor-1-2-8-cmos","15":"pa_dag-nacht-ir-cut-filter-ja","16":"pa_geheugenkaart-type-micro-sdsdhcsdxc-256gb","17":"pa_ingebouwd-type-nachtzicht-infrared-ir-led","18":"pa_ingebouwd-type-nachtzicht-wit-led","19":"pa_lens-mm-4-0","20":"pa_megapixel-3mp","21":"pa_merk-uniview-uniarch","22":"pa_minimale-verlichting-0-005-lux-0-lux-met-ir","23":"pa_mobiele-app-fabrikant-ja","24":"pa_nachtzicht-ja","25":"pa_omgeving-binnen-en-buiten","26":"pa_opnemen-op-sd-kaart-ja","27":"pa_poe-802-3af","28":"pa_resolutie-max-pixels-full-hd-2304x1296","29":"pa_vandaalbestendig-nee","30":"pa_verstelbare-assen-3631","31":"pa_voeding-12vdc","32":"pa_voeding-poe","33":"pa_wdr-ja","35":"first","36":"onbackorder","37":"taxable","38":"shipping-taxable","39":"purchasable","40":"product-type-simple"},"brands":[{"id":3415,"name":"Uniview Uniarch","slug":"uniview-uniarch"}],"_links":{"self":[{"href":"https:\/\/webstore4.com\/de\/wp-json\/wp\/v2\/product\/14794","targetHints":{"allow":["GET"]}}],"collection":[{"href":"https:\/\/webstore4.com\/de\/wp-json\/wp\/v2\/product"}],"about":[{"href":"https:\/\/webstore4.com\/de\/wp-json\/wp\/v2\/types\/product"}],"replies":[{"embeddable":true,"href":"https:\/\/webstore4.com\/de\/wp-json\/wp\/v2\/comments?post=14794"}],"wp:featuredmedia":[{"embeddable":true,"href":"https:\/\/webstore4.com\/de\/wp-json\/wp\/v2\/media\/14797"}],"wp:attachment":[{"href":"https:\/\/webstore4.com\/de\/wp-json\/wp\/v2\/media?parent=14794"}],"wp:term":[{"taxonomy":"pwb-brand","embeddable":true,"href":"https:\/\/webstore4.com\/de\/wp-json\/wp\/v2\/pwb-brand?post=14794"},{"taxonomy":"product_cat","embeddable":true,"href":"https:\/\/webstore4.com\/de\/wp-json\/wp\/v2\/product_cat?post=14794"},{"taxonomy":"product_tag","embeddable":true,"href":"https:\/\/webstore4.com\/de\/wp-json\/wp\/v2\/product_tag?post=14794"}],"curies":[{"name":"wp","href":"https:\/\/api.w.org\/{rel}","templated":true}]}}