{"id":14725,"date":"2024-01-22T19:17:01","date_gmt":"2024-01-22T18:17:01","guid":{"rendered":"https:\/\/webstore4.com\/?post_type=product&#038;p=14725"},"modified":"2026-03-23T13:41:44","modified_gmt":"2026-03-23T12:41:44","slug":"uniview-uv-tr-we45-in-muursteun","status":"publish","type":"product","link":"https:\/\/webstore4.com\/de\/product\/uniview-uv-tr-we45-in-muursteun\/","title":{"rendered":"Uniview UV-TR-WE45-IN Aluminium-Wandhalterung f\u00fcr motorisierte PTZ-Kameras und Dome-Kameras"},"content":{"rendered":"<p>Die Uniarch UV-TR-WE45-IN ist eine wei\u00dfe Aluminium-Montagehalterung f\u00fcr die Wandmontage einer motorisierten Pan Tilt Zoom (PTZ)-Kamera oder Dome-Kamera. Die Wandhalterung kann im Innen- und Au\u00dfenbereich verwendet werden. Die Montagehalterung enth\u00e4lt einen Kabelkanal, um das Stromkabel der Kamera sauber zu verbergen.<\/p>\n<p>Unter dem Reiter \u201eDokumentation\u201c finden Sie einen Link zur Website des Herstellers f\u00fcr ein Datenblatt mit allen Ma\u00dfen.<\/p>\n<p><strong>Wichtigste Funktionen<\/strong><\/p>\n<ul>\n<li>Gilt f\u00fcr einige der Uniview Uniarch- und Uniview-Kameras<\/li>\n<li>Wandhalterung f\u00fcr PTZ-Kameras<\/li>\n<li>Aluminium<\/li>\n<li>Wei\u00df<\/li>\n<\/ul>\n<p><a href=\"https:\/\/www.webstore4ipcameras.nl\/Copyright\" target=\"_blank\" rel=\"noopener\"><span style=\"color: #ff6e03; font-size: 11px;\">\u00a9 Der Text ist urheberrechtlich gesch\u00fctzt<\/span><\/a><\/p>\n<p>&nbsp;<\/p>","protected":false},"excerpt":{"rendered":"<p>De Uniarch UV-TR-WE45-IN is een witte montagebeugel van aluminium voor wandmontage van een gemotoriseerde Pan Tilt Zoom (PTZ) camera of dome camera. De muursteun kan voor binnen en buiten gebruikt worden. In de montagebeugel zit een kabel gang om de kabel van de voeding van de camera netjes weg te werken. Onder het tabblad &#8216;Documentatie&#8217;<\/p>\n<div class=\"klb-readmore button\"><a class=\"btn link\" href=\"https:\/\/webstore4.com\/de\/product\/uniview-uv-tr-we45-in-muursteun\/\">Mehr lesen <i class=\"klbth-icon-right-arrow\"><\/i><\/a><\/div>","protected":false},"featured_media":14728,"comment_status":"open","ping_status":"closed","template":"","meta":[],"pwb-brand":[3419],"product_cat":[4620],"product_tag":[],"class_list":{"0":"post-14725","1":"product","2":"type-product","3":"status-publish","4":"has-post-thumbnail","6":"pwb-brand-uniview","7":"product_cat-camera-toebehoren","8":"product_shipping_class-pakket","9":"pa_kleur-wit","10":"pa_materiaal-aluminium","11":"pa_merk-uniview","12":"pa_omgeving-binnen-en-buiten","13":"pa_product-muursteun","15":"first","16":"onbackorder","17":"taxable","18":"shipping-taxable","19":"purchasable","20":"product-type-simple"},"brands":[{"id":3419,"name":"Uniview","slug":"uniview"}],"_links":{"self":[{"href":"https:\/\/webstore4.com\/de\/wp-json\/wp\/v2\/product\/14725","targetHints":{"allow":["GET"]}}],"collection":[{"href":"https:\/\/webstore4.com\/de\/wp-json\/wp\/v2\/product"}],"about":[{"href":"https:\/\/webstore4.com\/de\/wp-json\/wp\/v2\/types\/product"}],"replies":[{"embeddable":true,"href":"https:\/\/webstore4.com\/de\/wp-json\/wp\/v2\/comments?post=14725"}],"wp:featuredmedia":[{"embeddable":true,"href":"https:\/\/webstore4.com\/de\/wp-json\/wp\/v2\/media\/14728"}],"wp:attachment":[{"href":"https:\/\/webstore4.com\/de\/wp-json\/wp\/v2\/media?parent=14725"}],"wp:term":[{"taxonomy":"pwb-brand","embeddable":true,"href":"https:\/\/webstore4.com\/de\/wp-json\/wp\/v2\/pwb-brand?post=14725"},{"taxonomy":"product_cat","embeddable":true,"href":"https:\/\/webstore4.com\/de\/wp-json\/wp\/v2\/product_cat?post=14725"},{"taxonomy":"product_tag","embeddable":true,"href":"https:\/\/webstore4.com\/de\/wp-json\/wp\/v2\/product_tag?post=14725"}],"curies":[{"name":"wp","href":"https:\/\/api.w.org\/{rel}","templated":true}]}}