{"id":14651,"date":"2024-01-19T08:33:45","date_gmt":"2024-01-19T07:33:45","guid":{"rendered":"https:\/\/webstore4.com\/?post_type=product&#038;p=14651"},"modified":"2024-04-19T15:20:55","modified_gmt":"2024-04-19T14:20:55","slug":"uniarch-ipc-t124-apf40-4mp-turret-camera","status":"publish","type":"product","link":"https:\/\/webstore4.com\/de\/product\/uniarch-ipc-t124-apf40-4mp-turret-camera\/","title":{"rendered":"Uniarch IPC-T124-APF40 Full HD 4MP-Turmkamera f\u00fcr den Au\u00dfenbereich mit 4-mm-Objektiv, 30 m Smart IR, WDR, PoE, integriertem Mikrofon und kostenloser Anwendung"},"content":{"rendered":"<div class=\"video-frame-box\" style=\"width: 100%; max-width: 480px; max-height: 270px; float: right; padding: 0px 10px 10px 10px;\">\n<div class=\"video-frame\"><iframe src=\"\/\/www.youtube.com\/embed\/oR_O0mi4pC4?rel=0&amp;modestbranding=1&amp;showinfo=0&amp;autohide=1\" width=\"480\" height=\"270\" frameborder=\"0\"><\/iframe><\/div>\n<\/div>\n<p>De Uniarch IPC-T124-APF40 is een Full HD 4MP eyeball camera met 30m Smart infrarood nachtzicht, bewegingsdetectie en ingebouwde microfoon. De beveiligingscamera kan van stroom worden voorzien via de netwerkkabel (PoE). De camera is geschikt voor binnen of buiten. Uniarch is een productlijn van Uniview met voordelige videobewaking en met focus op betrouwbare kwaliteit, eenvoudige installatie en hoog gebruiksgemak.<\/p>\n<p><strong>M\u00f6glichkeiten<\/strong><\/p>\n<p>De Uniarch IPC-T124-APF40 geeft beelden weer in een Full HD 2560&#215;1440 resolutie. De camera beschikt over een vaste 4 mm lens en heeft een horizontale beeldhoek van 86.5 graden. De camera kan in donkere omstandigheden de ingebouwde IR verlichting inschakelen waardoor er zelfs in volledige duisternis (0 Lux) een haarscherp beeld is. De IR verlichting heeft een maximum bereik van 30 meter. De camera beschikt over Digital Wide Dynamic Range (WDR) waardoor de camera goed kan omgaan met complexe lichtomstandigheden.<\/p>\n<p>Bilder k\u00f6nnen auf einem Netzwerk-Videorecorder (NVR) gespeichert werden. Die Uniarch-Rekorder sind auf der Registerkarte \u201eOptionen\u201c enthalten. Die Kamera kann nicht auf eine microSD-Speicherkarte in der Kamera aufnehmen.<\/p>\n<p>Eine kostenlose mobile App ist f\u00fcr Apple iOS und Android verf\u00fcgbar. Es kann die niederl\u00e4ndische Uniview-App oder die spezifische Uniarch-App (Englisch) verwendet werden. Die Kamera verf\u00fcgt \u00fcber einen internen Webserver, der \u00fcber einen Webbrowser angezeigt und verwaltet werden kann. Auch die Verwaltung der Kameras und Bilder ist mit einem NVR m\u00f6glich.<br \/>\nVideo Management Software (VMS) f\u00fcr einen Computer kann kostenlos von der Uniview-Website heruntergeladen werden. Der Reiter \u201eDokumentation\u201c enth\u00e4lt einen Link zur Produktseite des Herstellers mit allen Produktinformationen und Handb\u00fcchern. Die Software kann von der Website heruntergeladen werden.<\/p>\n<p>De Uniarch IPC-T124-APF40 heeft een IP67 rating waardoor de camera uitermate geschikt is voor gebruik buiten. Voor installatiegemak kan de camera via de netwerkkabel worden gevoed met Power over Ethernet (standaard 802.3af P0E). PoE kan worden verkregen door een PoE NVR van bijvoorbeeld Uniarch, een PoE switch of met een PoE injector. De camera kan ook worden gevoed met een optionele 12V voeding adapter.<br \/>\nUnter der Registerkarte \u201eOptionen\u201c k\u00f6nnen ein Adapter und\/oder eine Uniview-Montagehalterung bestellt werden. Die Kamera ist \u00fcber 3 Achsen verstellbar.<\/p>\n<p><strong>Wichtigste Funktionen<\/strong><\/p>\n<ul>\n<li>4-Megapixel-Full-HD-Au\u00dfenkamera<\/li>\n<li>Einfache Installation<\/li>\n<li>Kostenlose App und Software<\/li>\n<li>Bewegungserkennung<\/li>\n<li>Tag-\/Nachtkamera mit automatischem mechanischem IR-Sperrfilter<\/li>\n<li>IR-Nachtsichtbeleuchtung bis zu 30 Meter<\/li>\n<li>Auf 3 Achsen verstellbar<\/li>\n<li>Digital Wide Dynamic Range (DWDR)<\/li>\n<li>Ultra H.265-Komprimierung f\u00fcr effiziente Netzwerk- und Speichernutzung<\/li>\n<li>ONVIF-kompatibel<\/li>\n<li>Stromversorgung \u00fcber 12VDC-Adapter oder \u00fcber PoE (802.3af)<\/li>\n<\/ul>\n<p><a href=\"https:\/\/webstore4.com\/Copyright\/\" target=\"_blank\" rel=\"noopener\"><span style=\"color: #ff6e03; font-size: 11px;\">\u00a9 Der Text ist urheberrechtlich gesch\u00fctzt<\/span><\/a><\/p>","protected":false},"excerpt":{"rendered":"<p>De Uniarch IPC-T124-APF40 is een Full HD 4MP eyeball camera met 30m Smart infrarood nachtzicht, bewegingsdetectie en ingebouwde microfoon. De beveiligingscamera kan van stroom worden voorzien via de netwerkkabel (PoE). De camera is geschikt voor binnen of buiten. Uniarch is een productlijn van Uniview met voordelige videobewaking en met focus op betrouwbare kwaliteit, eenvoudige installatie<\/p>\n<div class=\"klb-readmore button\"><a class=\"btn link\" href=\"https:\/\/webstore4.com\/de\/product\/uniarch-ipc-t124-apf40-4mp-turret-camera\/\">Mehr lesen <i class=\"klbth-icon-right-arrow\"><\/i><\/a><\/div>","protected":false},"featured_media":14652,"comment_status":"open","ping_status":"closed","template":"","meta":[],"pwb-brand":[3415],"product_cat":[3435,4184,4200,4198,4238],"product_tag":[],"class_list":{"0":"post-14651","1":"product","2":"type-product","3":"status-publish","4":"has-post-thumbnail","6":"pwb-brand-uniview-uniarch","7":"product_cat-ip-cameras","8":"product_cat-cameras","9":"product_cat-dome-eyeball-cameras-cameras","10":"product_cat-series","11":"product_cat-uniarch-by-uniview-series","12":"product_shipping_class-pakket","13":"pa_beeldhoek-graden-horizontaal-86-5","14":"pa_beeldsensor-1-2-7-cmos","15":"pa_dag-nacht-ir-cut-filter-ja","16":"pa_ingebouwd-type-nachtzicht-infrared-ir-led","17":"pa_lens-mm-4-0","18":"pa_megapixel-4mp","19":"pa_merk-uniview-uniarch","20":"pa_minimale-verlichting-0-02-lux-0-lux-met-ir","21":"pa_mobiele-app-fabrikant-ja","22":"pa_nachtzicht-ja","23":"pa_omgeving-binnen-en-buiten","24":"pa_opnemen-op-sd-kaart-nee","25":"pa_poe-802-3af","26":"pa_resolutie-max-pixels-full-hd-2560x1440","27":"pa_vandaalbestendig-nee","28":"pa_verstelbare-assen-3631","29":"pa_voeding-12vdc","30":"pa_voeding-poe","31":"pa_wdr-ja","33":"first","34":"onbackorder","35":"taxable","36":"shipping-taxable","37":"purchasable","38":"product-type-simple"},"brands":[{"id":3415,"name":"Uniview Uniarch","slug":"uniview-uniarch"}],"_links":{"self":[{"href":"https:\/\/webstore4.com\/de\/wp-json\/wp\/v2\/product\/14651","targetHints":{"allow":["GET"]}}],"collection":[{"href":"https:\/\/webstore4.com\/de\/wp-json\/wp\/v2\/product"}],"about":[{"href":"https:\/\/webstore4.com\/de\/wp-json\/wp\/v2\/types\/product"}],"replies":[{"embeddable":true,"href":"https:\/\/webstore4.com\/de\/wp-json\/wp\/v2\/comments?post=14651"}],"wp:featuredmedia":[{"embeddable":true,"href":"https:\/\/webstore4.com\/de\/wp-json\/wp\/v2\/media\/14652"}],"wp:attachment":[{"href":"https:\/\/webstore4.com\/de\/wp-json\/wp\/v2\/media?parent=14651"}],"wp:term":[{"taxonomy":"pwb-brand","embeddable":true,"href":"https:\/\/webstore4.com\/de\/wp-json\/wp\/v2\/pwb-brand?post=14651"},{"taxonomy":"product_cat","embeddable":true,"href":"https:\/\/webstore4.com\/de\/wp-json\/wp\/v2\/product_cat?post=14651"},{"taxonomy":"product_tag","embeddable":true,"href":"https:\/\/webstore4.com\/de\/wp-json\/wp\/v2\/product_tag?post=14651"}],"curies":[{"name":"wp","href":"https:\/\/api.w.org\/{rel}","templated":true}]}}