{"id":14623,"date":"2024-01-18T14:38:35","date_gmt":"2024-01-18T13:38:35","guid":{"rendered":"https:\/\/webstore4.com\/?post_type=product&#038;p=14623"},"modified":"2025-01-15T16:01:27","modified_gmt":"2025-01-15T15:01:27","slug":"uniarch-uho-s2-2mp-wi-fi-pt-mini-babyfoon-camera","status":"publish","type":"product","link":"https:\/\/webstore4.com\/de\/product\/uniarch-uho-s2-2mp-wi-fi-pt-mini-babyfoon-camera\/","title":{"rendered":"Uniarch UHO-S2 Full HD 2MP Wi-Fi PT Mini-Babyphone-Kamera mit 4-mm-Objektiv, 10 m Smart IR, MicroSD-Steckplatz, kostenloser Anwendung und integriertem Mikrofon und Lautsprecher"},"content":{"rendered":"<div class=\"video-frame-box\" style=\"width: 100%; max-width: 480px; max-height: 270px; float: right; padding: 0px 10px 10px 10px;\">\n<div class=\"video-frame\"><iframe src=\"\/\/www.youtube.com\/embed\/oR_O0mi4pC4?rel=0&amp;modestbranding=1&amp;showinfo=0&amp;autohide=1\" width=\"480\" height=\"270\" frameborder=\"0\"><\/iframe><\/div>\n<\/div>\n<p>De Uniarch UHO-S2 is een Full HD 2MP Mini Wi-Fi camera met 10 meter Smart infrarood nachtzicht, bewegingsdetectie en ingebouwde microfoon en speaker. De beveiligingscamera kan van stroom worden voorzien via de meegeleverde USB-kabel. De camera is geschikt voor binnen. Door de Pan Tilt (PT) functie is het mogelijk om de camera te draaien en te kantelen.<\/p>\n<p>Uniarch ist eine Uniview-Produktlinie mit erschwinglicher Video\u00fcberwachung und einem Fokus auf zuverl\u00e4ssige Qualit\u00e4t, einfache Installation und Benutzerfreundlichkeit.<\/p>\n<p><strong>M\u00f6glichkeiten<\/strong><\/p>\n<p>De Uniarch UHO-S2 geeft beelden weer in een Full HD 1920&#215;1080 resolutie. De camera beschikt over een vaste lens van 4 mm. De camera kan in donkere omstandigheden de ingebouwde IR verlichting inschakelen waardoor er zelfs in volledige duisternis (0 Lux) een haarscherp beeld is. De IR verlichting heeft een maximum bereik van 10 meter. De camera beschikt over bewegingsdetectie en automatische tracking.<\/p>\n<p>Die CK1 wird h\u00e4ufig als Minikamera zur Platzierung im Haus oder als Babyphone verwendet, um das Baby im Auge zu behalten. Die Kamera verf\u00fcgt \u00fcber die M\u00f6glichkeit, in der Kamera auf eine microSD-Speicherkarte bis maximal 128 GB aufzuzeichnen. Die SD-Karte ist nicht im Lieferumfang enthalten, kann aber unter \u201eOptionen\u201c bestellt werden. Die Kamera arbeitet in einem drahtlosen 2,4-GHz-Netzwerk mit Wi-Fi und verf\u00fcgt \u00fcber ein integriertes Mikrofon und einen Lautsprecher f\u00fcr Zwei-Wege-Audio.<\/p>\n<p>Eine kostenlose mobile App ist f\u00fcr Apple iOS und Android verf\u00fcgbar. Es kann die niederl\u00e4ndische Uniview-App oder die spezifische Uniarch-App (Englisch) verwendet werden. Die Kamera verf\u00fcgt \u00fcber einen internen Webserver, der \u00fcber einen Webbrowser angezeigt und verwaltet werden kann. Auch die Verwaltung der Kameras und Bilder ist mit einem NVR m\u00f6glich. Video Management Software (VMS) f\u00fcr einen Computer kann kostenlos von der Uniview-Website heruntergeladen werden. Unter dem Reiter \u201eDokumentation\u201c gibt es einen Link zur Produktseite des Herstellers mit allen Produktinformationen und Handb\u00fcchern. Die Software kann von der Website heruntergeladen werden.<\/p>\n<p>De camera moet worden gevoed met de meegeleverde 5VDC voeding kabel en moet draadloos (WiFi) worden verbonden met het netwerk. De benodigde adapter voor de kabel is te verkrijgen onder &#8216;Opties&#8217;.<\/p>\n<p><strong>Wichtigste Funktionen<\/strong><\/p>\n<ul>\n<li>2 megapixel Full HD mini camera<\/li>\n<li>Einfache Installation<\/li>\n<li>Zwei-Wege-Audio \u00fcber integriertes Mikrofon und Lautsprecher<\/li>\n<li>Kostenlose App und Software<\/li>\n<li>MicroSD slot tot 256Gb<\/li>\n<li>Bewegungserkennung, automatische Verfolgung<\/li>\n<li>Tag-\/Nachtkamera mit automatischem mechanischem IR-Sperrfilter<\/li>\n<li>IR-Nachtsichtbeleuchtung bis zu 10 Meter<\/li>\n<li>ONVIF-kompatibel<\/li>\n<li>Pan functie van 0 tot 340 graden<\/li>\n<li>Tilt functie van -5 tot 55 graden<\/li>\n<li>2.4G Wi-Fi (IEEE802.11b\/g\/n)<\/li>\n<li>Voeding door DC 5 V \/ 1 A kabel<\/li>\n<\/ul>\n<p><a href=\"https:\/\/www.webstore4ipcameras.nl\/Copyright\" target=\"_blank\" rel=\"noopener\"><span style=\"color: #ff6e03; font-size: 11px;\">\u00a9 Der Text ist urheberrechtlich gesch\u00fctzt<\/span><\/a><\/p>","protected":false},"excerpt":{"rendered":"<p>De Uniarch UHO-S2 is een Full HD 2MP Mini Wi-Fi camera met 10 meter Smart infrarood nachtzicht, bewegingsdetectie en ingebouwde microfoon en speaker. De beveiligingscamera kan van stroom worden voorzien via de meegeleverde USB-kabel. De camera is geschikt voor binnen. Door de Pan Tilt (PT) functie is het mogelijk om de camera te draaien en<\/p>\n<div class=\"klb-readmore button\"><a class=\"btn link\" href=\"https:\/\/webstore4.com\/de\/product\/uniarch-uho-s2-2mp-wi-fi-pt-mini-babyfoon-camera\/\">Mehr lesen <i class=\"klbth-icon-right-arrow\"><\/i><\/a><\/div>","protected":false},"featured_media":14624,"comment_status":"open","ping_status":"closed","template":"","meta":[],"pwb-brand":[3415],"product_cat":[3435,4184,4242,4198,4238],"product_tag":[],"class_list":{"0":"post-14623","1":"product","2":"type-product","3":"status-publish","4":"has-post-thumbnail","6":"pwb-brand-uniview-uniarch","7":"product_cat-ip-cameras","8":"product_cat-cameras","9":"product_cat-cube-cameras-cameras","10":"product_cat-series","11":"product_cat-uniarch-by-uniview-series","12":"product_shipping_class-pakket","13":"pa_beeldhoek-graden-horizontaal-4686","14":"pa_beeldsensor-1-3-cmos","15":"pa_dag-nacht-ir-cut-filter-ja","16":"pa_draadloos-ja-wi-fi-802-11","17":"pa_draadloos-protocol-wi-fi-802-11bgn","18":"pa_ingebouwd-type-nachtzicht-infrared-ir-led","19":"pa_ingebouwd-type-nachtzicht-wit-led","20":"pa_lens-mm-4-0","21":"pa_megapixel-2mp","22":"pa_merk-uniview-uniarch","23":"pa_minimale-verlichting-0-01-lux-0-lux-met-ir","24":"pa_mobiele-app-fabrikant-ja","25":"pa_nachtzicht-ja","26":"pa_omgeving-binnen","27":"pa_opnemen-op-sd-kaart-ja","28":"pa_poe-nee","29":"pa_resolutie-max-pixels-full-hd-1920x1080","30":"pa_vandaalbestendig-nee","31":"pa_voeding-5v-usb","33":"first","34":"onbackorder","35":"taxable","36":"shipping-taxable","37":"purchasable","38":"product-type-simple"},"brands":[{"id":3415,"name":"Uniview Uniarch","slug":"uniview-uniarch"}],"_links":{"self":[{"href":"https:\/\/webstore4.com\/de\/wp-json\/wp\/v2\/product\/14623","targetHints":{"allow":["GET"]}}],"collection":[{"href":"https:\/\/webstore4.com\/de\/wp-json\/wp\/v2\/product"}],"about":[{"href":"https:\/\/webstore4.com\/de\/wp-json\/wp\/v2\/types\/product"}],"replies":[{"embeddable":true,"href":"https:\/\/webstore4.com\/de\/wp-json\/wp\/v2\/comments?post=14623"}],"wp:featuredmedia":[{"embeddable":true,"href":"https:\/\/webstore4.com\/de\/wp-json\/wp\/v2\/media\/14624"}],"wp:attachment":[{"href":"https:\/\/webstore4.com\/de\/wp-json\/wp\/v2\/media?parent=14623"}],"wp:term":[{"taxonomy":"pwb-brand","embeddable":true,"href":"https:\/\/webstore4.com\/de\/wp-json\/wp\/v2\/pwb-brand?post=14623"},{"taxonomy":"product_cat","embeddable":true,"href":"https:\/\/webstore4.com\/de\/wp-json\/wp\/v2\/product_cat?post=14623"},{"taxonomy":"product_tag","embeddable":true,"href":"https:\/\/webstore4.com\/de\/wp-json\/wp\/v2\/product_tag?post=14623"}],"curies":[{"name":"wp","href":"https:\/\/api.w.org\/{rel}","templated":true}]}}