{"id":14545,"date":"2024-01-17T10:38:34","date_gmt":"2024-01-17T09:38:34","guid":{"rendered":"https:\/\/webstore4.com\/?post_type=product&#038;p=14545"},"modified":"2024-04-19T15:20:50","modified_gmt":"2024-04-19T14:20:50","slug":"dahua-hdw2231tp-as-s2-b-2mp-eyeball-camera-2-8mm","status":"publish","type":"product","link":"https:\/\/webstore4.com\/de\/product\/dahua-hdw2231tp-as-s2-b-2mp-eyeball-camera-2-8mm\/","title":{"rendered":"Dahua HDW2231TP-AS-S2-B Starlight Full HD 2MP AI Augapfelkamera f\u00fcr den Au\u00dfenbereich, 2,8-mm-Objektiv mit IR-Nachtsicht, SD-Steckplatz und 120 dB WDR"},"content":{"rendered":"<p>De Dahua HDW2231TP-AS-S2-B is een zwarte 2 megapixel Full HD eyeball camera met Starlight technology, een vaste 2.8mm lens, SD kaart sleuf en 120dB WDR voor binnen of buiten. De camera is zeer geschikt voor gebruik bij woningen, kantoren, restaurants, hotels en bedrijfsruimten.<\/p>\n<p><strong>M\u00f6glichkeiten<\/strong><\/p>\n<p>De Dahua HDW2231TP-AS-S2-B geeft beelden weer in een Full HD 1920&#215;1080 resolutie. De camera heeft een ingebouwd automatisch IR-cut filter en is daarmee een echte dag\/nacht camera. In donkere omstandigheden kan de camera de ingebouwde IR inschakelen waardoor er zelfs in volledige duisternis (0 Lux) een haarscherp beeld is. De IR verlichting heeft een bereik van 30 meter. De camera beschikt over 120 dB Wide Dynamic Range (WDR) waardoor de camera zeer goed kan omgaan met complexe lichtomstandigheden als gevolg van bijvoorbeeld tegenlicht van de zon of auto koplampen. De camera heeft een vaste 2.8mm lens heeft een beeldhoek van 107 graden horizontaal.<\/p>\n<p>De camera heeft Starlight Technology. Starlight Technology is ontworpen om de prestaties bij weinig licht van bewakingscamera&#8217;s te verbeteren, zodat ze hoogwaardige beelden kunnen vastleggen in uitdagende lichtomstandigheden. Daardoor zijn er zelfs bij uitdagende omstandigheden duidelijke en gedetailleerde beelden beschikbaar.\u00a0Beelden kunnen onder meer worden opgeslagen op een Netwerk Video Recorder (NVR). De camera beschikt ook over de mogelijkheid om in de camera op te nemen op een microSD geheugenkaart tot maximaal 256Gb (niet meegeleverd).<\/p>\n<p>Dahua bietet eine kostenlose niederl\u00e4ndische App f\u00fcr Apple iOS und Android an. Die Kamera verf\u00fcgt \u00fcber einen internen Webserver, der \u00fcber einen Webbrowser angezeigt und verwaltet werden kann. Video Management Software (VMS) f\u00fcr einen Computer kann kostenlos von der Dahua-Website heruntergeladen werden. Der Reiter \u201eDokumentation\u201c enth\u00e4lt einen Link zur Produktseite des Herstellers.<\/p>\n<p>De Dahua HDW2231TP-AS-S2-B heeft een IP67 rating waardoor de camera uitermate geschikt is voor gebruik buiten. Voor installatiegemak kan de camera via de netwerkkabel worden gevoed met Power over Ethernet (standaard 802.3af POE). PoE kan worden verkregen door een PoE NVR, een PoE switch of met een PoE injector. De camera kan ook worden gevoed met een optionele 12V voeding adapter. Onder het tabblad opties kan worden aangegeven of een PoE injector moet worden meegeleverd. De camera is verstelbaar over 3 assen en daardoor ook zeer geschikt om verticaal tegen een wand te plaatsen.<\/p>\n<p><strong>Wichtigste Funktionen<\/strong><\/p>\n<ul>\n<li>2 megapixel Full HD camera met vaste lens\u00a0voor haarscherpe beelden<\/li>\n<li>Tag-\/Nachtkamera mit automatischem mechanischem IR-Sperrfilter<\/li>\n<li>IR-Nachtsichtbeleuchtung bis zu 30 Meter<\/li>\n<li>Aufnahme in der Kamera auf SD-Karte (nicht im Lieferumfang enthalten)<\/li>\n<li>Auf 3 Achsen verstellbar<\/li>\n<li>120 dB breiter Dynamikbereich (WDR)<\/li>\n<li>Zonen-optionale Hintergrundbeleuchtungskompensation (BLC)<\/li>\n<li>3D-Digital-Rauschunterdr\u00fcckung (3D-DNR)<\/li>\n<li>Intelligent Video System (IVS)<\/li>\n<li>Bewegungserkennung, Manipulationsalarm, Privatzonenmaske<\/li>\n<li>ONVIF-Protokoll<\/li>\n<li>Smart H.265+ und Smart H.264+<\/li>\n<li>IP67 weerbestendig, wide voltage<\/li>\n<li>Stromversorgung \u00fcber 12VDC-Adapter oder \u00fcber PoE (802.3af)<\/li>\n<li>Schwarz<\/li>\n<\/ul>\n<p><a href=\"https:\/\/www.webstore4ipcameras.nl\/Copyright\" target=\"_blank\" rel=\"noopener\"><span style=\"color: #ff6e03; font-size: 11px;\">\u00a9 Der Text ist urheberrechtlich gesch\u00fctzt<\/span><\/a><\/p>","protected":false},"excerpt":{"rendered":"<p>De Dahua HDW2231TP-AS-S2-B is een zwarte 2 megapixel Full HD eyeball camera met Starlight technology, een vaste 2.8mm lens, SD kaart sleuf en 120dB WDR voor binnen of buiten. De camera is zeer geschikt voor gebruik bij woningen, kantoren, restaurants, hotels en bedrijfsruimten. Mogelijkheden De Dahua HDW2231TP-AS-S2-B geeft beelden weer in een Full HD 1920&#215;1080<\/p>\n<div class=\"klb-readmore button\"><a class=\"btn link\" href=\"https:\/\/webstore4.com\/de\/product\/dahua-hdw2231tp-as-s2-b-2mp-eyeball-camera-2-8mm\/\">Mehr lesen <i class=\"klbth-icon-right-arrow\"><\/i><\/a><\/div>","protected":false},"featured_media":14546,"comment_status":"open","ping_status":"closed","template":"","meta":[],"pwb-brand":[3376],"product_cat":[4184,4200],"product_tag":[],"class_list":{"0":"post-14545","1":"product","2":"type-product","3":"status-publish","4":"has-post-thumbnail","6":"pwb-brand-dahua","7":"product_cat-cameras","8":"product_cat-dome-eyeball-cameras-cameras","9":"product_shipping_class-pakket","10":"pa_audio-microfoon","11":"pa_beeldhoek-graden-horizontaal-4004","12":"pa_beeldsensor-1-2-8-cmos","13":"pa_dag-nacht-ir-cut-filter-ja","14":"pa_geheugenkaart-type-micro-sdsdhcsdxc-256gb","15":"pa_ingebouwd-type-nachtzicht-infrared-ir-led","16":"pa_lens-mm-2-8","17":"pa_megapixel-2mp","18":"pa_merk-dahua","19":"pa_minimale-verlichting-0-002-lux-0-lux-met-ir","20":"pa_mobiele-app-fabrikant-ja","21":"pa_nachtzicht-ja","22":"pa_omgeving-binnen-en-buiten","23":"pa_opnemen-op-sd-kaart-ja","24":"pa_poe-802-3af","25":"pa_product-status-d","26":"pa_resolutie-max-pixels-full-hd-1920x1080","27":"pa_vandaalbestendig-nee","28":"pa_verstelbare-assen-3631","29":"pa_voeding-12vdc","30":"pa_voeding-poe","31":"pa_wdr-ja","33":"first","34":"onbackorder","35":"taxable","36":"shipping-taxable","37":"purchasable","38":"product-type-simple"},"brands":[{"id":3376,"name":"Dahua","slug":"dahua"}],"_links":{"self":[{"href":"https:\/\/webstore4.com\/de\/wp-json\/wp\/v2\/product\/14545","targetHints":{"allow":["GET"]}}],"collection":[{"href":"https:\/\/webstore4.com\/de\/wp-json\/wp\/v2\/product"}],"about":[{"href":"https:\/\/webstore4.com\/de\/wp-json\/wp\/v2\/types\/product"}],"replies":[{"embeddable":true,"href":"https:\/\/webstore4.com\/de\/wp-json\/wp\/v2\/comments?post=14545"}],"wp:featuredmedia":[{"embeddable":true,"href":"https:\/\/webstore4.com\/de\/wp-json\/wp\/v2\/media\/14546"}],"wp:attachment":[{"href":"https:\/\/webstore4.com\/de\/wp-json\/wp\/v2\/media?parent=14545"}],"wp:term":[{"taxonomy":"pwb-brand","embeddable":true,"href":"https:\/\/webstore4.com\/de\/wp-json\/wp\/v2\/pwb-brand?post=14545"},{"taxonomy":"product_cat","embeddable":true,"href":"https:\/\/webstore4.com\/de\/wp-json\/wp\/v2\/product_cat?post=14545"},{"taxonomy":"product_tag","embeddable":true,"href":"https:\/\/webstore4.com\/de\/wp-json\/wp\/v2\/product_tag?post=14545"}],"curies":[{"name":"wp","href":"https:\/\/api.w.org\/{rel}","templated":true}]}}