{"id":14541,"date":"2024-01-17T09:43:04","date_gmt":"2024-01-17T08:43:04","guid":{"rendered":"https:\/\/webstore4.com\/?post_type=product&#038;p=14541"},"modified":"2025-06-09T19:33:57","modified_gmt":"2025-06-09T18:33:57","slug":"wl4-air-vwb-verwarming-voor-air-beams","status":"publish","type":"product","link":"https:\/\/webstore4.com\/de\/product\/wl4-air-vwb-verwarming-voor-air-beams\/","title":{"rendered":"WL4 AIR-VWB Mini-Heizger\u00e4t f\u00fcr AIR-Tr\u00e4ger"},"content":{"rendered":"<p>De WL4 AIR-VWB is een mini verwarmingselement voor een deel van de WL4 AIR beams van WebStore4. Door gebruik van de verwarming met een AIR beam wordt vals alarm bij condensatie voorkomen.<br \/>\nDe verwarming wordt automatisch geactiveerd wanneer de temperatuur onder de vijf graden zakt.\u00a0 Zeker bij vrieskou is het aan te raden om de AIR-VWB verwarming voor de buiten beams mee te bestellen.<\/p>\n<p>Enkele voorbeelden van compitabele bewegingssensors zijn opgegeven onder &#8216;Opties&#8217;. Bij de producten waar een mini verwarmingselement gebruikt kan worden, staat dit artikel onder &#8216;Opties&#8217; opgenomen.<\/p>\n<p><strong>Wichtigste Funktionen<\/strong><\/p>\n<ul>\n<li>Mini verwarmingselement<\/li>\n<li>Compitabel met de WL4 AIR-serie (buiten) beams<\/li>\n<li>Activeert onder de 5 graden Celsius<\/li>\n<li>Voorkomt valse alarmen van de beam bij dou, kou of vocht<\/li>\n<\/ul>\n<p><a href=\"https:\/\/www.webstore4ipcameras.nl\/Copyright\" target=\"_blank\" rel=\"noopener\"><span style=\"color: #ff6e03; font-size: 11px;\">\u00a9 Der Text ist urheberrechtlich gesch\u00fctzt<\/span><\/a><\/p>","protected":false},"excerpt":{"rendered":"<p>De WL4 AIR-VWB is een mini verwarmingselement voor een deel van de WL4 AIR beams van WebStore4. Door gebruik van de verwarming met een AIR beam wordt vals alarm bij condensatie voorkomen. De verwarming wordt automatisch geactiveerd wanneer de temperatuur onder de vijf graden zakt.\u00a0 Zeker bij vrieskou is het aan te raden om de<\/p>\n<div class=\"klb-readmore button\"><a class=\"btn link\" href=\"https:\/\/webstore4.com\/de\/product\/wl4-air-vwb-verwarming-voor-air-beams\/\">Mehr lesen <i class=\"klbth-icon-right-arrow\"><\/i><\/a><\/div>","protected":false},"featured_media":14542,"comment_status":"open","ping_status":"closed","template":"","meta":[],"pwb-brand":[3380],"product_cat":[3466,4216],"product_tag":[],"class_list":{"0":"post-14541","1":"product","2":"type-product","3":"status-publish","4":"has-post-thumbnail","6":"pwb-brand-wl4","7":"product_cat-alarm","8":"product_cat-bewegingssensor","9":"product_shipping_class-brievenbuspakket","10":"pa_merk-wl4","12":"first","13":"onbackorder","14":"taxable","15":"shipping-taxable","16":"purchasable","17":"product-type-simple"},"brands":[{"id":3380,"name":"WL4","slug":"wl4"}],"_links":{"self":[{"href":"https:\/\/webstore4.com\/de\/wp-json\/wp\/v2\/product\/14541","targetHints":{"allow":["GET"]}}],"collection":[{"href":"https:\/\/webstore4.com\/de\/wp-json\/wp\/v2\/product"}],"about":[{"href":"https:\/\/webstore4.com\/de\/wp-json\/wp\/v2\/types\/product"}],"replies":[{"embeddable":true,"href":"https:\/\/webstore4.com\/de\/wp-json\/wp\/v2\/comments?post=14541"}],"wp:featuredmedia":[{"embeddable":true,"href":"https:\/\/webstore4.com\/de\/wp-json\/wp\/v2\/media\/14542"}],"wp:attachment":[{"href":"https:\/\/webstore4.com\/de\/wp-json\/wp\/v2\/media?parent=14541"}],"wp:term":[{"taxonomy":"pwb-brand","embeddable":true,"href":"https:\/\/webstore4.com\/de\/wp-json\/wp\/v2\/pwb-brand?post=14541"},{"taxonomy":"product_cat","embeddable":true,"href":"https:\/\/webstore4.com\/de\/wp-json\/wp\/v2\/product_cat?post=14541"},{"taxonomy":"product_tag","embeddable":true,"href":"https:\/\/webstore4.com\/de\/wp-json\/wp\/v2\/product_tag?post=14541"}],"curies":[{"name":"wp","href":"https:\/\/api.w.org\/{rel}","templated":true}]}}