{"id":14523,"date":"2024-01-17T07:05:24","date_gmt":"2024-01-17T06:05:24","guid":{"rendered":"https:\/\/webstore4.com\/?post_type=product&#038;p=14523"},"modified":"2024-04-19T15:20:42","modified_gmt":"2024-04-19T14:20:42","slug":"hikvision-ds-2cd2347g2-lu-colorvu-4mp-turret-camera","status":"publish","type":"product","link":"https:\/\/webstore4.com\/de\/product\/hikvision-ds-2cd2347g2-lu-colorvu-4mp-turret-camera\/","title":{"rendered":"Hikvision DS-2CD2347G2-L ColorVu 4MP Full HD-Turm-Au\u00dfenkamera mit 4-mm-Objektiv, wei\u00dfer LED-Nachtsicht, PoE, 130 dB WDR und microSD-Aufzeichnung"},"content":{"rendered":"<p>Die Hikvision DS-2CD2347G2-LU ColorVu ist eine 4-MP-Full-HD-Augapfel-Au\u00dfenkamera mit 4-mm-Objektiv, integriertem Mikrofon, warmwei\u00dfer LED-Nachtsicht, PoE, 130 dB WDR und microSD-Aufnahmeoption. Die Kamera verf\u00fcgt \u00fcber die ColorVu-Technologie, mit der die Kamera auch im Dunkeln ein Farbbild liefern kann.<\/p>\n<p>Der Hikvision DS-2CD2347G2-LU ist Teil der Hikvision AcuSense-Serie von Hikvision. Bei den Kameras der AcuSense-Serie handelt es sich um fortschrittliche Kameras, die umfassende Algorithmen und k\u00fcnstliche Intelligenz nutzen, um eine genaue Einbrucherkennung zu erm\u00f6glichen. Die Kameras unterscheiden effektiv zwischen wichtigen Bewegungen, wie z. B. Personen und Fahrzeugen, und unwichtigen Aktivit\u00e4ten, wie z. B. Tieren oder sich bewegenden \u00c4sten. Dadurch werden Fehlalarme minimiert und gezielte Warnungen bereitgestellt, was eine effizientere und effektivere \u00dcberwachung erm\u00f6glicht.<\/p>\n<p><strong>M\u00f6glichkeiten<\/strong><\/p>\n<p>Der Hikvision DS-2CD2T47G1-L zeigt Bilder in Full HD 2688\u00d71520 Aufl\u00f6sung an. Die Kamera verf\u00fcgt \u00fcber einen sehr lichtempfindlichen Bildsensor f\u00fcr brauchbare Farbbilder bei schlechten Lichtverh\u00e4ltnissen. Die Kamera verf\u00fcgt \u00fcber Wei\u00dflicht-LED-Lampen, sodass auch im Dunkeln Farbbilder aufgenommen werden k\u00f6nnen. Die LED-Beleuchtung hat eine Reichweite von nicht weniger als 30 Metern. Die Kamera verf\u00fcgt \u00fcber einen Wide Dynamic Range (WDR) von 120 dB, wodurch die Kamera auch mit komplexen Lichtverh\u00e4ltnissen wie Gegenlicht durch die Sonne oder Autoscheinwerfern sehr gut zurechtkommt.<\/p>\n<p>Die Kamera verf\u00fcgt \u00fcber ein festes 4-mm-Objektiv mit einem horizontalen Betrachtungswinkel von 95 Grad. Die Kamera bietet die M\u00f6glichkeit, auf einer SD-Karte in der Kamera bis zu maximal 256 GB aufzuzeichnen. Bilder k\u00f6nnen auch auf einem NAS\/NVR gespeichert werden.<\/p>\n<p>Hikvision bietet eine kostenlose niederl\u00e4ndische Mobil-App an. Video Management Software (iVMS) f\u00fcr einen Computer oder Mac kann kostenlos von der Hikvision-Website heruntergeladen werden. Die Kamera verf\u00fcgt \u00fcber einen internen Webserver, der \u00fcber einen Webbrowser angezeigt und verwaltet werden kann. Die Registerkarte \u201eDokumentation\u201c enth\u00e4lt einen Link zur Produktseite des Herstellers. Der Unterschied zwischen der Hikvision DS-2CD2347G2-L und der Hikvision DS-2CD2347G2-LU besteht darin, dass diese Kamera \u00fcber ein eingebautes Mikrofon verf\u00fcgt.<\/p>\n<p>Die Hikvision DS-2CD2T47G2H-LI verf\u00fcgt \u00fcber die Schutzart IP67, wodurch sich die Kamera ideal f\u00fcr den Au\u00dfenbereich eignet. Zur einfacheren Installation kann die Kamera \u00fcber das Netzwerkkabel mit Power over Ethernet (Standard 802.3af POE) mit Strom versorgt werden. PoE kann \u00fcber einen PoE-NVR, einen PoE-Switch oder mit einem PoE-Injektor bezogen werden. Die Kamera kann auch mit einem optionalen 12-V-Netzteil mit Strom versorgt werden. Unter dem Reiter \u201eOptionen\u201c k\u00f6nnen Sie angeben, ob ein Adapter enthalten sein soll. Unter dem Reiter \u201eOptionen\u201c sind auch passende Montagehalterungen enthalten. Die Kamera ist manuell \u00fcber 3 Achsen verstellbar.<\/p>\n<p><strong>Wichtigste Funktionen<\/strong><\/p>\n<ul>\n<li>4-Megapixel-ColorVu-Full-HD-Kamera<\/li>\n<li>Eingebautes Mikrophon<\/li>\n<li>Tag-\/Nachtkamera<\/li>\n<li>Warmwei\u00dfe LED-Beleuchtung<\/li>\n<li>130 dB breiter Dynamikbereich (WDR)<\/li>\n<li>ONVIF-Protokoll<\/li>\n<li>H.265+, H.265, H.264+, H.264-Komprimierungstechnologie<\/li>\n<li>Aufnahme auf microSD-Karte mit bis zu 256 GB<\/li>\n<li>Erkennung von Linien\u00fcberschreitungen, Einbr\u00fcchen, Bereichseintritten und Bereichsaustritten<\/li>\n<li>Stromversorgung mit 12VDC oder PoE (802.3af)<\/li>\n<li>Geeignet f\u00fcr den Au\u00dfenbereich (IP67)<\/li>\n<li>Kostenlose App und Software<\/li>\n<li>Wei\u00df<\/li>\n<\/ul>\n<p><a href=\"https:\/\/www.webstore4ipcameras.nl\/Copyright\" target=\"_blank\" rel=\"noopener\"><span style=\"color: #ff6e03; font-size: 11px;\">\u00a9 Der Text ist urheberrechtlich gesch\u00fctzt<\/span><\/a><\/p>","protected":false},"excerpt":{"rendered":"<p>De Hikvision DS-2CD2347G2-LU ColorVu is een 4MP Full HD eyeball buiten camera met 4mm lens, ingebouwde microfoon, warm wit LED nachtzicht, PoE, 130dB WDR en microSD opname mogelijkheid. De camera beschikt over ColorVu techniek waarmee de camera in het donker nog steeds een kleurenbeeld kan geven. De Hikvision DS-2CD2347G2-LU is onderdeel van de Hikvision AcuSense<\/p>\n<div class=\"klb-readmore button\"><a class=\"btn link\" href=\"https:\/\/webstore4.com\/de\/product\/hikvision-ds-2cd2347g2-lu-colorvu-4mp-turret-camera\/\">Mehr lesen <i class=\"klbth-icon-right-arrow\"><\/i><\/a><\/div>","protected":false},"featured_media":14524,"comment_status":"open","ping_status":"closed","template":"","meta":[],"pwb-brand":[3367],"product_cat":[3435,4184,4200,4606],"product_tag":[291],"class_list":{"0":"post-14523","1":"product","2":"type-product","3":"status-publish","4":"has-post-thumbnail","6":"pwb-brand-hikvision","7":"product_cat-ip-cameras","8":"product_cat-cameras","9":"product_cat-dome-eyeball-cameras-cameras","10":"product_cat-hikvision-acusense","11":"product_tag-ds-2cd2347g1-l","12":"product_shipping_class-pakket","13":"pa_audio-microfoon","14":"pa_beeldhoek-graden-horizontaal-3941","15":"pa_beeldsensor-1-1-8-cmos","16":"pa_dag-nacht-ir-cut-filter-ja","17":"pa_draadloos-nee","18":"pa_geheugenkaart-type-micro-sdsdhcsdxc-256gb","19":"pa_ingebouwd-type-nachtzicht-wit-led","20":"pa_lens-mm-4-0","21":"pa_megapixel-4mp","22":"pa_merk-hikvision","23":"pa_minimale-verlichting-0-0005-lux","24":"pa_mobiele-app-fabrikant-ja","25":"pa_nachtzicht-ja","26":"pa_omgeving-binnen-en-buiten","27":"pa_opnemen-op-sd-kaart-ja","28":"pa_poe-802-3af","29":"pa_resolutie-max-pixels-full-hd-2688x1520","30":"pa_voeding-12vdc","31":"pa_voeding-poe","32":"pa_wdr-ja","34":"first","35":"onbackorder","36":"taxable","37":"shipping-taxable","38":"purchasable","39":"product-type-simple"},"brands":[{"id":3367,"name":"Hikvision","slug":"hikvision"}],"_links":{"self":[{"href":"https:\/\/webstore4.com\/de\/wp-json\/wp\/v2\/product\/14523","targetHints":{"allow":["GET"]}}],"collection":[{"href":"https:\/\/webstore4.com\/de\/wp-json\/wp\/v2\/product"}],"about":[{"href":"https:\/\/webstore4.com\/de\/wp-json\/wp\/v2\/types\/product"}],"replies":[{"embeddable":true,"href":"https:\/\/webstore4.com\/de\/wp-json\/wp\/v2\/comments?post=14523"}],"wp:featuredmedia":[{"embeddable":true,"href":"https:\/\/webstore4.com\/de\/wp-json\/wp\/v2\/media\/14524"}],"wp:attachment":[{"href":"https:\/\/webstore4.com\/de\/wp-json\/wp\/v2\/media?parent=14523"}],"wp:term":[{"taxonomy":"pwb-brand","embeddable":true,"href":"https:\/\/webstore4.com\/de\/wp-json\/wp\/v2\/pwb-brand?post=14523"},{"taxonomy":"product_cat","embeddable":true,"href":"https:\/\/webstore4.com\/de\/wp-json\/wp\/v2\/product_cat?post=14523"},{"taxonomy":"product_tag","embeddable":true,"href":"https:\/\/webstore4.com\/de\/wp-json\/wp\/v2\/product_tag?post=14523"}],"curies":[{"name":"wp","href":"https:\/\/api.w.org\/{rel}","templated":true}]}}