{"id":14328,"date":"2024-01-10T07:31:26","date_gmt":"2024-01-10T06:31:26","guid":{"rendered":"https:\/\/webstore4.com\/?post_type=product&#038;p=14328"},"modified":"2025-02-19T05:22:16","modified_gmt":"2025-02-19T04:22:16","slug":"x-security-ac2202-c-access-controller","status":"publish","type":"product","link":"https:\/\/webstore4.com\/de\/product\/x-security-ac2202-c-access-controller\/","title":{"rendered":"X-Security AC2202-C Zugangscontroller f\u00fcr zwei T\u00fcren"},"content":{"rendered":"<p>Der X-Security AC2202-C ist ein zweit\u00fcriger (einseitiger) Zugangscontroller.<\/p>\n<p><strong>M\u00f6glichkeiten<\/strong><\/p>\n<p>Der X-Security AC2202-C kommuniziert sowohl \u00fcber RS485 als auch \u00fcber das Wiegand-Protokoll. Eine Verbindung zu einem PC erfolgt \u00fcber TCP\/IP und kann \u00fcber die kostenlose Dahua-Software SmartPSS auf einem Windows-PC verwaltet werden.<\/p>\n<p>Der Zugangscontroller muss \u00fcber eine 12-V-Gleichstrom- oder PoE-Stromversorgung mit Strom versorgt werden. Passende Netzteile k\u00f6nnen Sie unter dem Reiter \u201eOptionen\u201c finden und bestellen. Unter dem Reiter \u201eDokumentation\u201c gibt es einen Link zur Website des Herstellers Dahua, inklusive Links zur Software. Der Dahua ASC2202B-D ist in vielerlei Hinsicht mit X-Security AC2202-C vergleichbar. Weitere Details zum Zutrittscontroller finden Sie im Benutzerhandbuch unter der Registerkarte \u201eDokumentation\u201c.<\/p>\n<p><strong>Wichtigste Funktionen<\/strong><\/p>\n<ul>\n<li>Unterst\u00fctzt 100.000 Benutzer und 500.000 Datens\u00e4tze, 3.000 Fingerabdr\u00fccke<\/li>\n<li>Unterst\u00fctzt die Verwendung von Karten-\/Tag-Leseger\u00e4ten, Fingerabdruck-Leseger\u00e4ten und\/oder PIN-Code-Leseger\u00e4ten<\/li>\n<li>TCP\/IP-Verbindung zum PC<\/li>\n<li>Wiegand- oder RS-485-Schnittstelle<\/li>\n<li>Integrierte RTC, unterst\u00fctzt manuelle Zeitsynchronisierung und automatische Zeitsynchronisierung<\/li>\n<li>T\u00fcr-Timeout-Alarm, Einbruchalarm, Bedrohungsalarm und Sabotagealarm<\/li>\n<li>Anti-Pass-Back, Multi-Card-Open<\/li>\n<li>Watch-Dog-Funktion<\/li>\n<\/ul>\n<p><a href=\"https:\/\/www.webstore4ipcameras.nl\/Copyright\" target=\"_blank\" rel=\"noopener\"><span style=\"color: #ff6e03; font-size: 11px;\">\u00a9 Der Text ist urheberrechtlich gesch\u00fctzt<\/span><\/a><\/p>","protected":false},"excerpt":{"rendered":"<p>De X-Security AC2202-C is een twee deurs (eenweg) access controller. Mogelijkheden De X-Security AC2202-C beschikt over communicatie over zowel RS485\u00a0als het Wiegand protocol. Een verbinding naar een PC verloopt via TCP\/IP en kan worden beheerd via de gratis SmartPSS Dahua software op een Windows PC. De access controller moet worden gevoed met 12VDC of PoE-voeding.<\/p>\n<div class=\"klb-readmore button\"><a class=\"btn link\" href=\"https:\/\/webstore4.com\/de\/product\/x-security-ac2202-c-access-controller\/\">Mehr lesen <i class=\"klbth-icon-right-arrow\"><\/i><\/a><\/div>","protected":false},"featured_media":14331,"comment_status":"open","ping_status":"closed","template":"","meta":[],"pwb-brand":[3395],"product_cat":[4191,4193],"product_tag":[],"class_list":{"0":"post-14328","1":"product","2":"type-product","3":"status-publish","4":"has-post-thumbnail","6":"pwb-brand-x-security","7":"product_cat-access","8":"product_cat-toegangscontrole-access","9":"product_shipping_class-pakket","10":"pa_max-aantal-gebruikers-3793","11":"pa_merk-x-security","12":"pa_omgeving-binnen","13":"pa_product-access-controller","14":"pa_voeding-12vdc","15":"pa_voeding-poe","17":"first","18":"onbackorder","19":"taxable","20":"shipping-taxable","21":"purchasable","22":"product-type-simple"},"brands":[{"id":3395,"name":"X-Security","slug":"x-security"}],"_links":{"self":[{"href":"https:\/\/webstore4.com\/de\/wp-json\/wp\/v2\/product\/14328","targetHints":{"allow":["GET"]}}],"collection":[{"href":"https:\/\/webstore4.com\/de\/wp-json\/wp\/v2\/product"}],"about":[{"href":"https:\/\/webstore4.com\/de\/wp-json\/wp\/v2\/types\/product"}],"replies":[{"embeddable":true,"href":"https:\/\/webstore4.com\/de\/wp-json\/wp\/v2\/comments?post=14328"}],"wp:featuredmedia":[{"embeddable":true,"href":"https:\/\/webstore4.com\/de\/wp-json\/wp\/v2\/media\/14331"}],"wp:attachment":[{"href":"https:\/\/webstore4.com\/de\/wp-json\/wp\/v2\/media?parent=14328"}],"wp:term":[{"taxonomy":"pwb-brand","embeddable":true,"href":"https:\/\/webstore4.com\/de\/wp-json\/wp\/v2\/pwb-brand?post=14328"},{"taxonomy":"product_cat","embeddable":true,"href":"https:\/\/webstore4.com\/de\/wp-json\/wp\/v2\/product_cat?post=14328"},{"taxonomy":"product_tag","embeddable":true,"href":"https:\/\/webstore4.com\/de\/wp-json\/wp\/v2\/product_tag?post=14328"}],"curies":[{"name":"wp","href":"https:\/\/api.w.org\/{rel}","templated":true}]}}