{"id":14280,"date":"2024-01-09T11:50:03","date_gmt":"2024-01-09T10:50:03","guid":{"rendered":"https:\/\/webstore4.com\/?post_type=product&#038;p=14280"},"modified":"2024-04-19T15:20:30","modified_gmt":"2024-04-19T14:20:30","slug":"olle-s802ll-stalen-kluis-met-sleutelslot","status":"publish","type":"product","link":"https:\/\/webstore4.com\/de\/product\/olle-s802ll-stalen-kluis-met-sleutelslot\/","title":{"rendered":"Oll\u00e9 S802LL freistehender, robuster Stahltresor mit Schl\u00fcsselschloss, Briefkasten und VdS-Klasse 1, EN 1300 Klasse A, a2p Level AE-Zertifizierung"},"content":{"rendered":"<p>Der Arcas Oll\u00e9 S802LL ist ein hochwertiger Tresor mit sicherem Schl\u00fcsselschloss und einem Anti-Phishing-Postfach. Die Tresore der Serie 800 werden h\u00e4ufig f\u00fcr private oder gesch\u00e4ftliche Zwecke genutzt. Arcas Oll\u00e9 ist ein Familienunternehmen mit Sitz in Spanien, das sich seit 1845 der Herstellung von Tresoren widmet.<br \/>\nDer Tresor sieht genauso aus wie der Arcas Oll\u00e9 S802L, nur dass diese Variante \u00fcber einen Briefkasten verf\u00fcgt.<\/p>\n<p>Wir sind der offizielle Arcas Oll\u00e9-Distributor und Wiederverk\u00e4ufer in der BENELUX- und DACH-Region f\u00fcr die M\u00f6beltresore der Serie 800.<\/p>\n<p><strong>M\u00f6glichkeiten<\/strong><\/p>\n<p>Der Arcas Oll\u00e9 S802LL bietet eine sichere Aufbewahrung von Wertsachen, Dokumenten und Geld. Die Tresore der Serie 800 werden h\u00e4ufig als Tresor f\u00fcr den Privat-, Gesch\u00e4fts- oder Hotelbereich eingesetzt. Der S802LL kann manuell mit einem mitgelieferten Schl\u00fcssel entriegelt werden. Zwei Schl\u00fcssel sind im Lieferumfang enthalten. Auf Anfrage ist die Lieferung weiterer Schl\u00fcssel m\u00f6glich. Der S802LL ist mit einem Anti-Phishing-Briefkasten ausgestattet.<\/p>\n<p>Der Tresor wird mit einem 8 mm dicken Stahlrahmen und einer T\u00fcr sowie einem 3 mm dicken Stahlgeh\u00e4use hergestellt. Die Drehbolzen haben einen Durchmesser von 20 mm. Am S802LL sind drei Drehbolzen angebracht. Dar\u00fcber hinaus ist der S802LL mit einem sicheren und hochwertigen Schloss ausgestattet. Der Tresor verf\u00fcgt \u00fcber eine Innenbeleuchtung und ein Regal. Die Tresore der Serie 800 von Arcas Oll\u00e9 erf\u00fcllen die neuesten Sicherheitszertifizierungen wie VdS-Klasse 1, EN 1300 Klasse A und a2p Level AE.<\/p>\n<p>Der Safe verf\u00fcgt \u00fcber eine Epoxid-Polyester-Lackierung, die bei 180 Grad polymerisiert wird. Die Farbe entspricht der RAL-Farbe 5009. F\u00fcr weitere Spezifikationen empfehlen wir Ihnen, die Produktseite und das Datenblatt zu konsultieren, die unter der Registerkarte \u201eDokumentation\u201c enthalten sind. Das Benutzerhandbuch ist auch unter \u201eDokumentation\u201c enthalten.<\/p>\n<p>F\u00fcr gr\u00f6\u00dfere Mengen bieten wir einen wettbewerbsf\u00e4higen Preis. Bei gr\u00f6\u00dferen St\u00fcckzahlen besteht auch die M\u00f6glichkeit, den Tresor in einem anderen RAL-Farbton beschichten zu lassen. Fragen Sie uns per E-Mail oder WhatsApp nach den M\u00f6glichkeiten. Auf Anfrage besteht auch die M\u00f6glichkeit, ein Alarmschnittstellen-Kit zu bestellen. Die Anleitung zum Alarm-Interface-Kit finden Sie unter \u201eDokumentation\u201c.<\/p>\n<p><strong>Wichtigste Funktionen<\/strong><\/p>\n<ul>\n<li>Safe mit Tastensperre und Anti-Phishing-Mailbox<\/li>\n<li>2 Schl\u00fcssel inklusive<\/li>\n<li>Sicheres 7-Hebel-Einsteckschl\u00fcsselschloss mit Doppelbart<\/li>\n<li>Losgel\u00f6st<\/li>\n<li>1 Regal<\/li>\n<li>VdS-Klasse 1, EN 1300 Klasse A, a2p Level AE-Zertifizierung<\/li>\n<li>Stahl<\/li>\n<li>RAL-Farbe 5009<\/li>\n<li>Theoretisches Gewicht 33 kg<\/li>\n<li>Au\u00dfenma\u00dfe in mm:<br \/>\nH\u00f6he: 330 MM<br \/>\nBreite: 455 mm<br \/>\nTiefe: 370 mm<\/li>\n<li>Innenma\u00dfe in mm:<br \/>\nH\u00f6he: 325 MM<br \/>\nBreite: 450 mm<br \/>\nTiefe: 315 mm<\/li>\n<\/ul>\n<p><a href=\"https:\/\/www.webstore4ipcameras.nl\/Copyright\" target=\"_blank\" rel=\"noopener\"><span style=\"color: #ff6e03; font-size: 11px;\">\u00a9 Der Text ist urheberrechtlich gesch\u00fctzt<\/span><\/a><\/p>\n<p><iframe title=\"Serie 800 \u2013 Caja Fuerte de Sobreponer\" width=\"960\" height=\"540\" src=\"https:\/\/www.youtube.com\/embed\/6dIky9d8Vt4?feature=oembed&#038;enablejsapi=1&#038;origin=https:\/\/webstore4.com\" frameborder=\"0\" allow=\"accelerometer; autoplay; clipboard-write; encrypted-media; gyroscope; picture-in-picture; web-share\" allowfullscreen><\/iframe><\/p>","protected":false},"excerpt":{"rendered":"<p>De Arcas Oll\u00e9 S802LL\u00a0 is een kwalitatief hoogwaardige kluis met een veilig sleutelslot en een Anti-phishing brievenbus. De kluizen van de 800 serie worden veelal gebruikt voor particuliere of zakelijke doeleinden. Arcas Oll\u00e9 is een familiebedrijf gevestigd in Spanje gewijd aan de vervaardiging van kluizen sinds 1845. De kluis ziet er hetzelfde uit als de<\/p>\n<div class=\"klb-readmore button\"><a class=\"btn link\" href=\"https:\/\/webstore4.com\/de\/product\/olle-s802ll-stalen-kluis-met-sleutelslot\/\">Mehr lesen <i class=\"klbth-icon-right-arrow\"><\/i><\/a><\/div>","protected":false},"featured_media":14281,"comment_status":"open","ping_status":"closed","template":"","meta":[],"pwb-brand":[3388],"product_cat":[4204,4659],"product_tag":[],"class_list":{"0":"post-14280","1":"product","2":"type-product","3":"status-publish","4":"has-post-thumbnail","6":"pwb-brand-arcas-olle","7":"product_cat-kasten-kluizen","8":"product_cat-kluizen","9":"product_shipping_class-pakket","10":"pa_breedte-455-mm","11":"pa_diepte-370-mm","12":"pa_hoogte-330-mm","13":"pa_materiaal-staal","14":"pa_merk-arcas-olle","15":"pa_product-kluis-sleutelslot-met-postbus","16":"pa_toegang-met-sleutel","18":"first","19":"onbackorder","20":"featured","21":"taxable","22":"shipping-taxable","23":"purchasable","24":"product-type-simple"},"brands":[{"id":3388,"name":"Arcas Oll\u00e9","slug":"arcas-olle"}],"_links":{"self":[{"href":"https:\/\/webstore4.com\/de\/wp-json\/wp\/v2\/product\/14280","targetHints":{"allow":["GET"]}}],"collection":[{"href":"https:\/\/webstore4.com\/de\/wp-json\/wp\/v2\/product"}],"about":[{"href":"https:\/\/webstore4.com\/de\/wp-json\/wp\/v2\/types\/product"}],"replies":[{"embeddable":true,"href":"https:\/\/webstore4.com\/de\/wp-json\/wp\/v2\/comments?post=14280"}],"wp:featuredmedia":[{"embeddable":true,"href":"https:\/\/webstore4.com\/de\/wp-json\/wp\/v2\/media\/14281"}],"wp:attachment":[{"href":"https:\/\/webstore4.com\/de\/wp-json\/wp\/v2\/media?parent=14280"}],"wp:term":[{"taxonomy":"pwb-brand","embeddable":true,"href":"https:\/\/webstore4.com\/de\/wp-json\/wp\/v2\/pwb-brand?post=14280"},{"taxonomy":"product_cat","embeddable":true,"href":"https:\/\/webstore4.com\/de\/wp-json\/wp\/v2\/product_cat?post=14280"},{"taxonomy":"product_tag","embeddable":true,"href":"https:\/\/webstore4.com\/de\/wp-json\/wp\/v2\/product_tag?post=14280"}],"curies":[{"name":"wp","href":"https:\/\/api.w.org\/{rel}","templated":true}]}}