{"id":14266,"date":"2024-01-09T10:18:27","date_gmt":"2024-01-09T09:18:27","guid":{"rendered":"https:\/\/webstore4.com\/?post_type=product&#038;p=14266"},"modified":"2025-02-19T05:22:16","modified_gmt":"2025-02-19T04:22:16","slug":"wl4-vtm05os-b-zwarte-schuine-opbouw-behuizing","status":"publish","type":"product","link":"https:\/\/webstore4.com\/de\/product\/wl4-vtm05os-b-zwarte-schuine-opbouw-behuizing\/","title":{"rendered":"Dahua VTM05OS-B schwarzes, schr\u00e4ges Aufputzgeh\u00e4use f\u00fcr die Regenhaube VTM05R"},"content":{"rendered":"<p>De WL4 VTM05OS-B is een zwarte schuine opbouwbehuizing voor de Dahua VTM05R regenkap. De Dahua VTM05R is een opbouw behuizing met regenkap voor de Dahua VTO2202F serie. Met de regenkap wordt de VTO beschermd tegen een deel van de weersomstandigheden. Hierdoor wordt de levensduur van de VTO verlengd.<\/p>\n<p>Door gebruik te maken van de WL4 Dahua VTM05OS-B is het mogelijk om de regenkap met VTO schuin op te hangen naar links of naar rechts. De hoek is dertig graden. Voor de montage zijn twee lange en twee korte schroeven nodig (niet meegeleverd). Het model is 3D geprint en geproduceerd uit Tough PLA Black. Bij warme temperaturen in de volle zon, kan de opbouwbak vervormen. Hier dient dus rekening mee te worden gehouden bij het toepassen van de WL4 VTM05OS-B.<\/p>\n<p><strong>Wichtigste Funktionen<\/strong><\/p>\n<ul>\n<li>Geschikt voor Dahua VTM05R en VTM05R-B<\/li>\n<li>Opbouwbehuizing met hoek van 30 graden<\/li>\n<li>Exclusief montagemateriaal<\/li>\n<li>Zwarte kleur (RAL 9005)<\/li>\n<\/ul>\n<p><a href=\"https:\/\/webstore4.com\/Copyright\/\" target=\"_blank\" rel=\"noopener\"><span style=\"color: #ff6e03; font-size: 11px;\">\u00a9 Der Text ist urheberrechtlich gesch\u00fctzt<\/span><\/a><\/p>","protected":false},"excerpt":{"rendered":"<p>De WL4 VTM05OS-B is een zwarte schuine opbouwbehuizing voor de Dahua VTM05R regenkap. De Dahua VTM05R is een opbouw behuizing met regenkap voor de Dahua VTO2202F serie. Met de regenkap wordt de VTO beschermd tegen een deel van de weersomstandigheden. Hierdoor wordt de levensduur van de VTO verlengd. Door gebruik te maken van de WL4<\/p>\n<div class=\"klb-readmore button\"><a class=\"btn link\" href=\"https:\/\/webstore4.com\/de\/product\/wl4-vtm05os-b-zwarte-schuine-opbouw-behuizing\/\">Mehr lesen <i class=\"klbth-icon-right-arrow\"><\/i><\/a><\/div>","protected":false},"featured_media":14267,"comment_status":"open","ping_status":"closed","template":"","meta":[],"pwb-brand":[3380],"product_cat":[4178,4179,4227,4259],"product_tag":[],"class_list":{"0":"post-14266","1":"product","2":"type-product","3":"status-publish","4":"has-post-thumbnail","6":"pwb-brand-wl4","7":"product_cat-intercom","8":"product_cat-dahua-ip-video","9":"product_cat-series-intercom","10":"product_cat-dahua-2nd-generation","11":"product_shipping_class-pakket","12":"pa_behuizing-regenkap","13":"pa_kleur-zwart","14":"pa_materiaal-kunststof","15":"pa_merk-wl4","16":"pa_montage-opbouw","17":"pa_omgeving-binnen-en-buiten","18":"pa_product-modulair","19":"pa_product-status-k","21":"first","22":"onbackorder","23":"taxable","24":"shipping-taxable","25":"purchasable","26":"product-type-simple"},"brands":[{"id":3380,"name":"WL4","slug":"wl4"}],"_links":{"self":[{"href":"https:\/\/webstore4.com\/de\/wp-json\/wp\/v2\/product\/14266","targetHints":{"allow":["GET"]}}],"collection":[{"href":"https:\/\/webstore4.com\/de\/wp-json\/wp\/v2\/product"}],"about":[{"href":"https:\/\/webstore4.com\/de\/wp-json\/wp\/v2\/types\/product"}],"replies":[{"embeddable":true,"href":"https:\/\/webstore4.com\/de\/wp-json\/wp\/v2\/comments?post=14266"}],"wp:featuredmedia":[{"embeddable":true,"href":"https:\/\/webstore4.com\/de\/wp-json\/wp\/v2\/media\/14267"}],"wp:attachment":[{"href":"https:\/\/webstore4.com\/de\/wp-json\/wp\/v2\/media?parent=14266"}],"wp:term":[{"taxonomy":"pwb-brand","embeddable":true,"href":"https:\/\/webstore4.com\/de\/wp-json\/wp\/v2\/pwb-brand?post=14266"},{"taxonomy":"product_cat","embeddable":true,"href":"https:\/\/webstore4.com\/de\/wp-json\/wp\/v2\/product_cat?post=14266"},{"taxonomy":"product_tag","embeddable":true,"href":"https:\/\/webstore4.com\/de\/wp-json\/wp\/v2\/product_tag?post=14266"}],"curies":[{"name":"wp","href":"https:\/\/api.w.org\/{rel}","templated":true}]}}