{"id":14172,"date":"2024-01-05T10:05:14","date_gmt":"2024-01-05T09:05:14","guid":{"rendered":"https:\/\/webstore4.com\/?post_type=product&#038;p=14172"},"modified":"2024-04-19T15:20:27","modified_gmt":"2024-04-19T14:20:27","slug":"dahua-ipc-hdbw3541e-as-s2-b-5mp-buiten-dome-camera","status":"publish","type":"product","link":"https:\/\/webstore4.com\/de\/product\/dahua-ipc-hdbw3541e-as-s2-b-5mp-buiten-dome-camera\/","title":{"rendered":"Dahua IPC-HDBW3541E-AS-S2-B Full HD 5MP Starlight Lite AI Outdoor-Domekamera mit 50 m IR, PoE, microSD"},"content":{"rendered":"<p>De Dahua IPC-HDBW3541E-AS-S2-B is de zwarte variant van de Dahua IPC-HDBW3541E-AS. Dit is een Full HD 5 megapixel dome Starlight Lite AI camera met een zeer lichtgevoelige beeldsensor en 50 meter infrarood nachtzicht, 120db WDR, PoE voeding en microSD opname voor binnen of buiten. De camera beschikt over alarm en audio in- en uitgang.<\/p>\n<p>Die Kamera geh\u00f6rt zur Dahua Lite AI-Serie mit einem Chip f\u00fcr k\u00fcnstliche Intelligenz zur Unterst\u00fctzung intelligenter Funktionen wie Perimetersicherheit und Smart Motion Detection Plus (SMD Plus). SMD gew\u00e4hrleistet eine zuverl\u00e4ssige Bewegungserkennung durch Filterung von Objekten. Fehlalarme durch Haustiere, Bl\u00e4tter, Licht und andere st\u00f6rende Gegenst\u00e4nde werden so minimiert. Das fortschrittliche Al unterst\u00fctzt auch die schnelle Suche anhand aufgezeichneter Videos, da es in der Lage ist, Personen und Fahrzeuge aus gro\u00dfen Mengen an Videodaten zu extrahieren und zu klassifizieren.<\/p>\n<p><strong>M\u00f6glichkeiten<\/strong><\/p>\n<p>De Dahua IPC-HDBW3541E-AS geeft beelden weer in een Full HD 2960&#215;1668 resolutie. De camera beschikt over een vaste 2.8mm lens. De camera heeft Dahua Starlight Technologie waardoor deze ideaal is voor toepassingen met uitdagende licht condities. Door de zeer lichtgevoelige beeldsensor levert de camera met een minimum aan omgevingslicht nog bruikbaar kleurenbeeld, zelfs bij bijna volledige duisternis (0.005 lux).<\/p>\n<p>Die Kamera verf\u00fcgt \u00fcber einen integrierten automatischen Tag-\/Nacht-IR-Sperrfilter und kann bei Dunkelheit auch die integrierte IR-Beleuchtung einschalten, sodass auch bei v\u00f6lliger Dunkelheit (0 Lux) ein gestochen scharfes Bild entsteht. Die IR-Beleuchtung hat eine sehr gro\u00dfe Reichweite von nicht weniger als 50 Metern. Die Kamera verf\u00fcgt \u00fcber einen Wide Dynamic Range (WDR) von 120 dB, wodurch die Kamera auch mit komplexen Lichtverh\u00e4ltnissen wie Gegenlicht durch die Sonne oder Autoscheinwerfern sehr gut zurechtkommt.<\/p>\n<p>Bilder k\u00f6nnen unter anderem auf einem Netzwerk-Videorecorder (NVR) gespeichert werden. Die Kamera verf\u00fcgt au\u00dferdem \u00fcber die M\u00f6glichkeit, in der Kamera auf einer microSD-Speicherkarte mit bis zu maximal 256 GB (nicht im Lieferumfang enthalten) aufzuzeichnen.<\/p>\n<p>Dahua bietet eine kostenlose niederl\u00e4ndische App f\u00fcr Apple iOS und Android an. Die Kamera verf\u00fcgt \u00fcber einen internen Webserver, der \u00fcber einen Webbrowser angezeigt und verwaltet werden kann. Video Management Software (VMS) f\u00fcr einen Computer kann kostenlos von der Dahua-Website heruntergeladen werden. Der Reiter \u201eDokumentation\u201c enth\u00e4lt einen Link zur Produktseite des Herstellers.<\/p>\n<p>Die Dahua IPC-HDBW3541E-AS verf\u00fcgt \u00fcber die Schutzart IP67, wodurch sich die Kamera ideal f\u00fcr den Einsatz im Freien eignet. Dar\u00fcber hinaus verf\u00fcgt die Kamera \u00fcber die Vandalismusklassifizierung IK10. Zur einfacheren Installation kann die Kamera \u00fcber das Netzwerkkabel mit Power over Ethernet (Standard 802.3af P0E) mit Strom versorgt werden. PoE kann \u00fcber einen PoE-NVR, einen PoE-Switch oder mit einem PoE-Injektor bezogen werden. Die Kamera kann auch mit einem optionalen 12-V-Netzteil mit Strom versorgt werden. Unter der Registerkarte \u201eOptionen\u201c k\u00f6nnen Sie angeben, ob ein Adapter und\/oder eine Dahua-Montagehalterung enthalten sein soll. Die Kamera ist \u00fcber 3 Achsen verstellbar und eignet sich daher sehr gut f\u00fcr die vertikale Aufstellung an einer Wand.<\/p>\n<p><strong>Wichtigste Funktionen<\/strong><\/p>\n<ul>\n<li>5-Megapixel-Full-HD-Starlight-Lite-KI-Kamera<\/li>\n<li>Intelligente Bewegungserkennung (SMD)<\/li>\n<li>Alarm- und Audio-Ein- und Ausgang<\/li>\n<li>Eingebautes Mikrophon<\/li>\n<li>Auf microSD-Karte aufnehmen<\/li>\n<li>Tag-\/Nachtkamera mit automatischem mechanischem IR-Sperrfilter<\/li>\n<li>IR-Nachtsichtbeleuchtung bis zu 50 Meter<\/li>\n<li>Auf 3 Achsen verstellbar<\/li>\n<li>120 dB breiter Dynamikbereich (WDR)<\/li>\n<li>Zonen-optionale Hintergrundbeleuchtungskompensation (BLC)<\/li>\n<li>3D-Digital-Rauschunterdr\u00fcckung (3D-DNR)<\/li>\n<li>Bewegungserkennung, Manipulationsalarm, Privatzonenmaske<\/li>\n<li>ONVIF-Protokoll<\/li>\n<li>Stromversorgung \u00fcber 12VDC-Adapter oder \u00fcber PoE (802.3af)<\/li>\n<li>Schwarz<\/li>\n<\/ul>\n<p><a href=\"https:\/\/www.webstore4ipcameras.nl\/Copyright\" target=\"_blank\" rel=\"noopener\"><span style=\"color: #ff6e03; font-size: 11px;\">\u00a9 Der Text ist urheberrechtlich gesch\u00fctzt<\/span><\/a><\/p>","protected":false},"excerpt":{"rendered":"<p>De Dahua IPC-HDBW3541E-AS-S2-B is de zwarte variant van de Dahua IPC-HDBW3541E-AS. Dit is een Full HD 5 megapixel dome Starlight Lite AI camera met een zeer lichtgevoelige beeldsensor en 50 meter infrarood nachtzicht, 120db WDR, PoE voeding en microSD opname voor binnen of buiten. De camera beschikt over alarm en audio in- en uitgang. De<\/p>\n<div class=\"klb-readmore button\"><a class=\"btn link\" href=\"https:\/\/webstore4.com\/de\/product\/dahua-ipc-hdbw3541e-as-s2-b-5mp-buiten-dome-camera\/\">Mehr lesen <i class=\"klbth-icon-right-arrow\"><\/i><\/a><\/div>","protected":false},"featured_media":14173,"comment_status":"open","ping_status":"closed","template":"","meta":[],"pwb-brand":[3376],"product_cat":[3435,4184,4200,4199],"product_tag":[],"class_list":{"0":"post-14172","1":"product","2":"type-product","3":"status-publish","4":"has-post-thumbnail","6":"pwb-brand-dahua","7":"product_cat-ip-cameras","8":"product_cat-cameras","9":"product_cat-dome-eyeball-cameras-cameras","10":"product_cat-dahua-starlight-series","11":"product_shipping_class-pakket","12":"pa_alarm-ingang-uitgang-ja","13":"pa_audio-ingang-uitgang","14":"pa_audio-microfoon","15":"pa_beeldhoek-graden-horizontaal-4576","16":"pa_beeldsensor-1-2-7-cmos","17":"pa_dag-nacht-ir-cut-filter-ja","18":"pa_geheugenkaart-type-micro-sdsdhcsdxc-256gb","19":"pa_ingebouwd-type-nachtzicht-infrared-ir-led","20":"pa_lens-mm-2-8","21":"pa_megapixel-5mp","22":"pa_merk-dahua","23":"pa_minimale-verlichting-0-005-lux-0-lux-met-ir","24":"pa_mobiele-app-fabrikant-ja","25":"pa_nachtzicht-ja","26":"pa_omgeving-binnen-en-buiten","27":"pa_opnemen-op-sd-kaart-ja","28":"pa_poe-802-3af","29":"pa_product-status-a","30":"pa_resolutie-max-pixels-full-hd-2960x1668","31":"pa_vandaalbestendig-ik10","32":"pa_verstelbare-assen-3631","33":"pa_voeding-12vdc","34":"pa_voeding-poe","35":"pa_wdr-ja","37":"first","38":"onbackorder","39":"taxable","40":"shipping-taxable","41":"purchasable","42":"product-type-simple"},"brands":[{"id":3376,"name":"Dahua","slug":"dahua"}],"_links":{"self":[{"href":"https:\/\/webstore4.com\/de\/wp-json\/wp\/v2\/product\/14172","targetHints":{"allow":["GET"]}}],"collection":[{"href":"https:\/\/webstore4.com\/de\/wp-json\/wp\/v2\/product"}],"about":[{"href":"https:\/\/webstore4.com\/de\/wp-json\/wp\/v2\/types\/product"}],"replies":[{"embeddable":true,"href":"https:\/\/webstore4.com\/de\/wp-json\/wp\/v2\/comments?post=14172"}],"wp:featuredmedia":[{"embeddable":true,"href":"https:\/\/webstore4.com\/de\/wp-json\/wp\/v2\/media\/14173"}],"wp:attachment":[{"href":"https:\/\/webstore4.com\/de\/wp-json\/wp\/v2\/media?parent=14172"}],"wp:term":[{"taxonomy":"pwb-brand","embeddable":true,"href":"https:\/\/webstore4.com\/de\/wp-json\/wp\/v2\/pwb-brand?post=14172"},{"taxonomy":"product_cat","embeddable":true,"href":"https:\/\/webstore4.com\/de\/wp-json\/wp\/v2\/product_cat?post=14172"},{"taxonomy":"product_tag","embeddable":true,"href":"https:\/\/webstore4.com\/de\/wp-json\/wp\/v2\/product_tag?post=14172"}],"curies":[{"name":"wp","href":"https:\/\/api.w.org\/{rel}","templated":true}]}}