{"id":14117,"date":"2024-01-03T18:16:38","date_gmt":"2024-01-03T17:16:38","guid":{"rendered":"https:\/\/webstore4.com\/?post_type=product&#038;p=14117"},"modified":"2024-08-21T19:16:17","modified_gmt":"2024-08-21T18:16:17","slug":"wl4-kprw-2m-wifi-touch-keypad-bel-en-rfid-kaartlezer","status":"publish","type":"product","link":"https:\/\/webstore4.com\/de\/product\/wl4-kprw-2m-wifi-touch-keypad-bel-en-rfid-kaartlezer\/","title":{"rendered":"WL4 KPRW-2M stand alone WiFi touch keypad, bel en RFID kaartlezer met Tuya app voor openen en geschikt voor buiten"},"content":{"rendered":"<p>Das WL4 KPRW-2 ist eine WiFi-Touch-Tastatur und ein RFID-Kartenleser, die f\u00fcr den Au\u00dfen- und Innenbereich geeignet sind. Der WL4 KPRW-2 kann eigenst\u00e4ndig verwendet oder \u00fcber Wiegand als Slave-Leser angeschlossen werden. Der WL4 KPRW-2 kann mit dem WLAN-Netzwerk verbunden und mit der universellen Tuya Smart Home App verkn\u00fcpft werden. Integrationen wurden von uns nicht getestet und werden von unserem Kundenservice nicht unterst\u00fctzt.<\/p>\n<p>Die Touch-Tasten der Tastatur verf\u00fcgen \u00fcber eine Hintergrundbeleuchtung.<\/p>\n<p>Der WL4 KPFRW-2 verf\u00fcgt \u00fcber ein stabiles Aufputzgeh\u00e4use aus Metall und muss mit 12 VDC betrieben werden. Ein Adapter ist nicht im Lieferumfang enthalten. Ein passendes Netzteil ist unter \u201eOptionen\u201c enthalten.<\/p>\n<p>Onder het tabblad &#8216;Documentatie&#8217; is de handleiding opgenomen met mogelijkheden, aansluitschema en programmeer instructies.<\/p>\n<p><strong>Wichtigste Funktionen<\/strong><\/p>\n<ul>\n<li>Kaart, bel en\/of PIN toegangscontrole<\/li>\n<li>WLAN (2,4 GHz) und kostenlose mobile App<\/li>\n<li>Beleuchtete Touch-Tasten mit geh\u00e4rtetem Glas<\/li>\n<li>Stabiles Metallgeh\u00e4use<\/li>\n<li>2000 Benutzer<\/li>\n<li>NO\/NC-Relais<\/li>\n<li>12VDC-Stromversorgung<\/li>\n<li>IP68 wetterfest<\/li>\n<li>125-kHz-RFID-Kartenleser (Karten oder Tags nicht im Lieferumfang enthalten)<\/li>\n<li>Anschluss f\u00fcr Ausgangstaster und T\u00fcrsensor<\/li>\n<li>Komplette Programmierung mit dem Code-Panel<\/li>\n<li>Kann einzeln verwendet werden<\/li>\n<li>Wiegand 26\/34 ingang en uitgang<\/li>\n<li>Kein Manipulationsalarmschalter<\/li>\n<li>Temperaturbereich: -40 \u00b0C bis +60 \u00b0C<\/li>\n<li>Afmeting 76 x 120 x 23 mm<\/li>\n<\/ul>\n<p><a href=\"https:\/\/www.webstore4ipcameras.nl\/Copyright\" target=\"_blank\" rel=\"noopener\"><span style=\"color: #ff6e03; font-size: 11px;\">\u00a9 Der Text ist urheberrechtlich gesch\u00fctzt<\/span><\/a><\/p>","protected":false},"excerpt":{"rendered":"<p>De WL4 KPRW-2M is een WiFi touch keypad, bel en RFID kaartlezer geschikt voor buiten of binnen. De WL4 KPRW-2M kan stand alone worden gebruikt of als slave lezer via Wiegand worden aangesloten. De WL4 KPRW-2M kan worden verbonden met het WiFi netwerk en worden gekoppeld aan de universele Tuya smarthome app. Integraties zijn door<\/p>\n<div class=\"klb-readmore button\"><a class=\"btn link\" href=\"https:\/\/webstore4.com\/de\/product\/wl4-kprw-2m-wifi-touch-keypad-bel-en-rfid-kaartlezer\/\">Mehr lesen <i class=\"klbth-icon-right-arrow\"><\/i><\/a><\/div>","protected":false},"featured_media":14119,"comment_status":"open","ping_status":"closed","template":"","meta":[],"pwb-brand":[3380],"product_cat":[4191,4193],"product_tag":[],"class_list":{"0":"post-14117","1":"product","2":"type-product","3":"status-publish","4":"has-post-thumbnail","6":"pwb-brand-wl4","7":"product_cat-access","8":"product_cat-toegangscontrole-access","9":"product_shipping_class-pakket","10":"pa_draadloos-ja-wi-fi-802-11","11":"pa_frequentie-tags-en-readers-rfid-125-khz","12":"pa_garantie-3-jaar","13":"pa_materiaal-glas","14":"pa_materiaal-metaal","15":"pa_max-aantal-gebruikers-3625","16":"pa_merk-wl4","17":"pa_mobiele-app-fabrikant-ja","18":"pa_omgeving-binnen-en-buiten","19":"pa_product-codepaneel","20":"pa_product-reader","21":"pa_stand-alone-ja","22":"pa_toegang-met-bel","23":"pa_toegang-met-kaartlezer","24":"pa_toegang-met-keypad","25":"pa_voeding-12vdc","27":"first","28":"instock","29":"taxable","30":"shipping-taxable","31":"purchasable","32":"product-type-simple"},"brands":[{"id":3380,"name":"WL4","slug":"wl4"}],"_links":{"self":[{"href":"https:\/\/webstore4.com\/de\/wp-json\/wp\/v2\/product\/14117","targetHints":{"allow":["GET"]}}],"collection":[{"href":"https:\/\/webstore4.com\/de\/wp-json\/wp\/v2\/product"}],"about":[{"href":"https:\/\/webstore4.com\/de\/wp-json\/wp\/v2\/types\/product"}],"replies":[{"embeddable":true,"href":"https:\/\/webstore4.com\/de\/wp-json\/wp\/v2\/comments?post=14117"}],"wp:featuredmedia":[{"embeddable":true,"href":"https:\/\/webstore4.com\/de\/wp-json\/wp\/v2\/media\/14119"}],"wp:attachment":[{"href":"https:\/\/webstore4.com\/de\/wp-json\/wp\/v2\/media?parent=14117"}],"wp:term":[{"taxonomy":"pwb-brand","embeddable":true,"href":"https:\/\/webstore4.com\/de\/wp-json\/wp\/v2\/pwb-brand?post=14117"},{"taxonomy":"product_cat","embeddable":true,"href":"https:\/\/webstore4.com\/de\/wp-json\/wp\/v2\/product_cat?post=14117"},{"taxonomy":"product_tag","embeddable":true,"href":"https:\/\/webstore4.com\/de\/wp-json\/wp\/v2\/product_tag?post=14117"}],"curies":[{"name":"wp","href":"https:\/\/api.w.org\/{rel}","templated":true}]}}