{"id":14092,"date":"2024-01-03T11:10:34","date_gmt":"2024-01-03T10:10:34","guid":{"rendered":"https:\/\/webstore4.com\/?post_type=product&#038;p=14092"},"modified":"2025-05-16T17:14:59","modified_gmt":"2025-05-16T16:14:59","slug":"yli-yb-500hled-elektrisch-opbouw-grendelslot","status":"publish","type":"product","link":"https:\/\/webstore4.com\/de\/product\/yli-yb-500hled-elektrisch-opbouw-grendelslot\/","title":{"rendered":"YLI YB-500H(LED) elektrisch opbouw grendelslot voor deur fail safe of fail secure met weerstandkracht 1000KG en LED status, NO\/NC"},"content":{"rendered":"<p>Der YLI YB-500HD(LED) ist ein elektrischer Aufputzriegel f\u00fcr eine Doppelt\u00fcr. Das elektrische Riegelschloss wird im Innenbereich eingesetzt und besteht aus einem stabilen Aluminiumgeh\u00e4use. Die Konstruktion ist speziell auf Einbruchschutz ausgelegt und hochwertig. Der YLI YB-500HD(LED) eignet sich sehr gut f\u00fcr den Einsatz an einer Innent\u00fcr, einem Zaun oder einem Tor.<\/p>\n<p><strong>M\u00f6glichkeiten<\/strong><\/p>\n<p>Der YLI YB-500HD(LED) ist f\u00fcr den Einsatz mit jedem Zutrittskontrollsystem geeignet. Das Schloss muss mit 12 VDC betrieben werden. Netzteil ist nicht im Lieferumfang enthalten. Passende Netzteile k\u00f6nnen unter \u201eOptionen\u201c bestellt werden. Der Riegel ist f\u00fcr zwei T\u00fcren verwendbar und verf\u00fcgt \u00fcber eine Status-LED. Der Status wird gr\u00fcn, wenn er entsperrt ist, und rot, wenn er gesperrt ist.<\/p>\n<p>Dar\u00fcber hinaus gibt es im YB-500HD(LED) einen einstellbaren NO\/NC-Kontakt, mit dem Sie bestimmen k\u00f6nnen, ob die T\u00fcr auf Basis einer Fail-Safe- oder Fail-Secure-Funktion arbeitet. Da dieses Riegelschloss auch \u00fcber eine sogenannte \u201eWiederverriegelungszeitverz\u00f6gerung\u201c-Funktion verf\u00fcgt, kann das Schloss so eingestellt werden, dass die Zeit verz\u00f6gert wird, bis die T\u00fcr wieder verriegelt wird. Die Idee dahinter ist, den Menschen Zeit zu geben, die T\u00fcr zu \u00f6ffnen und hindurchzugehen, ohne dass die T\u00fcr sofort wieder verriegelt wird, und gleichzeitig die Sicherheit aufrechtzuerhalten, indem die T\u00fcr schlie\u00dflich wieder verriegelt wird. Dies kann in Situationen n\u00fctzlich sein, in denen Personen wiederholt durch eine T\u00fcr gehen m\u00fcssen, ohne sie jedes Mal aufschlie\u00dfen zu m\u00fcssen, es aber aus Sicherheitsgr\u00fcnden auch wichtig ist, dass die T\u00fcr nach einer bestimmten Zeit wieder verriegelt wird.<\/p>\n<p>Wir empfehlen Ihnen, die Abmessungen und die korrekte Anwendung im Datenblatt und auf der Produktseite unter der Registerkarte \u201eDokumentation\u201c zu pr\u00fcfen.<\/p>\n<p><strong>Wichtigste Funktionen<\/strong><\/p>\n<ul>\n<li>Einstellbarer NO\/NC-Kontakt<\/li>\n<li>Ausfallsicher \/ ausfallsicher<\/li>\n<li>Einstellbare Wiederverriegelungsverz\u00f6gerung 0,3,6 oder 9 Sekunden<\/li>\n<li>Stabile Aluminiumausf\u00fchrung<\/li>\n<li>Status-LED Gr\u00fcn\/Rot<\/li>\n<li>12VDC-Stromversorgung<\/li>\n<li>1000 kg Haltekraft<\/li>\n<li>Funktioniert zwischen -40 und 60 Grad<\/li>\n<\/ul>\n<p><a href=\"https:\/\/webstore4.com\/Copyright\/\" target=\"_blank\" rel=\"noopener\"><span style=\"color: #ff6e03; font-size: 11px;\">\u00a9 Der Text ist urheberrechtlich gesch\u00fctzt<\/span><\/a><\/p>","protected":false},"excerpt":{"rendered":"<p>Der YLI YB-500HD(LED) ist ein elektrischer Aufputzriegel f\u00fcr eine Doppelt\u00fcr. Das elektrische Riegelschloss wird im Innenbereich eingesetzt und besteht aus einem stabilen Aluminiumgeh\u00e4use. Die Konstruktion ist speziell auf Einbruchschutz ausgelegt und hochwertig. Der YLI YB-500HD(LED) eignet sich sehr gut f\u00fcr den Einsatz an einer Innent\u00fcr, einem Zaun oder einem Tor.<\/p>\n<div class=\"klb-readmore button\"><a class=\"btn link\" href=\"https:\/\/webstore4.com\/de\/product\/yli-yb-500hled-elektrisch-opbouw-grendelslot\/\">Mehr lesen <i class=\"klbth-icon-right-arrow\"><\/i><\/a><\/div>","protected":false},"featured_media":14093,"comment_status":"open","ping_status":"closed","template":"","meta":[],"pwb-brand":[3382],"product_cat":[4191,4197],"product_tag":[],"class_list":{"0":"post-14092","1":"product","2":"type-product","3":"status-publish","4":"has-post-thumbnail","6":"pwb-brand-yli","7":"product_cat-access","8":"product_cat-elektrische-sloten","9":"product_shipping_class-pakket","10":"pa_cilinderslot-nee","11":"pa_fail-fail-safe","12":"pa_fail-fail-secure","13":"pa_garantie-3-jaar","14":"pa_merk-yli","15":"pa_montage-opbouw","16":"pa_omgeving-binnen","17":"pa_product-grendelslot","18":"pa_voeding-12vdc","19":"pa_weerstand-kracht-1000-kg","21":"first","22":"instock","23":"taxable","24":"shipping-taxable","25":"purchasable","26":"product-type-simple"},"brands":[{"id":3382,"name":"YLI","slug":"yli"}],"_links":{"self":[{"href":"https:\/\/webstore4.com\/de\/wp-json\/wp\/v2\/product\/14092","targetHints":{"allow":["GET"]}}],"collection":[{"href":"https:\/\/webstore4.com\/de\/wp-json\/wp\/v2\/product"}],"about":[{"href":"https:\/\/webstore4.com\/de\/wp-json\/wp\/v2\/types\/product"}],"replies":[{"embeddable":true,"href":"https:\/\/webstore4.com\/de\/wp-json\/wp\/v2\/comments?post=14092"}],"wp:featuredmedia":[{"embeddable":true,"href":"https:\/\/webstore4.com\/de\/wp-json\/wp\/v2\/media\/14093"}],"wp:attachment":[{"href":"https:\/\/webstore4.com\/de\/wp-json\/wp\/v2\/media?parent=14092"}],"wp:term":[{"taxonomy":"pwb-brand","embeddable":true,"href":"https:\/\/webstore4.com\/de\/wp-json\/wp\/v2\/pwb-brand?post=14092"},{"taxonomy":"product_cat","embeddable":true,"href":"https:\/\/webstore4.com\/de\/wp-json\/wp\/v2\/product_cat?post=14092"},{"taxonomy":"product_tag","embeddable":true,"href":"https:\/\/webstore4.com\/de\/wp-json\/wp\/v2\/product_tag?post=14092"}],"curies":[{"name":"wp","href":"https:\/\/api.w.org\/{rel}","templated":true}]}}