{"id":13975,"date":"2023-12-26T14:31:54","date_gmt":"2023-12-26T12:31:54","guid":{"rendered":"https:\/\/webstore4.com\/?post_type=product&#038;p=13975"},"modified":"2024-09-25T08:55:00","modified_gmt":"2024-09-25T07:55:00","slug":"wl4-bths02-hangslot-met-applicatie-vingerafdruk-lezer","status":"publish","type":"product","link":"https:\/\/webstore4.com\/de\/product\/wl4-bths02-hangslot-met-applicatie-vingerafdruk-lezer\/","title":{"rendered":"WL4 BTHS02 Vorh\u00e4ngeschloss mit kostenloser Anwendung, Fingerabdruckleser, Bluetooth 4.0, Batterie f\u00fcr den Innen- und Au\u00dfenbereich IP65"},"content":{"rendered":"<div class=\"video-frame-box\" style=\"width: 100%; max-width: 480px; max-height: 270px; float: right; padding: 0px 10px 10px 10px;\">\n<div class=\"video-frame\"><\/div>\n<\/div>\n<p>Das WL4 BTHS02 ist ein intelligentes Vorh\u00e4ngeschloss mit kostenloser Anwendung, Fingerabdruckleser, Bluetooth 4.0 und einem wiederaufladbaren Akku. Aufgrund seines stabilen Geh\u00e4uses kann das Vorh\u00e4ngeschloss sowohl im Innen- als auch im Au\u00dfenbereich verwendet werden.<\/p>\n<p><strong>M\u00f6glichkeiten<\/strong><\/p>\n<p>Das WL4 BTHS02 ist ein intelligentes Vorh\u00e4ngeschloss, das mit einem Fingerabdruck oder einer mobilen Anwendung ge\u00f6ffnet werden kann. Der BTHS02 nutzt die kostenlose eSmartLock-Anwendung. \u00dcber die Anwendung k\u00f6nnen bis zu f\u00fcnfzehn Fingerabdr\u00fccke hinzugef\u00fcgt werden.<\/p>\n<p>De BTHS02 is volledig stand alone en werkt op een ge\u00efntegreerde accu met een capaciteit van 220 mAh. Mede door gebruik van de energiezuinige nieuwste Bluetooth 4.0 werkt de accu van het slot tot \u00e9\u00e9n jaar in de stand-by stand en kan het meer dan 2000 keer openen wanneer het slot volledig opgeladen is. Het slot geeft zelf een signaal af bij lage batterijspanning en werkt volledig stand alone.<br \/>\nDie Stromversorgung erfolgt \u00fcber das mitgelieferte USB-Kabel. Das 5V-Netzteil ist nicht im Lieferumfang enthalten, kann aber unter \u201eOptionen\u201c bestellt werden.<\/p>\n<p>Da das WL4 BTHS02 aus einer Zinklegierung und Edelstahl gefertigt ist, kann das Schloss sowohl im Innen- als auch im Au\u00dfenbereich verwendet werden. Mit einem IP65-Wert ist das Schloss \u00e4u\u00dferst witterungsbest\u00e4ndig.<\/p>\n<p>Das Benutzerhandbuch ist unter der Registerkarte \u201eDokumentation\u201c enthalten.<\/p>\n<p><strong>Wichtige Funktionen<\/strong><\/p>\n<ul>\n<li>Funktioniert autonom mit einem integrierten 220-mAh-Akku und ist sehr energieeffizient<\/li>\n<li>Einfache DIY-Installation, Verwaltung und Verwendung<\/li>\n<li>Geeignet f\u00fcr den Innen- und Au\u00dfenbereich IP65<\/li>\n<li>Hergestellt aus Edelstahl und Zinklegierung<\/li>\n<li>Mit Fingerabdruck oder Smartphone-App \u00f6ffnen<\/li>\n<li>Kapazit\u00e4t zum Festlegen von 15 Fingerabdr\u00fccken<\/li>\n<li>LED-Anzeigebeleuchtung<\/li>\n<li>Signal f\u00fcr niedrige Batteriespannung<\/li>\n<li>Schlie\u00dfstangendurchmesser 10 MM<\/li>\n<\/ul>\n<p><a href=\"https:\/\/webstore4.com\/Copyright\/\" target=\"_blank\" rel=\"noopener\"><span style=\"color: #ff6e03; font-size: 11px;\">\u00a9 Der Text ist urheberrechtlich gesch\u00fctzt<\/span><\/a><\/p>","protected":false},"excerpt":{"rendered":"<p>De WL4 BTHS02 is een slim hangslot met een gratis applicatie, vingerafdruk lezer, Bluetooth 4.0 en een oplaadbare accu. Het hangslot is door de stevige behuizing zowel binnen als buiten te gebruiken. Mogelijkheden De WL4 BTHS02 is een slim hangslot die te openen is met een vingerafdruk of mobiele applicatie. De BTHS02 maakt gebruik van<\/p>\n<div class=\"klb-readmore button\"><a class=\"btn link\" href=\"https:\/\/webstore4.com\/de\/product\/wl4-bths02-hangslot-met-applicatie-vingerafdruk-lezer\/\">Mehr lesen <i class=\"klbth-icon-right-arrow\"><\/i><\/a><\/div>","protected":false},"featured_media":13976,"comment_status":"open","ping_status":"closed","template":"","meta":[],"pwb-brand":[3380],"product_cat":[4191,4417],"product_tag":[],"class_list":{"0":"post-13975","1":"product","2":"type-product","3":"status-publish","4":"has-post-thumbnail","6":"pwb-brand-wl4","7":"product_cat-access","8":"product_cat-smart-sloten","9":"product_shipping_class-brievenbuspakket","10":"pa_materiaal-alloy-verzinkt","11":"pa_materiaal-roestvast-staal","12":"pa_max-aantal-gebruikers-4677","13":"pa_merk-wl4","14":"pa_omgeving-binnen-en-buiten","15":"pa_product-hangslot","16":"pa_voeding-5v-usb","17":"pa_voeding-batterij","19":"first","20":"onbackorder","21":"taxable","22":"shipping-taxable","23":"purchasable","24":"product-type-simple"},"brands":[{"id":3380,"name":"WL4","slug":"wl4"}],"_links":{"self":[{"href":"https:\/\/webstore4.com\/de\/wp-json\/wp\/v2\/product\/13975","targetHints":{"allow":["GET"]}}],"collection":[{"href":"https:\/\/webstore4.com\/de\/wp-json\/wp\/v2\/product"}],"about":[{"href":"https:\/\/webstore4.com\/de\/wp-json\/wp\/v2\/types\/product"}],"replies":[{"embeddable":true,"href":"https:\/\/webstore4.com\/de\/wp-json\/wp\/v2\/comments?post=13975"}],"wp:featuredmedia":[{"embeddable":true,"href":"https:\/\/webstore4.com\/de\/wp-json\/wp\/v2\/media\/13976"}],"wp:attachment":[{"href":"https:\/\/webstore4.com\/de\/wp-json\/wp\/v2\/media?parent=13975"}],"wp:term":[{"taxonomy":"pwb-brand","embeddable":true,"href":"https:\/\/webstore4.com\/de\/wp-json\/wp\/v2\/pwb-brand?post=13975"},{"taxonomy":"product_cat","embeddable":true,"href":"https:\/\/webstore4.com\/de\/wp-json\/wp\/v2\/product_cat?post=13975"},{"taxonomy":"product_tag","embeddable":true,"href":"https:\/\/webstore4.com\/de\/wp-json\/wp\/v2\/product_tag?post=13975"}],"curies":[{"name":"wp","href":"https:\/\/api.w.org\/{rel}","templated":true}]}}