{"id":13962,"date":"2023-12-26T13:38:02","date_gmt":"2023-12-26T11:38:02","guid":{"rendered":"https:\/\/webstore4.com\/?post_type=product&#038;p=13962"},"modified":"2024-04-19T15:20:13","modified_gmt":"2024-04-19T14:20:13","slug":"dahua-ipc-hdw3849h-as-pv-s4-dg-full-color-8mp-eyeball-camera","status":"publish","type":"product","link":"https:\/\/webstore4.com\/de\/product\/dahua-ipc-hdw3849h-as-pv-s4-dg-full-color-8mp-eyeball-camera\/","title":{"rendered":"Dahua IPC-HDW3849H-AS-PV-S4-DG dunkelgrau Vollfarbige Ultra 4K HD 8MP WizSense Outdoor-Augapfelkamera mit TioC 2.0, POE, IR-LED-Nachtsicht bis zu 30 Metern, microSD und 120 dB WDR"},"content":{"rendered":"<p>Die Dahua IPC-HDW3849H-AS-PV-S4-DG ist die dunkelgraue Version der Dahua IPC-HDW3849H-AS-PV-S4 und eine 8-Megapixel-Vollfarb-Ultra-4K-HD-Augapfelkamera mit POE, WizSense-Technologie usw Festes 2,8-mm-Objektiv, Infrarot-LED-Nachtsicht bis zu 30 Meter, SD-Kartensteckplatz, integriertes Mikrofon, Audio und Alarm sowie 120 dB WDR f\u00fcr den Innen- und Au\u00dfenbereich. Die Kamera verf\u00fcgt \u00fcber das neueste Smart H.265+\/Smart H.264+ Kodierungsprotokoll f\u00fcr eine sehr effiziente Nutzung der Netzwerkbandbreite und des Bildspeicherplatzes.<\/p>\n<p><strong>M\u00f6glichkeiten<\/strong><\/p>\n<p>Der Dahua IPC-HDW3849H-AS-PV-S4 zeigt Bilder in einer 4K UltraHD 3840\u00d72160 Aufl\u00f6sung an. Die Kamera verf\u00fcgt \u00fcber eine integrierte IR-LED und ist somit eine echte Tag- und Nachtkamera. Bei Dunkelheit kann die Kamera die integrierte IR-Beleuchtung einschalten, die auch bei v\u00f6lliger Dunkelheit (0 Lux) f\u00fcr ein gestochen scharfes Farbbild sorgt. Die IR-Beleuchtung hat eine Reichweite von nicht weniger als 30 Metern. Die Kamera verf\u00fcgt \u00fcber einen 120 dB Wide Dynamic Range (WDR), wodurch die Kamera auch mit komplexen Lichtverh\u00e4ltnissen, beispielsweise durch Gegenlicht der Sonne oder Autoscheinwerfer, sehr gut zurechtkommt.<\/p>\n<p>Bilder k\u00f6nnen unter anderem auf einem Netzwerk-Videorecorder (NVR) gespeichert werden. Die Kamera verf\u00fcgt au\u00dferdem \u00fcber die M\u00f6glichkeit, in der Kamera auf einer microSD-Speicherkarte mit bis zu maximal 256 GB aufzuzeichnen. Der Dahua IPC-HDW3849H-AS-PV-S4 verf\u00fcgt \u00fcber verschiedene intelligente Funktionen, darunter TioC 2.0, Smart Motion Detection Plus, Vollfarbtechnologie sowie aktive Sirenen- und Lichtabschreckung.<\/p>\n<p>Die Kamera ist mit der neuesten TioC 2.0-Technologie ausgestattet. TioC steht f\u00fcr Technologie, Innovation und offene Zusammenarbeit. Die Kamera verf\u00fcgt \u00fcber verschiedene Funktionen, die zur Sicherheit eines Bereichs beitragen. Dazu geh\u00f6ren kontinuierliche Vollfarb\u00fcberwachung, aktive Abschreckung und L\u00f6sungen f\u00fcr k\u00fcnstliche Intelligenz (KI). Durch die Vollfarbtechnologie erzeugt die Kamera auch nachts kontinuierlich ein Farbbild.<\/p>\n<p>Eine dieser intelligenten KI-L\u00f6sungen ist Smart Motion Detection Plus. Hierbei handelt es sich um eine fortschrittliche Technik, die eine genaue Erkennung von Bewegungen in Live-Videostreams gew\u00e4hrleistet. Es geht \u00fcber die herk\u00f6mmliche Bewegungserkennung hinaus, indem es KI-Algorithmen verwendet, die in der Lage sind, Bewegungen von Menschen und Fahrzeugen von anderen Objekten oder Hintergrundger\u00e4uschen zu unterscheiden. Der IPC-HDW3849H-AS-PV-S4 ist au\u00dferdem mit einer Sirene und einer aktiven Lichtabschreckung ausgestattet. Das bedeutet, dass die Kamera durch das eingebaute Mikrofon und Audio in Kombination mit dem eingebauten LED-Licht eine Abschreckung potenzieller Eindringlinge unterst\u00fctzt. Die Funktionsweise der aktiven Abschreckung mit Sirene und Licht kann im Video auf dieser Produktseite angesehen werden.<\/p>\n<p>Der Dahua IPC-HDW3849H-AS-PV-S4 nutzt die kostenlose niederl\u00e4ndische Dahua-App f\u00fcr Apple iOS und Android sowie PC\/Mac Video Management Software (VMS). Die Kamera verf\u00fcgt \u00fcber einen internen Webserver (auch auf Niederl\u00e4ndisch), der mit einem Webbrowser angezeigt und verwaltet werden kann. Da diese Kamera mit Cyber Security ausgestattet ist, verf\u00fcgt die Kamera \u00fcber eine Reihe wichtiger Sicherheitstechnologien. Dazu geh\u00f6ren beispielsweise Sicherheitsauthentifizierung und -autorisierung, Zugriffskontrolle, vertrauensw\u00fcrdiger Schutz, verschl\u00fcsselte \u00dcbertragung und verschl\u00fcsselte Speicherung.<\/p>\n<p>De Dahua IPC-HDW3849H-AS-PV-S4 heeft een IP67 rating waardoor de camera uitermate geschikt is voor gebruik buiten. Voor installatiegemak kan de camera via de netwerkkabel worden gevoed met Power over Ethernet (standaard 802.3af POE). PoE kan worden verkregen door een PoE NVR, een PoE switch of met een PoE injector. De camera kan ook worden gevoed met een optionele 12V voeding adapter.<\/p>\n<p>Onder het tabblad &#8216;Opties&#8217; staan geschikte Dahua montagebeugels. De camera is handmatig verstelbaar over 3 assen en daardoor ook zeer geschikt om verticaal tegen een wand te plaatsen.<\/p>\n<p><strong>Wichtigste Funktionen<\/strong><\/p>\n<ul>\n<li>8-Megapixel-Vollfarb-4K-UltraHD-Kamera mit festem 2,8-mm-Objektiv f\u00fcr gestochen scharfe Bilder<\/li>\n<li>TioC 2.0<\/li>\n<li>Eingebautes Mikrofon und Audio<\/li>\n<li>Eingebaute Alarm-, Sirenen- und Licht-Aktiv-Abschreckungstechnologie<\/li>\n<li>WizSense-Technologie<\/li>\n<li>Tag-\/Nachtkamera mit IR-LED<\/li>\n<li>IR-LED-Nachtsichtbeleuchtung bis zu 30 Meter<\/li>\n<li>Aufnahme in der Kamera auf SD-Karte (nicht im Lieferumfang enthalten)<\/li>\n<li>Auf 3 Achsen verstellbar<\/li>\n<li>120 dB breiter Dynamikbereich (WDR)<\/li>\n<li>Zonen-optionale Hintergrundbeleuchtungskompensation (BLC)<\/li>\n<li>3D-Digital-Rauschunterdr\u00fcckung (3D-DNR)<\/li>\n<li>Smart Motion Detection Plus, Videomanipulation, Privatzonenmaske (4 Bereiche), Intelligentes Videosystem (IVS)<\/li>\n<li>ONVIF-Protokoll<\/li>\n<li>Smart H.265+\/Smart H.264+<\/li>\n<li>Stromversorgung \u00fcber 12VDC-Adapter oder \u00fcber PoE (802.3af)<\/li>\n<\/ul>\n<p><a href=\"https:\/\/www.webstore4ipcameras.nl\/Copyright\" target=\"_blank\" rel=\"noopener\"><span style=\"color: #ff6e03; font-size: 11px;\">\u00a9 Der Text ist urheberrechtlich gesch\u00fctzt<\/span><\/a><\/p>\n<p><iframe title=\"Aktive Abschreckung 2.0 mit Perimeterschutz \u2013 Dahua\" width=\"960\" height=\"540\" src=\"https:\/\/www.youtube.com\/embed\/svkjsxAUXBs?feature=oembed&#038;enablejsapi=1&#038;origin=https:\/\/webstore4.com\" frameborder=\"0\" allow=\"accelerometer; autoplay; clipboard-write; encrypted-media; gyroscope; picture-in-picture; web-share\" allowfullscreen><\/iframe><\/p>","protected":false},"excerpt":{"rendered":"<p>De Dahua IPC-HDW3849H-AS-PV-S4-DG is de donkergrijze versie van de Dahua IPC-HDW3849H-AS-PV-S4\u00a0 en is een 8 megapixel Full-color Ultra 4K HD eyeball camera met POE, WizSense techniek, een vaste 2.8mm lens, infrarood LED nachtzicht tot 30 meter, SD kaart sleuf, ingebouwde microfoon, audio en alarm en 120dB WDR voor gebruik binnen of buiten. De camera beschikt<\/p>\n<div class=\"klb-readmore button\"><a class=\"btn link\" href=\"https:\/\/webstore4.com\/de\/product\/dahua-ipc-hdw3849h-as-pv-s4-dg-full-color-8mp-eyeball-camera\/\">Mehr lesen <i class=\"klbth-icon-right-arrow\"><\/i><\/a><\/div>","protected":false},"featured_media":13963,"comment_status":"open","ping_status":"closed","template":"","meta":[],"pwb-brand":[3376],"product_cat":[4184,4200],"product_tag":[],"class_list":{"0":"post-13962","1":"product","2":"type-product","3":"status-publish","4":"has-post-thumbnail","6":"pwb-brand-dahua","7":"product_cat-cameras","8":"product_cat-dome-eyeball-cameras-cameras","9":"product_shipping_class-pakket","10":"pa_beeldhoek-graden-horizontaal-4004","11":"pa_beeldsensor-1-2-8-cmos","12":"pa_dag-nacht-ir-cut-filter-ja","13":"pa_geheugenkaart-type-micro-sdsdhcsdxc-256gb","14":"pa_ingebouwd-type-nachtzicht-full-color-sensor","15":"pa_lens-mm-2-8","16":"pa_megapixel-8mp","17":"pa_merk-dahua","18":"pa_minimale-verlichting-0-007-lux-0-lux-met-ir","19":"pa_mobiele-app-fabrikant-ja","20":"pa_nachtzicht-ja","21":"pa_omgeving-binnen-en-buiten","22":"pa_opnemen-op-sd-kaart-ja","23":"pa_poe-802-3af","24":"pa_product-status-b","25":"pa_resolutie-max-pixels-ultra-4k-hd-3840x2160","26":"pa_vandaalbestendig-nee","27":"pa_verstelbare-assen-3631","28":"pa_voeding-12vdc","29":"pa_voeding-poe","30":"pa_wdr-ja","32":"first","33":"onbackorder","34":"taxable","35":"shipping-taxable","36":"purchasable","37":"product-type-simple"},"brands":[{"id":3376,"name":"Dahua","slug":"dahua"}],"_links":{"self":[{"href":"https:\/\/webstore4.com\/de\/wp-json\/wp\/v2\/product\/13962","targetHints":{"allow":["GET"]}}],"collection":[{"href":"https:\/\/webstore4.com\/de\/wp-json\/wp\/v2\/product"}],"about":[{"href":"https:\/\/webstore4.com\/de\/wp-json\/wp\/v2\/types\/product"}],"replies":[{"embeddable":true,"href":"https:\/\/webstore4.com\/de\/wp-json\/wp\/v2\/comments?post=13962"}],"wp:featuredmedia":[{"embeddable":true,"href":"https:\/\/webstore4.com\/de\/wp-json\/wp\/v2\/media\/13963"}],"wp:attachment":[{"href":"https:\/\/webstore4.com\/de\/wp-json\/wp\/v2\/media?parent=13962"}],"wp:term":[{"taxonomy":"pwb-brand","embeddable":true,"href":"https:\/\/webstore4.com\/de\/wp-json\/wp\/v2\/pwb-brand?post=13962"},{"taxonomy":"product_cat","embeddable":true,"href":"https:\/\/webstore4.com\/de\/wp-json\/wp\/v2\/product_cat?post=13962"},{"taxonomy":"product_tag","embeddable":true,"href":"https:\/\/webstore4.com\/de\/wp-json\/wp\/v2\/product_tag?post=13962"}],"curies":[{"name":"wp","href":"https:\/\/api.w.org\/{rel}","templated":true}]}}