{"id":13956,"date":"2023-12-26T12:44:14","date_gmt":"2023-12-26T10:44:14","guid":{"rendered":"https:\/\/webstore4.com\/?post_type=product&#038;p=13956"},"modified":"2024-04-19T15:20:06","modified_gmt":"2024-04-19T14:20:06","slug":"dahua-ipc-hdbw5842r-ase-s3-8mp-buiten-dome","status":"publish","type":"product","link":"https:\/\/webstore4.com\/de\/product\/dahua-ipc-hdbw5842r-ase-s3-8mp-buiten-dome\/","title":{"rendered":"Dahua IPC-HDBW5842R-ASE-S3 4K Ultra HD 8MP Outdoor-Dome mit 2,8-mm-Objektiv, ePOE, IR-Nachtsicht, 120 dB WDR, SMART H.264 und H.265"},"content":{"rendered":"<p>De Dahua IPC-HDBW5842R-ASE-S3 is een 4K Ultra HD 8 megapixel mini dome camera met ePOE, IR nachtzicht, ingebouwde microfoon, SD kaart sleuf en 120dB WDR voor binnen of buiten. De camera beschikt over ePoE waardoor een veel langere netwerkkabellengte mogelijk is. Verder beschikt de camera over het nieuwste SMART H.264+\/H.265+, AI H.264\/H.265 codering protocol voor zeer effici\u00ebnt gebruik van netwerk bandbreedte en opslagruimte voor beelden.<\/p>\n<p><strong>M\u00f6glichkeiten<\/strong><\/p>\n<p>Der IPC-HDW4831EM-ASE zeigt Bilder in einer 4K Ultra HD-Aufl\u00f6sung von 3840 x 2160 an. Bei sehr dunkler Umgebung kann die Kamera auch die integrierte IR-Beleuchtung einschalten, sodass Bilder auch bei v\u00f6lliger Dunkelheit (0 Lux) betrachtet werden k\u00f6nnen. Die IR-Beleuchtung hat eine Reichweite von nicht weniger als 50 Metern. Die Kamera verf\u00fcgt \u00fcber einen eingebauten automatischen IR-Sperrfilter, was sie zu einer echten Tag-\/Nachtkamera macht. Die Kamera verf\u00fcgt \u00fcber einen 120 dB Wide Dynamic Range (WDR), wodurch die Kamera auch mit komplexen Lichtverh\u00e4ltnissen, beispielsweise durch Gegenlicht der Sonne oder Autoscheinwerfer, sehr gut zurechtkommt. Die Kamera verf\u00fcgt \u00fcber ein festes 2,8-mm-Objektiv mit einem horizontalen Betrachtungswinkel von 112 Grad.<\/p>\n<p>De IPC-HDBW5842R-ASE-S3 beschikt over Intelligent Video System (IVS) waarmee slimme detectie als Tripwire, Intrusion, Missing\/Abandoned object mogelijk is. Daarnaast is ook Face detection is mogelijk. Mede door de nieuwe technologie van Artificial intelligence (AI) Powered Image heeft de camera de mogelijkheid om automatisch te reageren op veranderende omgevingen, lichtomstandigheden en verschillende soorten sc\u00e8nes. Hierdoor kunnen de camera&#8217;s zich aanpassen en optimaliseren voor helderheid, contrast, kleur en andere aspecten van het beeld, wat resulteert in beelden met een hoge kwaliteit en detailniveau.<\/p>\n<p>Beelden kunnen onder meer worden opgeslagen op een Netwerk Video Recorder (NVR). De camera beschikt ook over de mogelijkheid om in de camera op te nemen op een microSD geheugenkaart tot maximaal 512Gb. De camera beschikt over een audio en alarm in- en uitgang. Dahua heeft een gratis Nederlandstalige app beschikbaar voor Apple iOS en Android. De camera heeft een interne webserver die met een webbrowser kan worden bekeken en beheerd. Op de website van Dahua is gratis Video Management Software (VMS) voor een computer te downloaden. Onder het tabblad &#8216;Documentatie&#8217; is onder meer een link naar de datasheet en de product pagina van de fabrikant opgenomen.<\/p>\n<p>Die Dahua IPC-HDBW3841R-ZS verf\u00fcgt \u00fcber die Schutzart IP67, wodurch sich die Kamera ideal f\u00fcr den Au\u00dfenbereich eignet. Zur einfacheren Installation kann die Kamera \u00fcber das Netzwerkkabel mit Power over Ethernet (Standard 802.3af POE) mit Strom versorgt werden. PoE kann \u00fcber einen PoE-NVR, einen PoE-Switch oder mit einem PoE-Injektor bezogen werden. Die Kamera kann auch mit einem optionalen 12-V-Netzteil mit Strom versorgt werden. Unter dem Reiter \u201eOptionen\u201c k\u00f6nnen Sie angeben, ob ein Adapter enthalten sein soll. Passende Dahua-Montagehalterungen sind unter der Registerkarte \u201eOptionen\u201c erh\u00e4ltlich. Die Kamera ist \u00fcber 3 Achsen verstellbar und eignet sich daher sehr gut f\u00fcr die vertikale Aufstellung an einer Wand. Die Kamera verf\u00fcgt \u00fcber die Vandalismusklassifizierung IK10.<\/p>\n<p><strong>ePOE-Technologie<\/strong><\/p>\n<p>Die Kamera verf\u00fcgt \u00fcber ePOE, was eine deutlich l\u00e4ngere Netzwerkkabell\u00e4nge als die standardm\u00e4\u00dfigen 100 Meter f\u00fcr IP-Netzwerke erm\u00f6glicht. Die maximale Entfernung von einer ePOE-Kamera zu einem ePOE-Switch oder ePOE-NVR f\u00fcr Daten und Strom betr\u00e4gt 800 Meter (800 m bei 10 Mbit\/s, 13 W oder 300 m bei 100 Mbit\/s, 25,4 W). Das ePOE-System eignet sich auch perfekt f\u00fcr die Migration von analog zu IP: IP-Video, Audio, Steuerung und Stromversorgung (4 in 1) \u00fcber Koaxialkabel mit dem LR1002 ePoE-zu-BNC-Adapter. Die ePOE-Technologie erm\u00f6glicht eine flexiblere Gestaltung des \u00dcberwachungssystems, verbessert die Zuverl\u00e4ssigkeit und spart Bau- und Verkabelungskosten.<\/p>\n<p><strong>Wichtigste Funktionen<\/strong><\/p>\n<ul>\n<li>8-Megapixel-UltraHD-4K-Kamera mit festem Objektiv f\u00fcr gestochen scharfe Bilder<\/li>\n<li>Beschikking over EPoE<\/li>\n<li>Tag-\/Nachtkamera mit automatischem mechanischem IR-Sperrfilter<\/li>\n<li>AI-Powered Image technologie<\/li>\n<li>IR-Nachtsichtbeleuchtung bis zu 50 Meter<\/li>\n<li>Aufnahme in der Kamera auf SD-Karte<\/li>\n<li>Auf 3 Achsen verstellbar<\/li>\n<li>120 dB breiter Dynamikbereich (WDR)<\/li>\n<li>Zonen-optionale Hintergrundbeleuchtungskompensation (BLC)<\/li>\n<li>3D-Digital-Rauschunterdr\u00fcckung (3D-DNR)<\/li>\n<li>Bewegungserkennung, Manipulationsalarm, Privatzonenmaske, Intelligentes Videosystem (IVS)<\/li>\n<li>ONVIF-Protokoll<\/li>\n<li>SMART H.264+\/H.265+, AI H.264\/H.265<\/li>\n<li>Stromversorgung \u00fcber 12-VDC-Adapter oder \u00fcber PoE (802.3af) oder ePOE<\/li>\n<li>IK10 vandalensicher<\/li>\n<li>IP67 wetterfest<\/li>\n<\/ul>\n<p><a href=\"https:\/\/www.webstore4ipcameras.nl\/Copyright\" target=\"_blank\" rel=\"noopener\"><span style=\"color: #ff6e03; font-size: 11px;\">\u00a9 Der Text ist urheberrechtlich gesch\u00fctzt<\/span><\/a><\/p>","protected":false},"excerpt":{"rendered":"<p>De Dahua IPC-HDBW5842R-ASE-S3 is een 4K Ultra HD 8 megapixel mini dome camera met ePOE, IR nachtzicht, ingebouwde microfoon, SD kaart sleuf en 120dB WDR voor binnen of buiten. De camera beschikt over ePoE waardoor een veel langere netwerkkabellengte mogelijk is. Verder beschikt de camera over het nieuwste SMART H.264+\/H.265+, AI H.264\/H.265 codering protocol voor<\/p>\n<div class=\"klb-readmore button\"><a class=\"btn link\" href=\"https:\/\/webstore4.com\/de\/product\/dahua-ipc-hdbw5842r-ase-s3-8mp-buiten-dome\/\">Mehr lesen <i class=\"klbth-icon-right-arrow\"><\/i><\/a><\/div>","protected":false},"featured_media":13957,"comment_status":"open","ping_status":"closed","template":"","meta":[],"pwb-brand":[3376],"product_cat":[3435,4184,4200,4199],"product_tag":[],"class_list":{"0":"post-13956","1":"product","2":"type-product","3":"status-publish","4":"has-post-thumbnail","6":"pwb-brand-dahua","7":"product_cat-ip-cameras","8":"product_cat-cameras","9":"product_cat-dome-eyeball-cameras-cameras","10":"product_cat-dahua-starlight-series","11":"product_shipping_class-pakket","12":"pa_beeldhoek-graden-horizontaal-3629","13":"pa_beeldsensor-11-8-cmos","14":"pa_dag-nacht-ir-cut-filter-ja","15":"pa_geheugenkaart-type-micro-sd-sdhc-sdxc-512gb","16":"pa_ingebouwd-type-nachtzicht-infrared-ir-led","17":"pa_lens-mm-2-8","18":"pa_megapixel-8mp","19":"pa_merk-dahua","20":"pa_minimale-verlichting-0-0008-lux-0-lux-met-ir","21":"pa_mobiele-app-fabrikant-ja","22":"pa_nachtzicht-ja","23":"pa_omgeving-binnen-en-buiten","24":"pa_opnemen-op-sd-kaart-ja","25":"pa_poe-802-3af","26":"pa_poe-epoe","27":"pa_product-status-a","28":"pa_resolutie-max-pixels-ultra-4k-hd-3840x2160","29":"pa_vandaalbestendig-ik10","30":"pa_verstelbare-assen-3631","31":"pa_voeding-12vdc","32":"pa_voeding-epoe","33":"pa_voeding-poe","34":"pa_wdr-ja","36":"first","37":"onbackorder","38":"taxable","39":"shipping-taxable","40":"purchasable","41":"product-type-simple"},"brands":[{"id":3376,"name":"Dahua","slug":"dahua"}],"_links":{"self":[{"href":"https:\/\/webstore4.com\/de\/wp-json\/wp\/v2\/product\/13956","targetHints":{"allow":["GET"]}}],"collection":[{"href":"https:\/\/webstore4.com\/de\/wp-json\/wp\/v2\/product"}],"about":[{"href":"https:\/\/webstore4.com\/de\/wp-json\/wp\/v2\/types\/product"}],"replies":[{"embeddable":true,"href":"https:\/\/webstore4.com\/de\/wp-json\/wp\/v2\/comments?post=13956"}],"wp:featuredmedia":[{"embeddable":true,"href":"https:\/\/webstore4.com\/de\/wp-json\/wp\/v2\/media\/13957"}],"wp:attachment":[{"href":"https:\/\/webstore4.com\/de\/wp-json\/wp\/v2\/media?parent=13956"}],"wp:term":[{"taxonomy":"pwb-brand","embeddable":true,"href":"https:\/\/webstore4.com\/de\/wp-json\/wp\/v2\/pwb-brand?post=13956"},{"taxonomy":"product_cat","embeddable":true,"href":"https:\/\/webstore4.com\/de\/wp-json\/wp\/v2\/product_cat?post=13956"},{"taxonomy":"product_tag","embeddable":true,"href":"https:\/\/webstore4.com\/de\/wp-json\/wp\/v2\/product_tag?post=13956"}],"curies":[{"name":"wp","href":"https:\/\/api.w.org\/{rel}","templated":true}]}}