{"id":13954,"date":"2023-12-25T12:57:43","date_gmt":"2023-12-25T10:57:43","guid":{"rendered":"https:\/\/webstore4.com\/?post_type=product&#038;p=13954"},"modified":"2025-02-20T07:13:40","modified_gmt":"2025-02-20T06:13:40","slug":"nivian-kit830w-bewakingscamera-set-wit-met-4x-3mpo-recorder","status":"publish","type":"product","link":"https:\/\/webstore4.com\/de\/product\/nivian-kit830w-bewakingscamera-set-wit-met-4x-3mpo-recorder\/","title":{"rendered":"Nivian KIT830W \u00dcberwachungskamera-Plug-and-Play-Set wei\u00df mit 4x 3MP WiFi-Bullet-Kameras, 8-Kanal-Netzwerk-Videorecorder"},"content":{"rendered":"<p>Das Nivian KIT830W ist ein WLAN-\u00dcberwachungskamera-Set mit 4 Bullet-Au\u00dfenkameras mit 3 Megapixeln und einem 8-Kanal-Recorder. Der Rekorder bietet Platz f\u00fcr 1 Festplatte. Das Set ist komplett Plug &amp; Play und die Kameras wurden seit der Produktion sogar zum NVR hinzugef\u00fcgt. Das Set funktioniert mit der kostenlosen Nivian iOS- und Android-Mobil-App und -Software.<\/p>\n<p><strong>Kameraoptionen<\/strong><\/p>\n<p>Im Set sind 4 Nivian NV-CAM30W-Kameras mit einem 3-Megapixel-Sensor enthalten, die \u00fcber eine 2K-SuperHD-Aufl\u00f6sung von 2304\u00d71296 Pixeln verf\u00fcgen. Die Kameras verf\u00fcgen \u00fcber eine einstellbare Infrarot-Nachtsicht mit einer maximalen Reichweite von 20 Metern und ein festes 4-mm-Objektiv mit einem diagonalen Betrachtungswinkel von 104 Grad. Da die Kamera zwischen Menschen und Tieren unterscheidet, werden Fehlalarme auf ein Minimum reduziert.<\/p>\n<p>Die Nivian NV-CAM30W-Kamera verf\u00fcgt \u00fcber die Funktion 3D Digital Noise Reduction (3D-DNR), die Hintergrundger\u00e4usche minimiert. Dar\u00fcber hinaus verf\u00fcgt die Kamera \u00fcber eine Backlight Compensation (BLC)-Funktion, die Hintergrundbeleuchtung ausgleicht. Denken Sie an scharfes Sonnenlicht oder Lichtreflexionen. Die Kameras sind f\u00fcr den Au\u00dfenbereich geeignet (IP66).<\/p>\n<p>Bilder k\u00f6nnen unter anderem auf dem Network Video Recorder (NVR) gespeichert werden. Die Kamera hat <strong>nicht<\/strong> \u00fcber die M\u00f6glichkeit der Aufnahme in der Kamera auf einer microSD-Speicherkarte. Die Kameras m\u00fcssen mit dem mitgelieferten 12V-Netzteil betrieben werden.<\/p>\n<p><strong>Funktionen Netzwerk-Videorecorder<\/strong><\/p>\n<p>Das Nivian KIT830W wird mit einem Netzwerk-Videorecorder (NVR) geliefert. Der NVR verf\u00fcgt \u00fcber 8 Kan\u00e4le. Der NVR kann bis zu 8 IP-Kameras verbinden und ist \u00fcber einen Webbrowser und mit den kostenlosen mobilen Nivian-Apps f\u00fcr iOS und Android zug\u00e4nglich. Der NVR wird mit Netzteil und Maus geliefert. In diesem Set sind vier Kameras enthalten, so dass dieses auf 8 Kameras erweitert werden kann. Weitere Kameras k\u00f6nnen unter \u201eOptionen\u201c bestellt werden.<\/p>\n<p>Das Wi-Fi-Modul im NVR-Monitor erkennt die Kameras automatisch, was die Einrichtung sehr einfach macht. Der maximale Abstand zwischen Monitor und Kameras betr\u00e4gt in der Praxis mehrere zehn Meter, ist jedoch immer stark abh\u00e4ngig von Hindernissen zwischen den Antennen oder anderen St\u00f6rfaktoren.<\/p>\n<p><strong>Festplatte<\/strong><\/p>\n<p>De NVR in de monitor ondersteunt een 3,5 inch harde schijf tot maximaal 6 terrabyte. De set wordt geleverd zonder een harde schijf. Een harde schijf kan mee besteld worden onder &#8216;Opties&#8217;. De harde schijf is eenvoudig in te bouwen.<\/p>\n<p><strong>Plug<\/strong><\/p>\n<p>Das Kit ist einfach zu verwenden. Die Kameras lassen sich einfach an den NVR anschlie\u00dfen, da dieser vorprogrammiert ist. Nach der Montage der Festplatte kann der NVR mit dem mitgelieferten Netzwerkkabel an den Netzwerkrouter angeschlossen werden. Mit der Smartphone-App k\u00f6nnen Sie den NVR steuern und Bilder in Echtzeit betrachten. Das Set kann auch mit einem PC bedient werden.<\/p>\n<p>Eine kostenlose mobile App von Nivian ist mit EsaeCloud f\u00fcr Apple iOS und Android verf\u00fcgbar. Die Anwendung empf\u00e4ngt Benachrichtigungen, Bilder k\u00f6nnen angezeigt werden und es besteht die M\u00f6glichkeit, Kamera, Erkennung und Programmkonfiguration anzupassen.<\/p>\n<p>Wir empfehlen Ihnen, die Registerkarte \u201eDokumentation\u201c f\u00fcr das Nivian-Benutzerhandbuch und die Produktseite zu konsultieren.<\/p>\n<p><strong>Wichtigste Funktionen<\/strong><\/p>\n<ul>\n<li>Complete WIFi 2.4 set met bewakingscamera&#8217;s en recorder<\/li>\n<li>Plug<\/li>\n<li>Eingebautes Mikrofon in den Kameras<\/li>\n<li>IP66<\/li>\n<li>3D-DNR-Funktion<\/li>\n<li>BLC-Funktion<\/li>\n<li>Intelligente Bildanalyse: Personenerkennung, Bewegungserkennung und Ger\u00e4uscherkennung.<\/li>\n<li>4 IP-Kameras mit 2 Megapixel Full HD-Bildsensor, IR-Nachtsicht und f\u00fcr den Au\u00dfenbereich geeignet<\/li>\n<li>NVR mit 8 Kan\u00e4len und 1x HDMI- und 1x VGA-Anschluss<\/li>\n<li>Kostenlose iOS- und Android-App<\/li>\n<li>Ultra265\/H.265\/H.264-Komprimierung f\u00fcr effiziente Bildspeicherung<\/li>\n<li>ONVIF-Protokoll<\/li>\n<li>Maximal 6 TB Festplatte<\/li>\n<li>Einschlie\u00dflich Ern\u00e4hrung<\/li>\n<li>Wei\u00dfe Kameras mit schwarzem NVR<\/li>\n<\/ul>\n<p><a href=\"https:\/\/www.webstore4ipcameras.nl\/Copyright\" target=\"_blank\" rel=\"noopener\"><span style=\"color: #ff6e03; font-size: 11px;\">\u00a9 Der Text ist urheberrechtlich gesch\u00fctzt<\/span><\/a><\/p>\n<p><iframe title=\"Kit de Videovigiliancia Wifi Nivian f\u00fcr Hogares y Negocios\" width=\"960\" height=\"540\" src=\"https:\/\/www.youtube.com\/embed\/jQ9sojfdayE?feature=oembed&#038;enablejsapi=1&#038;origin=https:\/\/webstore4.com\" frameborder=\"0\" allow=\"accelerometer; autoplay; clipboard-write; encrypted-media; gyroscope; picture-in-picture; web-share\" referrerpolicy=\"strict-origin-when-cross-origin\" allowfullscreen><\/iframe><\/p>","protected":false},"excerpt":{"rendered":"<p>De Nivian KIT830W is een WiFi bewakingscamera kit met 4 bullet 3 megapixel buiten camera&#8217;s en een 8-kanaals recorder. De recorder heeft ruimte voor 1 harde schijf. De set is volledig Plug&amp;Play en de camera&#8217;s zijn zelfs al aan de NVR toegevoegd vanaf productie. De set werkt met de gratis Nivian iOS en Android mobile<\/p>\n<div class=\"klb-readmore button\"><a class=\"btn link\" href=\"https:\/\/webstore4.com\/de\/product\/nivian-kit830w-bewakingscamera-set-wit-met-4x-3mpo-recorder\/\">Mehr lesen <i class=\"klbth-icon-right-arrow\"><\/i><\/a><\/div>","protected":false},"featured_media":13955,"comment_status":"open","ping_status":"closed","template":"","meta":[],"pwb-brand":[3410],"product_cat":[3435,4184,4249],"product_tag":[],"class_list":{"0":"post-13954","1":"product","2":"type-product","3":"status-publish","4":"has-post-thumbnail","6":"pwb-brand-nivian","7":"product_cat-ip-cameras","8":"product_cat-cameras","9":"product_cat-ip-camera-sets-cameras","10":"product_shipping_class-pakket","11":"pa_beeldsensor-13-cmos","12":"pa_draadloos-ja","13":"pa_harddisk-type-1-x-3-5-inch-max-6tb","14":"pa_ingebouwd-type-nachtzicht-infrared-ir-led","15":"pa_lens-mm-4-0","16":"pa_maximaal-ip-camera-kanalen-3646","17":"pa_maximum-aantal-harddisks-3722","18":"pa_megapixel-3mp","19":"pa_merk-nivian","20":"pa_mobiele-app-fabrikant-ja","21":"pa_nachtzicht-ja","22":"pa_omgeving-binnen-en-buiten","23":"pa_opnemen-op-sd-kaart-nee","24":"pa_resolutie-max-pixels-full-hd-2304x1296","25":"pa_vandaalbestendig-nee","26":"pa_voeding-12vdc","27":"pa_voeding-inclusief-adapter","29":"first","30":"onbackorder","31":"taxable","32":"shipping-taxable","33":"purchasable","34":"product-type-simple"},"brands":[{"id":3410,"name":"Nivian","slug":"nivian"}],"_links":{"self":[{"href":"https:\/\/webstore4.com\/de\/wp-json\/wp\/v2\/product\/13954","targetHints":{"allow":["GET"]}}],"collection":[{"href":"https:\/\/webstore4.com\/de\/wp-json\/wp\/v2\/product"}],"about":[{"href":"https:\/\/webstore4.com\/de\/wp-json\/wp\/v2\/types\/product"}],"replies":[{"embeddable":true,"href":"https:\/\/webstore4.com\/de\/wp-json\/wp\/v2\/comments?post=13954"}],"wp:featuredmedia":[{"embeddable":true,"href":"https:\/\/webstore4.com\/de\/wp-json\/wp\/v2\/media\/13955"}],"wp:attachment":[{"href":"https:\/\/webstore4.com\/de\/wp-json\/wp\/v2\/media?parent=13954"}],"wp:term":[{"taxonomy":"pwb-brand","embeddable":true,"href":"https:\/\/webstore4.com\/de\/wp-json\/wp\/v2\/pwb-brand?post=13954"},{"taxonomy":"product_cat","embeddable":true,"href":"https:\/\/webstore4.com\/de\/wp-json\/wp\/v2\/product_cat?post=13954"},{"taxonomy":"product_tag","embeddable":true,"href":"https:\/\/webstore4.com\/de\/wp-json\/wp\/v2\/product_tag?post=13954"}],"curies":[{"name":"wp","href":"https:\/\/api.w.org\/{rel}","templated":true}]}}