{"id":13932,"date":"2023-12-25T11:41:37","date_gmt":"2023-12-25T09:41:37","guid":{"rendered":"https:\/\/webstore4.com\/?post_type=product&#038;p=13932"},"modified":"2024-04-25T08:31:35","modified_gmt":"2024-04-25T07:31:35","slug":"wl4-cbl-usb-a-c-1-w-usb-a-naar-usb-c-kabel","status":"publish","type":"product","link":"https:\/\/webstore4.com\/de\/product\/wl4-cbl-usb-a-c-1-w-usb-a-naar-usb-c-kabel\/","title":{"rendered":"WL4 CBL-USB-AC-1-W USB-A-auf-USB-C-Kabel 1 Meter wei\u00df"},"content":{"rendered":"<p>De WL4 CBL-USB-A-C-1-W is een USB-A naar USB-C kabel. De USB-C kabel is \u00e9\u00e9n meter lang en heeft een witte kleur. De kabel wordt veelal gebruikt voor het opladen van smartphone of tablet of voor snelle datasynchronisatie.<br \/>\nMet de WL4 CBL-USB-A-C-1-W is het mogelijk om data te transporteren tot 480 Mbps en opladen is mogelijk tot 3 ampere en 36 wattage. De kabel is volledig geproduceerd van koperdraad en is bijzonder goed bestand tegen storingen.<\/p>\n<p><strong>Wichtigste Funktionen<\/strong><\/p>\n<ul>\n<li>USB 2.0<\/li>\n<li>1 meter kabel<\/li>\n<li>Kabeldiameter 3 MM<\/li>\n<li>Niet storingsgevoelig<\/li>\n<li>Sterke uitvoering<\/li>\n<li>Datasynchronisatie tot 480 Mbps<\/li>\n<li>Opladen 3A\/36W<\/li>\n<li>Wei\u00df<\/li>\n<\/ul>\n<p><a href=\"https:\/\/www.webstore4ipcameras.nl\/Copyright\" target=\"_blank\" rel=\"noopener\"><span style=\"color: #ff6e03; font-size: 11px;\">\u00a9 Der Text ist urheberrechtlich gesch\u00fctzt<\/span><\/a><\/p>","protected":false},"excerpt":{"rendered":"<p>De WL4 CBL-USB-A-C-1-W is een USB-A naar USB-C kabel. De USB-C kabel is \u00e9\u00e9n meter lang en heeft een witte kleur. De kabel wordt veelal gebruikt voor het opladen van smartphone of tablet of voor snelle datasynchronisatie. Met de WL4 CBL-USB-A-C-1-W is het mogelijk om data te transporteren tot 480 Mbps en opladen is mogelijk<\/p>\n<div class=\"klb-readmore button\"><a class=\"btn link\" href=\"https:\/\/webstore4.com\/de\/product\/wl4-cbl-usb-a-c-1-w-usb-a-naar-usb-c-kabel\/\">Mehr lesen <i class=\"klbth-icon-right-arrow\"><\/i><\/a><\/div>","protected":false},"featured_media":10230,"comment_status":"open","ping_status":"closed","template":"","meta":[],"pwb-brand":[3380],"product_cat":[3441,3458,4520],"product_tag":[],"class_list":{"0":"post-13932","1":"product","2":"type-product","3":"status-publish","4":"has-post-thumbnail","6":"pwb-brand-wl4","7":"product_cat-benodigdheden","8":"product_cat-voedingen","9":"product_cat-omvormers-en-usb","10":"pa_merk-wl4","12":"first","13":"onbackorder","14":"taxable","15":"shipping-taxable","16":"purchasable","17":"product-type-simple"},"brands":[{"id":3380,"name":"WL4","slug":"wl4"}],"_links":{"self":[{"href":"https:\/\/webstore4.com\/de\/wp-json\/wp\/v2\/product\/13932","targetHints":{"allow":["GET"]}}],"collection":[{"href":"https:\/\/webstore4.com\/de\/wp-json\/wp\/v2\/product"}],"about":[{"href":"https:\/\/webstore4.com\/de\/wp-json\/wp\/v2\/types\/product"}],"replies":[{"embeddable":true,"href":"https:\/\/webstore4.com\/de\/wp-json\/wp\/v2\/comments?post=13932"}],"wp:featuredmedia":[{"embeddable":true,"href":"https:\/\/webstore4.com\/de\/wp-json\/wp\/v2\/media\/10230"}],"wp:attachment":[{"href":"https:\/\/webstore4.com\/de\/wp-json\/wp\/v2\/media?parent=13932"}],"wp:term":[{"taxonomy":"pwb-brand","embeddable":true,"href":"https:\/\/webstore4.com\/de\/wp-json\/wp\/v2\/pwb-brand?post=13932"},{"taxonomy":"product_cat","embeddable":true,"href":"https:\/\/webstore4.com\/de\/wp-json\/wp\/v2\/product_cat?post=13932"},{"taxonomy":"product_tag","embeddable":true,"href":"https:\/\/webstore4.com\/de\/wp-json\/wp\/v2\/product_tag?post=13932"}],"curies":[{"name":"wp","href":"https:\/\/api.w.org\/{rel}","templated":true}]}}