{"id":13919,"date":"2023-12-23T14:41:31","date_gmt":"2023-12-23T12:41:31","guid":{"rendered":"https:\/\/webstore4.com\/?post_type=product&#038;p=13919"},"modified":"2024-04-19T15:20:04","modified_gmt":"2024-04-19T14:20:04","slug":"wl4-sl60-grendelslot-voor-tuindeuren","status":"publish","type":"product","link":"https:\/\/webstore4.com\/de\/product\/wl4-sl60-grendelslot-voor-tuindeuren\/","title":{"rendered":"WL4 SL60 Riegelschloss f\u00fcr Tore und Gartent\u00fcren links und rechts aus Edelstahl mit 3 Schl\u00fcsseln"},"content":{"rendered":"<p>Das WL4 SL60 ist ein Set f\u00fcr Gartent\u00fcren aus Edelstahl. WL4 f\u00fchrt in der Kategorie Tore und Z\u00e4une hochwertige Produkte aus Materialien wie Stahl, Edelstahl, verzinktem Stahl und pulverbeschichtetem Stahl.<\/p>\n<p>Wir stellen immer Produktinformationen wie L\u00e4nge, Breite und Dicke des Produkts zur Verf\u00fcgung. Dar\u00fcber hinaus haben unsere Produkte ein luxuri\u00f6ses Aussehen und eine lange Lebensdauer, was sie zu einer nachhaltigen L\u00f6sung macht.<\/p>\n<p>Unter der Marke WL4 f\u00fchrt WebStore4 Qualit\u00e4tsprodukte zu sehr wettbewerbsf\u00e4higen Preisen. Gesch\u00e4ftskunden erhalten bei uns wettbewerbsf\u00e4hige Preise f\u00fcr gr\u00f6\u00dfere Eink\u00e4ufe, aber auch f\u00fcr Privatpersonen halten wir die Preise wettbewerbsf\u00e4hig. F\u00fcr Gesch\u00e4ftskunden, die regelm\u00e4\u00dfig einkaufen, haben wir ein Konto, in dem Preise und Verwaltungsdokumente sofort sichtbar sind.<\/p>\n<p><strong>M\u00f6glichkeiten<\/strong><\/p>\n<p>Beim WL4 SL60 handelt es sich um ein Set zum Verschlie\u00dfen beispielsweise von Gartent\u00fcren, das sowohl im Innen- als auch im Au\u00dfenbereich eingesetzt werden kann. Das Set besteht aus Edelstahl und wird mit 3 Schl\u00fcsseln geliefert. Dieses Produkt eignet sich beispielsweise f\u00fcr Z\u00e4une und Tore im Garten oder auf dem Grundst\u00fcck.<\/p>\n<p>Der WL4 SL60 kann f\u00fcr Holz- oder Metallz\u00e4une verwendet werden. Da es aus Edelstahl gefertigt ist, ist es relativ gut vor Rostbildung gesch\u00fctzt. Die Installation des WL4 SL60 ist einfach und kann sowohl f\u00fcr links- als auch rechts\u00f6ffnende T\u00fcren verwendet werden.<\/p>\n<p><strong>Wichtigste Funktionen<\/strong><\/p>\n<ul>\n<li>Lange Lebensspanne<\/li>\n<li>Leicht zusammenzubauen<\/li>\n<li>Enth\u00e4lt 3 Schl\u00fcssel<\/li>\n<li>T\u00fcrschutz und T\u00fcrgriff aus Edelstahl<\/li>\n<li>Links und rechts verwendbar<\/li>\n<li>Zylinder von 35\u00d735 MM<\/li>\n<li>Schlosskasten 72\u00d7165 MM<\/li>\n<li>PC-Gr\u00f6\u00dfe: 72 mm<\/li>\n<li>Doppelter Nachtpunsch<\/li>\n<li>Edelstahloptik<\/li>\n<\/ul>\n<p><a href=\"https:\/\/www.webstore4ipcameras.nl\/Copyright\" target=\"_blank\" rel=\"noopener\"><span style=\"color: #ff6e03; font-size: 11px;\">\u00a9 Der Text ist urheberrechtlich gesch\u00fctzt<\/span><\/a><\/p>","protected":false},"excerpt":{"rendered":"<p>De WL4 SL60 is een set voor tuindeuren gemaakt van roestvaststaal. WL4 voert onder de categorie Poort en hekwerk hoogwaardige producten van materialen zoals staal, roestvrijstaal, verzinkt staal en gepoedercoat staal. Wij geven altijd de productinformatie op zoals de lengte, breedte en dikte van het product. Daarnaast hebben onze producten een luxueuze uitstraling en een<\/p>\n<div class=\"klb-readmore button\"><a class=\"btn link\" href=\"https:\/\/webstore4.com\/de\/product\/wl4-sl60-grendelslot-voor-tuindeuren\/\">Mehr lesen <i class=\"klbth-icon-right-arrow\"><\/i><\/a><\/div>","protected":false},"featured_media":13922,"comment_status":"open","ping_status":"closed","template":"","meta":[],"pwb-brand":[3380],"product_cat":[4544,4562],"product_tag":[],"class_list":{"0":"post-13919","1":"product","2":"type-product","3":"status-publish","4":"has-post-thumbnail","6":"pwb-brand-wl4","7":"product_cat-poort-en-hekwerk","8":"product_cat-sluitingen-en-sloten","9":"product_shipping_class-pakket","10":"pa_kleur-grijs","11":"pa_materiaal-roestvast-staal","12":"pa_merk-wl4","13":"pa_omgeving-binnen-en-buiten","15":"first","16":"onbackorder","17":"taxable","18":"shipping-taxable","19":"purchasable","20":"product-type-simple"},"brands":[{"id":3380,"name":"WL4","slug":"wl4"}],"_links":{"self":[{"href":"https:\/\/webstore4.com\/de\/wp-json\/wp\/v2\/product\/13919","targetHints":{"allow":["GET"]}}],"collection":[{"href":"https:\/\/webstore4.com\/de\/wp-json\/wp\/v2\/product"}],"about":[{"href":"https:\/\/webstore4.com\/de\/wp-json\/wp\/v2\/types\/product"}],"replies":[{"embeddable":true,"href":"https:\/\/webstore4.com\/de\/wp-json\/wp\/v2\/comments?post=13919"}],"wp:featuredmedia":[{"embeddable":true,"href":"https:\/\/webstore4.com\/de\/wp-json\/wp\/v2\/media\/13922"}],"wp:attachment":[{"href":"https:\/\/webstore4.com\/de\/wp-json\/wp\/v2\/media?parent=13919"}],"wp:term":[{"taxonomy":"pwb-brand","embeddable":true,"href":"https:\/\/webstore4.com\/de\/wp-json\/wp\/v2\/pwb-brand?post=13919"},{"taxonomy":"product_cat","embeddable":true,"href":"https:\/\/webstore4.com\/de\/wp-json\/wp\/v2\/product_cat?post=13919"},{"taxonomy":"product_tag","embeddable":true,"href":"https:\/\/webstore4.com\/de\/wp-json\/wp\/v2\/product_tag?post=13919"}],"curies":[{"name":"wp","href":"https:\/\/api.w.org\/{rel}","templated":true}]}}