{"id":13914,"date":"2023-12-23T13:28:56","date_gmt":"2023-12-23T11:28:56","guid":{"rendered":"https:\/\/webstore4.com\/?post_type=product&#038;p=13914"},"modified":"2025-05-16T17:15:29","modified_gmt":"2025-05-16T16:15:29","slug":"yli-yb-500hdled-elektrisch-opbouw-grendelslot","status":"publish","type":"product","link":"https:\/\/webstore4.com\/de\/product\/yli-yb-500hdled-elektrisch-opbouw-grendelslot\/","title":{"rendered":"YLI YB-500HD(LED) 24V elektrisches oberfl\u00e4chenmontiertes Riegelschloss f\u00fcr Doppelt\u00fcren, ausfallsicher oder ausfallsicher, mit Widerstandskraft 1000 kg und LED-Status, NO\/NC"},"content":{"rendered":"<p>Der YLI YB-500HD(LED) ist ein elektrischer Aufputzriegel f\u00fcr eine Doppelt\u00fcr. Das elektrische Riegelschloss wird im Innenbereich eingesetzt und besteht aus einem stabilen Aluminiumgeh\u00e4use. Die Konstruktion ist speziell auf Einbruchschutz ausgelegt und hochwertig. Der YLI YB-500HD(LED) eignet sich sehr gut f\u00fcr den Einsatz an einer Innent\u00fcr, einem Zaun oder einem Tor.<\/p>\n<p><strong>M\u00f6glichkeiten<\/strong><\/p>\n<p>Der YLI YB-500HD(LED) ist f\u00fcr den Einsatz mit jedem Zutrittskontrollsystem geeignet. Das Schloss muss mit 12 VDC betrieben werden. Netzteil ist nicht im Lieferumfang enthalten. Passende Netzteile k\u00f6nnen unter \u201eOptionen\u201c bestellt werden. Der Riegel ist f\u00fcr zwei T\u00fcren verwendbar und verf\u00fcgt \u00fcber eine Status-LED. Der Status wird gr\u00fcn, wenn er entsperrt ist, und rot, wenn er gesperrt ist.<\/p>\n<p>Daarnaast bevind er een instelbare NO\/NC contact in de YB-500HD(LED), waardoor zelf bepaald kan worden of de deur op basis van fail safe of fail secure functie werkt. Doordat dit grendelslot ook een zogenaamde &#8216;re-lock time delay&#8217; functie heeft kan het slot ingesteld worden dat de tijd vertraagd wordt voordat de deur weer vergrendeld wordt.<\/p>\n<p>Het idee achter &#8216;re-lock time delay&#8217; is om mensen de tijd te geven om de deur te openen en door te gaan zonder dat de deur meteen weer op grendel gaat, terwijl het tegelijkertijd de beveiliging handhaaft door de deur uiteindelijk toch opnieuw te vergrendelen. Dit kan handig zijn in situaties waarbij mensen herhaaldelijk door een deur moeten gaan zonder telkens opnieuw te hoeven ontgrendelen, maar waar het ook belangrijk is dat de deur na een bepaalde tijd weer op slot gaat voor veiligheidsdoeleinden.<\/p>\n<p>Wir empfehlen Ihnen, die Abmessungen und die korrekte Anwendung im Datenblatt und auf der Produktseite unter der Registerkarte \u201eDokumentation\u201c zu pr\u00fcfen.<\/p>\n<p><strong>Wichtigste Funktionen<\/strong><\/p>\n<ul>\n<li>Einstellbarer NO\/NC-Kontakt<\/li>\n<li>Ausfallsicher \/ ausfallsicher<\/li>\n<li>Einstellbare Wiederverriegelungsverz\u00f6gerung 0,3,6 oder 9 Sekunden<\/li>\n<li>Stabile Aluminiumausf\u00fchrung<\/li>\n<li>Status-LED Gr\u00fcn\/Rot<\/li>\n<li>12VDC-Stromversorgung<\/li>\n<li>1000 kg Haltekraft<\/li>\n<li>Funktioniert zwischen -40 und 60 Grad<\/li>\n<li>Geh\u00e4useabmessungen: 425x45x35 MM (L\u00e4nge, H\u00f6he, Breite)<\/li>\n<li>Riegelma\u00dfe: 204 x 35 x 35 mm (L\u00e4nge, H\u00f6he, Breite)<\/li>\n<\/ul>\n<p><a href=\"https:\/\/www.webstore4ipcameras.nl\/Copyright\" target=\"_blank\" rel=\"noopener\"><span style=\"color: #ff6e03; font-size: 11px;\">\u00a9 Der Text ist urheberrechtlich gesch\u00fctzt<\/span><\/a><\/p>\n<div style=\"width: 720px;\" class=\"wp-video\"><video class=\"wp-video-shortcode\" id=\"video-13914-1\" width=\"720\" height=\"1280\" preload=\"metadata\" controls=\"controls\"><source type=\"video\/mp4\" src=\"https:\/\/webstore4.com\/wp-content\/uploads\/2023\/12\/YB-500HDLED.mp4?_=1\" \/><a href=\"https:\/\/webstore4.com\/wp-content\/uploads\/2023\/12\/YB-500HDLED.mp4\">https:\/\/webstore4.com\/wp-content\/uploads\/2023\/12\/YB-500HDLED.mp4<\/a><\/video><\/div>","protected":false},"excerpt":{"rendered":"<p>Der YLI YB-500HD(LED) ist ein elektrischer Aufputzriegel f\u00fcr eine Doppelt\u00fcr. Das elektrische Riegelschloss wird im Innenbereich eingesetzt und besteht aus einem stabilen Aluminiumgeh\u00e4use. Die Konstruktion ist speziell auf Einbruchschutz ausgelegt und hochwertig. Der YLI YB-500HD(LED) eignet sich sehr gut f\u00fcr den Einsatz an einer Innent\u00fcr, einem Zaun oder einem Tor.<\/p>\n<div class=\"klb-readmore button\"><a class=\"btn link\" href=\"https:\/\/webstore4.com\/de\/product\/yli-yb-500hdled-elektrisch-opbouw-grendelslot\/\">Mehr lesen <i class=\"klbth-icon-right-arrow\"><\/i><\/a><\/div>","protected":false},"featured_media":14038,"comment_status":"open","ping_status":"closed","template":"","meta":[],"pwb-brand":[3382],"product_cat":[4191,4197],"product_tag":[],"class_list":{"0":"post-13914","1":"product","2":"type-product","3":"status-publish","4":"has-post-thumbnail","6":"pwb-brand-yli","7":"product_cat-access","8":"product_cat-elektrische-sloten","9":"product_shipping_class-pakket","10":"pa_cilinderslot-nee","11":"pa_fail-fail-safe","12":"pa_fail-fail-secure","13":"pa_garantie-3-jaar","14":"pa_merk-yli","15":"pa_montage-opbouw","16":"pa_omgeving-binnen","17":"pa_product-grendelslot","18":"pa_voeding-12vdc","19":"pa_weerstand-kracht-1000-kg","21":"first","22":"instock","23":"taxable","24":"shipping-taxable","25":"purchasable","26":"product-type-simple"},"brands":[{"id":3382,"name":"YLI","slug":"yli"}],"_links":{"self":[{"href":"https:\/\/webstore4.com\/de\/wp-json\/wp\/v2\/product\/13914","targetHints":{"allow":["GET"]}}],"collection":[{"href":"https:\/\/webstore4.com\/de\/wp-json\/wp\/v2\/product"}],"about":[{"href":"https:\/\/webstore4.com\/de\/wp-json\/wp\/v2\/types\/product"}],"replies":[{"embeddable":true,"href":"https:\/\/webstore4.com\/de\/wp-json\/wp\/v2\/comments?post=13914"}],"wp:featuredmedia":[{"embeddable":true,"href":"https:\/\/webstore4.com\/de\/wp-json\/wp\/v2\/media\/14038"}],"wp:attachment":[{"href":"https:\/\/webstore4.com\/de\/wp-json\/wp\/v2\/media?parent=13914"}],"wp:term":[{"taxonomy":"pwb-brand","embeddable":true,"href":"https:\/\/webstore4.com\/de\/wp-json\/wp\/v2\/pwb-brand?post=13914"},{"taxonomy":"product_cat","embeddable":true,"href":"https:\/\/webstore4.com\/de\/wp-json\/wp\/v2\/product_cat?post=13914"},{"taxonomy":"product_tag","embeddable":true,"href":"https:\/\/webstore4.com\/de\/wp-json\/wp\/v2\/product_tag?post=13914"}],"curies":[{"name":"wp","href":"https:\/\/api.w.org\/{rel}","templated":true}]}}