{"id":13906,"date":"2023-12-23T12:26:35","date_gmt":"2023-12-23T10:26:35","guid":{"rendered":"https:\/\/webstore4.com\/?post_type=product&#038;p=13906"},"modified":"2025-04-09T15:45:24","modified_gmt":"2025-04-09T14:45:24","slug":"wl4-hsl22-verstelbaar-scharnier-50-cm","status":"publish","type":"product","link":"https:\/\/webstore4.com\/de\/product\/wl4-hsl22-verstelbaar-scharnier-50-cm\/","title":{"rendered":"WL4 HSL22 Verstellbares Scharnier, 50 cm, Dicke 5 mm, verzinkt"},"content":{"rendered":"<p>De WL4 HSL22 is een uitvoering van een verstelbaar scharnier gemaakt van staal. WL4 voert onder de categorie Poort en hekwerk hoogwaardige producten van materialen zoals staal, roestvrijstaal, verzinkt staal en gepoedercoat staal. De afmetingen van het scharnier moeten passen bij de afmetingen van de deur, poort of ander object dat ge\u00efnstalleerd moet worden.<\/p>\n<p>Wir stellen immer Produktinformationen wie L\u00e4nge, Breite und Dicke des Produkts zur Verf\u00fcgung. Dar\u00fcber hinaus haben unsere Produkte ein luxuri\u00f6ses Aussehen und eine lange Lebensdauer, was sie zu einer nachhaltigen L\u00f6sung macht.<\/p>\n<p>Unter der Marke WL4 f\u00fchrt WebStore4 Qualit\u00e4tsprodukte zu sehr wettbewerbsf\u00e4higen Preisen. Gesch\u00e4ftskunden erhalten bei uns wettbewerbsf\u00e4hige Preise f\u00fcr gr\u00f6\u00dfere Eink\u00e4ufe, aber auch f\u00fcr Privatpersonen halten wir die Preise wettbewerbsf\u00e4hig. F\u00fcr Gesch\u00e4ftskunden, die regelm\u00e4\u00dfig einkaufen, haben wir ein Konto, in dem Preise und Verwaltungsdokumente sofort sichtbar sind.<\/p>\n<p><strong>M\u00f6glichkeiten<\/strong><\/p>\n<p>De WL4 HSL22 is een verstelbaar scharnier voor binnen en buiten, gemaakt van staal. Het materiaal is verzinkt, zodat het een lange levensduur heeft in de buitenomgeving. Dit product is erg sterk, verstelbaar en zeer eenvoudig te monteren.<\/p>\n<p>Met de WL4 HSL22 kan voor een houten poort,\u00a0 houten hekwerk of houten deur worden gebruikt. Doordat het materiaal verzinkt is heeft het direct een extra bescherming tegen roestvorming. Het monteren van de WL4 HSL22 is eenvoudig. Doordat de scharnier verstelbaar is, kan het op de juiste maat versteld worden.<\/p>\n<p><strong>Wichtigste Funktionen<\/strong><\/p>\n<ul>\n<li>Verstelbaar<\/li>\n<li>Verzinkt<\/li>\n<li>Lange Lebensspanne<\/li>\n<li>Leicht zusammenzubauen<\/li>\n<li>Plaatafmeting: 130x35x5 MM<\/li>\n<li>Hengafmeting: 500x40x5 MM<\/li>\n<li>Dikte verticale lip: 8 MM<\/li>\n<li>Boutdiameter: 16 MM<\/li>\n<li>Verzinkt<\/li>\n<\/ul>\n<p><a href=\"https:\/\/www.webstore4ipcameras.nl\/Copyright\" target=\"_blank\" rel=\"noopener\"><span style=\"color: #ff6e03; font-size: 11px;\">\u00a9 Der Text ist urheberrechtlich gesch\u00fctzt<\/span><\/a><\/p>","protected":false},"excerpt":{"rendered":"<p>De WL4 HSL22 is een uitvoering van een verstelbaar scharnier gemaakt van staal. WL4 voert onder de categorie Poort en hekwerk hoogwaardige producten van materialen zoals staal, roestvrijstaal, verzinkt staal en gepoedercoat staal. De afmetingen van het scharnier moeten passen bij de afmetingen van de deur, poort of ander object dat ge\u00efnstalleerd moet worden. Wij<\/p>\n<div class=\"klb-readmore button\"><a class=\"btn link\" href=\"https:\/\/webstore4.com\/de\/product\/wl4-hsl22-verstelbaar-scharnier-50-cm\/\">Mehr lesen <i class=\"klbth-icon-right-arrow\"><\/i><\/a><\/div>","protected":false},"featured_media":13907,"comment_status":"open","ping_status":"closed","template":"","meta":[],"pwb-brand":[3380],"product_cat":[4544,4545],"product_tag":[],"class_list":{"0":"post-13906","1":"product","2":"type-product","3":"status-publish","4":"has-post-thumbnail","6":"pwb-brand-wl4","7":"product_cat-poort-en-hekwerk","8":"product_cat-scharnieren","9":"product_shipping_class-pakket","10":"pa_kleur-grijs","11":"pa_kleur-verzinkt","12":"pa_lengte-50-cm","13":"pa_materiaal-staal","14":"pa_materiaal-verzinkt","15":"pa_merk-wl4","16":"pa_omgeving-binnen-en-buiten","18":"first","19":"onbackorder","20":"taxable","21":"shipping-taxable","22":"purchasable","23":"product-type-simple"},"brands":[{"id":3380,"name":"WL4","slug":"wl4"}],"_links":{"self":[{"href":"https:\/\/webstore4.com\/de\/wp-json\/wp\/v2\/product\/13906","targetHints":{"allow":["GET"]}}],"collection":[{"href":"https:\/\/webstore4.com\/de\/wp-json\/wp\/v2\/product"}],"about":[{"href":"https:\/\/webstore4.com\/de\/wp-json\/wp\/v2\/types\/product"}],"replies":[{"embeddable":true,"href":"https:\/\/webstore4.com\/de\/wp-json\/wp\/v2\/comments?post=13906"}],"wp:featuredmedia":[{"embeddable":true,"href":"https:\/\/webstore4.com\/de\/wp-json\/wp\/v2\/media\/13907"}],"wp:attachment":[{"href":"https:\/\/webstore4.com\/de\/wp-json\/wp\/v2\/media?parent=13906"}],"wp:term":[{"taxonomy":"pwb-brand","embeddable":true,"href":"https:\/\/webstore4.com\/de\/wp-json\/wp\/v2\/pwb-brand?post=13906"},{"taxonomy":"product_cat","embeddable":true,"href":"https:\/\/webstore4.com\/de\/wp-json\/wp\/v2\/product_cat?post=13906"},{"taxonomy":"product_tag","embeddable":true,"href":"https:\/\/webstore4.com\/de\/wp-json\/wp\/v2\/product_tag?post=13906"}],"curies":[{"name":"wp","href":"https:\/\/api.w.org\/{rel}","templated":true}]}}