{"id":13886,"date":"2023-12-22T13:11:42","date_gmt":"2023-12-22T11:11:42","guid":{"rendered":"https:\/\/webstore4.com\/?post_type=product&#038;p=13886"},"modified":"2024-12-20T12:17:51","modified_gmt":"2024-12-20T11:17:51","slug":"uniview-ipc3234sr3-dvz28-4mp-dome-camera","status":"publish","type":"product","link":"https:\/\/webstore4.com\/de\/product\/uniview-ipc3234sr3-dvz28-4mp-dome-camera\/","title":{"rendered":"Uniview IPC3234SR3-DVZ28 Full HD 4MP dome camera met gemotoriseerde varifocale lens, WDR, 30 meter IR nachtzicht en SD kaart"},"content":{"rendered":"<p>De Uniview IPC3234SR3-DVZ28 is een vandaalbestendige Full HD 4MP dome camera voor binnen of buiten met gemotoriseerde varifocale lens, people couting, 30 meter IR nachtzicht en de mogelijkheid om op te nemen op een microSD kaart. De camera werkt met de gratis app en software.<\/p>\n<p>Nur ein St\u00fcck verf\u00fcgbar.<\/p>\n<p><strong>M\u00f6glichkeiten<\/strong><\/p>\n<p>De camera geeft beelden weer in Full HD resolutie van 2592&#215;1520 pixels. De camera beschikt over een varifocale lens van 2.8 tot 12 MM en een horizontale beeldhoek van 27\u00a0 tot 91 graden. Verder beschikt de camera over een ingebouwd IR-cut filter (ICR) en Lowlight surveillance technologie. Daarmee is dit een echte dag\/nacht camera. In donkere omstandigheden kan de camera ook de ingebouwde IR inschakelen waardoor zelfs beelden in volledige duisternis (0 Lux) kunnen worden bekeken. De IR verlichting heeft een bereik van 30 meter. De camera beschikt over 120dB Wide Dynamic Range (WDR) waardoor de camera goed kan omgaan met complexe lichtomstandigheden.<\/p>\n<p>De Uniview IPC3234SR3-DVZ28 heeft bewegingsdetectie en gezichtsdetectie, waarmee het tellen van mensen mogelijk is. De camera kan ingesteld worden op een detectiegebied met de Cross Line technologie en kan ook bijhouden wanneer mensen het gebied betreden en verlaten. Beelden kunnen worden opgeslagen op een Netwerk Video Recorder (NVR). De camera kan ook opnemen op een microSD geheugenkaart tot 128Gb (niet meegeleverd).<\/p>\n<p>De Uniview IPC3234SR3-DVZ28 is geschikt voor gebruik buiten en heeft een IP67 klasse. Daarnaast is de camera vandaalbestendig met IK10 klasse. Voor installatiegemak kan de camera via de netwerkkabel worden gevoed met Power over Ethernet (standaard 802.3af P0E). PoE kan worden verkregen door een PoE NVR, een PoE switch of met een PoE injector. De camera kan ook worden gevoed met een optionele 12V voeding adapter. Diverse geschikte adapters staan weergegeven onder het tabblad\u00a0 &#8216;Opties&#8217;.<br \/>\nDe camera is verstelbaar over 3 assen en beschikt over een alarm ingang en uitgang. Een deel van de montagebeugels zijn opgenomen onder het tabblad &#8216;Gerelateerd&#8217;.<\/p>\n<p>Eine kostenlose mobile App ist f\u00fcr Apple iOS und Android verf\u00fcgbar. Es kann die niederl\u00e4ndische Uniview-App oder die spezifische Uniarch-App (Englisch) verwendet werden. Die Kamera verf\u00fcgt \u00fcber einen internen Webserver, der \u00fcber einen Webbrowser angezeigt und verwaltet werden kann. Auch die Verwaltung der Kameras und Bilder ist mit einem NVR m\u00f6glich. Video Management Software (VMS) f\u00fcr einen Computer kann kostenlos von der Uniview-Website heruntergeladen werden.<\/p>\n<p>Overige specificaties kunnen bekeken worden op het tabblad &#8216;Documentatie&#8217;. Daar\u00a0 is een link opgenomen naar de datasheet van de fabrikant.<\/p>\n<p><strong>Hauptmerkmale<\/strong><\/p>\n<ul>\n<li>4-Megapixel-Progressive-Scan-CMOS<\/li>\n<li>Ultra 265, H.265, H.264<\/li>\n<li>2.8-12mm gemotoriseerde varifocale lens met 27 &#8211; 91 graden horizontale beeldhoek<\/li>\n<li>2\/3D DNR Digital Noise Reduction<\/li>\n<li>Kostenlose App und Software<\/li>\n<li>Bewegingsdetectie, gezichtsdetectie, people couting, Cross line technology<\/li>\n<li>Enter erea, leave area detectie<\/li>\n<li>Tag-\/Nachtkamera mit automatischem mechanischem IR-Sperrfilter<\/li>\n<li>120 dB WDR (WDR)<\/li>\n<li>Maximale IR bereik van 30 meter<\/li>\n<li>IP67 wetterfest<\/li>\n<li>IK10 vandalensicher<\/li>\n<li>ONVIF compitabel<\/li>\n<li>Alarm 1x input en 1x output<\/li>\n<li>Nehmen Sie auf einer microSD-Karte mit bis zu 128 GB auf<\/li>\n<li>Stromversorgung \u00fcber 12VDC-Adapter oder \u00fcber PoE (802.3af)<\/li>\n<\/ul>\n<p><a href=\"https:\/\/webstore4.com\/Copyright\/\" target=\"_blank\" rel=\"noopener\"><span style=\"color: #ff6e03; font-size: 11px;\">\u00a9 Der Text ist urheberrechtlich gesch\u00fctzt<\/span><\/a><\/p>","protected":false},"excerpt":{"rendered":"<p>De Uniview IPC3234SR3-DVZ28 is een vandaalbestendige Full HD 4MP dome camera voor binnen of buiten met gemotoriseerde varifocale lens, people couting, 30 meter IR nachtzicht en de mogelijkheid om op te nemen op een microSD kaart. De camera werkt met de gratis app en software. Slechts \u00e9\u00e9n stuks beschikbaar. Mogelijkheden De camera geeft beelden weer<\/p>\n<div class=\"klb-readmore button\"><a class=\"btn link\" href=\"https:\/\/webstore4.com\/de\/product\/uniview-ipc3234sr3-dvz28-4mp-dome-camera\/\">Mehr lesen <i class=\"klbth-icon-right-arrow\"><\/i><\/a><\/div>","protected":false},"featured_media":13887,"comment_status":"open","ping_status":"closed","template":"","meta":[],"pwb-brand":[3419],"product_cat":[3435,4184,4200],"product_tag":[],"class_list":{"0":"post-13886","1":"product","2":"type-product","3":"status-publish","4":"has-post-thumbnail","6":"pwb-brand-uniview","7":"product_cat-ip-cameras","8":"product_cat-cameras","9":"product_cat-dome-eyeball-cameras-cameras","10":"product_shipping_class-pakket","11":"pa_audio-ingang-uitgang","12":"pa_beeldhoek-graden-horizontaal-91-27","13":"pa_beeldsensor-13-cmos","14":"pa_dag-nacht-ir-cut-filter-ja","15":"pa_draadloos-nee","16":"pa_geheugenkaart-type-micro-sdsdhcsdxc-128gb","17":"pa_ingebouwd-type-nachtzicht-infrared-ir-led","18":"pa_lens-mm-2-8-12","19":"pa_megapixel-4mp","20":"pa_merk-uniview","21":"pa_minimale-verlichting-0-005-lux-0-lux-met-ir","22":"pa_mobiele-app-fabrikant-ja","23":"pa_nachtzicht-ja","24":"pa_omgeving-binnen-en-buiten","25":"pa_opnemen-op-sd-kaart-ja","26":"pa_poe-802-3af","27":"pa_resolutie-max-pixels-full-hd-2592x1520","28":"pa_voeding-12vdc","29":"pa_voeding-poe","30":"pa_wdr-ja","32":"first","33":"instock","34":"sale","35":"sold-individually","36":"taxable","37":"shipping-taxable","38":"purchasable","39":"product-type-simple"},"brands":[{"id":3419,"name":"Uniview","slug":"uniview"}],"_links":{"self":[{"href":"https:\/\/webstore4.com\/de\/wp-json\/wp\/v2\/product\/13886","targetHints":{"allow":["GET"]}}],"collection":[{"href":"https:\/\/webstore4.com\/de\/wp-json\/wp\/v2\/product"}],"about":[{"href":"https:\/\/webstore4.com\/de\/wp-json\/wp\/v2\/types\/product"}],"replies":[{"embeddable":true,"href":"https:\/\/webstore4.com\/de\/wp-json\/wp\/v2\/comments?post=13886"}],"wp:featuredmedia":[{"embeddable":true,"href":"https:\/\/webstore4.com\/de\/wp-json\/wp\/v2\/media\/13887"}],"wp:attachment":[{"href":"https:\/\/webstore4.com\/de\/wp-json\/wp\/v2\/media?parent=13886"}],"wp:term":[{"taxonomy":"pwb-brand","embeddable":true,"href":"https:\/\/webstore4.com\/de\/wp-json\/wp\/v2\/pwb-brand?post=13886"},{"taxonomy":"product_cat","embeddable":true,"href":"https:\/\/webstore4.com\/de\/wp-json\/wp\/v2\/product_cat?post=13886"},{"taxonomy":"product_tag","embeddable":true,"href":"https:\/\/webstore4.com\/de\/wp-json\/wp\/v2\/product_tag?post=13886"}],"curies":[{"name":"wp","href":"https:\/\/api.w.org\/{rel}","templated":true}]}}