{"id":13844,"date":"2023-12-21T11:01:23","date_gmt":"2023-12-21T09:01:23","guid":{"rendered":"https:\/\/webstore4.com\/?post_type=product&#038;p=13844"},"modified":"2025-09-18T13:55:54","modified_gmt":"2025-09-18T12:55:54","slug":"ruijie-reyee-ew1200-router-en-wi-fi-versterker","status":"publish","type":"product","link":"https:\/\/webstore4.com\/de\/product\/ruijie-reyee-ew1200-router-en-wi-fi-versterker\/","title":{"rendered":"Ruijie Reyee EW1200 Router und WLAN-Verst\u00e4rker Dual-Flow und Dual-Band 2,4 GHz und 5 GHz 802.11ac Access Point mit kostenloser App"},"content":{"rendered":"<p>Der Reyee EW1200 der Marke Ruijie ist ein 802.11AC Dual-Flow-Router und WLAN-Verst\u00e4rker f\u00fcr den Innenbereich. Der Router kann somit als Receiver, aber auch als Repeater genutzt werden. Der EW1200 ist mit vier Gigabit-Ethernet-Ports (1x WAN, 3x LAN) ausgestattet und kann mit dem mitgelieferten 12V AC\/DC-Adapter mit Strom versorgt werden.<\/p>\n<p>Ruijie Networks ist ein chinesisches Unternehmen, das sich auf Netzwerkger\u00e4te und -l\u00f6sungen spezialisiert hat. Reyee ist eine der Produktlinien, die sich auf Sicherheit, insbesondere im Bereich Cybersicherheit, konzentriert. Ruijie Reyee bietet verschiedene Sicherheitsl\u00f6sungen, darunter Firewalls, Intrusion-Detection-Systeme, Antivirensoftware und mehr, um Netzwerke vor Cyber-Bedrohungen zu sch\u00fctzen. Ihre Produkte sollen umfassenden Schutz sowohl f\u00fcr kleine als auch gro\u00dfe Netzwerkinfrastrukturen f\u00fcr den Gesch\u00e4fts- und Privatmarkt bieten.<\/p>\n<p><strong>M\u00f6glichkeiten<\/strong><\/p>\n<p>Der Reyee EW1200 ist ein Router, der auch als WLAN-Booster f\u00fcr den Innenbereich fungieren kann und h\u00e4ufig in kleinen B\u00fcros, H\u00e4usern und Wohnungen eingesetzt wird. Der Reyee EW1200 verf\u00fcgt \u00fcber vier RJ-45-Anschl\u00fcsse und bietet dank vier integrierter WLAN-Antennen die M\u00f6glichkeit, das WLAN-Signal auf eine ganze Etage auszudehnen. Dank Dualband AC1300 2,4 GHz (300 Mbit\/s) und 5 GHz (867 Mbit\/s) 802.11ac bietet der EW1200 eine WLAN-Kapazit\u00e4t von bis zu 1200 Mbit\/s. Die Konnektivit\u00e4t der Signale h\u00e4ngt immer von Hindernissen in dem Raum ab, in dem der EW1200 aufgestellt ist.<\/p>\n<p>Ruijie bietet eine kostenlose Anwendung, die die \u00dcberwachung und Bedienung der Produkte vereinfacht. Der EW1200 wird einfach \u00fcber die Anwendung aktiviert. Dort wird auch der Router verwaltet. In Kombination mit IP-Kenntnissen ist es mit diesem Router sogar m\u00f6glich, Ger\u00e4te aus der Ferne zu verwalten.<\/p>\n<p>Die weiteren Spezifikationen finden Sie im Datenblatt unter dem Reiter \u201eDokumentation\u201c. Dar\u00fcber hinaus bietet die Produktseite des Herstellers zahlreiche Informationen zur Bedienung des Reyee EW1200R.<\/p>\n<p><strong>Wichtigste Funktionen<\/strong><\/p>\n<ul>\n<li>802.11AC Dual-Flow, 2 Geschwindigkeiten bis zu 867 Mbit\/s auf 5 GHz und 300 Mbit\/s auf 2,4 GHz<\/li>\n<li>Kann als Receiver oder als WLAN-Verst\u00e4rker verwendet werden<\/li>\n<li>4x Port RJ45, 10\/100 Mbit\/s<\/li>\n<li>Kompatibel mit 802.11a\/b\/g\/n\/ac<\/li>\n<li>Dual-Radio MU-MIMO, 2 + 2 integrierte Antennen<\/li>\n<li>Verwaltung \u00fcber die kostenlose Ruijie Cloud<\/li>\n<li>Stromversorgung \u00fcber mitgelieferten 12V-Adapter<\/li>\n<li>2,4 und 5 GHz<\/li>\n<\/ul>\n<p><a href=\"https:\/\/www.webstore4ipcameras.nl\/Copyright\" target=\"_blank\" rel=\"noopener\"><span style=\"color: #ff6e03; font-size: 11px;\">\u00a9 Der Text ist urheberrechtlich gesch\u00fctzt<\/span><\/a><\/p>","protected":false},"excerpt":{"rendered":"<p>Der Reyee EW1200 der Marke Ruijie ist ein 802.11AC Dual-Flow-Router und WLAN-Verst\u00e4rker f\u00fcr den Innenbereich. Der Router kann somit als Receiver, aber auch als Repeater genutzt werden. Der EW1200 ist mit vier Gigabit-Ethernet-Ports (1x WAN, 3x LAN) ausgestattet und kann mit dem mitgelieferten 12V AC\/DC-Adapter mit Strom versorgt werden.<\/p>\n<div class=\"klb-readmore button\"><a class=\"btn link\" href=\"https:\/\/webstore4.com\/de\/product\/ruijie-reyee-ew1200-router-en-wi-fi-versterker\/\">Mehr lesen <i class=\"klbth-icon-right-arrow\"><\/i><\/a><\/div>","protected":false},"featured_media":13846,"comment_status":"open","ping_status":"closed","template":"","meta":[],"pwb-brand":[4612],"product_cat":[3440,4611],"product_tag":[],"class_list":{"0":"post-13844","1":"product","2":"type-product","3":"status-publish","4":"has-post-thumbnail","6":"pwb-brand-ruijie-networks","7":"product_cat-netwerk","8":"product_cat-wi-fi-versterkers","9":"product_shipping_class-pakket","10":"pa_aanbieding-sale","11":"pa_merk-ruijie-networks","12":"pa_omgeving-binnen","13":"pa_rj45-lan-aansluiting-3x-10-100","14":"pa_voeding-12vdc","15":"pa_voeding-inclusief-adapter","16":"pa_wi-fi-data-snelheid-300-mbps","17":"pa_wi-fi-data-snelheid-867-mbps","19":"first","20":"instock","21":"sale","22":"sold-individually","23":"taxable","24":"shipping-taxable","25":"purchasable","26":"product-type-simple"},"brands":[{"id":4612,"name":"Ruijie Networks","slug":"ruijie-networks"}],"_links":{"self":[{"href":"https:\/\/webstore4.com\/de\/wp-json\/wp\/v2\/product\/13844","targetHints":{"allow":["GET"]}}],"collection":[{"href":"https:\/\/webstore4.com\/de\/wp-json\/wp\/v2\/product"}],"about":[{"href":"https:\/\/webstore4.com\/de\/wp-json\/wp\/v2\/types\/product"}],"replies":[{"embeddable":true,"href":"https:\/\/webstore4.com\/de\/wp-json\/wp\/v2\/comments?post=13844"}],"wp:featuredmedia":[{"embeddable":true,"href":"https:\/\/webstore4.com\/de\/wp-json\/wp\/v2\/media\/13846"}],"wp:attachment":[{"href":"https:\/\/webstore4.com\/de\/wp-json\/wp\/v2\/media?parent=13844"}],"wp:term":[{"taxonomy":"pwb-brand","embeddable":true,"href":"https:\/\/webstore4.com\/de\/wp-json\/wp\/v2\/pwb-brand?post=13844"},{"taxonomy":"product_cat","embeddable":true,"href":"https:\/\/webstore4.com\/de\/wp-json\/wp\/v2\/product_cat?post=13844"},{"taxonomy":"product_tag","embeddable":true,"href":"https:\/\/webstore4.com\/de\/wp-json\/wp\/v2\/product_tag?post=13844"}],"curies":[{"name":"wp","href":"https:\/\/api.w.org\/{rel}","templated":true}]}}