{"id":13801,"date":"2023-12-19T18:53:49","date_gmt":"2023-12-19T16:53:49","guid":{"rendered":"https:\/\/webstore4.com\/?post_type=product&#038;p=13801"},"modified":"2024-04-19T15:19:47","modified_gmt":"2024-04-19T14:19:47","slug":"hikvision-ds-pwa96-m-we-ax-pro-zwarte-centrale","status":"publish","type":"product","link":"https:\/\/webstore4.com\/de\/product\/hikvision-ds-pwa96-m-we-ax-pro-zwarte-centrale\/","title":{"rendered":"Hikvision DS-PWA96-M-WE-B AX PRO schwarze Zentraleinheit mit Kartenleser, LAN, WLAN und 4G"},"content":{"rendered":"<div class=\"video-frame-box\" style=\"width: 100%; max-width: 480px; max-height: 270px; float: right; padding: 0px 10px 10px 10px;\">\n<div class=\"video-frame\"><iframe src=\"\/\/www.youtube.com\/embed\/AEH_-ssPE90?rel=0&amp;modestbranding=1&amp;showinfo=0&amp;autohide=1\" width=\"480\" height=\"270\" frameborder=\"0\"><\/iframe><\/div>\n<\/div>\n<p>De Hikvision DS-PWA96-M-WE-B is de zwarte versie van de Hikvision DS-PWA96-M-WE en is onderdeel van het Hikvision AX PRO beveiligingssysteem. Hikvision AX PRO is een draadloos inbraak-, smart home en video verificatiesysteem van Hikvision geschikt voor zowel woningen als bedrijfsgebouwen. De Hikvision DS-PWA96-M-WE-B kan worden uitgebreid met een brede keuze aan detectoren en andere accessoires, zoals slimme stekkers, repeaters, bedienpanelen, kaartlezers, sirene en een voedingsmodule.<\/p>\n<p>Das AX PRO-System funktioniert sehr einfach mit der Hik-Connect-App f\u00fcr Endbenutzer, die auch f\u00fcr andere Hikvision-Produkte wie IP-Kameras verwendet wird. Auf diese Weise k\u00f6nnen Sie als Kunde alle Hikvision-Produkte in einer Anwendung verwalten.<\/p>\n<p><strong>M\u00f6glichkeiten<\/strong><\/p>\n<p>Die Hikvision DS-PWA64-L-WE ist eine AX PRO-Zentraleinheit. Die Zentraleinheit ist das Zentrum des Hikvision-Alarmsystems und kommuniziert mit allen einzelnen Teilen des Alarmsystems und wird mit der Hikvision Hik-Connect-Anwendung verwaltet. Mit der App k\u00f6nnen Sie das Sicherheitssystem einfach verwalten und Ihren Raum \u00fcberwachen. Die anderen Komponenten des Hikvision-Sicherheitssystems sind je nach Komponente in einer Entfernung von 800 bis 2000 Metern mit dieser Zentrale verbunden. Der Hub meldet die Alarme per Push-Benachrichtigung, SMS oder Telefonanruf.<\/p>\n<p>Der DS-PWA64-L-WE ist der zentrale drahtlose Controller zwischen allen Ger\u00e4ten und arbeitet mit verschl\u00fcsselter Nachrichten\u00fcbermittlung an die Hikvision-Anwendung. Das Alarmsystem funktioniert auf der zuverl\u00e4ssigen 868-MHz-Frequenz. Es k\u00f6nnen bis zu 64 Zonen eingerichtet werden, davon maximal 48 PIR-Kamerasensoren. Es k\u00f6nnen 32 Netzwerkteilnehmer eingerichtet werden und es ist m\u00f6glich, mit Sprachansagen zu arbeiten.<\/p>\n<p>Aufgrund der engen Zusammenarbeit mit der Hikvision-Anwendung ist es m\u00f6glich, Benachrichtigungen direkt \u00fcber die Anwendung, die Webumgebung oder die Cloud zu empfangen. Der Hikvision DS-PWA96-M-WE verf\u00fcgt \u00fcber einen LAN-Eingang zum direkten Anschluss eines Internetkabels. Es ist auch m\u00f6glich, \u00fcber WLAN oder mit der 3G- und 4G-SIM-Karte des General Packet Radio Service (GPRS) zu arbeiten. Das Bedienfeld verf\u00fcgt au\u00dferdem \u00fcber einen integrierten Kartenleser.<\/p>\n<p>Die Zentraleinheit Hikvision DS-PWA64-L-WE muss mit einem mitgelieferten Adapter mit Strom versorgt werden. Dar\u00fcber hinaus verf\u00fcgt die Zentraleinheit \u00fcber einen integrierten 4520-mAh-Backup-Akku, sodass das System bei einem Stromausfall bis zu 12 Stunden funktionsf\u00e4hig ist. Unter dem Reiter \u201eDokumentation\u201c gibt es einen Link zum Datenblatt, zur Schnellstartanleitung und zur Produktseite des Herstellers mit Informationen zum Produkt, inklusive der ausf\u00fchrlichen Anleitung.<\/p>\n<p>WebStore4 ist offizieller H\u00e4ndler von Hikvision AX PRO. Wir liefern Hikvision AX PRO auf Selbstkonfigurationsbasis. F\u00fcr gr\u00f6\u00dfere Mengen k\u00f6nnen wir auf Anfrage einen wettbewerbsf\u00e4higeren Preis anbieten und auf Anfrage auch die Installation anbieten.<\/p>\n<p><strong>Wichtigste Funktionen<\/strong><\/p>\n<ul>\n<li>Verwalten Sie mit der Hik-Connect-Anwendung direkte Live-Bilder und Benachrichtigungen<\/li>\n<li>868 MHz Frequenz<\/li>\n<li>M\u00f6glichkeit zur Verbindung mit TCP\/IP (LAN), WLAN sowie 3G- und 4G-GPRS-Netzwerken<\/li>\n<li>Anschlie\u00dfbar an bis zu 96 Ger\u00e4te<\/li>\n<li>Pusht Alarmbenachrichtigungen \u00fcber Nachrichten oder Telefonanrufe<\/li>\n<li>48 Netzwerkbenutzer<\/li>\n<li>Drahtloses Protokoll der n\u00e4chsten Generation: Tri-X\/Cam-X<\/li>\n<li>Zwei-Wege-Kommunikation mit AES-128-Verschl\u00fcsselung<\/li>\n<li>Einschlie\u00dflich Pufferbatterie sind Batterien von der Garantie ausgeschlossen<\/li>\n<li>Schwarz<\/li>\n<\/ul>\n<p><a href=\"https:\/\/www.webstore4ipcameras.nl\/Copyright\" target=\"_blank\" rel=\"noopener\"><span style=\"color: #ff6e03; font-size: 11px;\">\u00a9 Der Text ist urheberrechtlich gesch\u00fctzt<\/span><\/a><\/p>","protected":false},"excerpt":{"rendered":"<p>De Hikvision DS-PWA96-M-WE-B is de zwarte versie van de Hikvision DS-PWA96-M-WE en is onderdeel van het Hikvision AX PRO beveiligingssysteem. Hikvision AX PRO is een draadloos inbraak-, smart home en video verificatiesysteem van Hikvision geschikt voor zowel woningen als bedrijfsgebouwen. De Hikvision DS-PWA96-M-WE-B kan worden uitgebreid met een brede keuze aan detectoren en andere accessoires,<\/p>\n<div class=\"klb-readmore button\"><a class=\"btn link\" href=\"https:\/\/webstore4.com\/de\/product\/hikvision-ds-pwa96-m-we-ax-pro-zwarte-centrale\/\">Mehr lesen <i class=\"klbth-icon-right-arrow\"><\/i><\/a><\/div>","protected":false},"featured_media":13802,"comment_status":"open","ping_status":"closed","template":"","meta":[],"pwb-brand":[3367],"product_cat":[3466,4224,3483],"product_tag":[],"class_list":{"0":"post-13801","1":"product","2":"type-product","3":"status-publish","4":"has-post-thumbnail","6":"pwb-brand-hikvision","7":"product_cat-alarm","8":"product_cat-alarmsystemen","9":"product_cat-hikvision-ax-pro","10":"product_shipping_class-pakket","11":"pa_kleur-zwart","12":"pa_merk-hikvision","13":"pa_product-centrale","15":"first","16":"onbackorder","17":"taxable","18":"shipping-taxable","19":"purchasable","20":"product-type-simple"},"brands":[{"id":3367,"name":"Hikvision","slug":"hikvision"}],"_links":{"self":[{"href":"https:\/\/webstore4.com\/de\/wp-json\/wp\/v2\/product\/13801","targetHints":{"allow":["GET"]}}],"collection":[{"href":"https:\/\/webstore4.com\/de\/wp-json\/wp\/v2\/product"}],"about":[{"href":"https:\/\/webstore4.com\/de\/wp-json\/wp\/v2\/types\/product"}],"replies":[{"embeddable":true,"href":"https:\/\/webstore4.com\/de\/wp-json\/wp\/v2\/comments?post=13801"}],"wp:featuredmedia":[{"embeddable":true,"href":"https:\/\/webstore4.com\/de\/wp-json\/wp\/v2\/media\/13802"}],"wp:attachment":[{"href":"https:\/\/webstore4.com\/de\/wp-json\/wp\/v2\/media?parent=13801"}],"wp:term":[{"taxonomy":"pwb-brand","embeddable":true,"href":"https:\/\/webstore4.com\/de\/wp-json\/wp\/v2\/pwb-brand?post=13801"},{"taxonomy":"product_cat","embeddable":true,"href":"https:\/\/webstore4.com\/de\/wp-json\/wp\/v2\/product_cat?post=13801"},{"taxonomy":"product_tag","embeddable":true,"href":"https:\/\/webstore4.com\/de\/wp-json\/wp\/v2\/product_tag?post=13801"}],"curies":[{"name":"wp","href":"https:\/\/api.w.org\/{rel}","templated":true}]}}