{"id":13636,"date":"2023-12-13T14:00:38","date_gmt":"2023-12-13T12:00:38","guid":{"rendered":"https:\/\/webstore4.com\/?post_type=product&#038;p=13636"},"modified":"2026-02-23T14:46:32","modified_gmt":"2026-02-23T13:46:32","slug":"zkteco-kr310-dubbele-frequentie-kaart-lezer","status":"publish","type":"product","link":"https:\/\/webstore4.com\/de\/product\/zkteco-kr310-dubbele-frequentie-kaart-lezer\/","title":{"rendered":"ZKTeco KR310 Eigenst\u00e4ndiger Dual-Frequenz-Kartenleser f\u00fcr Mifare, Mifare DESFire und RFID im Innen- und Au\u00dfenbereich"},"content":{"rendered":"<p>Der ZKTeco KR310 ist ein hochwertiger Kartenleser f\u00fcr Mifare-, Mifare DESFire- und RFID-Karten, Armb\u00e4nder und Tags. Dank der IP65-Witterungsbest\u00e4ndigkeit kann der KR310 sowohl im Innen- als auch im Au\u00dfenbereich eingesetzt werden. Die Zugangskontrolle erfolgt mittels Proximity-Karte, Armband oder Tag. Der ZKTeco KR310 ist ideal f\u00fcr den Einsatz in H\u00e4usern, Mehrfamilienh\u00e4usern, Gesch\u00e4ftsr\u00e4umen und B\u00fcros.<\/p>\n<p><strong>M\u00f6glichkeiten<\/strong><\/p>\n<p>Der ZKTeco KR310 kann eigenst\u00e4ndig verwendet werden, sodass f\u00fcr die Verwendung dieses Systems kein Controller erforderlich ist. Der KR310 ist mit den Controllern der Serien ZK-C3, ZK-INBIO, ZK-SRB-DM10 und ATLAS kompatibel. Der KR310 zeichnet sich dadurch aus, dass es sich um einen \u201eDual Frequency\u201c-Leser handelt. Das bedeutet, dass das Leseger\u00e4t Mifare 13,56 MHz, Mifare DESFire 13,56 MHz und RFID 125 kHz unterst\u00fctzt. Das Leseger\u00e4t ist wasserdicht nach IP65 und somit sowohl im Innen- als auch im Au\u00dfenbereich einsetzbar.<br \/>\nDer KR310 ist einfach zu installieren und zeigt mithilfe der integrierten LED-Leuchten an, ob der Zugang verweigert oder erlaubt ist. Der KR310 wird normalerweise an einem T\u00fcrrahmen oder Fensterrahmen montiert.<\/p>\n<p>Unter der Registerkarte \u201eDokumentation\u201c gibt es einen Link zum Datenblatt und zur Website des Herstellers mit vielen Informationen, einschlie\u00dflich der Software und Handb\u00fcchern.<\/p>\n<p><strong>Wichtigste Funktionen<\/strong><\/p>\n<ul>\n<li>Einfache Installation<\/li>\n<li>Eigenst\u00e4ndige<\/li>\n<li>Unterst\u00fctzt Mifare 13,56 MHz, Mifare DESFire 13,56 MHz und RFID 125 kHz<\/li>\n<li>Wetterfest IP65<\/li>\n<li><span><span>Elegantes und robustes Design<\/span><\/span><\/li>\n<\/ul>\n<p><a href=\"https:\/\/www.webstore4ipcameras.nl\/Copyright\" target=\"_blank\" rel=\"noopener\"><span style=\"color: #ff6e03; font-size: 11px;\">\u00a9 Der Text ist urheberrechtlich gesch\u00fctzt<\/span><\/a><\/p>","protected":false},"excerpt":{"rendered":"<p>Der ZKTeco KR310 ist ein hochwertiger Kartenleser f\u00fcr Mifare-, Mifare DESFire- und RFID-Karten, Armb\u00e4nder und Tags. Dank der IP65-Witterungsbest\u00e4ndigkeit kann der KR310 sowohl im Innen- als auch im Au\u00dfenbereich eingesetzt werden. Die Zugangskontrolle erfolgt mittels Proximity-Karte, Armband oder Tag. Der ZKTeco KR310 ist ideal f\u00fcr den Einsatz in H\u00e4usern, Mehrfamilienh\u00e4usern, Gesch\u00e4ftsr\u00e4umen und B\u00fcros.<\/p>\n<div class=\"klb-readmore button\"><a class=\"btn link\" href=\"https:\/\/webstore4.com\/de\/product\/zkteco-kr310-dubbele-frequentie-kaart-lezer\/\">Mehr lesen <i class=\"klbth-icon-right-arrow\"><\/i><\/a><\/div>","protected":false},"featured_media":13637,"comment_status":"open","ping_status":"closed","template":"","meta":[],"pwb-brand":[3394],"product_cat":[4191,4193],"product_tag":[],"class_list":{"0":"post-13636","1":"product","2":"type-product","3":"status-publish","4":"has-post-thumbnail","6":"pwb-brand-zkteco","7":"product_cat-access","8":"product_cat-toegangscontrole-access","9":"product_shipping_class-pakket","10":"pa_bewegingssensor-nee","11":"pa_merk-zkteco","12":"pa_omgeving-binnen-en-buiten","13":"pa_product-reader","14":"pa_stand-alone-ja","15":"pa_toegang-met-kaartlezer","16":"pa_voeding-12vdc","17":"pa_weersbestendigheid-ip65","19":"first","20":"onbackorder","21":"taxable","22":"shipping-taxable","23":"purchasable","24":"product-type-simple"},"brands":[{"id":3394,"name":"ZKTeco","slug":"zkteco"}],"_links":{"self":[{"href":"https:\/\/webstore4.com\/de\/wp-json\/wp\/v2\/product\/13636","targetHints":{"allow":["GET"]}}],"collection":[{"href":"https:\/\/webstore4.com\/de\/wp-json\/wp\/v2\/product"}],"about":[{"href":"https:\/\/webstore4.com\/de\/wp-json\/wp\/v2\/types\/product"}],"replies":[{"embeddable":true,"href":"https:\/\/webstore4.com\/de\/wp-json\/wp\/v2\/comments?post=13636"}],"wp:featuredmedia":[{"embeddable":true,"href":"https:\/\/webstore4.com\/de\/wp-json\/wp\/v2\/media\/13637"}],"wp:attachment":[{"href":"https:\/\/webstore4.com\/de\/wp-json\/wp\/v2\/media?parent=13636"}],"wp:term":[{"taxonomy":"pwb-brand","embeddable":true,"href":"https:\/\/webstore4.com\/de\/wp-json\/wp\/v2\/pwb-brand?post=13636"},{"taxonomy":"product_cat","embeddable":true,"href":"https:\/\/webstore4.com\/de\/wp-json\/wp\/v2\/product_cat?post=13636"},{"taxonomy":"product_tag","embeddable":true,"href":"https:\/\/webstore4.com\/de\/wp-json\/wp\/v2\/product_tag?post=13636"}],"curies":[{"name":"wp","href":"https:\/\/api.w.org\/{rel}","templated":true}]}}