{"id":13624,"date":"2023-12-13T09:24:15","date_gmt":"2023-12-13T07:24:15","guid":{"rendered":"https:\/\/webstore4.com\/?post_type=product&#038;p=13624"},"modified":"2024-04-19T15:19:35","modified_gmt":"2024-04-19T14:19:35","slug":"safire-mifare-desfire-sleutelhanger-tags-10-stuks","status":"publish","type":"product","link":"https:\/\/webstore4.com\/de\/product\/safire-mifare-desfire-sleutelhanger-tags-10-stuks\/","title":{"rendered":"Safire Mifare DESFire Schl\u00fcsselanh\u00e4nger mit Schl\u00fcsselring wei\u00df (10 St\u00fcck)"},"content":{"rendered":"<p>Die Safire Mifare DESFire Schl\u00fcsselanh\u00e4nger sind Anh\u00e4nger f\u00fcr ein Zutrittskontrollsystem. WebStore4 verkauft die Safire Mifare DESFire-Tags pro 10 St\u00fcck und pro 50 St\u00fcck.<br \/>\nDas Set mit 50 Teilen ist unter \u201eVerwandt\u201c aufgef\u00fchrt.<\/p>\n<p><strong>M\u00f6glichkeiten<\/strong><\/p>\n<p>Die Safire Mifare DESFire-Schl\u00fcsselanh\u00e4nger k\u00f6nnen als Zugangskarte f\u00fcr beispielsweise eine Dahua- oder Hikvision-IP-Video-Gegensprechanlage mit Kartenleser oder einen anderen Mifare-Kartenleser verwendet werden. Die Tags sind sehr klein und lassen sich leicht am Schl\u00fcsselring befestigen und funktionieren mit 13,56 MHz. Die Tags k\u00f6nnen nicht kopiert werden und sind wei\u00df.<\/p>\n<p>Der Unterschied zwischen den Standard-Mifare-Tags und den Mifare DESFire-Tags besteht darin, dass diese Tags \u00fcber die DESFire-Smartcard-Technologie verf\u00fcgen.<br \/>\nDESFire (kurz f\u00fcr DESFire EV1) ist ein fortschrittliches Tag, das starke Sicherheitsprotokolle und fortschrittliche Kryptografie verwendet, um die Informationen auf dem Tag zu sch\u00fctzen. Dadurch verf\u00fcgen die Tags \u00fcber ein h\u00f6heres Sicherheitsniveau, die Tags k\u00f6nnen f\u00fcr mehrere Anwendungen verwendet werden und die Tag-Transaktionen sind extrem schnell.<\/p>\n<p>Auch weil die Karten \u00fcber eine AES-Verschl\u00fcsselung (Advanced Encryption Standard) verf\u00fcgen, verf\u00fcgen sie \u00fcber ein sehr hohes Ma\u00df an Sicherheit. Die AES-Verschl\u00fcsselung sorgt daf\u00fcr, dass die Karten nahezu unm\u00f6glich zu knacken sind. Tags mit AES-Verschl\u00fcsselung sind weltweit von Regierungsbeh\u00f6rden, Unternehmen mit sehr hohen Sicherheitsanforderungen und Sicherheitsexperten zugelassen.<\/p>\n<p><strong>Wichtigste Funktionen<\/strong><\/p>\n<ul>\n<li>Erweiterte Mifare DESFire-Tags<\/li>\n<li>Frequenz 13,56 MHz<\/li>\n<li>Nicht kopierbar<\/li>\n<li>Ohne Seriennummer<\/li>\n<li>10 St\u00fcck<\/li>\n<\/ul>\n<p><a href=\"https:\/\/www.webstore4ipcameras.nl\/Copyright\" target=\"_blank\" rel=\"noopener\"><span style=\"color: #ff6e03; font-size: 11px;\">\u00a9 Der Text ist urheberrechtlich gesch\u00fctzt<\/span><\/a><\/p>","protected":false},"excerpt":{"rendered":"<p>De Safire Mifare DESFire sleutelhanger tags zijn tags voor een toegangscontrolesysteem. WebStore4 verkoopt de Safire Mifare DESFire tags per 10 stuks en per 50 stuks. De set van 50 stuks staan onder &#8216;Gerelateerd&#8217;. Mogelijkheden De Safire Mifare DESFire sleutelhangertags kunnen gebruikt worden als toegangspas voor bijvoorbeeld een Dahua of Hikvision IP video intercom buiten station<\/p>\n<div class=\"klb-readmore button\"><a class=\"btn link\" href=\"https:\/\/webstore4.com\/de\/product\/safire-mifare-desfire-sleutelhanger-tags-10-stuks\/\">Mehr lesen <i class=\"klbth-icon-right-arrow\"><\/i><\/a><\/div>","protected":false},"featured_media":13625,"comment_status":"open","ping_status":"closed","template":"","meta":[],"pwb-brand":[3385],"product_cat":[4191,4196],"product_tag":[],"class_list":{"0":"post-13624","1":"product","2":"type-product","3":"status-publish","4":"has-post-thumbnail","6":"pwb-brand-safire","7":"product_cat-access","8":"product_cat-tags","9":"product_shipping_class-brievenbuspakket","10":"pa_frequentie-tags-en-readers-mifare-desfire-13-56-mhz","11":"pa_kleur-wit","12":"pa_materiaal-kunststof","13":"pa_merk-safire","14":"pa_product-tag","16":"first","17":"onbackorder","18":"taxable","19":"shipping-taxable","20":"purchasable","21":"product-type-simple"},"brands":[{"id":3385,"name":"Safire","slug":"safire"}],"_links":{"self":[{"href":"https:\/\/webstore4.com\/de\/wp-json\/wp\/v2\/product\/13624","targetHints":{"allow":["GET"]}}],"collection":[{"href":"https:\/\/webstore4.com\/de\/wp-json\/wp\/v2\/product"}],"about":[{"href":"https:\/\/webstore4.com\/de\/wp-json\/wp\/v2\/types\/product"}],"replies":[{"embeddable":true,"href":"https:\/\/webstore4.com\/de\/wp-json\/wp\/v2\/comments?post=13624"}],"wp:featuredmedia":[{"embeddable":true,"href":"https:\/\/webstore4.com\/de\/wp-json\/wp\/v2\/media\/13625"}],"wp:attachment":[{"href":"https:\/\/webstore4.com\/de\/wp-json\/wp\/v2\/media?parent=13624"}],"wp:term":[{"taxonomy":"pwb-brand","embeddable":true,"href":"https:\/\/webstore4.com\/de\/wp-json\/wp\/v2\/pwb-brand?post=13624"},{"taxonomy":"product_cat","embeddable":true,"href":"https:\/\/webstore4.com\/de\/wp-json\/wp\/v2\/product_cat?post=13624"},{"taxonomy":"product_tag","embeddable":true,"href":"https:\/\/webstore4.com\/de\/wp-json\/wp\/v2\/product_tag?post=13624"}],"curies":[{"name":"wp","href":"https:\/\/api.w.org\/{rel}","templated":true}]}}