{"id":13556,"date":"2023-12-12T09:36:54","date_gmt":"2023-12-12T07:36:54","guid":{"rendered":"https:\/\/webstore4.com\/?post_type=product&#038;p=13556"},"modified":"2024-12-03T09:58:18","modified_gmt":"2024-12-03T08:58:18","slug":"wl4-gc-2-slimme-garagedeur-wifi-controller","status":"publish","type":"product","link":"https:\/\/webstore4.com\/de\/product\/wl4-gc-2-slimme-garagedeur-wifi-controller\/","title":{"rendered":"WL4 GC-2 Slimme garagedeur Wi-Fi Controller voor toegang via Tuya app"},"content":{"rendered":"<p>Der WL4 GC-3 ist ein WiFi-Garagentor-Controller zur Steuerung eines elektrischen Garagentors mit einer Anwendung.<\/p>\n<p><strong>M\u00f6glichkeiten<\/strong><\/p>\n<p>Der WL4 GC-3 erm\u00f6glicht die Automatisierung des Garagentors mit einer mobilen Anwendung. Der WL4 GC-3 nutzt die Tuya-Anwendung. Die Tuya-App ist eine mobile Anwendung zur Verwaltung intelligenter Ger\u00e4te, die mit der Tuya-Plattform verbunden sind. Mit dieser App k\u00f6nnen Sie verschiedene intelligente Ger\u00e4te wie Leseger\u00e4te, Thermostate, Sicherheitskameras, Steckdosen und das intelligente Garagentor WL4 GC-3 steuern. Solange die Produkte mit dem Tuya-\u00d6kosystem kompatibel sind, k\u00f6nnen sie mit der Tuya-Anwendung gesteuert werden. Bis zu 100 verschiedene Ger\u00e4te k\u00f6nnen in der Tuya-Anwendung hinzugef\u00fcgt werden.<\/p>\n<p>De WL4 GC-2 wordt verbonden met het Wi-Fi netwerk, daarna kan het ingesteld worden. Zo kunnen er via de applicatie verschillende scenario&#8217;s worden ingesteld. Er is geen abonnement nodig.<br \/>\nDe controller moet worden gevoed met 100-240V AC. De controller wordt geleverd met 5 meter kabel voor het magnetische contact en 1 meter voedingskabel.<\/p>\n<p>Das Benutzerhandbuch ist unter der Registerkarte \u201eDokumentation\u201c enthalten.<\/p>\n<p><strong>Wichtigste Funktionen<\/strong><\/p>\n<ul>\n<li>Wi-Fi gestuurde controller<\/li>\n<li>Sehr einfache Installation<\/li>\n<li>Maximal 100 Benutzer<\/li>\n<li>Ein- und Ausschaltknopf<\/li>\n<li>Magnetkontakt im Lieferumfang enthalten<\/li>\n<li>Kostenlose App f\u00fcr iOS und Android<\/li>\n<\/ul>\n<p><a href=\"https:\/\/webstore4.com\/Copyright\/\" target=\"_blank\" rel=\"noopener\"><span style=\"color: #ff6e03; font-size: 11px;\">\u00a9 Der Text ist urheberrechtlich gesch\u00fctzt<\/span><\/a><\/p>","protected":false},"excerpt":{"rendered":"<p>De WL4 GC-2 is een Wi-Fi garagedeurcontroller voor aansturing van een elektrische garagedeur met een applicatie. Mogelijkheden De WL4 GC-2 maakt het mogelijk om de garagedeur te automatiseren met een mobile applicatie. De controller maakt gebruik van de Tuya applicatie. De Tuya-app is een mobiele applicatie die wordt gebruikt om slimme apparaten te beheren die<\/p>\n<div class=\"klb-readmore button\"><a class=\"btn link\" href=\"https:\/\/webstore4.com\/de\/product\/wl4-gc-2-slimme-garagedeur-wifi-controller\/\">Mehr lesen <i class=\"klbth-icon-right-arrow\"><\/i><\/a><\/div>","protected":false},"featured_media":13557,"comment_status":"open","ping_status":"closed","template":"","meta":[],"pwb-brand":[3380],"product_cat":[4191,4193],"product_tag":[],"class_list":{"0":"post-13556","1":"product","2":"type-product","3":"status-publish","4":"has-post-thumbnail","6":"pwb-brand-wl4","7":"product_cat-access","8":"product_cat-toegangscontrole-access","9":"product_shipping_class-pakket","10":"pa_garantie-2-jaar","11":"pa_merk-wl4","12":"pa_omgeving-binnen","13":"pa_product-garagedeur-controller","14":"pa_voeding-230vac","16":"first","17":"onbackorder","18":"taxable","19":"shipping-taxable","20":"purchasable","21":"product-type-simple"},"brands":[{"id":3380,"name":"WL4","slug":"wl4"}],"_links":{"self":[{"href":"https:\/\/webstore4.com\/de\/wp-json\/wp\/v2\/product\/13556","targetHints":{"allow":["GET"]}}],"collection":[{"href":"https:\/\/webstore4.com\/de\/wp-json\/wp\/v2\/product"}],"about":[{"href":"https:\/\/webstore4.com\/de\/wp-json\/wp\/v2\/types\/product"}],"replies":[{"embeddable":true,"href":"https:\/\/webstore4.com\/de\/wp-json\/wp\/v2\/comments?post=13556"}],"wp:featuredmedia":[{"embeddable":true,"href":"https:\/\/webstore4.com\/de\/wp-json\/wp\/v2\/media\/13557"}],"wp:attachment":[{"href":"https:\/\/webstore4.com\/de\/wp-json\/wp\/v2\/media?parent=13556"}],"wp:term":[{"taxonomy":"pwb-brand","embeddable":true,"href":"https:\/\/webstore4.com\/de\/wp-json\/wp\/v2\/pwb-brand?post=13556"},{"taxonomy":"product_cat","embeddable":true,"href":"https:\/\/webstore4.com\/de\/wp-json\/wp\/v2\/product_cat?post=13556"},{"taxonomy":"product_tag","embeddable":true,"href":"https:\/\/webstore4.com\/de\/wp-json\/wp\/v2\/product_tag?post=13556"}],"curies":[{"name":"wp","href":"https:\/\/api.w.org\/{rel}","templated":true}]}}