{"id":13514,"date":"2023-12-07T15:27:10","date_gmt":"2023-12-07T13:27:10","guid":{"rendered":"https:\/\/webstore4.com\/?post_type=product&#038;p=13514"},"modified":"2024-04-19T15:19:24","modified_gmt":"2024-04-19T14:19:24","slug":"wl4-kprw-3-stand-alone-keypad-en-rfid-kaartlezer","status":"publish","type":"product","link":"https:\/\/webstore4.com\/de\/product\/wl4-kprw-3-stand-alone-keypad-en-rfid-kaartlezer\/","title":{"rendered":"WL4 KPRW-3 eigenst\u00e4ndige Tastatur und RFID-Kartenleser, geeignet f\u00fcr den Innenbereich"},"content":{"rendered":"<p>Der WL4 KPRW-3 ist ein Tastatur- und RFID-Kartenleser f\u00fcr den Innenbereich. Der WL4 KPRW-3 kann eigenst\u00e4ndig verwendet oder \u00fcber Wiegand als Slave-Leser angeschlossen werden.<\/p>\n<p>De touch toetsen van de keypad hebben blauwe achtergrondverlichting en de reader beschikt over een status LED, deurbelknop en buzzer. De WL4 KPRW-3 heeft een metalen opbouw behuizing en moet worden gevoed met 12VDC. Een adapter wordt niet meegeleverd. Een bijpassende voeding kan worden mee besteld onder &#8216;Opties&#8217;.<\/p>\n<p><strong>Wichtigste Funktionen<\/strong><\/p>\n<ul>\n<li>Karten- und\/oder PIN-Zugriffskontrolle<\/li>\n<li>Anruf<\/li>\n<li>Beleuchtete Touch-Tasten<\/li>\n<li>2000 Benutzer<\/li>\n<li>12 VDC Stromversorgung \/ 95 mA maximal<\/li>\n<li>125-kHz-RFID-Kartenleser (Karten oder Tags nicht im Lieferumfang enthalten)<\/li>\n<li>Komplette Programmierung mit dem Code-Panel<\/li>\n<li>Kann einzeln verwendet werden<\/li>\n<li>Kein Manipulationsalarmschalter<\/li>\n<li>Temperaturbereich: 0\u00b0C bis +60\u00b0C<\/li>\n<li>Abmessungen 77 x 110 x 27 mm<\/li>\n<\/ul>\n<p><a href=\"https:\/\/webstore4.com\/Copyright\/\" target=\"_blank\" rel=\"noopener\"><span style=\"color: #ff6e03; font-size: 11px;\">\u00a9 Der Text ist urheberrechtlich gesch\u00fctzt<\/span><\/a><\/p>","protected":false},"excerpt":{"rendered":"<p>De WL4 KPRW-3 is een keypad en RFID kaartlezer geschikt voor binnen. De WL4 KPRW-3 kan stand alone worden gebruikt of als slave lezer via Wiegand worden aangesloten. De touch toetsen van de keypad hebben blauwe achtergrondverlichting en de reader beschikt over een status LED, deurbelknop en buzzer. De WL4 KPRW-3 heeft een metalen opbouw<\/p>\n<div class=\"klb-readmore button\"><a class=\"btn link\" href=\"https:\/\/webstore4.com\/de\/product\/wl4-kprw-3-stand-alone-keypad-en-rfid-kaartlezer\/\">Mehr lesen <i class=\"klbth-icon-right-arrow\"><\/i><\/a><\/div>","protected":false},"featured_media":13515,"comment_status":"open","ping_status":"closed","template":"","meta":[],"pwb-brand":[3380],"product_cat":[4191,4193],"product_tag":[],"class_list":{"0":"post-13514","1":"product","2":"type-product","3":"status-publish","4":"has-post-thumbnail","6":"pwb-brand-wl4","7":"product_cat-access","8":"product_cat-toegangscontrole-access","9":"product_shipping_class-pakket","10":"pa_draadloos-nee","11":"pa_frequentie-tags-en-readers-rfid-125-khz","12":"pa_garantie-2-jaar","13":"pa_materiaal-metaal","14":"pa_max-aantal-gebruikers-3625","15":"pa_merk-wl4","16":"pa_mobiele-app-fabrikant-nee","17":"pa_omgeving-binnen","18":"pa_product-codepaneel","19":"pa_product-reader","20":"pa_stand-alone-ja","21":"pa_toegang-met-kaartlezer","22":"pa_toegang-met-keypad","23":"pa_voeding-12vdc","25":"first","26":"instock","27":"taxable","28":"shipping-taxable","29":"purchasable","30":"product-type-simple"},"brands":[{"id":3380,"name":"WL4","slug":"wl4"}],"_links":{"self":[{"href":"https:\/\/webstore4.com\/de\/wp-json\/wp\/v2\/product\/13514","targetHints":{"allow":["GET"]}}],"collection":[{"href":"https:\/\/webstore4.com\/de\/wp-json\/wp\/v2\/product"}],"about":[{"href":"https:\/\/webstore4.com\/de\/wp-json\/wp\/v2\/types\/product"}],"replies":[{"embeddable":true,"href":"https:\/\/webstore4.com\/de\/wp-json\/wp\/v2\/comments?post=13514"}],"wp:featuredmedia":[{"embeddable":true,"href":"https:\/\/webstore4.com\/de\/wp-json\/wp\/v2\/media\/13515"}],"wp:attachment":[{"href":"https:\/\/webstore4.com\/de\/wp-json\/wp\/v2\/media?parent=13514"}],"wp:term":[{"taxonomy":"pwb-brand","embeddable":true,"href":"https:\/\/webstore4.com\/de\/wp-json\/wp\/v2\/pwb-brand?post=13514"},{"taxonomy":"product_cat","embeddable":true,"href":"https:\/\/webstore4.com\/de\/wp-json\/wp\/v2\/product_cat?post=13514"},{"taxonomy":"product_tag","embeddable":true,"href":"https:\/\/webstore4.com\/de\/wp-json\/wp\/v2\/product_tag?post=13514"}],"curies":[{"name":"wp","href":"https:\/\/api.w.org\/{rel}","templated":true}]}}