{"id":13505,"date":"2023-12-07T14:26:52","date_gmt":"2023-12-07T12:26:52","guid":{"rendered":"https:\/\/webstore4.com\/?post_type=product&#038;p=13505"},"modified":"2025-05-17T15:02:45","modified_gmt":"2025-05-17T14:02:45","slug":"wl4-el-c-2-elektrisch-mini-slot","status":"publish","type":"product","link":"https:\/\/webstore4.com\/de\/product\/wl4-el-c-2-elektrisch-mini-slot\/","title":{"rendered":"WL4 EL-C-2 elektrisch mini slot voor kastdeur en laden"},"content":{"rendered":"<p>De WL4 EL-C-2 is een klein elektrisch slot voor een kastdeur, lade of een kleine schuifdeur. De EL-C-2 is zeer geschikt voor bijvoorbeeld een vitrine, documentlade, medicijnenkast, locker etc.<\/p>\n<p><strong>M\u00f6glichkeiten<\/strong><\/p>\n<p>Der WL4 EL-C-8 ist sowohl f\u00fcr den Einsatz bei links- als auch rechtsh\u00e4ndigen T\u00fcren geeignet. Das Schloss verf\u00fcgt \u00fcber einen abgeschr\u00e4gten Federriegel. Das Schloss muss mit 12 VDC betrieben werden. Das Netzteil ist nicht im Lieferumfang enthalten, kann aber unter \u201eOptionen\u201c bestellt werden.<\/p>\n<p><strong>Wichtige Funktionen<\/strong><\/p>\n<ul>\n<li>Ideaal voor locker kasten, kastdeuren, lades of kleine schuifdeuren<\/li>\n<li>Slot is gesloten bij stroomuitval, pin uitgeschoven<\/li>\n<li>Automatisch \u00f6ffnende T\u00fcr<\/li>\n<li>T\u00fcr nach rechts oder links<\/li>\n<li>12VDC\/0.4 A<\/li>\n<\/ul>\n<p><a href=\"https:\/\/www.webstore4ipcameras.nl\/Copyright\" target=\"_blank\" rel=\"noopener\"><span style=\"color: #ff6e03; font-size: 11px;\">\u00a9 Der Text ist urheberrechtlich gesch\u00fctzt<\/span><\/a><\/p>","protected":false},"excerpt":{"rendered":"<p>De WL4 EL-C-2 is een klein elektrisch slot voor een kastdeur, lade of een kleine schuifdeur. De EL-C-2 is zeer geschikt voor bijvoorbeeld een vitrine, documentlade, medicijnenkast, locker etc. Mogelijkheden De WL4 EL-C-2 is geschikt om te worden gebruikt met zowel links hangende als rechts hangende deuren. Het slot beschikt over een afgeschuinde verende schoot.<\/p>\n<div class=\"klb-readmore button\"><a class=\"btn link\" href=\"https:\/\/webstore4.com\/de\/product\/wl4-el-c-2-elektrisch-mini-slot\/\">Mehr lesen <i class=\"klbth-icon-right-arrow\"><\/i><\/a><\/div>","protected":false},"featured_media":13818,"comment_status":"open","ping_status":"closed","template":"","meta":[],"pwb-brand":[3380],"product_cat":[4191,4197],"product_tag":[],"class_list":{"0":"post-13505","1":"product","2":"type-product","3":"status-publish","4":"has-post-thumbnail","6":"pwb-brand-wl4","7":"product_cat-access","8":"product_cat-elektrische-sloten","9":"product_shipping_class-pakket","10":"pa_garantie-2-jaar","11":"pa_materiaal-staal","12":"pa_merk-wl4","13":"pa_montage-opbouw","14":"pa_omgeving-binnen","15":"pa_product-kast-slot","16":"pa_product-mini-slot","17":"pa_voeding-12vdc","19":"first","20":"onbackorder","21":"taxable","22":"shipping-taxable","23":"purchasable","24":"product-type-simple"},"brands":[{"id":3380,"name":"WL4","slug":"wl4"}],"_links":{"self":[{"href":"https:\/\/webstore4.com\/de\/wp-json\/wp\/v2\/product\/13505","targetHints":{"allow":["GET"]}}],"collection":[{"href":"https:\/\/webstore4.com\/de\/wp-json\/wp\/v2\/product"}],"about":[{"href":"https:\/\/webstore4.com\/de\/wp-json\/wp\/v2\/types\/product"}],"replies":[{"embeddable":true,"href":"https:\/\/webstore4.com\/de\/wp-json\/wp\/v2\/comments?post=13505"}],"wp:featuredmedia":[{"embeddable":true,"href":"https:\/\/webstore4.com\/de\/wp-json\/wp\/v2\/media\/13818"}],"wp:attachment":[{"href":"https:\/\/webstore4.com\/de\/wp-json\/wp\/v2\/media?parent=13505"}],"wp:term":[{"taxonomy":"pwb-brand","embeddable":true,"href":"https:\/\/webstore4.com\/de\/wp-json\/wp\/v2\/pwb-brand?post=13505"},{"taxonomy":"product_cat","embeddable":true,"href":"https:\/\/webstore4.com\/de\/wp-json\/wp\/v2\/product_cat?post=13505"},{"taxonomy":"product_tag","embeddable":true,"href":"https:\/\/webstore4.com\/de\/wp-json\/wp\/v2\/product_tag?post=13505"}],"curies":[{"name":"wp","href":"https:\/\/api.w.org\/{rel}","templated":true}]}}