{"id":13498,"date":"2023-12-07T14:09:13","date_gmt":"2023-12-07T12:09:13","guid":{"rendered":"https:\/\/webstore4.com\/?post_type=product&#038;p=13498"},"modified":"2024-12-12T07:13:40","modified_gmt":"2024-12-12T06:13:40","slug":"wl4-el-c-7-elektrisch-slot-voor-locker-kast","status":"publish","type":"product","link":"https:\/\/webstore4.com\/de\/product\/wl4-el-c-7-elektrisch-slot-voor-locker-kast\/","title":{"rendered":"Elektroschloss WL4 EL-C-7 f\u00fcr Schlie\u00dffachschrank mit automatischem Zudr\u00fccken der T\u00fcr beim \u00d6ffnen des Schlosses"},"content":{"rendered":"<p>De WL4 EL-C-7 is een mat grijs elektrisch slot voor bijvoorbeeld een locker kast. Het slot heeft een veer voor het automatische opendrukken van de deur bij opening van het slot en is geschikt voor deuren die rechts of links openen.<\/p>\n<p>Voeding vindt plaats door een 12VDC\/2A voedingsadapter. Deze wordt niet meegeleverd, maar kan mee besteld worden onder &#8216;Opties&#8217;.<\/p>\n<p><strong>Wichtige Funktionen<\/strong><\/p>\n<ul>\n<li>Ideal f\u00fcr Schlie\u00dffachschr\u00e4nke<\/li>\n<li>Bei Stromausfall wird das Schloss geschlossen<\/li>\n<li>Automatisch \u00f6ffnende T\u00fcr<\/li>\n<li>T\u00fcr nach rechts oder links<\/li>\n<li>Ausgabe des Sperrstatus<\/li>\n<li>12VDC\/2A<\/li>\n<li>Mat grijs<\/li>\n<\/ul>\n<p><a href=\"https:\/\/webstore4.com\/Copyright\/\" target=\"_blank\" rel=\"noopener\"><span style=\"color: #ff6e03; font-size: 11px;\">\u00a9 Der Text ist urheberrechtlich gesch\u00fctzt<\/span><\/a><\/p>","protected":false},"excerpt":{"rendered":"<p>De WL4 EL-C-7 is een mat grijs elektrisch slot voor bijvoorbeeld een locker kast. Het slot heeft een veer voor het automatische opendrukken van de deur bij opening van het slot en is geschikt voor deuren die rechts of links openen. Voeding vindt plaats door een 12VDC\/2A voedingsadapter. Deze wordt niet meegeleverd, maar kan mee<\/p>\n<div class=\"klb-readmore button\"><a class=\"btn link\" href=\"https:\/\/webstore4.com\/de\/product\/wl4-el-c-7-elektrisch-slot-voor-locker-kast\/\">Mehr lesen <i class=\"klbth-icon-right-arrow\"><\/i><\/a><\/div>","protected":false},"featured_media":13499,"comment_status":"open","ping_status":"closed","template":"","meta":[],"pwb-brand":[3380],"product_cat":[4191,4197],"product_tag":[],"class_list":{"0":"post-13498","1":"product","2":"type-product","3":"status-publish","4":"has-post-thumbnail","6":"pwb-brand-wl4","7":"product_cat-access","8":"product_cat-elektrische-sloten","9":"product_shipping_class-pakket","10":"pa_bewegingssensor-nee","11":"pa_garantie-2-jaar","12":"pa_merk-wl4","13":"pa_montage-inbouw","14":"pa_omgeving-binnen","15":"pa_product-kast-slot","16":"pa_voeding-12vdc","18":"first","19":"onbackorder","20":"taxable","21":"shipping-taxable","22":"purchasable","23":"product-type-simple"},"brands":[{"id":3380,"name":"WL4","slug":"wl4"}],"_links":{"self":[{"href":"https:\/\/webstore4.com\/de\/wp-json\/wp\/v2\/product\/13498","targetHints":{"allow":["GET"]}}],"collection":[{"href":"https:\/\/webstore4.com\/de\/wp-json\/wp\/v2\/product"}],"about":[{"href":"https:\/\/webstore4.com\/de\/wp-json\/wp\/v2\/types\/product"}],"replies":[{"embeddable":true,"href":"https:\/\/webstore4.com\/de\/wp-json\/wp\/v2\/comments?post=13498"}],"wp:featuredmedia":[{"embeddable":true,"href":"https:\/\/webstore4.com\/de\/wp-json\/wp\/v2\/media\/13499"}],"wp:attachment":[{"href":"https:\/\/webstore4.com\/de\/wp-json\/wp\/v2\/media?parent=13498"}],"wp:term":[{"taxonomy":"pwb-brand","embeddable":true,"href":"https:\/\/webstore4.com\/de\/wp-json\/wp\/v2\/pwb-brand?post=13498"},{"taxonomy":"product_cat","embeddable":true,"href":"https:\/\/webstore4.com\/de\/wp-json\/wp\/v2\/product_cat?post=13498"},{"taxonomy":"product_tag","embeddable":true,"href":"https:\/\/webstore4.com\/de\/wp-json\/wp\/v2\/product_tag?post=13498"}],"curies":[{"name":"wp","href":"https:\/\/api.w.org\/{rel}","templated":true}]}}