{"id":13393,"date":"2023-12-05T08:27:17","date_gmt":"2023-12-05T06:27:17","guid":{"rendered":"https:\/\/webstore4.com\/?post_type=product&#038;p=13393"},"modified":"2024-05-03T13:06:42","modified_gmt":"2024-05-03T12:06:42","slug":"hikvision-ds-7604nxi-k1-4-kanaals-netwerk-video-recorder","status":"publish","type":"product","link":"https:\/\/webstore4.com\/de\/product\/hikvision-ds-7604nxi-k1-4-kanaals-netwerk-video-recorder\/","title":{"rendered":"Hikvision DS-7604NXI-K1 4-Kanal-FullHD-Netzwerk-Videorecorder ohne PoE"},"content":{"rendered":"<p>Hikvision DS-7604NXI-K1 ist ein 4-Kanal-FullHD-Netzwerk-Videorecorder, an den 4 IP-Kameras angeschlossen werden k\u00f6nnen, um Ultra 4K HD-Kamerabilder aufzuzeichnen und zu verwalten. <strong>Der Hikvision DS-7604NXI-K1 verf\u00fcgt \u00fcber keine PoE-Ports.<\/strong><\/p>\n<p>Der Hikvision DS-7604NXI-K1\/4P ist Teil der Hikvision AcuSense-Serie von Hikvision. Bei den Kameras der AcuSense-Serie handelt es sich um fortschrittliche Kameras, die umfassende Algorithmen und k\u00fcnstliche Intelligenz nutzen, um eine genaue Einbrucherkennung zu erm\u00f6glichen. Die Kameras unterscheiden effektiv zwischen wichtigen Bewegungen, wie z. B. Personen und Fahrzeugen, und unwichtigen Aktivit\u00e4ten, wie z. B. Tieren oder sich bewegenden \u00c4sten. Dadurch werden Fehlalarme minimiert und gezielte Warnungen bereitgestellt, was eine effizientere und effektivere \u00dcberwachung erm\u00f6glicht. Dieser NVR ist daher perfekt mit den Kameras der AcuSense-Serie kompatibel.<\/p>\n<p><strong>M\u00f6glichkeiten<\/strong><\/p>\n<p>Es k\u00f6nnen maximal 4 Full-HD-IP-Kameras an den NVR angeschlossen oder \u00fcber das Netzwerk verbunden werden. Der NVR kann eigenst\u00e4ndig arbeiten, kann aber auch mit dem Netzwerk verbunden werden. Der Zugriff auf den NVR erfolgt dann \u00fcber einen Webbrowser, eine Videoverwaltungssoftware und mit der kostenlosen App f\u00fcr Smartphone und Tablet.<\/p>\n<p>Hikvision DS-7604NXI-K1\/4P ist ein einzigartiger NVR mit Acusense-Technologie. Die Acusense-Technologie erm\u00f6glicht die Erkennung von Fahrzeugen und Personen. Der Rekorder ist f\u00fcr die Anzeige und Aufzeichnung von Kameras bis zu 12 MP geeignet und verf\u00fcgt \u00fcber eine ausgehende Bandbreite von 80 Mbit\/s.<\/p>\n<p><strong>Festplatten<\/strong><\/p>\n<p>Der Hikvision DS-7604NXI-K1 unterst\u00fctzt eine 3,5-Zoll-Festplatte mit bis zu 10 Terabyte. Der Hikvision DS-7604NXI-K1\/4P wird ohne Festplatte geliefert. Wir liefern Western Digital Purple-Festplatten, die speziell f\u00fcr \u00dcberwachungszwecke rund um die Uhr entwickelt wurden.<\/p>\n<p><strong>Wichtigste Funktionen<\/strong><\/p>\n<ul>\n<li>Geeignet f\u00fcr 4 IP-Kameras<\/li>\n<li>Funktioniert mit IP-Kameras anderer Marken<\/li>\n<li>Audioeingang\/-ausgang<\/li>\n<li>HDMI\/VGA-FullHD-Ausgang<\/li>\n<li>Plug<\/li>\n<li>H.265, H.264<\/li>\n<li>Maximal 10 TB Festplatte<\/li>\n<\/ul>\n<p><a href=\"https:\/\/www.webstore4ipcameras.nl\/Copyright\" target=\"_blank\" rel=\"noopener\"><span style=\"color: #ff6e03; font-size: 11px;\">\u00a9 Der Text ist urheberrechtlich gesch\u00fctzt<\/span><\/a><\/p>","protected":false},"excerpt":{"rendered":"<p>Hikvision DS-7604NXI-K1 is een 4 kanaals FullHD Netwerk Video Recorder waar 4 IP camera&#8217;s mee kunnen worden verbonden voor het opnemen en beheren van Ultra 4K HD camerabeelden. De Hikvision DS-7604NXI-K1 beschikt niet over PoE poorten. De Hikvision DS-7604NXI-K1 is onderdeel van de Hikvision AcuSense serie van Hikvision. De camera\u2019s van de AcuSense serie zijn<\/p>\n<div class=\"klb-readmore button\"><a class=\"btn link\" href=\"https:\/\/webstore4.com\/de\/product\/hikvision-ds-7604nxi-k1-4-kanaals-netwerk-video-recorder\/\">Mehr lesen <i class=\"klbth-icon-right-arrow\"><\/i><\/a><\/div>","protected":false},"featured_media":11019,"comment_status":"open","ping_status":"closed","template":"","meta":[],"pwb-brand":[3367],"product_cat":[3441,4210,4606],"product_tag":[],"class_list":{"0":"post-13393","1":"product","2":"type-product","3":"status-publish","4":"has-post-thumbnail","6":"pwb-brand-hikvision","7":"product_cat-benodigdheden","8":"product_cat-recorders-opslagmedia-benodigdheden","9":"product_cat-hikvision-acusense","10":"product_shipping_class-pakket","11":"pa_harddisk-type-1-x-3-5-inch-max-10tb","12":"pa_maximaal-ip-camera-kanalen-3721","13":"pa_maximum-aantal-harddisks-3722","14":"pa_merk-hikvision","15":"pa_omgeving-binnen","16":"pa_poe-nee","17":"pa_product-nvr","18":"pa_product-status-a","19":"pa_rj45-lan-aansluiting-1x-101001000","20":"pa_voeding-inclusief-adapter","22":"first","23":"instock","24":"taxable","25":"shipping-taxable","26":"purchasable","27":"product-type-simple"},"brands":[{"id":3367,"name":"Hikvision","slug":"hikvision"}],"_links":{"self":[{"href":"https:\/\/webstore4.com\/de\/wp-json\/wp\/v2\/product\/13393","targetHints":{"allow":["GET"]}}],"collection":[{"href":"https:\/\/webstore4.com\/de\/wp-json\/wp\/v2\/product"}],"about":[{"href":"https:\/\/webstore4.com\/de\/wp-json\/wp\/v2\/types\/product"}],"replies":[{"embeddable":true,"href":"https:\/\/webstore4.com\/de\/wp-json\/wp\/v2\/comments?post=13393"}],"wp:featuredmedia":[{"embeddable":true,"href":"https:\/\/webstore4.com\/de\/wp-json\/wp\/v2\/media\/11019"}],"wp:attachment":[{"href":"https:\/\/webstore4.com\/de\/wp-json\/wp\/v2\/media?parent=13393"}],"wp:term":[{"taxonomy":"pwb-brand","embeddable":true,"href":"https:\/\/webstore4.com\/de\/wp-json\/wp\/v2\/pwb-brand?post=13393"},{"taxonomy":"product_cat","embeddable":true,"href":"https:\/\/webstore4.com\/de\/wp-json\/wp\/v2\/product_cat?post=13393"},{"taxonomy":"product_tag","embeddable":true,"href":"https:\/\/webstore4.com\/de\/wp-json\/wp\/v2\/product_tag?post=13393"}],"curies":[{"name":"wp","href":"https:\/\/api.w.org\/{rel}","templated":true}]}}