{"id":13286,"date":"2023-11-29T17:47:10","date_gmt":"2023-11-29T15:47:10","guid":{"rendered":"https:\/\/webstore4.com\/?post_type=product&#038;p=13286"},"modified":"2025-02-24T06:52:01","modified_gmt":"2025-02-24T05:52:01","slug":"ruijie-reyee-ew300r-wi-fi-versterker","status":"publish","type":"product","link":"https:\/\/webstore4.com\/de\/product\/ruijie-reyee-ew300r-wi-fi-versterker\/","title":{"rendered":"Ruijie Reyee EW300R WLAN-Verst\u00e4rker 2,4 GHz 300 Mbit\/s Access Point mit kostenloser App"},"content":{"rendered":"<p>Der Reyee EW300R der Marke Ruijie ist ein WLAN-Verst\u00e4rker f\u00fcr den Innenbereich. Der EW300R ist mit einem Gigabit-Ethernet-Anschluss ausgestattet und kann \u00fcber den integrierten 100-240VAC-Stecker mit Strom versorgt werden.<\/p>\n<p>Ruijie Networks ist ein chinesisches Unternehmen, das sich auf Netzwerkger\u00e4te und -l\u00f6sungen spezialisiert hat. Reyee ist eine der Produktlinien, die sich auf Sicherheit, insbesondere im Bereich Cybersicherheit, konzentriert. Ruijie Reyee bietet verschiedene Sicherheitsl\u00f6sungen, darunter Firewalls, Intrusion-Detection-Systeme, Antivirensoftware und mehr, um Netzwerke vor Cyber-Bedrohungen zu sch\u00fctzen. Ihre Produkte sollen umfassenden Schutz sowohl f\u00fcr kleine als auch gro\u00dfe Netzwerkinfrastrukturen f\u00fcr den Gesch\u00e4fts- und Privatmarkt bieten.<\/p>\n<p><strong>M\u00f6glichkeiten<\/strong><\/p>\n<p>De Reyee EW300R is een Wi-Fi versterker voor binnen die vaak gebruikt wordt in huizen en kleine gebouwen. De Reyee EW300R heeft \u00e9\u00e9n LAN poort en geeft, door twee ge\u00efntegreerde Wi-Fi antennes, de mogelijkheid om Wi-Fi signaal te verlengen tot over een maximale afstand van 300 meter.<\/p>\n<p>Mit dem Reyee EW300R ist es m\u00f6glich, eine omnidirektionale (360 Grad) WLAN-Verbindung \u00fcber Entfernungen aufzubauen. Zum Beispiel mehrere IP-Kameras oder Zugangskontrollpunkte in einem kleinen Bereich. Ruijie bietet eine kostenlose Anwendung, die die \u00dcberwachung und Bedienung der Produkte vereinfacht. Um die Signalverst\u00e4rkung zu aktivieren, wird der EW300R eingeklickt. Auf dem EW300R sind drei Linien sichtbar, die die Konnektivit\u00e4t anzeigen und es Ihnen erleichtern, den besten Platz f\u00fcr den WLAN-Booster zu finden. Diese k\u00f6nnen ggf. abgeschaltet werden, wenn der Verst\u00e4rker an der richtigen Stelle steht.<\/p>\n<p>Die weiteren Spezifikationen finden Sie im Datenblatt unter dem Reiter \u201eDokumentation\u201c. Dar\u00fcber hinaus bietet die Produktseite des Herstellers zahlreiche Informationen zur Bedienung des Reyee EW1200R.<\/p>\n<p><strong>Wichtigste Funktionen<\/strong><\/p>\n<ul>\n<li>Plug-and-Play<\/li>\n<li>Maximal 16 Benutzer<\/li>\n<li>802.11AC Dual-Flow, 2 Geschwindigkeiten bis zu 867 Mbit\/s auf 5 GHz und 300 Mbit\/s auf 2,4 GHz<\/li>\n<li>1 Port RJ45, 10\/100 Mbit\/s<\/li>\n<li>Kompatibel mit 802.11a\/b\/g\/n<\/li>\n<li>MIMO, 2 integrierte Antennen.<\/li>\n<li>Verwaltung \u00fcber die kostenlose Ruijie Cloud<\/li>\n<li>Stromversorgung \u00fcber integriertes 100-240V<\/li>\n<li>2,4 GHz<\/li>\n<\/ul>\n<p><a href=\"https:\/\/webstore4.com\/Copyright\/\" target=\"_blank\" rel=\"noopener\"><span style=\"color: #ff6e03; font-size: 11px;\">\u00a9 Der Text ist urheberrechtlich gesch\u00fctzt<\/span><\/a><\/p>","protected":false},"excerpt":{"rendered":"<p>Der Reyee EW300R der Marke Ruijie ist ein WLAN-Verst\u00e4rker f\u00fcr kleine R\u00e4ume.<\/p>","protected":false},"featured_media":13287,"comment_status":"open","ping_status":"closed","template":"","meta":[],"pwb-brand":[4612],"product_cat":[3440,4611],"product_tag":[],"class_list":{"0":"post-13286","1":"product","2":"type-product","3":"status-publish","4":"has-post-thumbnail","6":"pwb-brand-ruijie-networks","7":"product_cat-netwerk","8":"product_cat-wi-fi-versterkers","9":"product_shipping_class-pakket","10":"pa_aanbieding-sale","11":"pa_merk-ruijie-networks","12":"pa_omgeving-binnen","13":"pa_rj45-lan-aansluiting-1x-10100","14":"pa_voeding-inclusief-adapter","15":"pa_wi-fi-data-snelheid-300-mbps","17":"first","18":"instock","19":"sale","20":"sold-individually","21":"taxable","22":"shipping-taxable","23":"purchasable","24":"product-type-simple"},"brands":[{"id":4612,"name":"Ruijie Networks","slug":"ruijie-networks"}],"_links":{"self":[{"href":"https:\/\/webstore4.com\/de\/wp-json\/wp\/v2\/product\/13286","targetHints":{"allow":["GET"]}}],"collection":[{"href":"https:\/\/webstore4.com\/de\/wp-json\/wp\/v2\/product"}],"about":[{"href":"https:\/\/webstore4.com\/de\/wp-json\/wp\/v2\/types\/product"}],"replies":[{"embeddable":true,"href":"https:\/\/webstore4.com\/de\/wp-json\/wp\/v2\/comments?post=13286"}],"wp:featuredmedia":[{"embeddable":true,"href":"https:\/\/webstore4.com\/de\/wp-json\/wp\/v2\/media\/13287"}],"wp:attachment":[{"href":"https:\/\/webstore4.com\/de\/wp-json\/wp\/v2\/media?parent=13286"}],"wp:term":[{"taxonomy":"pwb-brand","embeddable":true,"href":"https:\/\/webstore4.com\/de\/wp-json\/wp\/v2\/pwb-brand?post=13286"},{"taxonomy":"product_cat","embeddable":true,"href":"https:\/\/webstore4.com\/de\/wp-json\/wp\/v2\/product_cat?post=13286"},{"taxonomy":"product_tag","embeddable":true,"href":"https:\/\/webstore4.com\/de\/wp-json\/wp\/v2\/product_tag?post=13286"}],"curies":[{"name":"wp","href":"https:\/\/api.w.org\/{rel}","templated":true}]}}