{"id":13254,"date":"2023-11-29T12:53:13","date_gmt":"2023-11-29T10:53:13","guid":{"rendered":"https:\/\/webstore4.com\/?post_type=product&#038;p=13254"},"modified":"2024-04-19T15:19:10","modified_gmt":"2024-04-19T14:19:10","slug":"hikvision-ds-9664nxi-i8e-acusense-64-kanaals-netwerk-video-recorder","status":"publish","type":"product","link":"https:\/\/webstore4.com\/de\/product\/hikvision-ds-9664nxi-i8e-acusense-64-kanaals-netwerk-video-recorder\/","title":{"rendered":"Hikvision DS-9664NXI-I8(E) AcuSense 64-Kanal-FullHD-Netzwerk-Videorecorder mit 2x LAN, 2x HDMI und 2x VGA"},"content":{"rendered":"<p>Hikvision DS-9664NXI-I8(E) is een Netwerk Video Recorder met maar liefst 64 kanaals FullHD, waar 64 IP camera&#8217;s mee kunnen worden verbonden voor het opnemen en beheren van Ultra 4K HD camerabeelden. De Hikvision DS-9664NXI-I8(E) beschikt niet PoE poorten.<\/p>\n<p>Der Hikvision DS-7604NXI-K1\/4P ist Teil der Hikvision AcuSense-Serie von Hikvision. Bei den Kameras der AcuSense-Serie handelt es sich um fortschrittliche Kameras, die umfassende Algorithmen und k\u00fcnstliche Intelligenz nutzen, um eine genaue Einbrucherkennung zu erm\u00f6glichen. Die Kameras unterscheiden effektiv zwischen wichtigen Bewegungen, wie z. B. Personen und Fahrzeugen, und unwichtigen Aktivit\u00e4ten, wie z. B. Tieren oder sich bewegenden \u00c4sten. Dadurch werden Fehlalarme minimiert und gezielte Warnungen bereitgestellt, was eine effizientere und effektivere \u00dcberwachung erm\u00f6glicht. Dieser NVR ist daher perfekt mit den Kameras der AcuSense-Serie kompatibel.<\/p>\n<p><strong>M\u00f6glichkeiten<\/strong><\/p>\n<p>Op de NVR kunnen maximaal 64 Full HD IP camera&#8217;s bedraad worden aangesloten of via het netwerk worden verbonden. De Hikvision DS-9664NXI-I8(E) beschikt niet over PoE poorten. De NVR heeft twee LAN poorten, twee HDMI video uitgangen en twee VGA video uitgangen. De NVR is uitermate geschikt voor RAID toepassingen.\u00a0De NVR kan stand alone werken maar kan ook worden aangesloten op het netwerk. De NVR kan dan worden benaderd via een webbrowser, video management software en met de gratis app voor een smartphone en tablet.<\/p>\n<p>Hikvision DS-9664NXI-I8(E) is een zeer krachtige onderscheidende NVR met Acusense technologie. De Acusense technologie maakt het mogelijk om voertuigen en personen te herkennen. De recorder is geschikt voor het weergeven en opnemen van camera\u2019s tot 12MP en heeft een uitgaande bandbreedte van 256Mbps. De krachtige videokaart maakt het mogelijk om de beelden van zestien kanalen tegelijkertijd te weergeven.<\/p>\n<p><strong>Festplatten<\/strong><\/p>\n<p>De Hikvision DS-9664NXI-I8(E) ondersteunt een 3,5 inch harde schijf van maximaal 10 terrabyte. De Hikvision DS-9664NXI-I8(E) wordt geleverd zonder harde schijf. Wij leveren Western Digital Purple hard disks die specifiek zijn ontworpen voor 24\/7 bewakingsdoeleinden. Wij raden aan om met een harde schijf van 4 terabyte of meer te werken met deze recorder, wanneer deze wordt gebruikt voor RAID toepassingen.<\/p>\n<p><strong>Wichtigste Funktionen<\/strong><\/p>\n<ul>\n<li>Geschikt voor 64 IP camera&#8217;s<\/li>\n<li>Mogelijkheid om 16 camera&#8217;s te publiceren<\/li>\n<li>AcuSense technologie, 12 regels in te stellen<\/li>\n<li>Audioeingang\/-ausgang<\/li>\n<li>2x RJ-45 poorten met 10\/100\/1000 Mbps<\/li>\n<li>2x HDMI\/ 2xVGA FullHD output<\/li>\n<li>H.265+ \/ H.265 , H.264+ \/ H.264<\/li>\n<li>Maximal 10 TB Festplatte<\/li>\n<\/ul>\n<p><a href=\"https:\/\/www.webstore4ipcameras.nl\/Copyright\" target=\"_blank\" rel=\"noopener\"><span style=\"color: #ff6e03; font-size: 11px;\">\u00a9 Der Text ist urheberrechtlich gesch\u00fctzt<\/span><\/a><\/p>","protected":false},"excerpt":{"rendered":"<p>Hikvision DS-9664NXI-I8(E) ist ein 64-Kanal-FullHD-Netzwerk-Videorecorder ohne PoE.<\/p>","protected":false},"featured_media":13256,"comment_status":"open","ping_status":"closed","template":"","meta":[],"pwb-brand":[3367],"product_cat":[3441,4210,4606],"product_tag":[],"class_list":{"0":"post-13254","1":"product","2":"type-product","3":"status-publish","4":"has-post-thumbnail","6":"pwb-brand-hikvision","7":"product_cat-benodigdheden","8":"product_cat-recorders-opslagmedia-benodigdheden","9":"product_cat-hikvision-acusense","10":"product_shipping_class-pakket","11":"pa_harddisk-type-1-x-3-5-inch-max-10tb","12":"pa_maximaal-ip-camera-kanalen-4039","13":"pa_maximum-aantal-harddisks-3722","14":"pa_merk-hikvision","15":"pa_omgeving-binnen","16":"pa_poe-nee","17":"pa_product-nvr","18":"pa_product-status-d","19":"pa_rj45-lan-aansluiting-2x-101001000","20":"pa_voeding-inclusief-adapter","22":"first","23":"onbackorder","24":"taxable","25":"shipping-taxable","26":"purchasable","27":"product-type-simple"},"brands":[{"id":3367,"name":"Hikvision","slug":"hikvision"}],"_links":{"self":[{"href":"https:\/\/webstore4.com\/de\/wp-json\/wp\/v2\/product\/13254","targetHints":{"allow":["GET"]}}],"collection":[{"href":"https:\/\/webstore4.com\/de\/wp-json\/wp\/v2\/product"}],"about":[{"href":"https:\/\/webstore4.com\/de\/wp-json\/wp\/v2\/types\/product"}],"replies":[{"embeddable":true,"href":"https:\/\/webstore4.com\/de\/wp-json\/wp\/v2\/comments?post=13254"}],"wp:featuredmedia":[{"embeddable":true,"href":"https:\/\/webstore4.com\/de\/wp-json\/wp\/v2\/media\/13256"}],"wp:attachment":[{"href":"https:\/\/webstore4.com\/de\/wp-json\/wp\/v2\/media?parent=13254"}],"wp:term":[{"taxonomy":"pwb-brand","embeddable":true,"href":"https:\/\/webstore4.com\/de\/wp-json\/wp\/v2\/pwb-brand?post=13254"},{"taxonomy":"product_cat","embeddable":true,"href":"https:\/\/webstore4.com\/de\/wp-json\/wp\/v2\/product_cat?post=13254"},{"taxonomy":"product_tag","embeddable":true,"href":"https:\/\/webstore4.com\/de\/wp-json\/wp\/v2\/product_tag?post=13254"}],"curies":[{"name":"wp","href":"https:\/\/api.w.org\/{rel}","templated":true}]}}