{"id":13157,"date":"2023-11-24T15:13:16","date_gmt":"2023-11-24T13:13:16","guid":{"rendered":"https:\/\/webstore4.com\/?post_type=product&#038;p=13157"},"modified":"2025-11-13T08:12:52","modified_gmt":"2025-11-13T07:12:52","slug":"dahua-vto2202f-p-s2-zwarte-intercom-buiten-station","status":"publish","type":"product","link":"https:\/\/webstore4.com\/de\/product\/dahua-vto2202f-p-s2-zwarte-intercom-buiten-station\/","title":{"rendered":"Dahua VTO2202F-P-S2-B schwarz IP-Video-Gegensprechanlage Au\u00dfenstation Netzwerkkabel PoE und 2-Draht-Anschluss"},"content":{"rendered":"<p>De Dahua VTO2202F-P-S2-B is een zwarte 2 megapixel Full HD IP video intercom buiten station met een netwerkkabel aansluiting met PoE ondersteuning en een 2-wire aansluiting.<\/p>\n<p><strong>M\u00f6glichkeiten<\/strong><\/p>\n<p>Die Kamera hat einen sehr weiten Betrachtungswinkel von 160 Grad horizontal und verf\u00fcgt \u00fcber einen 2 Megapixel Full HD-Bildsensor. F\u00fcr gute Sichtbarkeit im Dunkeln ist die Au\u00dfenstation mit Infrarot-LED-Licht ausgestattet. Selbstverst\u00e4ndlich verf\u00fcgt der VTO2202F-P-S2 \u00fcber ein Mikrofon und einen Lautsprecher f\u00fcr klare Videogespr\u00e4che \u00fcber einen Innenmonitor oder \u00fcberall auf der Welt mit der App auf Ihrem Smartphone. Die Au\u00dfenstation kann an ein elektrisches T\u00fcrschloss angeschlossen werden, um T\u00fcren aus der Ferne zu entriegeln.<\/p>\n<p>Het buiten station werkt samen met een intercom binnen monitor, maar kan ook stand alone werken samen met de smartphone app.<\/p>\n<p><strong>Montage<\/strong><\/p>\n<p>Der Dahua VTO2202F-P-S2 besteht aus langlebigem Aluminium und ist vandalensicher (IK07). Die Au\u00dfenstation kann mit dem Einbaugeh\u00e4use VTM114 eingebaut oder mit dem Aufputzgeh\u00e4use Dahua VTM115 aufputzmontiert werden. VTM114 und VTM115 sind nicht im Lieferumfang enthalten und k\u00f6nnen separat unter \u201eOptionen\u201c bestellt werden. Der VTO2202F-P-S2 wird mit einem Netzwerkkabel an das Netzwerk angeschlossen und kann mit 802.3af PoE mit Strom versorgt werden. Der Dahua VTO2202F-P-S2 kann auch mit einer Zweidrahtverbindung an den Dahua VTNS2003B-2 Switch angeschlossen und so mit Strom versorgt und an das Netzwerk und einen Intercom-Monitor angeschlossen werden. Der passende Schalter kann unter \u201eOptionen\u201c bestellt werden. Kabel sind nicht im Lieferumfang enthalten.<\/p>\n<p><strong>Wichtigste Funktionen<\/strong><\/p>\n<ul>\n<li>2-Megapixel-Full-HD-CMOS-Kamera<\/li>\n<li>168,6 Grad horizontaler Betrachtungswinkel<\/li>\n<li>Infrarot-Nachtsicht<\/li>\n<li>Es besteht die M\u00f6glichkeit, vom Besucher eine Video- und Audionachricht zu hinterlassen<\/li>\n<li>Aluminium, spritzwassergesch\u00fctzt (IP55) und vandalensicher (IK07)<\/li>\n<li>P2P-Verbindung, daher ist keine Portweiterleitung erforderlich<\/li>\n<li>SIP-Protokoll<\/li>\n<li>Ferngesteuerte T\u00fcr\u00f6ffnung<\/li>\n<li>Alarmausgang<\/li>\n<li>Manipulationsschalter<\/li>\n<li>Eingang f\u00fcr Ausgangstaste und Eingang f\u00fcr den T\u00fcrstatus<\/li>\n<li>Eingebautes NO\/NC-T\u00fcrrelais<\/li>\n<li>RS485-Ausgang f\u00fcr Sicherheitsrelais Dahua DEE1010B (nicht im Lieferumfang enthalten)<\/li>\n<li>12VDC\/100mA Ausgang<\/li>\n<li>Stromversorgung und Signal \u00fcber 1 Netzwerkkabel (PoE) oder zweiadriges Kabel<\/li>\n<li>Aufputz oder Einbau<\/li>\n<\/ul>\n<p><a href=\"https:\/\/webstore4.com\/Copyright\/\" target=\"_blank\" rel=\"noopener\"><span style=\"color: #ff6e03; font-size: 11px;\">\u00a9 Der Text ist urheberrechtlich gesch\u00fctzt<\/span><\/a><\/p>","protected":false},"excerpt":{"rendered":"<p>De Dahua VTO2202F-P-S2-B is een zwarte 2 megapixel Full HD IP video intercom buiten station met een netwerkkabel aansluiting met PoE ondersteuning en een 2-wire aansluiting. Mogelijkheden De camera heeft een zeer brede beeldhoek van 160 graden horizontaal en heeft een 2 megapixel Full HD beeldsensor. Het buiten station is voorzien van infrarood LED licht<\/p>\n<div class=\"klb-readmore button\"><a class=\"btn link\" href=\"https:\/\/webstore4.com\/de\/product\/dahua-vto2202f-p-s2-zwarte-intercom-buiten-station\/\">Mehr lesen <i class=\"klbth-icon-right-arrow\"><\/i><\/a><\/div>","protected":false},"featured_media":13158,"comment_status":"open","ping_status":"closed","template":"","meta":[],"pwb-brand":[3376],"product_cat":[4178,4179],"product_tag":[2932],"class_list":{"0":"post-13157","1":"product","2":"type-product","3":"status-publish","4":"has-post-thumbnail","6":"pwb-brand-dahua","7":"product_cat-intercom","8":"product_cat-dahua-ip-video","9":"product_tag-vto2202f-p","10":"product_shipping_class-pakket","11":"pa_aansluiting-2-draads","12":"pa_aansluiting-netwerk-kabel","13":"pa_audio-microfoon-speaker","14":"pa_beeldhoek-graden-horizontaal-168-6","15":"pa_draadloos-nee","16":"pa_kaartlezer-nee","17":"pa_kleur-zwart","18":"pa_materiaal-aluminium","19":"pa_megapixel-2mp","20":"pa_merk-dahua","21":"pa_mobiele-app-fabrikant-ja","22":"pa_montage-inbouw","23":"pa_montage-opbouw","24":"pa_nachtzicht-ja","25":"pa_omgeving-binnen-en-buiten","26":"pa_poe-802-3af","27":"pa_poe-poe-switch","28":"pa_product-buitenpost","29":"pa_product-status-d","30":"pa_stand-alone-ja","31":"pa_vandaalbestendig-ik07","32":"pa_voeding-poe","33":"pa_voeding-vtns2003b-2","35":"first","36":"onbackorder","37":"taxable","38":"shipping-taxable","39":"purchasable","40":"product-type-simple"},"brands":[{"id":3376,"name":"Dahua","slug":"dahua"}],"_links":{"self":[{"href":"https:\/\/webstore4.com\/de\/wp-json\/wp\/v2\/product\/13157","targetHints":{"allow":["GET"]}}],"collection":[{"href":"https:\/\/webstore4.com\/de\/wp-json\/wp\/v2\/product"}],"about":[{"href":"https:\/\/webstore4.com\/de\/wp-json\/wp\/v2\/types\/product"}],"replies":[{"embeddable":true,"href":"https:\/\/webstore4.com\/de\/wp-json\/wp\/v2\/comments?post=13157"}],"wp:featuredmedia":[{"embeddable":true,"href":"https:\/\/webstore4.com\/de\/wp-json\/wp\/v2\/media\/13158"}],"wp:attachment":[{"href":"https:\/\/webstore4.com\/de\/wp-json\/wp\/v2\/media?parent=13157"}],"wp:term":[{"taxonomy":"pwb-brand","embeddable":true,"href":"https:\/\/webstore4.com\/de\/wp-json\/wp\/v2\/pwb-brand?post=13157"},{"taxonomy":"product_cat","embeddable":true,"href":"https:\/\/webstore4.com\/de\/wp-json\/wp\/v2\/product_cat?post=13157"},{"taxonomy":"product_tag","embeddable":true,"href":"https:\/\/webstore4.com\/de\/wp-json\/wp\/v2\/product_tag?post=13157"}],"curies":[{"name":"wp","href":"https:\/\/api.w.org\/{rel}","templated":true}]}}