{"id":13115,"date":"2023-11-23T17:54:05","date_gmt":"2023-11-23T15:54:05","guid":{"rendered":"https:\/\/webstore4.com\/?post_type=product&#038;p=13115"},"modified":"2024-04-19T15:19:01","modified_gmt":"2024-04-19T14:19:01","slug":"hikvision-ds-2cd2143g2-is-b-4mp-dome-camera","status":"publish","type":"product","link":"https:\/\/webstore4.com\/de\/product\/hikvision-ds-2cd2143g2-is-b-4mp-dome-camera\/","title":{"rendered":"Hikvision DS-2CD2143G2-IS 4 MP Full-HD-Dome-Au\u00dfenkamera mit 2,8-mm-Objektiv, IR, Audio- und Alarm-I\/O, PoE, 120 dB WDR und microSD-Aufzeichnung"},"content":{"rendered":"<p>Die Hikvision DS-2CD2143G2-IS ist eine vandalensichere 4-Megapixel-Full-HD-Domekamera f\u00fcr den Au\u00dfenbereich mit einem 2,8-mm-Festobjektiv. Die Kamera verf\u00fcgt \u00fcber Infrarot-Nachtsicht, PoE-Stromversorgung, 120 dB WDR und die M\u00f6glichkeit, Bilder auf einer microSD-Karte in der Kamera aufzuzeichnen.<\/p>\n<p>Der Hikvision DS-2DE4A425IWG-E ist Teil der Hikvision AcuSense-Serie von Hikvision. Bei den Kameras der AcuSense-Serie handelt es sich um fortschrittliche Kameras, die umfassende Algorithmen und k\u00fcnstliche Intelligenz nutzen, um eine genaue Einbrucherkennung zu erm\u00f6glichen. Die Kameras unterscheiden effektiv zwischen wichtigen Bewegungen, wie z. B. Personen und Fahrzeugen, und unwichtigen Aktivit\u00e4ten, wie z. B. Tieren oder sich bewegenden \u00c4sten. Dadurch werden Fehlalarme minimiert und gezielte Warnungen bereitgestellt, was eine effizientere und effektivere \u00dcberwachung erm\u00f6glicht.<\/p>\n<p><strong>M\u00f6glichkeiten<\/strong><\/p>\n<p>Der Hikvision DS-2CD2143G2-IS-B zeigt Bilder in Full HD 2688\u00d71520 Aufl\u00f6sung an. Die Kamera verf\u00fcgt \u00fcber einen eingebauten automatischen IR-Sperrfilter, was sie zu einer echten Tag-\/Nachtkamera macht. Bei Dunkelheit kann die Kamera die integrierte IR-Beleuchtung einschalten, die auch bei v\u00f6lliger Dunkelheit (0 Lux) f\u00fcr ein gestochen scharfes Bild sorgt. Die IR-Beleuchtung hat eine Reichweite von nicht weniger als 30 Metern. Die Kamera verf\u00fcgt \u00fcber einen Wide Dynamic Range (WDR) von 120 dB, wodurch die Kamera auch mit komplexen Lichtverh\u00e4ltnissen wie Gegenlicht durch die Sonne oder Autoscheinwerfern sehr gut zurechtkommt.<\/p>\n<p>Die Kamera verf\u00fcgt \u00fcber ein festes 2,8-mm-Objektiv mit einem horizontalen Betrachtungswinkel von 103 Grad. Die Kamera bietet die M\u00f6glichkeit, auf einer SD-Karte in der Kamera bis zu maximal 512 GB aufzuzeichnen. Bilder k\u00f6nnen auch auf einem NAS\/NVR gespeichert werden. Die Kamera verf\u00fcgt \u00fcber einen Audio- und Alarmein- und -ausgang.<\/p>\n<p>Hikvision bietet eine kostenlose niederl\u00e4ndische Mobil-App an. Video Management Software (iVMS) f\u00fcr einen Computer oder Mac kann kostenlos von der Hikvision-Website heruntergeladen werden. Die Kamera verf\u00fcgt \u00fcber einen internen Webserver, der \u00fcber einen Webbrowser angezeigt und verwaltet werden kann. Der Reiter \u201eDokumentation\u201c enth\u00e4lt einen Link zur Produktseite des Herstellers.<\/p>\n<p>Die Hikvision DS-2CD2143G2-IS verf\u00fcgt \u00fcber die Schutzart IP67, wodurch sich die Kamera ideal f\u00fcr den Au\u00dfenbereich eignet. Zur einfacheren Installation kann die Kamera \u00fcber das Netzwerkkabel mit Power over Ethernet (Standard 802.3af POE) mit Strom versorgt werden. PoE kann \u00fcber einen PoE-NVR, einen PoE-Switch oder mit einem PoE-Injektor bezogen werden. Die Kamera kann auch mit einem optionalen 12-V-Netzteil mit Strom versorgt werden. Unter dem Reiter \u201eOptionen\u201c k\u00f6nnen Sie angeben, ob ein Adapter enthalten sein soll. Unter dem Reiter \u201eOptionen\u201c finden Sie auch passende Montagehalterungen. Die Kamera ist \u00fcber 3 Achsen manuell verstellbar. Der Hikvision DS-2CD2143G2-IS ist vandalensicher nach IK10.<\/p>\n<p><strong>Wichtigste Funktionen<\/strong><\/p>\n<ul>\n<li>4-Megapixel-Full-HD-Kamera<\/li>\n<li>Tag-\/Nachtkamera mit automatischem mechanischem IR-Sperrfilter f\u00fcr scharfe Bilder bei allen Lichtverh\u00e4ltnissen<\/li>\n<li>IR-Beleuchtung bis zu 30 m<\/li>\n<li>120 dB breiter Dynamikbereich (WDR)<\/li>\n<li>ONVIF-Protokoll<\/li>\n<li>H.265+, H.265, H.264+, H.264-Komprimierungstechnologie<\/li>\n<li>Nehmen Sie auf einer microSD-Karte mit bis zu 512 GB auf<\/li>\n<li>Erkennung von Linien\u00fcberschreitungen, Einbrucherkennung, Gesichtserkennung<\/li>\n<li>Stromversorgung mit 12VDC oder PoE (802.3af)<\/li>\n<li>Audio- und Alarmein- und -ausgang<\/li>\n<li>Geeignet f\u00fcr den Au\u00dfenbereich (IP67) und IK10<\/li>\n<li>Kostenlose App und Software<\/li>\n<\/ul>\n<p><a href=\"https:\/\/webstore4.com\/Copyright\/\" target=\"_blank\" rel=\"noopener\"><span style=\"color: #ff6e03; font-size: 11px;\">\u00a9 Der Text ist urheberrechtlich gesch\u00fctzt<\/span><\/a><\/p>","protected":false},"excerpt":{"rendered":"<p>De Hikvision DS-2CD2143G2-IS-B is een zwarte 4 megapixel Full HD vandaalbestendige dome camera voor buiten met een 2.8mm vaste lens. De camera beschikt over infrarood nachtzicht, PoE voeding, 120dB WDR en de mogelijkheid om beelden op een microSD kaart in de camera op te nemen. De Hikvision DS-2CD2143G2-IS-B is onderdeel van de Hikvision AcuSense serie<\/p>\n<div class=\"klb-readmore button\"><a class=\"btn link\" href=\"https:\/\/webstore4.com\/de\/product\/hikvision-ds-2cd2143g2-is-b-4mp-dome-camera\/\">Mehr lesen <i class=\"klbth-icon-right-arrow\"><\/i><\/a><\/div>","protected":false},"featured_media":13116,"comment_status":"open","ping_status":"closed","template":"","meta":[],"pwb-brand":[3367],"product_cat":[3435,4184,4200],"product_tag":[],"class_list":{"0":"post-13115","1":"product","2":"type-product","3":"status-publish","4":"has-post-thumbnail","6":"pwb-brand-hikvision","7":"product_cat-ip-cameras","8":"product_cat-cameras","9":"product_cat-dome-eyeball-cameras-cameras","10":"product_shipping_class-pakket","11":"pa_audio-nee","12":"pa_beeldhoek-graden-horizontaal-3916","13":"pa_beeldsensor-1-3-cmos","14":"pa_dag-nacht-ir-cut-filter-ja","15":"pa_draadloos-nee","16":"pa_geheugenkaart-type-micro-sd-sdhc-sdxc-512gb","17":"pa_ingebouwd-type-nachtzicht-infrared-ir-led","18":"pa_lens-mm-2-8","19":"pa_megapixel-4mp","20":"pa_merk-hikvision","21":"pa_minimale-verlichting-0-005-lux-0-lux-met-ir","22":"pa_mobiele-app-fabrikant-ja","23":"pa_nachtzicht-ja","24":"pa_omgeving-binnen-en-buiten","25":"pa_opnemen-op-sd-kaart-ja","26":"pa_poe-802-3af","27":"pa_product-status-a","28":"pa_resolutie-max-pixels-full-hd-2688x1520","29":"pa_vandaalbestendig-ik10","30":"pa_voeding-12vdc","31":"pa_voeding-poe","32":"pa_wdr-ja","34":"first","35":"onbackorder","36":"taxable","37":"shipping-taxable","38":"purchasable","39":"product-type-simple"},"brands":[{"id":3367,"name":"Hikvision","slug":"hikvision"}],"_links":{"self":[{"href":"https:\/\/webstore4.com\/de\/wp-json\/wp\/v2\/product\/13115","targetHints":{"allow":["GET"]}}],"collection":[{"href":"https:\/\/webstore4.com\/de\/wp-json\/wp\/v2\/product"}],"about":[{"href":"https:\/\/webstore4.com\/de\/wp-json\/wp\/v2\/types\/product"}],"replies":[{"embeddable":true,"href":"https:\/\/webstore4.com\/de\/wp-json\/wp\/v2\/comments?post=13115"}],"wp:featuredmedia":[{"embeddable":true,"href":"https:\/\/webstore4.com\/de\/wp-json\/wp\/v2\/media\/13116"}],"wp:attachment":[{"href":"https:\/\/webstore4.com\/de\/wp-json\/wp\/v2\/media?parent=13115"}],"wp:term":[{"taxonomy":"pwb-brand","embeddable":true,"href":"https:\/\/webstore4.com\/de\/wp-json\/wp\/v2\/pwb-brand?post=13115"},{"taxonomy":"product_cat","embeddable":true,"href":"https:\/\/webstore4.com\/de\/wp-json\/wp\/v2\/product_cat?post=13115"},{"taxonomy":"product_tag","embeddable":true,"href":"https:\/\/webstore4.com\/de\/wp-json\/wp\/v2\/product_tag?post=13115"}],"curies":[{"name":"wp","href":"https:\/\/api.w.org\/{rel}","templated":true}]}}