{"id":13109,"date":"2023-11-23T17:19:12","date_gmt":"2023-11-23T15:19:12","guid":{"rendered":"https:\/\/webstore4.com\/?post_type=product&#038;p=13109"},"modified":"2024-06-26T09:20:52","modified_gmt":"2024-06-26T08:20:52","slug":"hikvision-ds-2cd2146g2-isu-b-2-8-4mp-dome-camera","status":"publish","type":"product","link":"https:\/\/webstore4.com\/de\/product\/hikvision-ds-2cd2146g2-isu-b-2-8-4mp-dome-camera\/","title":{"rendered":"Hikvision DS-2CD2146G2-ISU-B 2,8 4MP Full HD AcuSense Dome-Au\u00dfenkamera mit 2,8-mm-Objektiv, IR-Nachtsicht, PoE, 120 dB WDR, Audio und microSD-Aufzeichnung"},"content":{"rendered":"<p>Die Hikvision DS-2CD2146G2-ISU 2.8 ist eine vandalensichere 4-Megapixel-Full-HD-AcuSense-Domekamera f\u00fcr den Au\u00dfenbereich mit einem 2,8-mm-Festobjektiv. Die Kamera verf\u00fcgt \u00fcber Infrarot-Nachtsicht, PoE-Stromversorgung, 120 dB WDR und die M\u00f6glichkeit, Bilder auf einer microSD-Karte in der Kamera aufzuzeichnen. Das Modell -ISU ist mit einem Mikrofon sowie einem Audio-\/Alarm-Ein- und -Ausgang ausgestattet.<\/p>\n<p>Das Hikvision DS-2CD2146G2-ISU ist Teil der Hikvision AcuSense-Serie von Hikvision. Bei den Kameras der AcuSense-Serie handelt es sich um fortschrittliche Kameras, die umfassende Algorithmen und k\u00fcnstliche Intelligenz nutzen, um eine genaue Einbrucherkennung zu erm\u00f6glichen. Die Kameras unterscheiden effektiv zwischen wichtigen Bewegungen, wie z. B. Personen und Fahrzeugen, und unwichtigen Aktivit\u00e4ten, wie z. B. Tieren oder sich bewegenden \u00c4sten. Dadurch werden Fehlalarme minimiert und gezielte Warnungen bereitgestellt, was eine effizientere und effektivere \u00dcberwachung erm\u00f6glicht.<\/p>\n<p><strong>M\u00f6glichkeiten<\/strong><\/p>\n<p>Der Hikvision DS-2CD2146G2-ISU zeigt Bilder in Full HD 2688\u00d71520 Aufl\u00f6sung an. Die Kamera verf\u00fcgt \u00fcber einen eingebauten automatischen IR-Sperrfilter, was sie zu einer echten Tag-\/Nachtkamera macht. Bei Dunkelheit kann die Kamera die integrierte IR-Beleuchtung einschalten und liefert so auch bei v\u00f6lliger Dunkelheit ein gestochen scharfes Bild. Die IR-Beleuchtung hat eine Reichweite von nicht weniger als 30 Metern. Die Kamera verf\u00fcgt \u00fcber einen Wide Dynamic Range (WDR) von 120 dB, wodurch die Kamera auch mit komplexen Lichtverh\u00e4ltnissen wie Gegenlicht durch die Sonne oder Autoscheinwerfern sehr gut zurechtkommt.<\/p>\n<p>Die Kamera verf\u00fcgt \u00fcber ein festes 2,8-mm-Objektiv mit einem horizontalen Betrachtungswinkel von 103 Grad. Die Kamera bietet die M\u00f6glichkeit, auf einer SD-Karte in der Kamera bis zu maximal 256 GB aufzuzeichnen. Bilder k\u00f6nnen auch auf einem NAS\/NVR gespeichert werden.<\/p>\n<p>Die Hikvision DS-2CD2146G2-ISU 2.8 verf\u00fcgt \u00fcber die Schutzart IP67, wodurch sich die Kamera ideal f\u00fcr den Au\u00dfenbereich eignet. Zur einfacheren Installation kann die Kamera \u00fcber das Netzwerkkabel mit Power over Ethernet (Standard 802.3af POE) mit Strom versorgt werden. PoE kann \u00fcber einen PoE-NVR, einen PoE-Switch oder mit einem PoE-Injektor bezogen werden. Die Kamera kann auch mit einem optionalen 12-V-Netzteil mit Strom versorgt werden. Unter dem Reiter \u201e\u00c4hnliche\u201c sind auch passende Montagehalterungen enthalten. Die Kamera ist \u00fcber 3 Achsen manuell verstellbar. Der Hikvision DS-2CD2146G2-ISU ist vandalensicher nach IK10.<\/p>\n<p><strong>Wichtigste Funktionen<\/strong><\/p>\n<ul>\n<li>4-Megapixel-Full-HD-Kamera<\/li>\n<li>Tag-\/Nachtkamera mit automatischem mechanischem IR-Sperrfilter f\u00fcr scharfe Bilder bei allen Lichtverh\u00e4ltnissen<\/li>\n<li>IR-Beleuchtung bis zu 30 m<\/li>\n<li>120 dB breiter Dynamikbereich (WDR)<\/li>\n<li>ONVIF-Protokoll<\/li>\n<li>Aufnahme auf microSD-Karte mit bis zu 256 GB (nicht im Lieferumfang enthalten)<\/li>\n<li>Erkennung von Linien\u00fcberschreitungen, Einbrucherkennung, Gesichtserkennung<\/li>\n<li>Stromversorgung mit 12VDC oder PoE (802.3af)<\/li>\n<li>Geeignet f\u00fcr den Au\u00dfenbereich (IP67) und IK10<\/li>\n<li>Kostenlose App und Software<\/li>\n<\/ul>\n<p><a href=\"https:\/\/webstore4.com\/Copyright\/\" target=\"_blank\" rel=\"noopener\"><span style=\"color: #ff6e03; font-size: 11px;\">\u00a9 Der Text ist urheberrechtlich gesch\u00fctzt<\/span><\/a><\/p>","protected":false},"excerpt":{"rendered":"<p>Die Hikvision DS-2CD2146G2-ISU 2.8 ist eine vandalensichere 4-Megapixel-Full-HD-AcuSense-Domekamera f\u00fcr den Au\u00dfenbereich mit einem 2,8-mm-Festobjektiv. Die Kamera verf\u00fcgt \u00fcber Infrarot-Nachtsicht, PoE-Stromversorgung, 120 dB WDR und die M\u00f6glichkeit, Bilder auf einer microSD-Karte in der Kamera aufzuzeichnen. Das Modell -ISU ist mit einem Mikrofon sowie einem Audio-\/Alarm-Ein- und -Ausgang ausgestattet.<\/p>\n<div class=\"klb-readmore button\"><a class=\"btn link\" href=\"https:\/\/webstore4.com\/de\/product\/hikvision-ds-2cd2146g2-isu-b-2-8-4mp-dome-camera\/\">Mehr lesen <i class=\"klbth-icon-right-arrow\"><\/i><\/a><\/div>","protected":false},"featured_media":13112,"comment_status":"open","ping_status":"closed","template":"","meta":[],"pwb-brand":[3367],"product_cat":[3435,4184,4200,4606],"product_tag":[4898],"class_list":{"0":"post-13109","1":"product","2":"type-product","3":"status-publish","4":"has-post-thumbnail","6":"pwb-brand-hikvision","7":"product_cat-ip-cameras","8":"product_cat-cameras","9":"product_cat-dome-eyeball-cameras-cameras","10":"product_cat-hikvision-acusense","11":"product_tag-ds-2cd2146g2-i","12":"product_shipping_class-pakket","13":"pa_audio-nee","14":"pa_beeldhoek-graden-horizontaal-3916","15":"pa_beeldsensor-1-3-cmos","16":"pa_dag-nacht-ir-cut-filter-ja","17":"pa_draadloos-nee","18":"pa_geheugenkaart-type-micro-sdsdhcsdxc-256gb","19":"pa_ingebouwd-type-nachtzicht-infrared-ir-led","20":"pa_lens-mm-2-8","21":"pa_megapixel-4mp","22":"pa_merk-hikvision","23":"pa_minimale-verlichting-0-003-lux-0-lux-met-ir","24":"pa_mobiele-app-fabrikant-ja","25":"pa_nachtzicht-ja","26":"pa_omgeving-binnen-en-buiten","27":"pa_opnemen-op-sd-kaart-ja","28":"pa_poe-802-3af","29":"pa_product-status-a","30":"pa_resolutie-max-pixels-full-hd-2688x1520","31":"pa_vandaalbestendig-ik10","32":"pa_voeding-12vdc","33":"pa_voeding-poe","34":"pa_wdr-ja","36":"first","37":"onbackorder","38":"taxable","39":"shipping-taxable","40":"purchasable","41":"product-type-simple"},"brands":[{"id":3367,"name":"Hikvision","slug":"hikvision"}],"_links":{"self":[{"href":"https:\/\/webstore4.com\/de\/wp-json\/wp\/v2\/product\/13109","targetHints":{"allow":["GET"]}}],"collection":[{"href":"https:\/\/webstore4.com\/de\/wp-json\/wp\/v2\/product"}],"about":[{"href":"https:\/\/webstore4.com\/de\/wp-json\/wp\/v2\/types\/product"}],"replies":[{"embeddable":true,"href":"https:\/\/webstore4.com\/de\/wp-json\/wp\/v2\/comments?post=13109"}],"wp:featuredmedia":[{"embeddable":true,"href":"https:\/\/webstore4.com\/de\/wp-json\/wp\/v2\/media\/13112"}],"wp:attachment":[{"href":"https:\/\/webstore4.com\/de\/wp-json\/wp\/v2\/media?parent=13109"}],"wp:term":[{"taxonomy":"pwb-brand","embeddable":true,"href":"https:\/\/webstore4.com\/de\/wp-json\/wp\/v2\/pwb-brand?post=13109"},{"taxonomy":"product_cat","embeddable":true,"href":"https:\/\/webstore4.com\/de\/wp-json\/wp\/v2\/product_cat?post=13109"},{"taxonomy":"product_tag","embeddable":true,"href":"https:\/\/webstore4.com\/de\/wp-json\/wp\/v2\/product_tag?post=13109"}],"curies":[{"name":"wp","href":"https:\/\/api.w.org\/{rel}","templated":true}]}}