{"id":12984,"date":"2023-11-21T18:39:56","date_gmt":"2023-11-21T16:39:56","guid":{"rendered":"https:\/\/webstore4.com\/?post_type=product&#038;p=12984"},"modified":"2025-07-16T22:43:26","modified_gmt":"2025-07-16T21:43:26","slug":"hikvision-ds-kd8003y-ime2-s-rvs-intercom-station","status":"publish","type":"product","link":"https:\/\/webstore4.com\/de\/product\/hikvision-ds-kd8003y-ime2-s-rvs-intercom-station\/","title":{"rendered":"Hikvision DS-KD8003Y-IME2\/NS 2-Draht-IP-Video-Gegensprechanlage-Au\u00dfenstationskameramodul aus Edelstahl, 2 MP Full HD 146 Grad, IR-Nachtsicht, PoE"},"content":{"rendered":"<div class=\"video-frame-box\" style=\"width: 100%; max-width: 480px; max-height: 270px; float: right; padding: 0px 10px 10px 10px;\">\n<div class=\"video-frame\"><iframe src=\"\/\/www.youtube.com\/embed\/TW-K5pFtcVg?rel=0&amp;modestbranding=1&amp;showinfo=0&amp;autohide=1\" width=\"480\" height=\"270\" frameborder=\"0\"><\/iframe><\/div>\n<\/div>\n<p>Das Hikvision DS-KD8003Y-IME2\/S ist ein Kameramodul mit einem Full-HD-2-Megapixel-146-Grad-Fischaugenobjektiv f\u00fcr den Einsatz im IP-Gegensprechsystem der zweiten Generation von Hikvision. Das Modell verf\u00fcgt \u00fcber einen Klingelknopf.<\/p>\n<p>In der flexiblen IP-Video-Gegensprechanlage kann eine Au\u00dfenstation nur mit dem Kameramodul verwendet werden, eventuell erg\u00e4nzt durch maximal 8 Zusatzmodule wie ein Tastaturmodul, ein Kartenlesermodul, ein Anzeigemodul und\/oder ein 6-Tasten-Modul Wohnungsmodul. Die Module m\u00fcssen eingebaut oder mit den separat erh\u00e4ltlichen Geh\u00e4usen montiert werden.<\/p>\n<p>Das System arbeitet mit einer oder mehreren Gegensprechanlagen innerhalb von Monitoren. Auch ein Audio-\/Videogespr\u00e4ch mit Push-Benachrichtigungen \u00fcber die Hikvision-Smartphone-App ist m\u00f6glich.<\/p>\n<p><strong>Eigenschaften<\/strong><\/p>\n<p>Die Kamera verf\u00fcgt \u00fcber einen 2-Megapixel-Full-HD-Bildsensor mit einer Aufl\u00f6sung von 1920x1080 Pixeln und einem sehr weiten horizontalen Betrachtungswinkel von 180 Grad. Dank der Wide Dynamic Range (WDR)-Technologie kommt die Kamera sehr gut mit Gegenlicht zurecht. Die Kamera ist mit einem lichtempfindlichen Bildsensor ausgestattet, der auch bei wenig Umgebungslicht ein gutes Farbbild liefert. F\u00fcr dunkle Bedingungen ist das Kameramodul mit Infrarot-LED-Licht ausgestattet.<\/p>\n<p>Das Kameramodul muss mit einem oder mehreren passenden Hikvision-Intercom-Innenmonitoren kombiniert werden. Pro Taster k\u00f6nnen maximal 6 Monitore genutzt werden.<\/p>\n<p>Auf dem Kameramodul befinden sich ein Druckknopf und ein Typenschild. Das Kameramodul verf\u00fcgt \u00fcber ein omnidirektionales Mikrofon und einen 85-dB-Lautsprecher f\u00fcr ein klares Audio-\/Videogespr\u00e4ch. Das Kameramodul kann an maximal 2 Elektroschl\u00f6sser angeschlossen werden, um beispielsweise eine T\u00fcr aus der Ferne zu entriegeln und\/oder ein elektrisches Tor zu steuern. Das Kameramodul verf\u00fcgt \u00fcber zwei Alarmeing\u00e4nge f\u00fcr Magnetkontakte und zwei Eing\u00e4nge f\u00fcr Ausgangstaster. Die einzelnen Module (maximal 8) werden an das Kameramodul angeschlossen und auch \u00fcber das Kameramodul mit Strom versorgt.<\/p>\n<p><strong>Montage<\/strong><\/p>\n<p>Der DS-KD8003Y-IME2\/S muss eingebaut oder auf der Oberfl\u00e4che montiert werden. Es ist ein Einzel-, Doppel- oder Dreifachgeh\u00e4use erh\u00e4ltlich. Geh\u00e4use sind kombinierbar. Material zum Anschluss und zur Montage liegt den Geh\u00e4usen bei. Das Kameramodul kann mit einem Standard-Netzteil mit 12 VDC\/1 A betrieben werden. Ein passendes Netzteil kann unter \u201eOptionen\u201c bestellt werden.<\/p>\n<p>Das Datenblatt und das Handbuch haben wir unter der Registerkarte \u201eDokumentation\u201c eingef\u00fcgt.<\/p>\n<p><strong>Haupteigenschaften<\/strong><\/p>\n<ul>\n<li>2-Megapixel-Full-HD-Bildsensor mit geringer Beleuchtung und 146-Grad-Fisheye-Objektiv<\/li>\n<li>Frontplatte aus Edelstahl mit 1 Druckknopf<\/li>\n<li>Infrarot-Nachtsicht<\/li>\n<li>Fern\u00f6ffnen von T\u00fcr und\/oder Tor mit Monitor oder App<\/li>\n<li>Flexibles Baukastensystem<\/li>\n<li>Sich gegenseitig anrufen<\/li>\n<li>Aufputz oder Einbau<\/li>\n<li>Manipulationsalarm und Alarmeing\u00e4nge f\u00fcr T\u00fcrmagnetkontakte<\/li>\n<li>RTSP-Stream<\/li>\n<li>IP65 wetterfest<\/li>\n<li>Stromversorgung 12VDC<\/li>\n<\/ul>\n<p><a href=\"https:\/\/webstore4.com\/Copyright\/\" target=\"_blank\" rel=\"noopener\"><span style=\"color: #ff6e03; font-size: 11px;\">\u00a9 Der Text ist urheberrechtlich gesch\u00fctzt<\/span><\/a><\/p>","protected":false},"excerpt":{"rendered":"<p>De Hikvision DS-KD8003Y-IME2\/S is een camera module met een Full HD 2 megapixel 146 graden fisheye lens voor gebruik in het Hikvision second generation IP intercom systeem. Het model heeft \u00e9\u00e9n drukknop voor een bel. In het flexibele IP video intercom systeem kan een buiten station worden toegepast met alleen de camera module eventueel aangevuld<\/p>\n<div class=\"klb-readmore button\"><a class=\"btn link\" href=\"https:\/\/webstore4.com\/de\/product\/hikvision-ds-kd8003y-ime2-s-rvs-intercom-station\/\">Mehr lesen <i class=\"klbth-icon-right-arrow\"><\/i><\/a><\/div>","protected":false},"featured_media":15798,"comment_status":"open","ping_status":"closed","template":"","meta":[],"pwb-brand":[3367],"product_cat":[4178,4182,4227,4228,4605],"product_tag":[1671],"class_list":{"0":"post-12984","1":"product","2":"type-product","3":"status-publish","4":"has-post-thumbnail","6":"pwb-brand-hikvision","7":"product_cat-intercom","8":"product_cat-hikvision-ip-video","9":"product_cat-series-intercom","10":"product_cat-hikvision-2nd-generation","11":"product_cat-hikvision-y-generation","12":"product_tag-ds-kd8003-ime1","13":"product_shipping_class-pakket","14":"pa_aansluiting-netwerk-kabel","15":"pa_audio-microfoon","16":"pa_audio-speaker","17":"pa_beeldhoek-graden-horizontaal-4554","18":"pa_draadloos-nee","19":"pa_ingebouwd-type-nachtzicht-infrared-ir-led","20":"pa_kaartlezer-nee","21":"pa_kleur-rvs","22":"pa_materiaal-kunststof","23":"pa_materiaal-roestvast-staal","24":"pa_megapixel-2mp","25":"pa_merk-hikvision","26":"pa_mobiele-app-fabrikant-ja","27":"pa_modulair-ja","28":"pa_montage-inbouw","29":"pa_montage-opbouw","30":"pa_omgeving-binnen-en-buiten","31":"pa_product-buitenpost","32":"pa_product-status-a","33":"pa_resolutie-max-pixels-full-hd-1920x1080","34":"pa_stand-alone-nee","35":"pa_vandaalbestendig-nee","36":"pa_voeding-12vdc","38":"first","39":"onbackorder","40":"taxable","41":"shipping-taxable","42":"purchasable","43":"product-type-simple"},"brands":[{"id":3367,"name":"Hikvision","slug":"hikvision"}],"_links":{"self":[{"href":"https:\/\/webstore4.com\/de\/wp-json\/wp\/v2\/product\/12984","targetHints":{"allow":["GET"]}}],"collection":[{"href":"https:\/\/webstore4.com\/de\/wp-json\/wp\/v2\/product"}],"about":[{"href":"https:\/\/webstore4.com\/de\/wp-json\/wp\/v2\/types\/product"}],"replies":[{"embeddable":true,"href":"https:\/\/webstore4.com\/de\/wp-json\/wp\/v2\/comments?post=12984"}],"wp:featuredmedia":[{"embeddable":true,"href":"https:\/\/webstore4.com\/de\/wp-json\/wp\/v2\/media\/15798"}],"wp:attachment":[{"href":"https:\/\/webstore4.com\/de\/wp-json\/wp\/v2\/media?parent=12984"}],"wp:term":[{"taxonomy":"pwb-brand","embeddable":true,"href":"https:\/\/webstore4.com\/de\/wp-json\/wp\/v2\/pwb-brand?post=12984"},{"taxonomy":"product_cat","embeddable":true,"href":"https:\/\/webstore4.com\/de\/wp-json\/wp\/v2\/product_cat?post=12984"},{"taxonomy":"product_tag","embeddable":true,"href":"https:\/\/webstore4.com\/de\/wp-json\/wp\/v2\/product_tag?post=12984"}],"curies":[{"name":"wp","href":"https:\/\/api.w.org\/{rel}","templated":true}]}}